{"id":14022,"date":"2026-03-21T07:09:51","date_gmt":"2026-03-21T07:09:51","guid":{"rendered":"https:\/\/icwpredflag.org\/wp\/wordpress\/wps\/?page_id=14022"},"modified":"2026-03-21T07:09:51","modified_gmt":"2026-03-21T07:09:51","slug":"construyendo-la-unidad-obrera-contra-los-ataques-fascistas","status":"publish","type":"page","link":"https:\/\/icwpredflag.org\/wp\/wordpress\/wps\/volumen-17-numero-4\/construyendo-la-unidad-obrera-contra-los-ataques-fascistas\/","title":{"rendered":"Construyendo La Unidad Obrera Contra Los Ataques Fascistas"},"content":{"rendered":"<p align=\"center\"><img loading=\"lazy\" decoding=\"async\" class=\"aligncenter wp-image-14023\" src=\"https:\/\/icwpredflag.org\/wp\/wordpress\/wps\/wp-content\/uploads\/sites\/2\/2026\/03\/10.jpg\" alt=\"\" width=\"396\" height=\"268\" \/><\/p>\n<p><strong>PASADENA, CALIFORNIA, 17 de febrero\u2014 Estudiantes abandonan la escuela y marchan hacia el ayuntamiento para protestar contra el terrorismo de La Migra\u2014 \u201cCulpan a los inmigrantes para que no culpen a los multimillonarios\u201d<\/strong><\/p>\n<h4 class=\"western\" align=\"center\"><strong><span style=\"color: #ff0000;\"><b>Solo La Clase Obrera Internacional Salvar\u00e1 a La Clase Obrera<\/b><\/span><\/strong><\/h4>\n<p align=\"justify\">PASADENA (EE.UU.), 24 de febrero\u2014 La sala del Ayuntamiento estaba llena. Los activistas anti-migra vinieron por que se discutir\u00eda la aplicaci\u00f3n federal de la ley migratoria. Circularon una petici\u00f3n y repartieron botones. Los activistas anti-genocidio distribuyeron carteles comparando a La Migra con el ej\u00e9rcito israel\u00ed. Hubo algunos activistas medioambientales.<\/p>\n<p align=\"justify\">El Ayuntamiento lleg\u00f3 tarde, como siempre.<\/p>\n<p align=\"justify\">Una camarada del PCOI reparti\u00f3 veinte ejemplares de Bandera Roja. Luego fue al frente y dio un breve discurso improvisado. \u00abEl mismo sistema capitalista ataca a los inmigrantes en EE.UU. y a los palestinos en Cisjordania y Gaza\u00bb, explic\u00f3. \u00abY destruye el medio ambiente para obtener ganancias.<\/p>\n<p align=\"justify\">\u201cDecimos \u2018solo el pueblo&#8230;\u2019 continu\u00f3. Otros intervinieron: \u2018Salva el pueblo\u2019\u201d. Solo la aldea salva la aldea. \u201cSolo la clase trabajadora internacional salva a la clase trabajadora\u201d, concluy\u00f3 la camarada.<\/p>\n<p align=\"justify\">Aplausos. \u201cEso estuvo bien\u201d, dijeron amigos.<\/p>\n<p align=\"center\"><b>Trampas del Reformismo<\/b><\/p>\n<p align=\"justify\">Un funcionario de la ciudad inform\u00f3 sobre resoluciones de Chicago y Los \u00c1ngeles para impedir que La Migra y la Patrulla Fronteriza de EE.UU. utilicen propiedades municipales para simular secuestros. Afirm\u00f3 que Pasadena ya prohib\u00eda a la polic\u00eda ayudar a La Migra. La gente se alegr\u00f3 de saber que una resoluci\u00f3n propuesta llevar\u00eda eso un paso m\u00e1s all\u00e1.<\/p>\n<p align=\"justify\">Empez\u00f3 el comentario p\u00fablico. Observadores legales anti-migra describieron situaciones en las que la polic\u00eda de Pasadena hab\u00eda ayudado a La Migra. Y obstaculiz\u00f3 las protestas contra La Migra. Los oradores exigieron saber d\u00f3nde estaban los fondos municipales prometidos a las familias v\u00edctimas de secuestros por parte de La Migra.<\/p>\n<p align=\"justify\">Otro habl\u00f3 en favor de la \u201cpol\u00edtica de inversi\u00f3n \u00e9tica\u201d. Quieren que Pasadena deshaga fondos de pensiones de las empresas involucradas en la vigilancia o en el genocidio de Gaza. Se\u00f1al\u00f3 que Flock comparte datos de matr\u00edculas de c\u00e1maras de tr\u00e1fico con agencias. La Migra lo utiliza para vigilar y atacar a los manifestantes.<\/p>\n<p align=\"justify\">Varios se opusieron a una disposici\u00f3n de la resoluci\u00f3n que parec\u00eda dise\u00f1ada para frenar a los observadores legales civiles. Los miembros del consejo negaron esa intenci\u00f3n, pero muchos se mostraron esc\u00e9pticos.<\/p>\n<p align=\"justify\">Despu\u00e9s de que el alcalde Gordo dijera: \u201cDos observadores legales fueron asesinados en Minnesota, y no queremos que ocurra aqu\u00ed. Los observadores necesitan ser entrenados\u201d.<\/p>\n<p align=\"justify\">Hubo indignaci\u00f3n. \u201c\u00a1Vaya ejercicio de culpar a la v\u00edctima!\u201d, coment\u00f3 un amigo.<\/p>\n<p align=\"justify\">El Ayuntamiento aprob\u00f3 su resoluci\u00f3n. Algunos lo vieron como una victoria limitada. \u201cNo podemos impedir que el gobierno federal haga cumplir las leyes federales de inmigraci\u00f3n\u201d, admiti\u00f3 el vicealcalde.<\/p>\n<p align=\"justify\">Una victoria reformista como esta puede convertirse r\u00e1pidamente en una derrota pol\u00edtica.<\/p>\n<p align=\"justify\">La resoluci\u00f3n pretend\u00eda fomentar la \u201ccomunicaci\u00f3n regular entre la polic\u00eda y los representantes de la comunidad\u201d. El alcalde dijo que la pol\u00edtica federal \u201cpretende establecer un tono divisivo, que enfrenta a nuestros agentes de polic\u00eda e incluso a miembros de este consejo y de nuestra comunidad entre s\u00ed. No podemos permitir que alguien m\u00e1s destroce eso\u201d, concluy\u00f3.<\/p>\n<p align=\"justify\">El propio capitalismo enfrenta a la clase trabajadora contra los polic\u00edas y pol\u00edticos que sirven a sus opresores. Los comunistas luchan por la conciencia de clase. Por la lucha de clases. Contra la peligrosa y falsa unidad de todas las clases del alcalde.<\/p>\n<p align=\"justify\">Los observadores legales anti-migra saben que no deben confiar en la polic\u00eda. El patriotismo de los gobernantes estadounidenses se estaba agotando. Una cuarta parte del p\u00fablico en la sala del Ayuntamiento se neg\u00f3 a levantarse para el Juramento a la Bandera.<\/p>\n<p align=\"center\"><b>Solo La Revoluci\u00f3n Comunista Puede Destruir El Fascismo<\/b><\/p>\n<p align=\"justify\">Hoy revivimos el debate del siglo pasado dentro del movimiento comunista internacional. \u00bfDerrotan los trabajadores al fascismo mediante un \u201cfrente unido\u201d con capitalistas supuestamente ben\u00e9volos (o \u201cmenos malo\u201d)? \u00bfO se moviliza para una revoluci\u00f3n comunista que destruya las ra\u00edces capitalistas del fascismo?<\/p>\n<p align=\"justify\">En 1934, los comunistas apostaron por un \u201cfrente unido\u201d con Roosevelt y Churchill. Los Aliados retrasaron en lanzar un segundo frente militar contra la Alemania nazi hasta que las masas sovi\u00e9ticas ya hab\u00edan rechazado a la Wehrmacht. A la vez, Churchill provoc\u00f3 una hambruna en Bengala que mat\u00f3 hasta tres millones.<\/p>\n<p align=\"justify\">Con Alemania derrotada, el imperialismo estadounidense continu\u00f3 extendiendo el terror fascista desde Palestina hasta Grecia, Ir\u00e1n, Filipinas y Guatemala. Y en el sur de EE.UU.<\/p>\n<p align=\"justify\">Los trabajadores necesitan la revoluci\u00f3n comunista. No somos los \u00fanicos que lo vemos. El colectivo del PCOI aqu\u00ed ha reclutado recientemente a dos nuevos miembros. Con su ayuda, esperamos ampliar nuestro contingente del Primero de Mayo y nuestro colectivo de partido.<\/p>\n<p>&nbsp;<\/p>\n<p align=\"center\"><strong>Lee Nuestro Folleto: <\/strong><\/p>\n<p align=\"center\"><strong>\u201c<i>Luchemos Por El D\u00eda En Que Ning\u00fan Trabajador Sea Llamado Extranjero\u201d<\/i><\/strong><\/p>\n<p align=\"center\"><span style=\"color: #000080;\"><a href=\"https:\/\/icwpredflag.org\/wp\/wordpress\/wps\/wp-content\/uploads\/sites\/2\/2019\/03\/MIgracio%CC%81nESP.pdf\"><span style=\"color: #ee0000;\"><b>Aqu\u00ed<\/b><\/span><\/a><\/span><b> <\/b><\/p>\n<p align=\"center\"><strong>Lee <\/strong><strong>M\u00e1s Sobre:<\/strong><strong><span lang=\"es-SV\"><i> \u201c<\/i><\/span><\/strong><strong><i>La Historia De La Lucha Contra El Fascismo<\/i><\/strong><strong><i>\u201d<\/i><\/strong><\/p>\n<p align=\"center\"><span style=\"color: #000080;\"><a href=\"https:\/\/icwpredflag.org\/wp\/wordpress\/wps\/volumen-15-numero-1\/el-comunismo-no-la-democracia-derrotara-al-fascismo\/\"><span style=\"color: #ee0000;\"><b>Aqu\u00ed<\/b><\/span><\/a><\/span><b> <\/b><\/p>\n<h4><a href=\"https:\/\/icwpredflag.org\/wp\/wordpress\/wps\/volumen-17-numero-4\/\">Primera p\u00e1gina de esta edici\u00f3n<\/a><\/h4>\n","protected":false},"excerpt":{"rendered":"<p>PASADENA, CALIFORNIA, 17 de febrero\u2014 Estudiantes abandonan la escuela y marchan hacia el ayuntamiento para protestar contra el terrorismo de La Migra\u2014 \u201cCulpan a los inmigrantes para que no culpen a los multimillonarios\u201d Solo La Clase Obrera Internacional Salvar\u00e1 a La Clase Obrera PASADENA (EE.UU.), 24 de febrero\u2014 La sala del Ayuntamiento estaba llena. Los &hellip; <a href=\"https:\/\/icwpredflag.org\/wp\/wordpress\/wps\/volumen-17-numero-4\/construyendo-la-unidad-obrera-contra-los-ataques-fascistas\/\" class=\"more-link\">Sigue leyendo <span class=\"screen-reader-text\">Construyendo La Unidad Obrera Contra Los Ataques Fascistas<\/span><\/a><\/p>\n","protected":false},"author":6,"featured_media":5655,"parent":13987,"menu_order":0,"comment_status":"closed","ping_status":"closed","template":"","meta":{"footnotes":""},"class_list":["post-14022","page","type-page","status-publish","has-post-thumbnail","hentry"],"_links":{"self":[{"href":"https:\/\/icwpredflag.org\/wp\/wordpress\/wps\/wp-json\/wp\/v2\/pages\/14022","targetHints":{"allow":["GET"]}}],"collection":[{"href":"https:\/\/icwpredflag.org\/wp\/wordpress\/wps\/wp-json\/wp\/v2\/pages"}],"about":[{"href":"https:\/\/icwpredflag.org\/wp\/wordpress\/wps\/wp-json\/wp\/v2\/types\/page"}],"author":[{"embeddable":true,"href":"https:\/\/icwpredflag.org\/wp\/wordpress\/wps\/wp-json\/wp\/v2\/users\/6"}],"replies":[{"embeddable":true,"href":"https:\/\/icwpredflag.org\/wp\/wordpress\/wps\/wp-json\/wp\/v2\/comments?post=14022"}],"version-history":[{"count":1,"href":"https:\/\/icwpredflag.org\/wp\/wordpress\/wps\/wp-json\/wp\/v2\/pages\/14022\/revisions"}],"predecessor-version":[{"id":14024,"href":"https:\/\/icwpredflag.org\/wp\/wordpress\/wps\/wp-json\/wp\/v2\/pages\/14022\/revisions\/14024"}],"up":[{"embeddable":true,"href":"https:\/\/icwpredflag.org\/wp\/wordpress\/wps\/wp-json\/wp\/v2\/pages\/13987"}],"wp:featuredmedia":[{"embeddable":true,"href":"https:\/\/icwpredflag.org\/wp\/wordpress\/wps\/wp-json\/wp\/v2\/media\/5655"}],"wp:attachment":[{"href":"https:\/\/icwpredflag.org\/wp\/wordpress\/wps\/wp-json\/wp\/v2\/media?parent=14022"}],"curies":[{"name":"wp","href":"https:\/\/api.w.org\/{rel}","templated":true}]}}