{"id":14036,"date":"2026-03-21T07:39:28","date_gmt":"2026-03-21T07:39:28","guid":{"rendered":"https:\/\/icwpredflag.org\/wp\/wordpress\/wps\/?page_id=14036"},"modified":"2026-03-21T07:39:28","modified_gmt":"2026-03-21T07:39:28","slug":"carta-8-de-marzo-de-2026-dia-internacional-de-la-mujer-trabajadora","status":"publish","type":"page","link":"https:\/\/icwpredflag.org\/wp\/wordpress\/wps\/volumen-17-numero-4\/carta-8-de-marzo-de-2026-dia-internacional-de-la-mujer-trabajadora\/","title":{"rendered":"Carta: 8 de marzo de 2026: D\u00eda Internacional de la Mujer Trabajadora"},"content":{"rendered":"<p align=\"center\"><img loading=\"lazy\" decoding=\"async\" class=\"aligncenter wp-image-14037\" src=\"https:\/\/icwpredflag.org\/wp\/wordpress\/wps\/wp-content\/uploads\/sites\/2\/2026\/03\/15.jpg\" alt=\"\" width=\"500\" height=\"333\" srcset=\"https:\/\/icwpredflag.org\/wp\/wordpress\/wps\/wp-content\/uploads\/sites\/2\/2026\/03\/15.jpg 404w, https:\/\/icwpredflag.org\/wp\/wordpress\/wps\/wp-content\/uploads\/sites\/2\/2026\/03\/15-300x200.jpg 300w\" sizes=\"auto, (max-width: 500px) 100vw, 500px\" \/><\/p>\n<p style=\"text-align: center;\"><strong>Manila, Filipinas, 8 de marzo de 2026: protesta antiimperialista en la Embajada de Estados Unidos.<\/strong><\/p>\n<p align=\"justify\">Despu\u00e9s de m\u00e1s de dos siglos, la opresi\u00f3n, la explotaci\u00f3n y la discriminaci\u00f3n contra las mujeres persisten.<\/p>\n<p align=\"justify\">Esta fecha surgi\u00f3 del seno del movimiento obrero internacional (Copenhague, Dinamarca, 1910; Nueva York, 1911). Y de la lucha de las trabajadoras textiles en Rusia durante la Revoluci\u00f3n Bolchevique de 1917.<\/p>\n<p align=\"justify\">A nivel nacional e internacional, los movimientos feministas han establecido importantes herramientas legales para la protecci\u00f3n de los derechos de la mujer. Pero, la desigualdad social sigue. Costa Rica est\u00e1 dominada por un sistema capitalista, patriarcal y colonialista. El feminicidio, las desapariciones, la trata de personas, la esclavitud sexual y los \u00abmatrimonios infantiles\u00bb est\u00e1n en aumento. Como, la homofobia, la xenofobia, la infame pedofilia y otras atrocidades.<\/p>\n<p align=\"justify\">El neoliberalismo, junto con el auge de diversas expresiones de la derecha, ahora lideradas por Trump y sus c\u00f3mplices como Milei, Bukele, Netanyahu y muchos otros, instalan y perpetuan una multiplicidad de violencia estructural contra ni\u00f1as, j\u00f3venes y mujeres. Junto con sus pol\u00edticas expansionistas, belicistas y depredadoras contra la Madre Tierra.<\/p>\n<p align=\"justify\">La masacre de 150 ni\u00f1as, v\u00edctimas de la guerra, es inaudita. Una escuela iran\u00ed en Hormozgan, Ir\u00e1n, fue bombardeada por las Fuerzas Armadas de EEUU. Junto con todas las v\u00edctimas en Palestina debido al genocida capitalista-fascista-patriarcal-sionista y sus aliados.<\/p>\n<p align=\"justify\">La opresi\u00f3n de las mujeres en el trabajo reproductivo no remunerado en el hogar contin\u00faa. Condiciona a la familia a ser un instrumento que legitima la opresi\u00f3n patriarcal y la subordinaci\u00f3n econ\u00f3mica femenina.<\/p>\n<p align=\"justify\">En Costa Rica, aumenta en el n\u00famero de feminicidios y todo tipo de violencia sexual contra ni\u00f1as y mujeres de todas las edades. En los \u00faltimos dos meses, se han registrado ocho feminicidios m\u00e1s que en 2025. La mayor\u00eda impune. Las v\u00edctimas que lo denuncian se enfrentan a pol\u00edticas estatales y procesos judiciales c\u00f3mplices. Ellas son sometidas a una revictimizaci\u00f3n institucional.<\/p>\n<p align=\"justify\">Como parte de la crisis global del capitalismo, las mujeres m\u00e1s expuestas a esta violencia provienen de los sectores m\u00e1s excluidos y oprimidos a nivel sociocultural, econ\u00f3mico y geogr\u00e1fico. Cada d\u00eda se producen m\u00e1s desapariciones de ni\u00f1as y mujeres j\u00f3venes y acoso sistem\u00e1tico en lugares de trabajo, como f\u00e1bricas y agroindustrias. Reflejando claramente las relaciones de poder entre patrones y trabajadores.<\/p>\n<p align=\"justify\">El feminismo con conciencia de clase y compromiso es una v\u00eda fundamental para superar la desigualdad social y de g\u00e9nero. Incluyendo los intereses y necesidades de los diferentes sectores sociales; los rurales, ind\u00edgenas y la clase trabajadora. Logrando la abolici\u00f3n de toda opresi\u00f3n derivada de la explotaci\u00f3n capitalista.<\/p>\n<p align=\"justify\">\u2014Camaradas en Costa Rica<\/p>\n<p align=\"center\"><strong>Lee Nuestro An\u00e1lisis Comunista Del Sexismo De PCOI.: <\/strong><\/p>\n<p align=\"center\">\u201c<i><b>Materiales Sobre <\/b><\/i><i><b>e<\/b><\/i><i><b>l Sexismo<\/b><\/i><i><b>\u201d<\/b><\/i><\/p>\n<p align=\"center\"><span style=\"color: #000080;\"><a href=\"https:\/\/icwpredflag.org\/wp\/wordpress\/wps\/otros-folletos-y-series-de-articulos\/materiales-sobre-el-sexismo\/\"><span style=\"color: #ee0000;\"><b>Aqu\u00ed<\/b><\/span><\/a><\/span><b> <\/b><\/p>\n<p align=\"center\"><strong>Lee Nuestro Folleto:<\/strong><strong><i> \u201cLa Lucha Comunista Contra El Sexismo\u201d<\/i><\/strong><\/p>\n<p align=\"center\"><span style=\"color: #000080;\"><a href=\"file:\/\/\/C:\/Users\/ICWP\/Dropbox\/rf\/2026\/VOL17N4\/icwpredflag.org\/sxss.pdf\"><span style=\"color: #ee0000;\"><span lang=\"es-SV\"><b>Aqu\u00ed<\/b><\/span><\/span><\/a><\/span><\/p>\n<p align=\"center\"><strong>Por favor enviar sus cartas, sugerencias al contact@icwpredflag.org<\/strong><\/p>\n<h4><a href=\"https:\/\/icwpredflag.org\/wp\/wordpress\/wps\/volumen-17-numero-4\/\">Primera p\u00e1gina de esta edici\u00f3n<\/a><\/h4>\n","protected":false},"excerpt":{"rendered":"<p>Manila, Filipinas, 8 de marzo de 2026: protesta antiimperialista en la Embajada de Estados Unidos. Despu\u00e9s de m\u00e1s de dos siglos, la opresi\u00f3n, la explotaci\u00f3n y la discriminaci\u00f3n contra las mujeres persisten. Esta fecha surgi\u00f3 del seno del movimiento obrero internacional (Copenhague, Dinamarca, 1910; Nueva York, 1911). Y de la lucha de las trabajadoras textiles &hellip; <a href=\"https:\/\/icwpredflag.org\/wp\/wordpress\/wps\/volumen-17-numero-4\/carta-8-de-marzo-de-2026-dia-internacional-de-la-mujer-trabajadora\/\" class=\"more-link\">Sigue leyendo <span class=\"screen-reader-text\">Carta: 8 de marzo de 2026: D\u00eda Internacional de la Mujer Trabajadora<\/span><\/a><\/p>\n","protected":false},"author":6,"featured_media":5655,"parent":13987,"menu_order":0,"comment_status":"closed","ping_status":"closed","template":"","meta":{"footnotes":""},"class_list":["post-14036","page","type-page","status-publish","has-post-thumbnail","hentry"],"_links":{"self":[{"href":"https:\/\/icwpredflag.org\/wp\/wordpress\/wps\/wp-json\/wp\/v2\/pages\/14036","targetHints":{"allow":["GET"]}}],"collection":[{"href":"https:\/\/icwpredflag.org\/wp\/wordpress\/wps\/wp-json\/wp\/v2\/pages"}],"about":[{"href":"https:\/\/icwpredflag.org\/wp\/wordpress\/wps\/wp-json\/wp\/v2\/types\/page"}],"author":[{"embeddable":true,"href":"https:\/\/icwpredflag.org\/wp\/wordpress\/wps\/wp-json\/wp\/v2\/users\/6"}],"replies":[{"embeddable":true,"href":"https:\/\/icwpredflag.org\/wp\/wordpress\/wps\/wp-json\/wp\/v2\/comments?post=14036"}],"version-history":[{"count":1,"href":"https:\/\/icwpredflag.org\/wp\/wordpress\/wps\/wp-json\/wp\/v2\/pages\/14036\/revisions"}],"predecessor-version":[{"id":14038,"href":"https:\/\/icwpredflag.org\/wp\/wordpress\/wps\/wp-json\/wp\/v2\/pages\/14036\/revisions\/14038"}],"up":[{"embeddable":true,"href":"https:\/\/icwpredflag.org\/wp\/wordpress\/wps\/wp-json\/wp\/v2\/pages\/13987"}],"wp:featuredmedia":[{"embeddable":true,"href":"https:\/\/icwpredflag.org\/wp\/wordpress\/wps\/wp-json\/wp\/v2\/media\/5655"}],"wp:attachment":[{"href":"https:\/\/icwpredflag.org\/wp\/wordpress\/wps\/wp-json\/wp\/v2\/media?parent=14036"}],"curies":[{"name":"wp","href":"https:\/\/api.w.org\/{rel}","templated":true}]}}