{"id":14050,"date":"2026-04-05T21:28:30","date_gmt":"2026-04-05T21:28:30","guid":{"rendered":"https:\/\/icwpredflag.org\/wp\/wordpress\/wps\/?page_id=14050"},"modified":"2026-04-05T21:28:30","modified_gmt":"2026-04-05T21:28:30","slug":"que-podemos-hacer-mientras-se-desarrolla-la-tercera-guerra-mundial","status":"publish","type":"page","link":"https:\/\/icwpredflag.org\/wp\/wordpress\/wps\/volumen-17-numero-5\/que-podemos-hacer-mientras-se-desarrolla-la-tercera-guerra-mundial\/","title":{"rendered":"\u00bfQu\u00e9 Podemos Hacer Mientras Se Desarrolla la Tercera Guerra Mundial?"},"content":{"rendered":"<h4><img loading=\"lazy\" decoding=\"async\" class=\"aligncenter wp-image-14051\" src=\"https:\/\/icwpredflag.org\/wp\/wordpress\/wps\/wp-content\/uploads\/sites\/2\/2026\/04\/03.jpg\" alt=\"\" width=\"524\" height=\"439\" srcset=\"https:\/\/icwpredflag.org\/wp\/wordpress\/wps\/wp-content\/uploads\/sites\/2\/2026\/04\/03.jpg 303w, https:\/\/icwpredflag.org\/wp\/wordpress\/wps\/wp-content\/uploads\/sites\/2\/2026\/04\/03-300x251.jpg 300w\" sizes=\"auto, (max-width: 524px) 100vw, 524px\" \/><\/h4>\n<p style=\"text-align: justify;\">1 de abril<strong>\u2014 Al cierre de esta edici\u00f3n,<\/strong> el presidente Trump anuncia que la guerra ha sido un \u201c\u00e9xito rotundo\u201d y que est\u00e1 \u201ccerca a concluir\u201d.\u00a0 Pero, amenaza con devolver a Ir\u00e1n \u201ca la Edad de Piedra\u201d. Ha insinuado que podr\u00eda retirar a EE.UU. de la OTAN. La guerra en el Golfo P\u00e9rsico ha puesto de manifiesto que el imperialismo estadounidense est\u00e1 perdiendo su hegemon\u00eda global. Si es que no la ha perdido ya. Del mismo modo que est\u00e1 perdiendo la guerra.<\/p>\n<p style=\"text-align: justify;\">Muchos en todo el mundo lo celebran. Incluso dentro de EE.UU. Lo entendemos. El polit\u00f3logo David Michael Smith estim\u00f3 en 2023 que el imperialismo estadounidense fue responsable, total o parcialmente, de cerca de 300 millones de muertes. \u00a1Debe ser destruido!<\/p>\n<p style=\"text-align: justify;\">Trump afirma que EE.UU. est\u00e1 \u201cganando\u201d al hacer llover destrucci\u00f3n sobre los civiles iran\u00edes. \u00c9l y sus compinches fueron enga\u00f1ados por una arrogancia racista e incitados por el carnicero sionista Netanyahu. Subestimaron la posici\u00f3n militar y estrat\u00e9gica de Ir\u00e1n.<\/p>\n<p style=\"text-align: justify;\">No esperaban que Ir\u00e1n causara da\u00f1os cr\u00edticos a muchas de las trece bases militares estadounidenses en la regi\u00f3n; en Kuwait, Arabia Saudita, Qatar y Bahr\u00e9in. Ni que hiciera llover su propia destrucci\u00f3n sobre Israel.<\/p>\n<p style=\"text-align: justify;\">Ignoraron las advertencias de sus analistas de que el ej\u00e9rcito iran\u00ed podr\u00eda cerrar el estrecho de Ormuz. Una quinta parte del petr\u00f3leo y del gas natural licuado del mundo pasa por este estrecho. Tambi\u00e9n un tercio de los fertilizantes transportados por mar y productos qu\u00edmicos cruciales para la producci\u00f3n de fertilizantes en otros lugares.<\/p>\n<p style=\"text-align: justify;\">Ahora, solo los buques aprobados por los gobernantes iran\u00edes pueden cruzar el estrecho. Deben pagar el equivalente a millones de d\u00f3lares estadounidenses, pero en yuanes chinos. Los capitalistas iran\u00edes se enriquecen. Los imperialistas chinos se vuelven m\u00e1s poderosos.<\/p>\n<p style=\"text-align: justify;\">El oleoducto Este-Oeste de los capitalistas saud\u00edes transporta siete millones de barriles diarios hasta el puerto de Yanbu, en el mar Rojo. Pero los hut\u00edes de Yemen, respaldados por Ir\u00e1n, han entrado en la guerra. Podr\u00edan bloquear el estrecho de Bab el-Mandeb, cerrando as\u00ed el acceso al mar Rojo.<\/p>\n<p style=\"text-align: justify;\">Ahora, las masas en la India no pueden cocinar porque no hay gas. Myanmar, Vietnam y Filipinas podr\u00edan quedarse sin petr\u00f3leo para finales de abril.<\/p>\n<p style=\"text-align: justify;\">La escasez de fertilizantes est\u00e1 perturbando la temporada de siembra en el hemisferio norte. La amenaza al suministro mundial de alimentos perdurar\u00e1 m\u00e1s all\u00e1 de la guerra actual.<\/p>\n<p><strong>Es demasiado pronto para celebrar. Por tres razones.<\/strong><\/p>\n<p style=\"text-align: justify;\">En primer lugar, much\u00edsimos de nuestros hermanos y hermanas de la clase trabajadora est\u00e1n sufriendo y muriendo en esta sangrienta guerra por el poder y las ganancias. Muchos m\u00e1s de nosotros moriremos. En segundo lugar, un proverbio \u00e1rabe dice: \u201cUn perro acorralado saltar\u00e1 el muro\u201d. El debilitado imperio estadounidense y la sobre extendida entidad sionista (Israel) son a\u00fan m\u00e1s peligrosos.<\/p>\n<p style=\"text-align: justify;\">Han sometido a Gaza al hambre y la han arrasado. Han soltado a los colonos para expulsar a los palestinos de Cisjordania. Est\u00e1n intentando extender su genocidio de acaparamiento de tierras hacia el L\u00edbano, y hacia Ir\u00e1n. \u00a1El Knesset israel\u00ed acaba de aprobar la ejecuci\u00f3n en la horca de prisioneros pol\u00edticos palestinos!<\/p>\n<p style=\"text-align: justify;\">Ambos poseen armas nucleares. Los gobernantes de EE.UU. son los \u00fanicos en la historia que las han utilizado.<\/p>\n<p style=\"text-align: justify;\">En tercer lugar, es una ilusi\u00f3n pensar que los gobernantes iran\u00edes sean otra cosa que capitalistas. Ellos y su Cuerpo de la Guardia Revolucionaria Iran\u00ed son los mayores empleadores de Ir\u00e1n. Los trabajadores iran\u00edes se han enfrentado a ellos en huelgas industriales masivas contra los bajos salarios y las condiciones peligrosas. Hoy, muchos (aunque no todos) entre las masas iran\u00edes han abrazado el nacionalismo frente a la agresi\u00f3n estadounidense. Pero la lucha de clases resurgir\u00e1.<\/p>\n<p style=\"text-align: justify;\">Los partidarios de Ir\u00e1n \u2014Rusia y China\u2014 son potencias imperialistas. Debemos comprender que ning\u00fan capitalista ni imperialista act\u00faa jam\u00e1s en beneficio de los intereses de la clase obrera internacional.<\/p>\n<p style=\"text-align: justify;\">Durante la II Guerra Mundial, los comunistas y otros sectores vieron a Gran Breta\u00f1a como un \u201cmal menor\u201d y un aliado. Pero, restring\u00eda la entrada de inmigrantes jud\u00edos provenientes de la Europa ocupada por los nazis; orquest\u00f3 la hambruna de Bengala de 1943; prepar\u00f3 el terreno para la creaci\u00f3n de \u201cIsrael\u201d y la expulsi\u00f3n de 750,000 palestinos; y sent\u00f3 las bases para una violencia intercomunitaria letal con la partici\u00f3n del subcontinente indio.<\/p>\n<p style=\"text-align: justify;\">Los gobernantes rusos y chinos utilizan la guerra contra Ir\u00e1n para fortalecer su posici\u00f3n de dominio a costa de las masas en El Medio Oriente.<\/p>\n<p style=\"text-align: justify;\">Nosotros debemos luchar por la sociedad comunista que necesitamos. Sin la esclavitud asalariada que nos encadene y sin naciones que nos dividan. Tan solo trabajadores tomando las decisiones que nos afectan y produciendo los bienes que todos necesitamos.<\/p>\n<p style=\"text-align: justify;\"><strong>Llegar\u00e1 el momento de celebrar cuando las masas, en cualquier lugar, se levanten para destruir el capitalismo y el imperialismo mediante la revoluci\u00f3n comunista.<\/strong><\/p>\n<p style=\"text-align: justify;\">Podemos contribuir a acelerar la llegada de ese d\u00eda. Educ\u00e1ndonos a nosotros mismos y a los dem\u00e1s sobre el comunismo. Leyendo y debatiendo cr\u00edticamente <em>Bandera Roja<\/em>. Distribuy\u00e9ndolo por todos los medios posibles.<\/p>\n<p style=\"text-align: justify;\">Pero no podemos hacerlo solos. Lo lograremos construyendo colectivos del Partido Comunista Obrero Internacional. Actuando conforme a los principios comunistas \u2014y luchando por ellos\u2014 en las luchas de las masas y en nuestra vida cotidiana. Especialmente en la industria y en el \u00e1mbito militar, ambos fundamentales para la revoluci\u00f3n armada.<\/p>\n<p><strong>\u00a0<\/strong><strong>Lee Nuestro Folleto: <\/strong><\/p>\n<p><strong><em>\u201cMovilizar a las Masas para el Comunismo\u201d<\/em><\/strong><\/p>\n<p><a href=\"https:\/\/icwpredflag.org\/MMC\/MMCSfin.pdf\"><strong><span style=\"color: #ff0000;\">Aqu\u00ed<\/span><\/strong><\/a><\/p>\n<p><strong>Lee Nuestro Folleto: <\/strong><\/p>\n<p><strong><em>\u201cSoldados, Marineros, Marines: Cruciales para la Revoluci\u00f3n Comunista\u201d <\/em><\/strong><\/p>\n<p><a href=\"https:\/\/icwpredflag.org\/MIL\/mps.pdf\"><span style=\"color: #ff0000;\"><strong>Aqu\u00ed<\/strong><\/span><\/a><\/p>\n<h4><a href=\"https:\/\/icwpredflag.org\/wp\/wordpress\/wps\/volumen-17-numero-5\/\">Primera p\u00e1gina de esta edici\u00f3n<\/a><\/h4>\n","protected":false},"excerpt":{"rendered":"<p>1 de abril\u2014 Al cierre de esta edici\u00f3n, el presidente Trump anuncia que la guerra ha sido un \u201c\u00e9xito rotundo\u201d y que est\u00e1 \u201ccerca a concluir\u201d.\u00a0 Pero, amenaza con devolver a Ir\u00e1n \u201ca la Edad de Piedra\u201d. Ha insinuado que podr\u00eda retirar a EE.UU. de la OTAN. La guerra en el Golfo P\u00e9rsico ha puesto &hellip; <a href=\"https:\/\/icwpredflag.org\/wp\/wordpress\/wps\/volumen-17-numero-5\/que-podemos-hacer-mientras-se-desarrolla-la-tercera-guerra-mundial\/\" class=\"more-link\">Sigue leyendo <span class=\"screen-reader-text\">\u00bfQu\u00e9 Podemos Hacer Mientras Se Desarrolla la Tercera Guerra Mundial?<\/span><\/a><\/p>\n","protected":false},"author":6,"featured_media":5655,"parent":14042,"menu_order":0,"comment_status":"closed","ping_status":"closed","template":"","meta":{"footnotes":""},"class_list":["post-14050","page","type-page","status-publish","has-post-thumbnail","hentry"],"_links":{"self":[{"href":"https:\/\/icwpredflag.org\/wp\/wordpress\/wps\/wp-json\/wp\/v2\/pages\/14050","targetHints":{"allow":["GET"]}}],"collection":[{"href":"https:\/\/icwpredflag.org\/wp\/wordpress\/wps\/wp-json\/wp\/v2\/pages"}],"about":[{"href":"https:\/\/icwpredflag.org\/wp\/wordpress\/wps\/wp-json\/wp\/v2\/types\/page"}],"author":[{"embeddable":true,"href":"https:\/\/icwpredflag.org\/wp\/wordpress\/wps\/wp-json\/wp\/v2\/users\/6"}],"replies":[{"embeddable":true,"href":"https:\/\/icwpredflag.org\/wp\/wordpress\/wps\/wp-json\/wp\/v2\/comments?post=14050"}],"version-history":[{"count":1,"href":"https:\/\/icwpredflag.org\/wp\/wordpress\/wps\/wp-json\/wp\/v2\/pages\/14050\/revisions"}],"predecessor-version":[{"id":14052,"href":"https:\/\/icwpredflag.org\/wp\/wordpress\/wps\/wp-json\/wp\/v2\/pages\/14050\/revisions\/14052"}],"up":[{"embeddable":true,"href":"https:\/\/icwpredflag.org\/wp\/wordpress\/wps\/wp-json\/wp\/v2\/pages\/14042"}],"wp:featuredmedia":[{"embeddable":true,"href":"https:\/\/icwpredflag.org\/wp\/wordpress\/wps\/wp-json\/wp\/v2\/media\/5655"}],"wp:attachment":[{"href":"https:\/\/icwpredflag.org\/wp\/wordpress\/wps\/wp-json\/wp\/v2\/media?parent=14050"}],"curies":[{"name":"wp","href":"https:\/\/api.w.org\/{rel}","templated":true}]}}