{"id":14082,"date":"2026-04-06T20:04:22","date_gmt":"2026-04-06T20:04:22","guid":{"rendered":"https:\/\/icwpredflag.org\/wp\/wordpress\/wps\/?page_id=14082"},"modified":"2026-04-06T20:04:22","modified_gmt":"2026-04-06T20:04:22","slug":"cartas-conversaciones-con-companeros-de-trabajo-y-amigos-sobre-el-comunismo","status":"publish","type":"page","link":"https:\/\/icwpredflag.org\/wp\/wordpress\/wps\/volumen-17-numero-5\/cartas-conversaciones-con-companeros-de-trabajo-y-amigos-sobre-el-comunismo\/","title":{"rendered":"Cartas: Conversaciones Con Compa\u00f1eros De Trabajo y Amigos Sobre El Comunismo"},"content":{"rendered":"<p style=\"text-align: center;\"><strong>Carta: Encendiendo los Fuegos de la Imaginaci\u00f3n <a class=\"icwp-emph\" href=\"#1\">aqu\u00ed \u2666<\/a> Carta: \u00bfQu\u00e9 Causa las Guerras Mundiales? \u00bfC\u00f3mo Podemos Ponerles Fin? <a class=\"icwp-emph\" href=\"#2\">aqu\u00ed \u2666<\/a><\/strong><\/p>\n<p><img loading=\"lazy\" decoding=\"async\" class=\"aligncenter  wp-image-14083\" src=\"https:\/\/icwpredflag.org\/wp\/wordpress\/wps\/wp-content\/uploads\/sites\/2\/2026\/04\/13.jpg\" alt=\"\" width=\"105\" height=\"103\" \/><\/p>\n<h4 id=\"1\" style=\"text-align: center;\"><span style=\"color: #ff0000;\"><strong>Carta: Encendiendo los Fuegos de la Imaginaci\u00f3n<\/strong><\/span><\/h4>\n<p style=\"text-align: justify;\">Acabo de conversar con un grupo de colegas sobre los sistemas capitalistas, racistas y explotadores que mantienen oprimida a la gente.<\/p>\n<p style=\"text-align: justify;\">\u201cY esto va a seguir as\u00ed\u201d, dijo uno de ellos.<\/p>\n<p style=\"text-align: justify;\">Reaccion\u00e9 con firmeza, instando a todo el grupo: \u201c\u00a1No, el cambio es posible! Se ha dado a lo largo de la historia y se volver\u00e1 a dar\u201d.<\/p>\n<p style=\"text-align: justify;\">Solo tenemos que mirar las luchas del pasado para ver el derrocamiento de sistemas que alguna vez parecieron inevitables, o incluso divinamente ordenados. Otras formas de conocimiento \u2014a menudo ind\u00edgenas\u2014 han sido borradas de los libros de historia o relegadas a notas a pie de p\u00e1gina. Pero son posibles muchas formas de vida diferentes, y el imperio capitalista se beneficia de nuestro empobrecimiento imaginativo.<\/p>\n<p style=\"text-align: justify;\">Una de las misiones fundamentales del Partido Comunista Obrero Internacional debe ser encender los fuegos de la imaginaci\u00f3n en nuestros colegas y seres queridos desilusionados. Nuestra capacidad para so\u00f1ar con mundos mejores nos confiere poder; nos brinda la esperanza que nos mantiene firmes en la lucha.<\/p>\n<p style=\"text-align: justify;\">Se nos ha dicho que nos rindamos de antemano, y debemos hacer algo m\u00e1s que simplemente rechazar esa orden. Debemos alentar e inspirar a los dem\u00e1s. Debemos elevar su imaginaci\u00f3n. Debemos preguntarles acerca del mundo mejor que desean. \u00bfSe trata de un mundo sin fronteras, con atenci\u00f3n m\u00e9dica universal, con energ\u00edas renovables?<\/p>\n<p style=\"text-align: justify;\">Y debemos pedirles que trabajen con nosotros para averiguar c\u00f3mo llegar a ese punto. Se\u00f1alamos los libros de historia y mostramos las luchas que se han ganado. Compartimos <em>Bandera Roja<\/em> y las ideas del comunismo.<\/p>\n<p style=\"text-align: justify;\">Aunque no se afilien al partido de inmediato \u2014o tal vez nunca lo hagan\u2014, habremos sembrado una semilla. Habremos roto la falsa narrativa de que la esperanza es una necedad y el cambio, una imposibilidad. Habremos roto el asfixiante dominio del capitalismo sobre la imaginaci\u00f3n y habremos abierto un espacio para que algo nuevo y hermoso pueda florecer. Solo podremos construir poder junto a aquellas personas que creen que el cambio es posible.<\/p>\n<p style=\"text-align: justify;\">Yo creo que el cambio no solo es posible, sino inevitable. Me viene a la mente la reflexi\u00f3n de Octavia Butler sobre el cambio en su novela La par\u00e1bola del sembrador: \u201cTodo lo que tocas, lo cambias. Todo lo que cambias, te cambia a ti. La \u00fanica verdad perdurable es el cambio\u201d.<\/p>\n<p style=\"text-align: justify;\">Tras esta reuni\u00f3n, muchos colegas se llevaron ejemplares de <em>Bandera Roja<\/em> y mostraron curiosidad por el partido. Espero que algunos de ellos se unan a nosotros en la marcha del Primero de Mayo.<\/p>\n<p>\u2014Camarada de Los \u00c1ngeles (EE.UU.)<\/p>\n<h4 id=\"2\" style=\"text-align: center;\"><span style=\"color: #ff0000;\"><strong>Carta: \u00bfQu\u00e9 Causa las Guerras Mundiales? \u00bfC\u00f3mo Podemos Ponerles Fin?<\/strong><\/span><\/h4>\n<p style=\"text-align: justify;\">\u201cTrump destruye por completo el pa\u00eds y el mundo. La econom\u00eda es un desastre. Todo empeorar\u00e1 con los precios del petr\u00f3leo subiendo cada d\u00eda. \u00a1Matando a toda esa gente! Alejando a los aliados. \u00a1China supera a EE. UU. en todo!\u201d, dijo una amiga. Est\u00e1 muy preocupada por lo que est\u00e1 sucediendo.<\/p>\n<p style=\"text-align: justify;\">Le expliqu\u00e9 que EE. UU. es la potencia imperialista en declive y que China es una potencia en ascenso. \u201cS\u00ed, todo el mundo sabe eso\u201d, respondi\u00f3.<\/p>\n<p style=\"text-align: justify;\">Debemos preguntarnos por qu\u00e9 ha habido dos guerras mundiales y por qu\u00e9 ahora nos dirigimos hacia una Tercera Guerra Mundial.<\/p>\n<p style=\"text-align: justify;\">\u201c\u00bfCu\u00e1l es la causa fundamental de esto?\u201d, le pregunt\u00e9. \u201c\u00bfQu\u00e9 hay en la naturaleza del capitalismo que conduce a guerras mundiales cada vez m\u00e1s destructivas? \u00bfC\u00f3mo es posible que la humanidad no haya descubierto a\u00fan la manera de impedir que esto suceda?\u201d.<\/p>\n<p>Ella no ten\u00eda respuesta.<\/p>\n<p style=\"text-align: justify;\">Le dije que ninguna potencia imperialista en la historia del capitalismo ha renunciado a su hegemon\u00eda sin combatir a muerte para conservarla o recuperarla. Hablamos sobre c\u00f3mo el Tratado de Versalles, que puso fin a la Primera Guerra Mundial, constituy\u00f3 una humillaci\u00f3n. Los gobernantes alemanes lo utilizaron para exacerbar el nacionalismo y lanzar su campa\u00f1a nazi para conquistar Europa y, en particular, la Uni\u00f3n Sovi\u00e9tica. EE. UU. es una bestia acorralada, igual que Alemania entre la Primera y la Segunda Guerra Mundial. EE. UU. se ver\u00e1 obligado a intentar frenar militarmente el ascenso de China.<\/p>\n<p style=\"text-align: justify;\">Le pareci\u00f3 que eso ten\u00eda sentido.<\/p>\n<p style=\"text-align: justify;\">Le dije que, para poner fin a este ciclo asesino, debemos acabar con el capitalismo. Est\u00e1 basado en la competencia para explotar a los trabajadores en busca de m\u00e1ximas ganancias, hace inevitables las guerras mundiales. La ganancia capitalista proviene de la explotaci\u00f3n de la fuerza de trabajo de los obreros. A medida que aumenta la competencia, los capitalistas invierten en m\u00e1s maquinaria y emplean a menos trabajadores. Al explotar a menos trabajadores, la tasa de ganancia de los capitalistas disminuye. Su \u201csoluci\u00f3n\u201d; destruir las f\u00e1bricas, los recursos y a los mismos trabajadores de sus competidores.<\/p>\n<p style=\"text-align: justify;\">Actualmente hay menos anticomunismo. Muchas personas en todo el mundo responden de manera positiva a las ideas comunistas de destruir el capitalismo y su esclavitud asalariada. De producir \u00fanicamente para satisfacer las necesidades humanas, no para obtener beneficios.<\/p>\n<p style=\"text-align: justify;\">Un peligro radica en que la gente termine apoyando a China como el \u201cmal menor\u201d, en lugar de luchar para librarse del capitalismo.<\/p>\n<p style=\"text-align: justify;\">Ella no cre\u00eda que nadie fuera a apoyar a China. Yo no estuve de acuerdo. Muchos consideran que China representa el mal menor. No perciben que China aspira a reemplazar a EE. UU. como el principal explotador imperialista. 1\u00aa<\/p>\n<p style=\"text-align: justify;\">Expliqu\u00e9 que la \u00fanica respuesta es movilizar a las masas para transformar la guerra imperialista en revoluciones por el comunismo. Comunismo: la colectividad en vez de la competencia y la explotaci\u00f3n.<\/p>\n<p style=\"text-align: justify;\">En tiempos como estos, la gente est\u00e1 abierta a un cambio radical. Actuemos junto a ellos, present\u00e1ndoles la soluci\u00f3n comunista ahora que buscan respuestas.<\/p>\n<p style=\"text-align: justify;\">Durante la Primera Guerra Mundial, los obreros y soldados rusos derrocaron al gobierno capitalista. Tras la Segunda Guerra Mundial, la clase obrera y los soldados chinos hicieron lo mismo.<\/p>\n<p style=\"text-align: justify;\">Hoy, el mundo est\u00e1 m\u00e1s interconectado que nunca. El capitalismo ataca con ferocidad a nuestra clase a escala global. Una victoria en un solo pa\u00eds podr\u00eda multiplicarse. Las masas luchar\u00e1n por el comunismo&#8230; una vez que lo comprendan.<\/p>\n<p>Esta discusi\u00f3n continuar\u00e1.<\/p>\n<p>\u2014Camarada con experiencia<\/p>\n<p><strong>Por favor enviar sus cartas, sugerencias al contact@icwpredflag.org<\/strong><\/p>\n<h4><a href=\"https:\/\/icwpredflag.org\/wp\/wordpress\/wps\/volumen-17-numero-5\/\">Primera p\u00e1gina de esta edici\u00f3n<\/a><\/h4>\n","protected":false},"excerpt":{"rendered":"<p>Carta: Encendiendo los Fuegos de la Imaginaci\u00f3n aqu\u00ed \u2666 Carta: \u00bfQu\u00e9 Causa las Guerras Mundiales? \u00bfC\u00f3mo Podemos Ponerles Fin? aqu\u00ed \u2666 Carta: Encendiendo los Fuegos de la Imaginaci\u00f3n Acabo de conversar con un grupo de colegas sobre los sistemas capitalistas, racistas y explotadores que mantienen oprimida a la gente. \u201cY esto va a seguir as\u00ed\u201d, &hellip; <a href=\"https:\/\/icwpredflag.org\/wp\/wordpress\/wps\/volumen-17-numero-5\/cartas-conversaciones-con-companeros-de-trabajo-y-amigos-sobre-el-comunismo\/\" class=\"more-link\">Sigue leyendo <span class=\"screen-reader-text\">Cartas: Conversaciones Con Compa\u00f1eros De Trabajo y Amigos Sobre El Comunismo<\/span><\/a><\/p>\n","protected":false},"author":6,"featured_media":5655,"parent":14042,"menu_order":0,"comment_status":"closed","ping_status":"closed","template":"","meta":{"footnotes":""},"class_list":["post-14082","page","type-page","status-publish","has-post-thumbnail","hentry"],"_links":{"self":[{"href":"https:\/\/icwpredflag.org\/wp\/wordpress\/wps\/wp-json\/wp\/v2\/pages\/14082","targetHints":{"allow":["GET"]}}],"collection":[{"href":"https:\/\/icwpredflag.org\/wp\/wordpress\/wps\/wp-json\/wp\/v2\/pages"}],"about":[{"href":"https:\/\/icwpredflag.org\/wp\/wordpress\/wps\/wp-json\/wp\/v2\/types\/page"}],"author":[{"embeddable":true,"href":"https:\/\/icwpredflag.org\/wp\/wordpress\/wps\/wp-json\/wp\/v2\/users\/6"}],"replies":[{"embeddable":true,"href":"https:\/\/icwpredflag.org\/wp\/wordpress\/wps\/wp-json\/wp\/v2\/comments?post=14082"}],"version-history":[{"count":1,"href":"https:\/\/icwpredflag.org\/wp\/wordpress\/wps\/wp-json\/wp\/v2\/pages\/14082\/revisions"}],"predecessor-version":[{"id":14084,"href":"https:\/\/icwpredflag.org\/wp\/wordpress\/wps\/wp-json\/wp\/v2\/pages\/14082\/revisions\/14084"}],"up":[{"embeddable":true,"href":"https:\/\/icwpredflag.org\/wp\/wordpress\/wps\/wp-json\/wp\/v2\/pages\/14042"}],"wp:featuredmedia":[{"embeddable":true,"href":"https:\/\/icwpredflag.org\/wp\/wordpress\/wps\/wp-json\/wp\/v2\/media\/5655"}],"wp:attachment":[{"href":"https:\/\/icwpredflag.org\/wp\/wordpress\/wps\/wp-json\/wp\/v2\/media?parent=14082"}],"curies":[{"name":"wp","href":"https:\/\/api.w.org\/{rel}","templated":true}]}}