{"id":14085,"date":"2026-04-06T20:10:13","date_gmt":"2026-04-06T20:10:13","guid":{"rendered":"https:\/\/icwpredflag.org\/wp\/wordpress\/wps\/?page_id=14085"},"modified":"2026-04-06T20:10:13","modified_gmt":"2026-04-06T20:10:13","slug":"cartas-cartas-materialismo-dialectico-y-lucha-de-clases","status":"publish","type":"page","link":"https:\/\/icwpredflag.org\/wp\/wordpress\/wps\/volumen-17-numero-5\/cartas-cartas-materialismo-dialectico-y-lucha-de-clases\/","title":{"rendered":"Cartas: Cartas: Materialismo Dial\u00e9ctico y Lucha De Clases"},"content":{"rendered":"<p style=\"text-align: center;\"><strong>Carta: Obst\u00e1culos y Contradicciones <a class=\"icwp-emph\" href=\"#1\">aqu\u00ed \u2666<\/a> Carta: Agudizando las Contradicciones <a class=\"icwp-emph\" href=\"#2\">aqu\u00ed \u2666<\/a> Carta: Comprendiendo la Contradicci\u00f3n <a class=\"icwp-emph\" href=\"#3\">aqu\u00ed \u2666<\/a><\/strong><\/p>\n<p><img loading=\"lazy\" decoding=\"async\" class=\"aligncenter  wp-image-14086\" src=\"https:\/\/icwpredflag.org\/wp\/wordpress\/wps\/wp-content\/uploads\/sites\/2\/2026\/04\/14.jpg\" alt=\"\" width=\"598\" height=\"444\" \/><br \/>\n<strong>Manila (Filipinas), 27 de marzo\u2014 Trabajadores del transporte p\u00fablico y activistas luchan contra el aumento de los precios de la gasolina debido a la guerra en Ir\u00e1n y la corrupci\u00f3n del gobierno local.<\/strong><\/p>\n<h4 id=\"1\" style=\"text-align: center;\"><span style=\"color: #ff0000;\"><strong>Carta: Obst\u00e1culos y Contradicciones<\/strong><\/span><\/h4>\n<p style=\"text-align: justify;\">Recientemente asist\u00ed a una inspiradora conferencia internacional. Las discusiones fueron valiosas, pero not\u00e9 problemas en c\u00f3mo se aplicaba el materialismo dial\u00e9ctico.<\/p>\n<p style=\"text-align: justify;\">La primera se refiere a la palabra \u201ccontradicci\u00f3n\u201d. Varios ponentes describieron el tratar de que alguien hiciera algo, por ejemplo, asistir a reuniones. Dec\u00edan que deb\u00edamos entender las \u201ccontradicciones\u201d de esa persona. Al principio esto parec\u00eda extra\u00f1o. Qued\u00f3 claro que realmente se refer\u00edan a entender los obst\u00e1culos que impiden asistir: qu\u00e9 es lo que frena a la persona.<\/p>\n<p style=\"text-align: justify;\">Pero las contradicciones no son obst\u00e1culos. En dial\u00e9ctica, una contradicci\u00f3n consiste en dos aspectos en la lucha. Cada lado limita y moldea al otro. Es inexacto tratar la contradicci\u00f3n como una barrera que debe eliminarse.<\/p>\n<p style=\"text-align: justify;\">Comprender las contradicciones internas de alguien es esencial si queremos ayudarle a avanzar. Sin embargo, en general no eliminamos completamente las contradicciones, al menos no de inmediato. Por ejemplo, pasar\u00e1n generaciones antes de que la contradicci\u00f3n entre trabajadores y patrones desaparezca por completo. Mientras tanto, debilitamos el aspecto al que nos oponemos y fortalecemos el aspecto que apoyamos.<\/p>\n<p style=\"text-align: justify;\">Sin embargo, lo que escuch\u00e9 en la conferencia se inclin\u00f3 mucho hacia debilitar el lado \u201cnegativo\u201d. Esto produjo un enfoque casi totalmente defensivo.<\/p>\n<p style=\"text-align: justify;\">Pensemos en un camarada que se salta a las reuniones porque teme ser juzgado por miembros con m\u00e1s experiencia. Una respuesta es reducir ese miedo asegur\u00e1ndoles que los dem\u00e1s no les juzgan. Eso puede ayudar.<\/p>\n<p style=\"text-align: justify;\">Pero tambi\u00e9n hay un enfoque positivo. Podemos preguntarnos por qu\u00e9 este camarada quiso asistir en primer lugar. \u00bfQu\u00e9 les motiva?<\/p>\n<p style=\"text-align: justify;\">Supongamos que sienten fuertemente el sexismo. Podr\u00edamos asegurarnos de que el sexismo se aborde de forma significativa en las pr\u00f3ximas reuniones y hacerles saber que sus preocupaciones ser\u00e1n tomadas en serio. Su compromiso con la lucha contra el sexismo puede fortalecer su confianza y superar su miedo. Al reforzar el aspecto positivo de la contradicci\u00f3n, ayudamos a cambiar el equilibrio internamente en lugar de limitarnos a suprimir el lado negativo.<\/p>\n<p style=\"text-align: justify;\">Tambi\u00e9n est\u00e1 la cuesti\u00f3n del materialismo. Un orador sugiri\u00f3 que ganamos a la gente hacia el comunismo simplemente hablando con ellos.<\/p>\n<p style=\"text-align: justify;\">Para un peque\u00f1o n\u00famero de personas, especialmente aquellas moldeadas por una lucha intensa, eso puede ser suficiente. Pero para la mayor\u00eda, las palabras por s\u00ed solas son insuficientes. La gente quiere ver la pr\u00e1ctica. Quieren saber si estamos a la altura de lo que decimos. El materialismo significa reconocer que la acci\u00f3n\u2014la actividad compartida y concreta\u2014tiene un peso decisivo.<\/p>\n<p style=\"text-align: justify;\">Por suerte, hubo varias discusiones sobre acciones colectivas, por ejemplo, sobre la camarada Soso organizando a sus amigos para luchar por un profesor de matem\u00e1ticas. Por supuesto, no luchamos por reformas, pero contratar a un profesor de matem\u00e1ticas dif\u00edcilmente cuenta como reformar el sistema.<\/p>\n<p style=\"text-align: justify;\">M\u00e1s all\u00e1 de las luchas laborales, podemos organizar otros esfuerzos colectivos, como un coro, un escuadr\u00f3n de piquetes o un grupo de teatro callejero. La actividad compartida genera confianza, seguridad y comprensi\u00f3n pol\u00edtica. A trav\u00e9s de estas experiencias, la gente ve en la pr\u00e1ctica lo que representa el Partido Comunista Obrero Internacional.<\/p>\n<p style=\"text-align: justify;\">Si aplicamos el materialismo dial\u00e9ctico de forma concreta\u2014tratando adecuadamente las contradicciones y fundamentando nuestro trabajo en la pr\u00e1ctica colectiva\u2014fortalecemos tanto nuestra teor\u00eda como nuestra organizaci\u00f3n.<\/p>\n<p>\u2014Camarada en Canad\u00e1<\/p>\n<h4 id=\"2\" style=\"text-align: center;\"><span style=\"color: #ff0000;\"><strong>Carta: Agudizando las Contradicciones<\/strong><\/span><\/h4>\n<p style=\"text-align: justify;\">El materialismo dial\u00e9ctico demuestra que existen contradicciones en todos los procesos. La unidad y la lucha de los opuestos dentro de cada proceso determinan su movimiento. Esto no es complicado, confuso ni enga\u00f1oso.<\/p>\n<p style=\"text-align: justify;\">Estamos luchando por un mundo comunista, sin patrones ni guerras imperialistas. Estamos luchando por agudizar la lucha dentro de nosotros mismos, de nuestros amigos y de la clase obrera en general, en favor del comunismo. Para lograrlo, necesitamos agudizar la contradicci\u00f3n entre las ideas y pr\u00e1cticas capitalistas, por un lado, y las ideas y pr\u00e1cticas comunistas, por el otro; esto en cada uno de nosotros, en nuestros amigos y en la clase obrera en general.<\/p>\n<p style=\"text-align: justify;\">Esto es muy claro. Supongamos que un camarada dice: \u00abla contradicci\u00f3n principal de mi amigo es el individualismo, o el miedo\u00bb. \u00bfEs esto incorrecto? No. El camarada est\u00e1 diciendo que la contradicci\u00f3n en su amigo se sit\u00faa entre el individualismo y la colectividad, o entre una perspectiva capitalista y una perspectiva comunista. En el caso del miedo, la contradicci\u00f3n podr\u00eda darse entre la falta de confianza en la clase obrera o la confianza en ella. Existen muchas formas de superar estas contradicciones. Si el amigo acude a una manifestaci\u00f3n junto con el camarada y observa la buena acogida que recibe <em>Bandera Roja<\/em>, esto puede ayudarle a superar y vencer el miedo. O si marcha junto a un contingente comunista durante el Primero de Mayo.<\/p>\n<p style=\"text-align: justify;\">La carta anterior critica err\u00f3neamente a aquellos camaradas que \u00abconfunden\u00bb los obst\u00e1culos con las contradicciones. Ambas cosas pueden ser ciertas. El racismo es, a la vez, un obst\u00e1culo y una contradicci\u00f3n. La contradicci\u00f3n reside entre el racismo y una perspectiva comunista de clase obrera, la cual sostiene que todos los trabajadores son hermanos y hermanas de clase y comparten los mismos intereses. Los comentarios de los camaradas \u2014ya sean sobre sus propias contradicciones o las de sus amigos, as\u00ed como sobre la lucha por fortalecer el lado comunista y derrotar al lado capitalista\u2014 son correctos y \u00fatiles.<\/p>\n<p style=\"text-align: justify;\"><em>La carta anterior afirma incorrectamente que, por lo general, no eliminamos las contradicciones. La contradicci\u00f3n entre los trabajadores y los patrones define al capitalismo. Nuestra lucha consiste, precisamente, en derrotar a los patrones capitalistas para que la clase obrera pueda vivir libre de la esclavitud asalariada, de las guerras imperialistas, del racismo, del sexismo y de todos los horrores del capitalismo. Luchamos cada d\u00eda para eliminar esa contradicci\u00f3n. Luchamos para erradicar el nacionalismo y el racismo, y para sustituirlos por el internacionalismo comunista y la solidaridad de clase. Una revoluci\u00f3n comunista derrotar\u00e1 de manera decisiva al capitalismo y resolver\u00e1 la contradicci\u00f3n entre los trabajadores y los patrones.<\/em><\/p>\n<p style=\"text-align: justify;\">Nuestra pr\u00e1ctica material es una pr\u00e1ctica comunista. Esta incluye conversar, escribir, distribuir literatura comunista y luchar junto a nuestros amigos, al tiempo que profundizamos nuestras relaciones comunistas. Significa participar activamente en las luchas y las adversidades de la clase obrera, planteando ideas comunistas en su seno desde el presente. Invitamos a nuestros amigos a colaborar en la distribuci\u00f3n de <em>Bandera Roja<\/em> y de volantes comunistas. Luchamos para que nuestra pr\u00e1ctica sea comunista, y no reformista. Nuestro objetivo es organizar la lucha de clases comunista, oponi\u00e9ndonos al terror de los patrones y planteando soluciones comunistas. \u00a1No es algo \u00abnegativo\u00bb desenmascarar las ideas capitalistas mientras luchamos por las ideas comunistas! Es algo positivo.<\/p>\n<p style=\"text-align: justify;\">Es muy positivo que cada vez m\u00e1s camaradas est\u00e9n agudizando la lucha consigo mismos, con sus amigos y con sus compa\u00f1eros de trabajo, con el fin de fortalecer el lado comunista y debilitar y derrotar al capitalista. Lejos de temer la lucha por el comunismo, la acogen con entusiasmo. Esto nos infunde a todos una mayor confianza en que la clase obrera ganar\u00e1 la batalla para derrotar al capitalismo y a sus guerras asesinas mediante la revoluci\u00f3n comunista.<\/p>\n<p>\u2014Un camarada<\/p>\n<h4 id=\"3\" style=\"text-align: center;\"><span style=\"color: #ff0000;\"><strong>Carta: Comprendiendo la Contradicci\u00f3n<\/strong><\/span><\/h4>\n<p style=\"text-align: justify;\">Es importante \u2014aunque no necesariamente f\u00e1cil\u2014 que todos los comunistas comprendan el materialismo dial\u00e9ctico (MD). Se trata de una concepci\u00f3n del mundo sumamente distinta a la que nos ense\u00f1a el capitalismo. El PCOI cuenta en su sitio web con una excelente serie de art\u00edculos sobre la dial\u00e9ctica.<\/p>\n<p style=\"text-align: justify;\">Recientemente, ha surgido cierto desacuerdo entre los camaradas respecto al significado del t\u00e9rmino \u201ccontradicci\u00f3n\u00bb\u201d dentro del marco del MD. He rele\u00eddo muchos de los art\u00edculos de nuestro difunto y querido camarada Tom con el fin de refrescar y ampliar mis conocimientos. A continuaci\u00f3n, intentar\u00e9 explicar en qu\u00e9 consiste una contradicci\u00f3n.<\/p>\n<p style=\"text-align: justify;\">La contradicci\u00f3n dial\u00e9ctica es la unidad y la lucha de elementos o procesos opuestos que se hallan interconectados, pero que interfieren entre s\u00ed y generan cambios. Los polos opuestos de una contradicci\u00f3n real no pueden unificarse ni conciliarse.<\/p>\n<p style=\"text-align: justify;\">La contradicci\u00f3n entre el trabajador y el capitalista es inherente al sistema capitalista. Constituye la causa subyacente de las huelgas, las protestas y las rebeliones que estallan en todos los rincones del mundo.<\/p>\n<p style=\"text-align: justify;\">Ponerle fin a una contradicci\u00f3n se denomina \u201cresolverla\u201d. Las contradicciones avanzan hacia su resoluci\u00f3n a medida que el conflicto entre sus dos polos se intensifica y se vuelve m\u00e1s agudo. Las masas avanzan hacia la resoluci\u00f3n de su contradicci\u00f3n con los capitalistas mediante la organizaci\u00f3n para la revoluci\u00f3n; logran este avance al unirse m\u00e1s estrechamente en torno a la pol\u00edtica comunista y al prepararse mejor para una eventual lucha armada.<\/p>\n<p style=\"text-align: justify;\">La victoria del comunismo resolver\u00e1 la contradicci\u00f3n existente entre la clase obrera y la clase capitalista al destruir a esta \u00faltima y, con ella, al propio sistema capitalista.<\/p>\n<p style=\"text-align: justify;\">Este es el patr\u00f3n t\u00edpico de c\u00f3mo se resuelven las contradicciones: uno de los polos derrota al otro \u2014o incluso lo aniquila\u2014, produci\u00e9ndose a menudo un resultado repentino y dram\u00e1tico.<\/p>\n<p style=\"text-align: justify;\">La resoluci\u00f3n de una contradicci\u00f3n conduce siempre a la aparici\u00f3n de nuevas contradicciones. Asimismo, el polo derrotado deja siempre tras de s\u00ed ciertos vestigios. Estos vestigios podr\u00edan incluso servir de base para un futuro resurgimiento del polo derrotado.<\/p>\n<p style=\"text-align: justify;\">Una vez destruido el capitalismo, parte de su ideolog\u00eda y de sus h\u00e1bitos \u2014tales como el racismo, el sexismo y el individualismo\u2014 persistir\u00e1n temporalmente, generando nuevas contradicciones. Nuestro partido guiar\u00e1 a las masas en la lucha contra estos elementos durante el tiempo que sea necesario para erradicarlos de manera definitiva.<\/p>\n<p style=\"text-align: justify;\">Cuantas m\u00e1s personas se afilien al PCOI, lean y escriban para <em>Bandera Roja<\/em> y libren esta lucha junto a sus compa\u00f1eros de trabajo, amigos y familiares, m\u00e1s claras estar\u00e1n estas contradicciones. Y, en consecuencia, mayor ser\u00e1 nuestra capacidad para avanzar en su resoluci\u00f3n mediante la revoluci\u00f3n comunista.<\/p>\n<p>\u2014Aun aprendiendo<\/p>\n<p><strong>Para m\u00e1s informaci\u00f3n acerca de: \u201cLa Filosof\u00eda del Materialismo Dial\u00e9ctico\u201d<\/strong><\/p>\n<p><a href=\"https:\/\/icwpredflag.org\/wp\/wordpress\/wps\/materialismo-dialectico\/breve-introduccion-a-la-filosofia-comunista\/\"><strong><span style=\"color: #ff0000;\">Aqu\u00ed<\/span><\/strong><\/a><\/p>\n<p><strong>Por favor enviar sus cartas, sugerencias al contact@icwpredflag.org<\/strong><\/p>\n<h4><a href=\"https:\/\/icwpredflag.org\/wp\/wordpress\/wps\/volumen-17-numero-5\/\">Primera p\u00e1gina de esta edici\u00f3n<\/a><\/h4>\n","protected":false},"excerpt":{"rendered":"<p>Carta: Obst\u00e1culos y Contradicciones aqu\u00ed \u2666 Carta: Agudizando las Contradicciones aqu\u00ed \u2666 Carta: Comprendiendo la Contradicci\u00f3n aqu\u00ed \u2666 Manila (Filipinas), 27 de marzo\u2014 Trabajadores del transporte p\u00fablico y activistas luchan contra el aumento de los precios de la gasolina debido a la guerra en Ir\u00e1n y la corrupci\u00f3n del gobierno local. Carta: Obst\u00e1culos y Contradicciones &hellip; <a href=\"https:\/\/icwpredflag.org\/wp\/wordpress\/wps\/volumen-17-numero-5\/cartas-cartas-materialismo-dialectico-y-lucha-de-clases\/\" class=\"more-link\">Sigue leyendo <span class=\"screen-reader-text\">Cartas: Cartas: Materialismo Dial\u00e9ctico y Lucha De Clases<\/span><\/a><\/p>\n","protected":false},"author":6,"featured_media":5655,"parent":14042,"menu_order":0,"comment_status":"closed","ping_status":"closed","template":"","meta":{"footnotes":""},"class_list":["post-14085","page","type-page","status-publish","has-post-thumbnail","hentry"],"_links":{"self":[{"href":"https:\/\/icwpredflag.org\/wp\/wordpress\/wps\/wp-json\/wp\/v2\/pages\/14085","targetHints":{"allow":["GET"]}}],"collection":[{"href":"https:\/\/icwpredflag.org\/wp\/wordpress\/wps\/wp-json\/wp\/v2\/pages"}],"about":[{"href":"https:\/\/icwpredflag.org\/wp\/wordpress\/wps\/wp-json\/wp\/v2\/types\/page"}],"author":[{"embeddable":true,"href":"https:\/\/icwpredflag.org\/wp\/wordpress\/wps\/wp-json\/wp\/v2\/users\/6"}],"replies":[{"embeddable":true,"href":"https:\/\/icwpredflag.org\/wp\/wordpress\/wps\/wp-json\/wp\/v2\/comments?post=14085"}],"version-history":[{"count":1,"href":"https:\/\/icwpredflag.org\/wp\/wordpress\/wps\/wp-json\/wp\/v2\/pages\/14085\/revisions"}],"predecessor-version":[{"id":14087,"href":"https:\/\/icwpredflag.org\/wp\/wordpress\/wps\/wp-json\/wp\/v2\/pages\/14085\/revisions\/14087"}],"up":[{"embeddable":true,"href":"https:\/\/icwpredflag.org\/wp\/wordpress\/wps\/wp-json\/wp\/v2\/pages\/14042"}],"wp:featuredmedia":[{"embeddable":true,"href":"https:\/\/icwpredflag.org\/wp\/wordpress\/wps\/wp-json\/wp\/v2\/media\/5655"}],"wp:attachment":[{"href":"https:\/\/icwpredflag.org\/wp\/wordpress\/wps\/wp-json\/wp\/v2\/media?parent=14085"}],"curies":[{"name":"wp","href":"https:\/\/api.w.org\/{rel}","templated":true}]}}