{"id":1425,"date":"2017-09-16T04:15:07","date_gmt":"2017-09-16T04:15:07","guid":{"rendered":"http:\/\/icwpredflag.org\/wp\/wordpress\/wps\/?page_id=1425"},"modified":"2017-09-16T05:36:10","modified_gmt":"2017-09-16T05:36:10","slug":"sudafrica-desempleo-masivo-en-el-sector-minero","status":"publish","type":"page","link":"https:\/\/icwpredflag.org\/wp\/wordpress\/wps\/volumen-8-numero-11\/sudafrica-desempleo-masivo-en-el-sector-minero\/","title":{"rendered":"Sud\u00e1frica: Desempleo Masivo en el Sector Minero"},"content":{"rendered":"<h4 style=\"text-align: center;\"><span style=\"color: #ff0000;\"><strong>El Comunismo Destruir\u00e1 la Esclavitud Salarial<\/strong><\/span><\/h4>\n<p style=\"text-align: justify;\">Recientemente una de las compa\u00f1\u00edas mineras m\u00e1s grandes de Sud\u00e1frica, Sibanye Gold, anunci\u00f3 que reducir\u00e1 7,400 trabajadores permanentes y 3,000 contratistas. La empresa tuvo que detener sus operaciones durante un mes debido a la huelga. Despu\u00e9s de esto despidieron a 99 trabajadores y dieron notificaci\u00f3n final a 407.<\/p>\n<p style=\"text-align: justify;\">El director ejecutivo de la compa\u00f1\u00eda emiti\u00f3 un comunicado: \u201cLa sostenibilidad a largo plazo del grupo es nuestro \u00fanico enfoque y es necesario si queremos continuar entreg\u00e1ndoles un valor cada vez superior a todos nuestros accionistas\u201d.<\/p>\n<p style=\"text-align: justify;\">La declaraci\u00f3n dice mucho sobre lo poco que los patrones nos valoran. Olvidan lo m\u00e1s importante: que el trabajo de los obreros es la fuente de todo valor, no son las m\u00e1quinas, sino solo de nuestra fuerza de trabajo.<\/p>\n<p style=\"text-align: justify;\">Esta semana otra empresa, Anglo Gold Ashanti, tambi\u00e9n dijo que despedir\u00e1 a 8,500 obreros y esto es s\u00f3lo la punta del t\u00e9mpano. En los \u00faltimos 5 a\u00f1os, 100,000 obreros han perdido sus empleos s\u00f3lo en la industria del oro, excluyendo el reciente anunci\u00f3 de Sibanye Gold y Anglo Gold, respectivamente. Estoy convencido de que otras compa\u00f1\u00edas seguir\u00e1n a estas dos. Como resultado miles de familias se acostar\u00e1n sin saber lo que van a comer el siguiente d\u00eda.<\/p>\n<p style=\"text-align: justify;\">Y es por eso que hoy es m\u00e1s importante que nunca, que el Partido gane a estos obreros para que puedan luchar por una sociedad comunista, donde no trabajen para las ganancias patronales, sino para satisfacer las necesidades de la clase obrera en su conjunto. Es por eso que planeamos llevarles <strong><em>Bandera Roja<\/em><\/strong> a estos mineros tan pronto como sea posible.<img loading=\"lazy\" decoding=\"async\" class=\" wp-image-1363 aligncenter\" src=\"http:\/\/icwpredflag.org\/wp\/wordpress\/wps\/wp-content\/uploads\/sites\/2\/2017\/09\/maracana.jpg\" alt=\"\" width=\"501\" height=\"488\" \/><\/p>\n<p style=\"text-align: center;\"><strong>Huelguistas de Marikana, Sud\u00e1frica, 2012<\/strong><\/p>\n<h4 style=\"text-align: justify;\"><a class=\"icwp-emph\" href=\"http:\/\/icwpredflag.org\/wp\/wordpress\/wps\/volumen-8-numero-11\/\">Primera p\u00e1gina de esta edici\u00f3n<\/a><\/h4>\n<p style=\"text-align: justify;\">\n","protected":false},"excerpt":{"rendered":"<p>El Comunismo Destruir\u00e1 la Esclavitud Salarial Recientemente una de las compa\u00f1\u00edas mineras m\u00e1s grandes de Sud\u00e1frica, Sibanye Gold, anunci\u00f3 que reducir\u00e1 7,400 trabajadores permanentes y 3,000 contratistas. La empresa tuvo que detener sus operaciones durante un mes debido a la huelga. Despu\u00e9s de esto despidieron a 99 trabajadores y dieron notificaci\u00f3n final a 407. El &hellip; <a href=\"https:\/\/icwpredflag.org\/wp\/wordpress\/wps\/volumen-8-numero-11\/sudafrica-desempleo-masivo-en-el-sector-minero\/\" class=\"more-link\">Sigue leyendo <span class=\"screen-reader-text\">Sud\u00e1frica: Desempleo Masivo en el Sector Minero<\/span><\/a><\/p>\n","protected":false},"author":1,"featured_media":282,"parent":1378,"menu_order":0,"comment_status":"closed","ping_status":"closed","template":"","meta":{"footnotes":""},"class_list":["post-1425","page","type-page","status-publish","has-post-thumbnail","hentry"],"_links":{"self":[{"href":"https:\/\/icwpredflag.org\/wp\/wordpress\/wps\/wp-json\/wp\/v2\/pages\/1425","targetHints":{"allow":["GET"]}}],"collection":[{"href":"https:\/\/icwpredflag.org\/wp\/wordpress\/wps\/wp-json\/wp\/v2\/pages"}],"about":[{"href":"https:\/\/icwpredflag.org\/wp\/wordpress\/wps\/wp-json\/wp\/v2\/types\/page"}],"author":[{"embeddable":true,"href":"https:\/\/icwpredflag.org\/wp\/wordpress\/wps\/wp-json\/wp\/v2\/users\/1"}],"replies":[{"embeddable":true,"href":"https:\/\/icwpredflag.org\/wp\/wordpress\/wps\/wp-json\/wp\/v2\/comments?post=1425"}],"version-history":[{"count":4,"href":"https:\/\/icwpredflag.org\/wp\/wordpress\/wps\/wp-json\/wp\/v2\/pages\/1425\/revisions"}],"predecessor-version":[{"id":1462,"href":"https:\/\/icwpredflag.org\/wp\/wordpress\/wps\/wp-json\/wp\/v2\/pages\/1425\/revisions\/1462"}],"up":[{"embeddable":true,"href":"https:\/\/icwpredflag.org\/wp\/wordpress\/wps\/wp-json\/wp\/v2\/pages\/1378"}],"wp:featuredmedia":[{"embeddable":true,"href":"https:\/\/icwpredflag.org\/wp\/wordpress\/wps\/wp-json\/wp\/v2\/media\/282"}],"wp:attachment":[{"href":"https:\/\/icwpredflag.org\/wp\/wordpress\/wps\/wp-json\/wp\/v2\/media?parent=1425"}],"curies":[{"name":"wp","href":"https:\/\/api.w.org\/{rel}","templated":true}]}}