{"id":1436,"date":"2017-09-16T04:35:23","date_gmt":"2017-09-16T04:35:23","guid":{"rendered":"http:\/\/icwpredflag.org\/wp\/wordpress\/wps\/?page_id=1436"},"modified":"2017-09-16T05:42:04","modified_gmt":"2017-09-16T05:42:04","slug":"cartas-vol-8-no-11","status":"publish","type":"page","link":"https:\/\/icwpredflag.org\/wp\/wordpress\/wps\/volumen-8-numero-11\/cartas-vol-8-no-11\/","title":{"rendered":"Cartas, Vol 8, No 11"},"content":{"rendered":"<p style=\"text-align: justify;\"><strong>Ecolog\u00eda y Comunismo<\/strong><\/p>\n<p style=\"text-align: justify;\">EL SALVADOR, 2 de septiembre\u2014Ese fin de semana asist\u00ed a un taller de tres d\u00edas sobre gesti\u00f3n ecol\u00f3gica del riesgo donde asistieron l\u00edderes comunales de El Salvador, Guatemala y Honduras. Fueron temas muy interesantes, abordaban los desastres como eventos que tienen relaci\u00f3n directa con el capitalismo, esto permiti\u00f3 tener una discusi\u00f3n abierta sobre los problemas del capitalismo.<\/p>\n<p style=\"text-align: justify;\">Este taller es parte del esfuerzo del fmln, ocupando otras organizaciones, para ganar a m\u00e1s gente a su proyecto revisionista. Los l\u00edmites de sus an\u00e1lisis son evidentes, evitan criticar los ocho a\u00f1os de gobierno del fmln y ocupan la cr\u00edtica al capitalismo como una forma de excusar su fracaso.<\/p>\n<p style=\"text-align: justify;\">Lo importante de esta experiencia fueron las conversaciones bilaterales con el resto de participantes. Un joven de Guatemala, l\u00edder en diferentes luchas contra megaproyectos, hac\u00eda un an\u00e1lisis de la situaci\u00f3n en ese pa\u00eds. \u201cTodo es un circo, la lucha en contra de la corrupci\u00f3n no lleva a nada, solo la lucha de clases puede hacer cambiar las cosas\u201d. Hablamos sobre como es imposible hacer un cambio verdadero desde las mismas instituciones capitalista. Muchos estuvieron de acuerdo, tomando en cuenta el ejemplo de El Salvador y muchos pa\u00edses de Latinoam\u00e9rica. Al finalizar el taller logr\u00e9 hacer ocho contactos, dos de Guatemala y uno de Honduras. Les dije personalmente que pertenec\u00eda al Partido Comunista Obrero Internacional y que les enviar\u00eda nuestro peri\u00f3dico <strong><em>Bandera Roja<\/em><\/strong>. El compa\u00f1ero de Honduras se comprometi\u00f3 a traer los libros \u201cDestacamento Rojo\u201d y \u201cPrisi\u00f3n Verde\u201d, escritos por el comunista hondure\u00f1o Ram\u00f3n Amaya Amador, dentro de un mes en la segunda sesi\u00f3n del taller.<\/p>\n<p style=\"text-align: justify;\">Joven Camarada<\/p>\n<p style=\"text-align: justify;\"><strong>La Clase Obrera No Necesita a los Patrones<\/strong><\/p>\n<p style=\"text-align: justify;\">En el primer d\u00eda de trabajo en una fabrica despu\u00e9s del Hurac\u00e1n Harvey en Houston, Texas, muchos trabajadores no se presentaron a trabajar incluyendo unos supervisores. Por lo tanto, con los que llegamos conformamos solo una l\u00ednea de ensamblaje.<\/p>\n<p style=\"text-align: justify;\">\u201cNo necesitamos supervisores para hacer el trabajo,\u201d dijo sonriendo una compa\u00f1era mientras hacia su trabajo. \u201cEllos sirven para presionarnos, para quedar bien con el due\u00f1o. La producci\u00f3n la sacamos aunque ellos no est\u00e9n.\u201d<\/p>\n<p style=\"text-align: justify;\">\u201cEsta mujer es como un verdugo. Todo lo quiere r\u00e1pido,\u201d dijo otra trabajadora refiri\u00e9ndose a la supervisora que no lleg\u00f3 a trabajar.<\/p>\n<p style=\"text-align: justify;\">Este es un peque\u00f1o ejemplo de c\u00f3mo los trabajadores pueden entender que para trabajar no necesitamos a los patrones. Y si no necesitamos patrones para trabajar, tampoco necesitamos dinero para vivir. Solo bastan nuestro trabajo, recursos naturales, y las ideas comunistas.<\/p>\n<p style=\"text-align: justify;\">Esto no ser\u00e1 posible sin antes destruir el capitalismo por medio de una revoluci\u00f3n comunista, lo cual no ser\u00e1 nada f\u00e1cil. Las relaciones sociales comunistas son claves para la revoluci\u00f3n.<\/p>\n<p style=\"text-align: justify;\">En la f\u00e1brica se pod\u00eda ver a todos los trabajadores haciendo su trabajo relajadamente y ayudando a otros cuando estos lo necesitaban. Todo esto es un peque\u00f1o aspecto comunista dentro del capitalismo.<\/p>\n<p style=\"text-align: justify;\">Yo no hab\u00eda trabajado con la mayor\u00eda de estos obreros porque normalmente trabajo en la otra l\u00ednea. Sin embargo, planeo hablar muy pronto con estos obreros sobre el comunismo.<\/p>\n<p style=\"text-align: justify;\">Otro aspecto comunista durante el hurac\u00e1n fue la respuesta de comunidades obreras rescatando a sus hermanos\/as de clase sin esperar pago alguno. La mayor\u00eda de estos obreros rescatistas no necesitaron supervisores que les dieran \u00f3rdenes de lo que ten\u00edan que hacer.<\/p>\n<p style=\"text-align: justify;\">Cuando el gobierno pidi\u00f3 la ayuda de voluntarios, los obreros en las comunidades ya estaban haciendo el trabajo de rescate, incluyendo en \u00e1reas muy peligrosas debido a que la energ\u00eda el\u00e9ctrica no fue suspendida. Dos de los rescatistas, fueron electrocutados por eso.<\/p>\n<p style=\"text-align: justify;\">Camarada en Houston, EEUU<\/p>\n<p style=\"text-align: justify;\"><strong>M\u00e1s Mentiras de Trump sobre los Musulmanes<\/strong><\/p>\n<p style=\"text-align: justify;\">Despu\u00e9s del ataque de ISIS en Barcelona, \u200b\u200bTrump twitte\u00f3: \u201cEstudia lo que el General Pershing de EE.UU. les hizo a los terroristas cuando los capturaba. No hubo m\u00e1s Terror Radical Isl\u00e1mico durante 35 a\u00f1os\u201d.<\/p>\n<p style=\"text-align: justify;\">Se refer\u00eda a una mentira que \u00e9l hab\u00eda contado antes, que el Ej\u00e9rcito de EE.UU. bajo Pershing en las Filipinas (1898-1913) mojaba las balas en la sangre de cerdos para matar los guerrilleros musulmanes, y que estos combatientes estaban tan aterrorizados que dejaron de pelear. Por lo tanto, los soldados que luchan contra ISIS hoy deben hacer lo mismo y obtendr\u00e1n el mismo resultado.<\/p>\n<p style=\"text-align: justify;\">No hay evidencia de que todo esto haya sucedido. Es una mentira rid\u00edcula. Repetirla en 2017 es una manera m\u00e1s de decir que todos los musulmanes son terroristas y supersticiosos tambi\u00e9n.<\/p>\n<p style=\"text-align: justify;\">La mayor\u00eda de la gente en Indonesia, Malasia y las islas del sur de las Filipinas ha sido musulmana desde el siglo 12, a diferencia de las islas del norte de las Filipinas, que se convirtieron al cristianismo cuando fueron colonizadas por los espa\u00f1oles.<\/p>\n<p style=\"text-align: justify;\">Cuando EEUU, un poder imperialista en ascenso, se lanz\u00f3 a la guerra contra Espa\u00f1a en 1898, esa guerra se extendi\u00f3 a las Filipinas. Los filipinos que luchaban por su independencia esperaban que EEUU expulsara a los espa\u00f1oles y les conceder\u00e1 la independencia. Los capitalistas grandes de EE.UU. vieron a las Filipinas como la clave para dominar el mercado asi\u00e1tico, particularmente el mercado chino, y lanzaron una campa\u00f1a racista para hacer de las Filipinas una colonia estadounidense.<\/p>\n<p style=\"text-align: justify;\">La guerra de EE.UU. contra las Filipinas fue abiertamente racista. Se refirieron a los filipinos con la misma palabra racista que usaban para los afroamericanos. Las tropas estadounidenses se jactaron de matar gente como matar conejos. Torturaron a los combatientes capturados.<\/p>\n<p style=\"text-align: justify;\">Una gran campa\u00f1a antiimperialista casi derrot\u00f3 la moci\u00f3n del Senado para anexionar a las Filipinas. Las iglesias afroamericanas, la prensa afroamericana, los sindicatos, las organizaciones del sufragio femenino e incluso el escritor Mark Twain jugaron un papel clave en esta lucha.<\/p>\n<p style=\"text-align: justify;\">Despu\u00e9s de la rendici\u00f3n de las fuerzas independistas y la anexi\u00f3n en 1902, la resistencia continu\u00f3, especialmente en el sur, hasta aproximadamente 1913. Hubo horribles atrocidades en esta guerra. Los generales de EE.UU. clamaban por fusilar todo var\u00f3n mayor de diez a\u00f1os. En 1906 masacraron a m\u00e1s de mil civiles en Bud Dajo.<\/p>\n<p style=\"text-align: justify;\">Esta fue una lucha de liberaci\u00f3n nacional contra un ej\u00e9rcito invasor asesino. Hoy sabemos que la lucha por la liberaci\u00f3n nacional, por muy valiente que sea, es un callej\u00f3n sin salida. En las Filipinas y en todas partes, debemos luchar por el comunismo.<\/p>\n<p style=\"text-align: justify;\">Tambi\u00e9n sabemos que confundir a los Moros en Mindanao con ISIS es el vociferar ignorante de alguien tan racista contra los musulmanes que los agrupa todos juntos. Como un reciente Jeet dijo: \u201cSi puedes distinguir el KKK del cristianismo, deber\u00edas ser capaz de distinguir ISIS del Islam\u201d.<\/p>\n<p style=\"text-align: justify;\">Estudiante de la historia<\/p>\n<p style=\"text-align: justify;\"><strong>Cambi\u00f3 mi Perspectiva Despu\u00e9s de que Ingres\u00e9 al PCOI<\/strong><\/p>\n<p style=\"text-align: justify;\">Es un placer ser parte integrante de la lucha para movilizar a las masas para el PCOI y educar a la gente sobre lo que significa ser comunista. Lo que quiero decir con la palabra \u201cplacer\u201d son los cambios de crecimiento y conocimiento que adquir\u00ed en el Partido.<\/p>\n<p style=\"text-align: justify;\">Siendo un camarada del PCOI me ha impactado inmensamente. Ahora estoy consciente de la explotaci\u00f3n que los capitalistas est\u00e1n utilizando para ganar el control sobre la Rep\u00fablica de Sud\u00e1frica (RSA) y alrededor del mundo. Esto es verdad ya sea que la gente lo crea o no.<\/p>\n<p style=\"text-align: justify;\">El colectivo m\u00edo tiene un gran potencial de la manera en que lo veo, potencial que podemos usar para dirigirnos a las masas de que ya basta de las t\u00e1cticas manipuladoras de los capitalistas para dividirnos como clase. En verdad las fronteras, la pobreza, el sexismo, la pol\u00edtica, la televisi\u00f3n, etc. son las herramientas utilizadas por estos animales malignos para dividir a la gente. Pero la herramienta m\u00e1s peligrosa que conquista a todas es el dinero, &#8211; para que nos veamos mejor que otros, ya que el dinero es el medio de intercambio que nos obliga a estar ligados a ellos y a ser vulnerables a veces.<\/p>\n<p style=\"text-align: justify;\">El c\u00e1ncer m\u00e1s enfermizo de este ciclo en el que giramos es que algunos de los trabajadores no ven cu\u00e1n profundamente sucios son a quienes les trabajamos. Porque nada hecho por la clase obrera se hace para satisfacer las necesidades obreras, sino para las ganancias del capitalista; y las ganancias hechas por la clase trabajadora tambi\u00e9n va hacia los capitalistas. S\u00f3lo piensa en ello: \u00bfno va eso m\u00e1s all\u00e1 de ser cruel?<\/p>\n<p style=\"text-align: justify;\">Puedo hablar hasta el anochecer acerca de c\u00f3mo he abierto los ojos acerca de lo que est\u00e1 sucediendo en todo el mundo, pero el punto que estoy tratando de enfatizar es: el PCOI esta realmente con y para los derechos de la clase trabajadora por lo que se merecen despu\u00e9s de todo.<\/p>\n<p style=\"text-align: justify;\">He sido camarada de un partido pol\u00edtico, pero nunca hab\u00eda aprendido tanto. Nunca me han cuidado, nunca he estado expuesto a la verdad, pero me han dado tareas mayormente de enga\u00f1ar a la gente para sacarles su dinero, pero mi moral nunca me permiti\u00f3 hacerlo. Me vi obligado a retroceder porque no pod\u00eda mentirle a nuestra gente.<\/p>\n<p style=\"text-align: justify;\">Hoy, como miembro del PCOI, defiendo lo que es correcto, defiendo lo que la gente se merece. Tengo un colectivo que cree en el valor moral de la honestidad, el liderazgo, la integridad y, sobre todo, el comunismo.<\/p>\n<p style=\"text-align: justify;\">Quisiera aprovechar esta oportunidad para darles a los camaradas del PCOI la garant\u00eda de que el Partido se levanta debido a la dedicaci\u00f3n que damos para asegurarnos de que el Partido crezca. Damos las gracias y saludo por el apoyo de todos los camaradas del PCOI en todo el mundo con el dicho \u201cadelante camaradas, adelante\u201d.<\/p>\n<p style=\"text-align: justify;\">UN Camarada en Sud\u00e1frica<\/p>\n<p style=\"text-align: justify;\"><strong><em>Bandera Roja<\/em> Muestra C\u00f3mo el Comunismo Mejorar\u00e1 Nuestras Vidas<\/strong><\/p>\n<p style=\"text-align: justify;\">He sido un participante y observador de muchos peri\u00f3dicos llamados izquierdistas durante mi tiempo de vida. Mi experiencia ha sido siempre que la mayor\u00eda de los art\u00edculos se concentran en lo terrible que es el capitalismo, que horribles son las situaciones de los obreros, y al final del art\u00edculo siempre tiendan una o dos oraciones sobre cu\u00e1l debiera ser la soluci\u00f3n<\/p>\n<p style=\"text-align: justify;\">Leyendo peri\u00f3dico Bandera Roja lo he encontrado, no quiero sonar cursi, muy positivo y vigorizante. Su estilo ofrece una soluci\u00f3n desde el inicio del art\u00edculo.<\/p>\n<p style=\"text-align: justify;\">AL leer estos art\u00edculos, uno finalmente empieza a entender c\u00f3mo el comunismo mejorar\u00e1 nuestras vidas. El anti-comunismo cotidiano que nos inculcan los medios tanto de la izquierda como de la derecha, es desenmascarado en cada art\u00edculo de Bandera Roja. Con toda la lucha en el mundo, los trabajadores pueden usar Bandera Roja para entender que hay una salida al capitalismo: el comunismo.<\/p>\n<p style=\"text-align: justify;\">Camarada de Nueva Jersey, EE.UU.<\/p>\n<p style=\"text-align: justify;\"><strong>M\u00e1s Sobre Capitalismo\/Imperialismo<\/strong><\/p>\n<p style=\"text-align: justify;\">Estamos de acuerdo con lo que el escritor o lector dijo acerca del imperialismo, siendo esto la etapa m\u00e1s alta del capitalismo. Sin embargo, cuando un pa\u00eds es imperialista, no significa que haya dejado de ser un pa\u00eds capitalista. Simplemente significa que est\u00e1 en una determinada etapa de su desarrollo. El t\u00e9rmino capitalistas-imperialistas simplemente trata de no confundir las cosas (ir\u00f3nicamente).<\/p>\n<p style=\"text-align: justify;\">En el capitalismo, hay grandes Estados capitalistas (imperialistas) y peque\u00f1os Estados capitalistas (que todav\u00eda no han llegado a ser imperialistas). El uso del t\u00e9rmino \u201ccapitalistas-imperialistas\u201d hace una distinci\u00f3n en cuanto a qu\u00e9 tipo de capitalistas est\u00e1n en cuesti\u00f3n.<\/p>\n<p style=\"text-align: justify;\">El primer escritor contin\u00faa diciendo: \u201ccomo si los capitalistas y los imperialistas compiten igualmente para explotar los recursos, los mercados y la fuerza laboral\u201d. Esto es problem\u00e1tico porque asume que esto no es as\u00ed cuando realmente si lo es. Los capitalistas en el capitalismo sean peque\u00f1os o grandes, siempre compiten por los recursos, los mercados y la mano de obra. Las rivalidades y las guerras provienen de tal competencia y de la ca\u00edda de la tasa de ganancias.<\/p>\n<p style=\"text-align: justify;\">Camaradas en Sud\u00e1frica<\/p>\n<p><strong>Los Campesinos Aprenden a no Confiar en el Consulado deM\u00e9xico: El Comunismo Eliminar\u00e1 Todos los Consulados<\/strong><\/p>\n<p style=\"text-align: justify;\">Un empleado del Consulado Mexicano seacerc\u00f3 a los campesinos en huelga en Sumas, Washington (EE.UU.) cuando los medios decomunicaci\u00f3n latinoamericanos empezaron acubrir la historia de la huelga. Ofreci\u00f3 a loshuelguistas $300.00 para iniciar el proceso deobtener un tipo diferente de visa. Los $300 segastaron en un abrir y cerrar de ojos. Las nuevas visas requieren miles de d\u00f3lares en honorarios legales.<\/p>\n<p style=\"text-align: justify;\">\u00c9l prometi\u00f3 volver con m\u00e1s ayuda. Desdeentonces, nadie lo ha visto, ni a nadie m\u00e1s del Consulado.<\/p>\n<p style=\"text-align: justify;\">Promesas falsas es todo lo que podemos esperarde cualquier Consulado, al igual que laspromesas del gobierno mexicano de defenderlos intereses de los obreros mexicanos en EE.UU.<\/p>\n<p style=\"text-align: justify;\">En el comunismo, no tendremos Consuladosporque no tendremos naciones. Las nacionesse formaron para representar los intereses delos capitalistas nacionales, no los de los obreros. Debilitan a nuestra clase enfrentando a un grupo de obreros contra otro. Cuando eliminemos las naciones, tambi\u00e9n destruiremos las fronteras. Donde trabajes yvivas ya no importar\u00e1n. Todos los obrerosser\u00e1n bienvenidos en todas partes. Cuando los comunistas decimos, \u201cUn Mundo, Una Sola Clase Obrera\u201d, \u00a1es porque realmente lo creemos!<\/p>\n<p style=\"text-align: justify;\"><strong>Sindicato D\u00e9bil y Mal Contrato<\/strong><\/p>\n<p style=\"text-align: justify;\">La mayor\u00eda de los choferes que forman parte de la UTU (sindicato de choferes de autobuses y conductores de trenes de MTA) consideran que el contrato no es un buen contrato. Conseguimos un contrato de 5 a\u00f1os con un tope salarial de $33.21 por hora. Dicho esto, pasar\u00e1n 5 a\u00f1os para obtener este tope m\u00e1ximo de $33.21 porque nos dar\u00e1n un poco cada a\u00f1o.<\/p>\n<p style=\"text-align: justify;\">No importa si tienes 30 a\u00f1os con la empresa o 6 a\u00f1os. Algunos choferes con m\u00e1s de 30 a\u00f1os con MTA probablemente no lo ver\u00e1n porque planean retirarse pronto. La mayor\u00eda cree que podr\u00edamos haber conseguido este contrato por 3 a\u00f1os. \u00bfPor qu\u00e9 tardar\u00e1 5 a\u00f1os para alcanzar el salario de $33.21 cuando ya tienes 5 o m\u00e1s a\u00f1os invertidos en la compa\u00f1\u00eda?<\/p>\n<p style=\"text-align: justify;\">Nuestro presidente del local sindical prometi\u00f3 que comenzar\u00edamos en no menos de $30 por hora, pero no cumpli\u00f3. Empezamos con tope m\u00e1ximo de $28.64. Lo que es importante saber es que tenemos 5000 choferes-conductores y s\u00f3lo 1,900 votaron; 1,500 s\u00ed y 400 no.<\/p>\n<p style=\"text-align: justify;\">Algunos dicen que la votaci\u00f3n fue manipulada y estaba destinada a pasar. Tenemos una uni\u00f3n d\u00e9bil que es u\u00f1a y carne con MTA.<\/p>\n<p style=\"text-align: justify;\">Conductor de trenes de MTA<\/p>\n<p style=\"text-align: justify;\"><strong><em>Bandera Roja<\/em> Comenta:<\/strong><\/p>\n<p style=\"text-align: justify;\">Estamos de acuerdo en que el sindicato y la empresa trabajan juntos. Ambos utilizan t\u00e1cticas para dividir y conquistar para gobernar sobre nosotros: MTA para mantenernos intimidados y explotados; el sindicato para mantenernos d\u00f3ciles y obedientes, mientras siguen embols\u00e1ndose nuestras cuotas.<\/p>\n<p style=\"text-align: justify;\">El hecho innegable es que somos esclavos asalariados. Los aumentos salariales y los salarios, grandes o peque\u00f1os, no pueden cambiar el humillante hecho de que cuando estamos en el trabajo los capitalistas dicen \u201c\u00a1Salta!\u201d y nosotros tenemos que responder \u201c\u00bfQu\u00e9 tan alto?\u201d<\/p>\n<p style=\"text-align: justify;\">El sindicalismo nunca cambiar\u00e1 esto. Su ideolog\u00eda, sus sindicatos y contratos s\u00f3lo justifican nuestra esclavitud y la perpet\u00faan. S\u00f3lo una revoluci\u00f3n comunista puede romper las cadenas salariales capitalistas y liberar a nuestra clase de la explotaci\u00f3n.<\/p>\n<p style=\"text-align: justify;\">Sin dinero \u2013nada se comprar\u00e1 o vender\u00e1, especialmente nuestra fuerza de trabajo &#8211; produciremos colectivamente y compartiremos los frutos de nuestro trabajo seg\u00fan la necesidad de cada cual. S\u00f3lo entonces dejaremos de ser mercanc\u00edas desechables para convertirnos completamente en seres humanos creativos en un mundo comunista.<\/p>\n<h4 style=\"text-align: center;\"><span style=\"color: #ff0000;\">LEE, ESCRIBE, DISRIBUYE Y AYUDA ECON\u00d3MICAMENTE A <em>BANDERA ROJA<\/em><\/span><\/h4>\n<h4><a class=\"icwp-emph\" href=\"http:\/\/icwpredflag.org\/wp\/wordpress\/wps\/volumen-8-numero-11\/\">Primera p\u00e1gina de esta edici\u00f3n<\/a><\/h4>\n","protected":false},"excerpt":{"rendered":"<p>Ecolog\u00eda y Comunismo EL SALVADOR, 2 de septiembre\u2014Ese fin de semana asist\u00ed a un taller de tres d\u00edas sobre gesti\u00f3n ecol\u00f3gica del riesgo donde asistieron l\u00edderes comunales de El Salvador, Guatemala y Honduras. Fueron temas muy interesantes, abordaban los desastres como eventos que tienen relaci\u00f3n directa con el capitalismo, esto permiti\u00f3 tener una discusi\u00f3n abierta &hellip; <a href=\"https:\/\/icwpredflag.org\/wp\/wordpress\/wps\/volumen-8-numero-11\/cartas-vol-8-no-11\/\" class=\"more-link\">Sigue leyendo <span class=\"screen-reader-text\">Cartas, Vol 8, No 11<\/span><\/a><\/p>\n","protected":false},"author":1,"featured_media":282,"parent":1378,"menu_order":0,"comment_status":"closed","ping_status":"closed","template":"","meta":{"footnotes":""},"class_list":["post-1436","page","type-page","status-publish","has-post-thumbnail","hentry"],"_links":{"self":[{"href":"https:\/\/icwpredflag.org\/wp\/wordpress\/wps\/wp-json\/wp\/v2\/pages\/1436","targetHints":{"allow":["GET"]}}],"collection":[{"href":"https:\/\/icwpredflag.org\/wp\/wordpress\/wps\/wp-json\/wp\/v2\/pages"}],"about":[{"href":"https:\/\/icwpredflag.org\/wp\/wordpress\/wps\/wp-json\/wp\/v2\/types\/page"}],"author":[{"embeddable":true,"href":"https:\/\/icwpredflag.org\/wp\/wordpress\/wps\/wp-json\/wp\/v2\/users\/1"}],"replies":[{"embeddable":true,"href":"https:\/\/icwpredflag.org\/wp\/wordpress\/wps\/wp-json\/wp\/v2\/comments?post=1436"}],"version-history":[{"count":12,"href":"https:\/\/icwpredflag.org\/wp\/wordpress\/wps\/wp-json\/wp\/v2\/pages\/1436\/revisions"}],"predecessor-version":[{"id":1466,"href":"https:\/\/icwpredflag.org\/wp\/wordpress\/wps\/wp-json\/wp\/v2\/pages\/1436\/revisions\/1466"}],"up":[{"embeddable":true,"href":"https:\/\/icwpredflag.org\/wp\/wordpress\/wps\/wp-json\/wp\/v2\/pages\/1378"}],"wp:featuredmedia":[{"embeddable":true,"href":"https:\/\/icwpredflag.org\/wp\/wordpress\/wps\/wp-json\/wp\/v2\/media\/282"}],"wp:attachment":[{"href":"https:\/\/icwpredflag.org\/wp\/wordpress\/wps\/wp-json\/wp\/v2\/media?parent=1436"}],"curies":[{"name":"wp","href":"https:\/\/api.w.org\/{rel}","templated":true}]}}