{"id":1495,"date":"2017-10-05T01:47:17","date_gmt":"2017-10-05T01:47:17","guid":{"rendered":"http:\/\/icwpredflag.org\/wp\/wordpress\/wps\/?page_id=1495"},"modified":"2017-10-06T02:28:07","modified_gmt":"2017-10-06T02:28:07","slug":"reporte-del-comite-internacional","status":"publish","type":"page","link":"https:\/\/icwpredflag.org\/wp\/wordpress\/wps\/volumen-8-numero-12\/reporte-del-comite-internacional\/","title":{"rendered":"Reporte del Comit\u00e9 Internacional"},"content":{"rendered":"<h4 style=\"text-align: center;\"><span style=\"color: #ff0000;\"><strong>Aprendemos a Ser Organizadores Comunistas Haciendolo<\/strong><\/span><\/h4>\n<p style=\"text-align: justify;\">Millones est\u00e1n en las calles en todo el mundo. La clase obrera est\u00e1 furiosa. Est\u00e1n hartos del racismo, sexismo, xenofobia, explotaci\u00f3n y guerra. Los organizadores comunistas deben centrarse en la \u00fanica soluci\u00f3n a todos los horrores del capitalismo: el comunismo.<\/p>\n<p style=\"text-align: justify;\">Los obreros y la juventud est\u00e1n esc\u00e9pticos, y con raz\u00f3n, de los movimientos reformistas que hacen grandes promesas y luego no las cumplen. Hemos visto muchos de estos ejemplos.<\/p>\n<p style=\"text-align: justify;\">Algunos de nosotros fuimos parte de los millones en el movimiento contra el apartheid de Sud\u00e1frica y en la lucha de liberaci\u00f3n nacional en El Salvador, s\u00f3lo para ser decepcionados por los l\u00edderes que se convirtieron en los nuevos explotadores. El comunismo ofrece algo muy diferente de este ciclo interminable de esperanzas traicionadas.<\/p>\n<p style=\"text-align: justify;\"><strong>La revoluci\u00f3n comunista marcar\u00e1 el comienzo de una era sin racismo, fronteras o guerra.<\/strong><\/p>\n<p style=\"text-align: justify;\">Una \u00e9poca en la cual produciremos para satisfacer nuestras necesidades colectivas, no m\u00e1s explotados para producirles ganancias a los capitalistas.<\/p>\n<p style=\"text-align: justify;\">Una \u00e9poca en la que habremos destruido el poder Estatal de los capitalistas y eliminado a la polic\u00eda que protege su sistema.<\/p>\n<p style=\"text-align: justify;\">Una \u00e9poca en la cual el Partido movilizar\u00e1 a las masas para acabar con el racismo y construir el mundo comunista que necesitamos.<\/p>\n<p style=\"text-align: justify;\"><strong>La Clase Obrera Necesita Ahora M\u00e1s Organizadores Comunistas<\/strong><\/p>\n<p style=\"text-align: justify;\">El potencial existe hoy para reclutar a muchos m\u00e1s miembros para nuestro Partido, el Partido Comunista Obrero Internacional (PCOI). Pero los organizadores comunistas no surgir\u00e1n espont\u00e1neamente no importa que tan malas sean las condiciones o feroz sea la lucha. Ni siquiera la mejor exposici\u00f3n marxista del capitalismo es suficiente. Nuestro peri\u00f3dico <strong><em>Bandera Roja<\/em><\/strong> promueve una visi\u00f3n m\u00e1s clara de c\u00f3mo el comunismo puede funcionar. Pero, incluso eso no es suficiente.<\/p>\n<p style=\"text-align: justify;\">Es bueno que sigamos aumentando la distribuci\u00f3n de <strong><em>Bandera Roja<\/em><\/strong>, especialmente en los sitios industriales y en el ej\u00e9rcito. El contenido comunista de <strong><em>Bandera Roja<\/em><\/strong> debe extenderse por todas partes. Pero no podemos contentarnos solo con esto.<\/p>\n<p style=\"text-align: justify;\">Nos entrenamos a si mismos como organizadores comunistas y a otros&#8230; luchando por el comunismo. Como algunos de nosotros lo expresamos, aprendemos a hacer trabajo comunista \u201chaci\u00e9ndolo\u201d.<\/p>\n<p style=\"text-align: justify;\">Todos nosotros &#8211; miembros del Partido, amigos e incluso lectores por primera vez &#8211; podemos participar de muchas maneras. Debemos invitar a amigos a ayudar a distribuir <strong><em>Bandera Roja<\/em><\/strong> en cada lucha de clase posible. Debemos participar en debates y discusiones comunistas con aquellos que toman nuestra literatura, y pacientemente luchar con nuestros amigos para que hagan lo mismo. Debemos ser m\u00e1s audaces en pedirle a gente que acabamos de conocer que nos den su informaci\u00f3n para mantenernos en contacto.<\/p>\n<p style=\"text-align: justify;\">Un amigo en Boeing comenz\u00f3 d\u00e1ndole <strong><em>Bandera Roja<\/em><\/strong> a su vecino. El vecino pregunt\u00f3 c\u00f3mo proveer\u00edamos para nuestras familias sin dinero. El amigo le pregunt\u00f3 a un camarada en el trabajo. Luego regres\u00f3 a su vecino armado con ideas comunistas.<\/p>\n<p style=\"text-align: justify;\">Despu\u00e9s, llev\u00f3 unos cuantos <strong><em>Bandera Roja<\/em><\/strong> a la escuela secundaria donde hace trabajo voluntario. Eso se ha convertido en una distribuci\u00f3n regular de docenas de peri\u00f3dicos. Los estudiantes comenzaron a darles peri\u00f3dicos a sus amigos en otras escuelas de preparatoria. El obrero comenz\u00f3 a escribir para el peri\u00f3dico. Ahora \u00e9l lucha con otros para que escriban.<\/p>\n<p style=\"text-align: justify;\">Este es un ejemplo de c\u00f3mo la concentraci\u00f3n industrial puede ampliar la lucha.<\/p>\n<p style=\"text-align: justify;\"><strong>El Progreso Modesto Muestra el Potencial Para Avanzar Mucho M\u00e1s<\/strong><\/p>\n<p style=\"text-align: justify;\">Estado de Washington (EE.UU.): Un obrero agr\u00edcola inmigrante, neg\u00e1ndosele la atenci\u00f3n m\u00e9dica adecuada, lo hicieron trabajar hasta morirr. Sus compa\u00f1eros se fueron a la huelga.<\/p>\n<p style=\"text-align: justify;\">Nuestros camaradas les dijeron a amigos y compa\u00f1eros de trabajo acerca de la huelga. Recaudaron dinero y viajaron para reunirse, como PCOI, con los huelguistas, sin esconderse detr\u00e1s de un sindicato o un grupo reformista anti-racista. Les llevaron <strong><em>Bandera Roja<\/em><\/strong>, con un art\u00edculo sobre el cuidado de salud comunista. Algunos huelguistas leyeron el peri\u00f3dico en el acto. A instancias de un camarada relativamente nuevo, tomaron ejemplares adicionales para d\u00e1rselos a otros huelguistas y simpatizantes.<\/p>\n<p style=\"text-align: justify;\">Pedirles a otros que distribuyeran el peri\u00f3dico fue un avance. El nuevo camarada est\u00e1 m\u00e1s seguro de que puede luchar con otros para que se hagan comunistas. El est\u00e1 aprendiendo a ser un organizador comunista \u201chaci\u00e9ndolo\u201d.<\/p>\n<p style=\"text-align: justify;\">Los camaradas de Seattle debieron haber invitado a muchos otros amigos a ir. Ahora est\u00e1n haciendo una lista de personas para invitarlas a acompa\u00f1ar a los camaradas m\u00e1s experimentados a toda lucha que puedan. Esto entrenar\u00e1 a los futuros organizadores comunistas.<\/p>\n<p style=\"text-align: justify;\">Los \u00c1ngeles (EE.UU.) &#8211; Un compa\u00f1ero veterano ha trabajado pacientemente durante a\u00f1os para construir una c\u00e9lula del Partido con compa\u00f1eros de trabajo en MTA (transporte p\u00fablico). Esta c\u00e9lula est\u00e1 creciendo.<\/p>\n<p style=\"text-align: justify;\">Recientemente hubo una marcha para los j\u00f3venes inmigrantes amenazados de deportaci\u00f3n. \u00c9l y un nuevo camarada ayudaron a dirigir a 20 miembros del Partido y amigos que llevaron el mensaje comunista a la marcha con carteles, esl\u00f3ganes y distribuci\u00f3n de 500 <strong><em>Bandera Roja<\/em><\/strong> (ver p\u00e1gina 7). Esto fue un avance. El camarada experimentado est\u00e1 organizando un grupo de estudio con cuatro j\u00f3venes que participaron. Sin embargo, nuestros camaradas no priorizaron hacer contactos. Esta fue una oportunidad perdida.<\/p>\n<p style=\"text-align: justify;\">Sud\u00e1frica \u2013 La c\u00e9lula juvenil en Sud\u00e1frica se ha duplicado en menos de un a\u00f1o y sigue creciendo. Una de sus mayores fortalezas es su compromiso con construir un colectivo fuerte. Otra es que cuando \u201cmovilizan para el comunismo\u201d hacen contactos e invitan a estos nuevos amigos a ingresar al Partido, adem\u00e1s de distribuir mucha literatura nuestra.<\/p>\n<p style=\"text-align: justify;\">Nosotros, como el resto de la clase obrera, estamos furiosos. Pero debemos mantener la mirada en la meta. Hoy, eso significa movilizar nuestra base para llevar el comunismo a la intensificante lucha de clases. Significa que muchos m\u00e1s deben unirse y construir el Partido, en lugar de confiar en algunos veteranos o l\u00edderes.<\/p>\n<p style=\"text-align: justify;\">Los organizadores comunistas aprenden haciendo.<\/p>\n<p style=\"text-align: justify;\"><img loading=\"lazy\" decoding=\"async\" class=\" wp-image-557 aligncenter\" src=\"http:\/\/icwpredflag.org\/wp\/wordpress\/wps\/wp-content\/uploads\/sites\/2\/2017\/04\/masths-300x104.jpg\" alt=\"\" width=\"511\" height=\"177\" srcset=\"https:\/\/icwpredflag.org\/wp\/wordpress\/wps\/wp-content\/uploads\/sites\/2\/2017\/04\/masths-300x104.jpg 300w, https:\/\/icwpredflag.org\/wp\/wordpress\/wps\/wp-content\/uploads\/sites\/2\/2017\/04\/masths-768x267.jpg 768w, https:\/\/icwpredflag.org\/wp\/wordpress\/wps\/wp-content\/uploads\/sites\/2\/2017\/04\/masths-1024x356.jpg 1024w, https:\/\/icwpredflag.org\/wp\/wordpress\/wps\/wp-content\/uploads\/sites\/2\/2017\/04\/masths.jpg 1512w\" sizes=\"auto, (max-width: 511px) 100vw, 511px\" \/><\/p>\n<h4 style=\"text-align: justify;\"><a class=\"icwp-emph\" href=\"http:\/\/icwpredflag.org\/wp\/wordpress\/wps\/volumen-8-numero-12\/\">Primera p\u00e1gina de esta edici\u00f3n<\/a><\/h4>\n","protected":false},"excerpt":{"rendered":"<p>Aprendemos a Ser Organizadores Comunistas Haciendolo Millones est\u00e1n en las calles en todo el mundo. La clase obrera est\u00e1 furiosa. Est\u00e1n hartos del racismo, sexismo, xenofobia, explotaci\u00f3n y guerra. Los organizadores comunistas deben centrarse en la \u00fanica soluci\u00f3n a todos los horrores del capitalismo: el comunismo. Los obreros y la juventud est\u00e1n esc\u00e9pticos, y con &hellip; <a href=\"https:\/\/icwpredflag.org\/wp\/wordpress\/wps\/volumen-8-numero-12\/reporte-del-comite-internacional\/\" class=\"more-link\">Sigue leyendo <span class=\"screen-reader-text\">Reporte del Comit\u00e9 Internacional<\/span><\/a><\/p>\n","protected":false},"author":1,"featured_media":282,"parent":1478,"menu_order":0,"comment_status":"closed","ping_status":"closed","template":"","meta":{"footnotes":""},"class_list":["post-1495","page","type-page","status-publish","has-post-thumbnail","hentry"],"_links":{"self":[{"href":"https:\/\/icwpredflag.org\/wp\/wordpress\/wps\/wp-json\/wp\/v2\/pages\/1495","targetHints":{"allow":["GET"]}}],"collection":[{"href":"https:\/\/icwpredflag.org\/wp\/wordpress\/wps\/wp-json\/wp\/v2\/pages"}],"about":[{"href":"https:\/\/icwpredflag.org\/wp\/wordpress\/wps\/wp-json\/wp\/v2\/types\/page"}],"author":[{"embeddable":true,"href":"https:\/\/icwpredflag.org\/wp\/wordpress\/wps\/wp-json\/wp\/v2\/users\/1"}],"replies":[{"embeddable":true,"href":"https:\/\/icwpredflag.org\/wp\/wordpress\/wps\/wp-json\/wp\/v2\/comments?post=1495"}],"version-history":[{"count":6,"href":"https:\/\/icwpredflag.org\/wp\/wordpress\/wps\/wp-json\/wp\/v2\/pages\/1495\/revisions"}],"predecessor-version":[{"id":1566,"href":"https:\/\/icwpredflag.org\/wp\/wordpress\/wps\/wp-json\/wp\/v2\/pages\/1495\/revisions\/1566"}],"up":[{"embeddable":true,"href":"https:\/\/icwpredflag.org\/wp\/wordpress\/wps\/wp-json\/wp\/v2\/pages\/1478"}],"wp:featuredmedia":[{"embeddable":true,"href":"https:\/\/icwpredflag.org\/wp\/wordpress\/wps\/wp-json\/wp\/v2\/media\/282"}],"wp:attachment":[{"href":"https:\/\/icwpredflag.org\/wp\/wordpress\/wps\/wp-json\/wp\/v2\/media?parent=1495"}],"curies":[{"name":"wp","href":"https:\/\/api.w.org\/{rel}","templated":true}]}}