{"id":1621,"date":"2017-10-27T03:01:15","date_gmt":"2017-10-27T03:01:15","guid":{"rendered":"http:\/\/icwpredflag.org\/wp\/wordpress\/wps\/?page_id=1621"},"modified":"2017-10-27T03:04:49","modified_gmt":"2017-10-27T03:04:49","slug":"companias-farmaceuticas-hacen-ganancias-en-medio-de-desastre-capitalista-en-puerto-rico","status":"publish","type":"page","link":"https:\/\/icwpredflag.org\/wp\/wordpress\/wps\/volumen-8-numero-13\/companias-farmaceuticas-hacen-ganancias-en-medio-de-desastre-capitalista-en-puerto-rico\/","title":{"rendered":"Compa\u00f1\u00edas Farmac\u00e9uticas Hacen Ganancias en Medio de Desastre Capitalista en Puerto Rico"},"content":{"rendered":"<p style=\"text-align: justify;\">Puerto Rico atraviesa una crisis humanitaria. Esta es una crisis del capitalismo y exige una soluci\u00f3n comunista.<\/p>\n<p style=\"text-align: justify;\">Este territorio de EE.UU. fue devastado por el hurac\u00e1n Mar\u00eda, que azot\u00f3 la isla el 25 de septiembre de 2017. Puerto Rico, una isla de 3,515 millas cuadradas, es uno de los principales productores y exportadores de f\u00e1rmacos en el mundo. Las compa\u00f1\u00edas farmac\u00e9uticas y los fabricantes de dispositivos comenzaron a construir plantas hace d\u00e9cadas gracias a las exenciones de impuestos y la disponibilidad de mano de obra calificada. Los productos farmac\u00e9uticos son un negocio de $15 mil millones, obteniendo grandes ganancias mientras los trabajadores ganan salarios de pobreza.<\/p>\n<p style=\"text-align: justify;\">Sin embargo, debido al capitalismo y a su larga herencia colonial, la clase obrera sufre una enorme deuda y una infraestructura d\u00e9bil. Mientras las compa\u00f1\u00edas farmac\u00e9uticas y de suministros m\u00e9dicos obtienen ganancias de miles de millones de d\u00f3lares, Puerto Rico tiene una deuda de $70 mil millones. Esto fue dise\u00f1ado por las leyes aprobadas por el Congreso de EE.UU. las cuales inflaron una enorme burbuja manufacturera en Puerto Rico y luego la reventaron. Al mismo tiempo, el Congreso alent\u00f3 a los inversionistas a comprar la deuda de la isla, incluso cuando la econom\u00eda del territorio estaba en apuros.<\/p>\n<p style=\"text-align: justify;\">Por d\u00e9cadas, el gobierno federal utiliz\u00f3 exenciones impositivas otorg\u00e1ndoles a las empresas de EE.UU. una exenci\u00f3n de todos los ingresos originados en territorios estadounidenses si operan en Puerto Rico. Esto alent\u00f3 la industrializaci\u00f3n de la isla y mantuvo compa\u00f1\u00edas en EE.UU. que no quer\u00edan pagar impuestos.<\/p>\n<p style=\"text-align: justify;\">Para 2006, las exenciones caducaron y con ellas el auge manufacturero de Puerto Rico. El territorio ha estado en recesi\u00f3n desde entonces. Pero la isla vio un crecimiento continuo en una de sus principales exportaciones: la deuda. Los fondos mutuos segu\u00edan ansiosos por comprar bonos puertorrique\u00f1os, incluso cuando su econom\u00eda languidec\u00eda. Esto era porque esos bonos ten\u00edan una \u201ctriple exenci\u00f3n de impuestos\u201d, lo cual significa que los intereses que pagan no est\u00e1n sujetos a impuestos de federales, estatales y locales. As\u00ed es como los capitalistas explotan y culpan a la clase obrera por su deuda.<\/p>\n<p style=\"text-align: justify;\">Si bien las f\u00e1bricas sobrevivieron al hurac\u00e1n, las escuelas, los hospitales y hogares de los obreros no lo lograron. Muchos trabajadores de la industria farmac\u00e9utica no pueden llegar a trabajar debido a la devastaci\u00f3n de sus hogares y familias. Los puertorrique\u00f1os ver\u00e1n el n\u00famero de muertos aumentar porque no se satisfacen sus necesidades cr\u00edticas de agua, comida, combustible y electricidad.<\/p>\n<p style=\"text-align: justify;\">La interrupci\u00f3n en la producci\u00f3n de medicamentos y suministros m\u00e9dicos afectar\u00e1 al resto de EE.UU. El comisionado de la Administraci\u00f3n de Comida y Drogas, Scott Gottlieb, testific\u00f3 esta semana que est\u00e1 muy preocupado por la posible escasez cr\u00edtica. Dijo que est\u00e1n observando atentamente 40 medicamentos manufacturados por 10 compa\u00f1\u00edas. A fines de octubre de 2017, esta escasez comenzar\u00e1 a sentirse en EEUU continental.<\/p>\n<p style=\"text-align: justify;\">Cuando pensamos en las crisis humanitarias causadas por desastres naturales, en realidad son crisis capitalistas. La causa real de la crisis es debido a que el gobierno y las industrias trabajan juntos para extraer m\u00e1s ganancias de la explotaci\u00f3n de la clase obrera. Pero la crisis es tambi\u00e9n una oportunidad para organizar para una revoluci\u00f3n comunista y un mundo creado por y para la clase trabajadora.<\/p>\n<h4 style=\"text-align: justify;\"><a href=\"http:\/\/icwpredflag.org\/wp\/wordpress\/wps\/volumen-8-numero-13\/\">Primera p\u00e1gina de esta edici\u00f3n<\/a><\/h4>\n","protected":false},"excerpt":{"rendered":"<p>Puerto Rico atraviesa una crisis humanitaria. Esta es una crisis del capitalismo y exige una soluci\u00f3n comunista. Este territorio de EE.UU. fue devastado por el hurac\u00e1n Mar\u00eda, que azot\u00f3 la isla el 25 de septiembre de 2017. Puerto Rico, una isla de 3,515 millas cuadradas, es uno de los principales productores y exportadores de f\u00e1rmacos &hellip; <a href=\"https:\/\/icwpredflag.org\/wp\/wordpress\/wps\/volumen-8-numero-13\/companias-farmaceuticas-hacen-ganancias-en-medio-de-desastre-capitalista-en-puerto-rico\/\" class=\"more-link\">Sigue leyendo <span class=\"screen-reader-text\">Compa\u00f1\u00edas Farmac\u00e9uticas Hacen Ganancias en Medio de Desastre Capitalista en Puerto Rico<\/span><\/a><\/p>\n","protected":false},"author":1,"featured_media":282,"parent":1577,"menu_order":0,"comment_status":"closed","ping_status":"closed","template":"","meta":{"footnotes":""},"class_list":["post-1621","page","type-page","status-publish","has-post-thumbnail","hentry"],"_links":{"self":[{"href":"https:\/\/icwpredflag.org\/wp\/wordpress\/wps\/wp-json\/wp\/v2\/pages\/1621","targetHints":{"allow":["GET"]}}],"collection":[{"href":"https:\/\/icwpredflag.org\/wp\/wordpress\/wps\/wp-json\/wp\/v2\/pages"}],"about":[{"href":"https:\/\/icwpredflag.org\/wp\/wordpress\/wps\/wp-json\/wp\/v2\/types\/page"}],"author":[{"embeddable":true,"href":"https:\/\/icwpredflag.org\/wp\/wordpress\/wps\/wp-json\/wp\/v2\/users\/1"}],"replies":[{"embeddable":true,"href":"https:\/\/icwpredflag.org\/wp\/wordpress\/wps\/wp-json\/wp\/v2\/comments?post=1621"}],"version-history":[{"count":3,"href":"https:\/\/icwpredflag.org\/wp\/wordpress\/wps\/wp-json\/wp\/v2\/pages\/1621\/revisions"}],"predecessor-version":[{"id":1624,"href":"https:\/\/icwpredflag.org\/wp\/wordpress\/wps\/wp-json\/wp\/v2\/pages\/1621\/revisions\/1624"}],"up":[{"embeddable":true,"href":"https:\/\/icwpredflag.org\/wp\/wordpress\/wps\/wp-json\/wp\/v2\/pages\/1577"}],"wp:featuredmedia":[{"embeddable":true,"href":"https:\/\/icwpredflag.org\/wp\/wordpress\/wps\/wp-json\/wp\/v2\/media\/282"}],"wp:attachment":[{"href":"https:\/\/icwpredflag.org\/wp\/wordpress\/wps\/wp-json\/wp\/v2\/media?parent=1621"}],"curies":[{"name":"wp","href":"https:\/\/api.w.org\/{rel}","templated":true}]}}