{"id":1697,"date":"2017-11-17T03:00:04","date_gmt":"2017-11-17T03:00:04","guid":{"rendered":"http:\/\/icwpredflag.org\/wp\/wordpress\/wps\/?page_id=1697"},"modified":"2017-11-17T03:04:51","modified_gmt":"2017-11-17T03:04:51","slug":"la-libertad-radica-en-movilizar-a-las-masas-para-el-comunismo","status":"publish","type":"page","link":"https:\/\/icwpredflag.org\/wp\/wordpress\/wps\/la-libertad-radica-en-movilizar-a-las-masas-para-el-comunismo\/","title":{"rendered":"La Libertad Radica en Movilizar a las Masas para el Comunismo"},"content":{"rendered":"<p style=\"text-align: justify;\"><img loading=\"lazy\" decoding=\"async\" class=\" wp-image-1699 aligncenter\" src=\"http:\/\/icwpredflag.org\/wp\/wordpress\/wps\/wp-content\/uploads\/sites\/2\/2017\/11\/JNURally-300x142.jpg\" alt=\"\" width=\"610\" height=\"289\" srcset=\"https:\/\/icwpredflag.org\/wp\/wordpress\/wps\/wp-content\/uploads\/sites\/2\/2017\/11\/JNURally-300x142.jpg 300w, https:\/\/icwpredflag.org\/wp\/wordpress\/wps\/wp-content\/uploads\/sites\/2\/2017\/11\/JNURally.jpg 371w\" sizes=\"auto, (max-width: 610px) 100vw, 610px\" \/><\/p>\n<p style=\"text-align: justify;\"><strong>Mitin de estudiantes en la Universidad JNU en India en 2016. Comenzaron con c\u00e1nticos de \u201cSaludos Rojos\u201d y \u201cViva la revoluci\u00f3n\u201d. Los estudiantes entonaron una canci\u00f3n para Azadi (en \u00e1rabe, \u201clibertad\u201d), exigiendo libertad del hambre, de las bolsas de dinero, de los fascistas hind\u00faes y de la opresi\u00f3n de casta. Hacia el final cantaron, \u201cNosotros haremos la historia y todos los libros suyos llenos de mentiras ser\u00e1n reducidos a cenizas\u201d<\/strong>.<\/p>\n<p style=\"text-align: justify;\">Por todo el planeta, las masas \u2013 obreros urbanos y rurales, estudiantes, soldados &#8211; luchan por liberarse de la opresi\u00f3n capitalista. Las masas quieren liberarse de la pobreza, las deudas, la violencia policial, el racismo, el sexismo, la discriminaci\u00f3n de castas, la contaminaci\u00f3n, el desempleo y todas las dem\u00e1s miserias que el capitalismo nos impone.<\/p>\n<p style=\"text-align: justify;\">Al mismo tiempo, el capitalismo afirma darle libertad a todos, aunque en realidad quieren decir la libertar de los capitalistas de explotar a la clase obrera. Libertad es cuesti\u00f3n de clases. Eso significa que mientras m\u00e1s libertad hay para los capitalistas, menos libertad hay para las masas.<\/p>\n<p style=\"text-align: justify;\"><strong>Libertad Materialista<\/strong><\/p>\n<p style=\"text-align: justify;\">La libertad no significa simplemente no tener obst\u00e1culos o limitaciones. En su libro La Ideolog\u00eda Alemana, Karl Marx y Frederick Engels explicaron la concepci\u00f3n materialista de la libertad. Explicaron que la libertad es tener poder \u201csobre las circunstancias y condiciones en que vive un individuo\u201d.<\/p>\n<p style=\"text-align: justify;\">Esta idea se basa en el principio materialista de que las personas son productos de sus circunstancias. Nuestra clase, familias, vecindarios, nuestros trabajos, escuelas, el clima, el gobierno, etc., nos hacen lo que somos. Las circunstancias nos imponen limitaciones pero tambi\u00e9n nos permiten hacer muchas cosas. Bajo el capitalismo, los capitalistas controlan las f\u00e1bricas, el transporte, el gobierno, las escuelas, el ej\u00e9rcito y los medios de comunicaci\u00f3n, por lo que tienen mucho m\u00e1s poder sobre nuestras circunstancias que nosotros. Muchos de los trabajadores del mundo ni siquiera tienen el poder de alimentarse adecuadamente, y todos dependemos de los salarios que obtenemos de ser explotados por los capitalistas.<\/p>\n<p style=\"text-align: justify;\">Los capitalistas usan su poder para tratar de convencernos, con una campa\u00f1a masiva de enga\u00f1o, de que no luchemos contra ellos y su sistema. Promueven el racismo, afirman que se avecinan tiempos mejores, o que todo es culpa de los inmigrantes, o que m\u00e1s riqueza para los ricos significar\u00e1 m\u00e1s empleos y muchas mas mentiras. Pero los comunistas luchamos contra estas mentiras, mostrando que las masas pueden derrocar su sistema explotador con una revoluci\u00f3n comunista.<\/p>\n<p style=\"text-align: justify;\"><strong>La libertad requiere la acci\u00f3n colectiva<\/strong><\/p>\n<p style=\"text-align: justify;\">Las personas pueden obtener poder sobre sus circunstancias actuando colectivamente. Muchas personas que trabajan juntas pueden tener la creatividad y la fuerza para obtener grandes logros, pero la supervivencia del capitalismo depende de limitar y controlar el poder colectivo de las masas. Los capitalistas derrotan los movimientos masivos que se oponen a sus cr\u00edmenes mintiendo acerca de estos, imponi\u00e9ndoles l\u00edderes pro-capitalistas o aplast\u00e1ndolos mediante su fuerza armada.<\/p>\n<p style=\"text-align: justify;\">Aunque los capitalistas tienen mucho m\u00e1s poder que los trabajadores, su poder no es ilimitado. Luchan constantemente por cu\u00e1nto de la mano de obra que les roban a los trabajadores ir\u00e1 a los bolsillos de los capitalistas de cada empresa, pa\u00eds o industria. Estos conflictos impiden la unidad capitalista y limitan el poder que tienen sobre sus propias circunstancias. Las crisis econ\u00f3micas y las guerras imperialistas que resultan necesariamente de las luchas entre los capitalistas mismos hacen que el sistema sea incontrolable. Por lo tanto, incluso los capitalistas no son completamente libres bajo el capitalismo.<\/p>\n<p style=\"text-align: justify;\"><strong>El comunismo es Colectivismo Verdadero<\/strong><\/p>\n<p style=\"text-align: justify;\">Marx y Engels se\u00f1alaron que bajo el comunismo, \u201cla comunidad de proletarios revolucionarios&#8230; toma bajo su control sus condiciones de existencia y las de todos los miembros de la sociedad\u201d. Sin capitalistas, sin un gobierno represivo, sin dinero o salarios, la colectiva humana puede decidir c\u00f3mo usamos nuestra fuerza laboral, recursos naturales y tecnolog\u00eda para satisfacer las necesidades de todos, dirigir nuestro propio futuro y ofrecerles muchas opciones a individuos.<\/p>\n<p style=\"text-align: justify;\">Este tipo de libertad no era (y no es) posible bajo el socialismo, con sus salarios, desigualdades y oficios y profesiones de por vida que limitan las clases de trabajo que una persona puede hacer. Solo la acci\u00f3n conjunta de las masas nos da el mayor poder sobre las condiciones y circunstancias que nos hacen lo que somos y proporciona los recursos para el desarrollo individual. Por lo tanto, \u201cla libertad personal se posible solo dentro de la comunidad [comunista]\u201d, escribieron Marx y Engels, porque \u201csolo dentro de la comunidad cada individuo tiene los medios para cultivar sus dones en todas las direcciones\u201d.<\/p>\n<p style=\"text-align: justify;\"><strong>Movilizaci\u00f3n Masiva para el Comunismo<\/strong><\/p>\n<p style=\"text-align: justify;\">Lograr el comunismo durar\u00e1 una larga y dura lucha que solo se podr\u00e1 ganar con la movilizaci\u00f3n revolucionaria de las masas obreras. Pero la movilizaci\u00f3n masiva no es solo la manera de lograr la meta del comunismo. La movilizaci\u00f3n masiva para el comunismo les da a los trabajadores el mayor poder posible sobre nuestras condiciones y circunstancias, y es, por lo tanto, una muestra de lo que es la libertad obrera. Sin embargo, no tendremos libertad de la explotaci\u00f3n hasta que no acabemos con el capitalismo y construyamos el comunismo. \u00danete a nosotros en la lucha por la libertad de los trabajadores.<\/p>\n<h4 style=\"text-align: justify;\"><a href=\"http:\/\/icwpredflag.org\/wp\/wordpress\/wps\/volumen-8-numero-14\/\">Primera p\u00e1gina de esta edici\u00f3n<\/a><\/h4>\n","protected":false},"excerpt":{"rendered":"<p>Mitin de estudiantes en la Universidad JNU en India en 2016. Comenzaron con c\u00e1nticos de \u201cSaludos Rojos\u201d y \u201cViva la revoluci\u00f3n\u201d. Los estudiantes entonaron una canci\u00f3n para Azadi (en \u00e1rabe, \u201clibertad\u201d), exigiendo libertad del hambre, de las bolsas de dinero, de los fascistas hind\u00faes y de la opresi\u00f3n de casta. Hacia el final cantaron, \u201cNosotros &hellip; <a href=\"https:\/\/icwpredflag.org\/wp\/wordpress\/wps\/la-libertad-radica-en-movilizar-a-las-masas-para-el-comunismo\/\" class=\"more-link\">Sigue leyendo <span class=\"screen-reader-text\">La Libertad Radica en Movilizar a las Masas para el Comunismo<\/span><\/a><\/p>\n","protected":false},"author":1,"featured_media":5655,"parent":0,"menu_order":0,"comment_status":"closed","ping_status":"closed","template":"","meta":{"footnotes":""},"class_list":["post-1697","page","type-page","status-publish","has-post-thumbnail","hentry"],"_links":{"self":[{"href":"https:\/\/icwpredflag.org\/wp\/wordpress\/wps\/wp-json\/wp\/v2\/pages\/1697","targetHints":{"allow":["GET"]}}],"collection":[{"href":"https:\/\/icwpredflag.org\/wp\/wordpress\/wps\/wp-json\/wp\/v2\/pages"}],"about":[{"href":"https:\/\/icwpredflag.org\/wp\/wordpress\/wps\/wp-json\/wp\/v2\/types\/page"}],"author":[{"embeddable":true,"href":"https:\/\/icwpredflag.org\/wp\/wordpress\/wps\/wp-json\/wp\/v2\/users\/1"}],"replies":[{"embeddable":true,"href":"https:\/\/icwpredflag.org\/wp\/wordpress\/wps\/wp-json\/wp\/v2\/comments?post=1697"}],"version-history":[{"count":3,"href":"https:\/\/icwpredflag.org\/wp\/wordpress\/wps\/wp-json\/wp\/v2\/pages\/1697\/revisions"}],"predecessor-version":[{"id":1701,"href":"https:\/\/icwpredflag.org\/wp\/wordpress\/wps\/wp-json\/wp\/v2\/pages\/1697\/revisions\/1701"}],"wp:featuredmedia":[{"embeddable":true,"href":"https:\/\/icwpredflag.org\/wp\/wordpress\/wps\/wp-json\/wp\/v2\/media\/5655"}],"wp:attachment":[{"href":"https:\/\/icwpredflag.org\/wp\/wordpress\/wps\/wp-json\/wp\/v2\/media?parent=1697"}],"curies":[{"name":"wp","href":"https:\/\/api.w.org\/{rel}","templated":true}]}}