{"id":1766,"date":"2017-12-07T18:46:27","date_gmt":"2017-12-07T18:46:27","guid":{"rendered":"http:\/\/icwpredflag.org\/wp\/wordpress\/wps\/?page_id=1766"},"modified":"2017-12-07T19:46:29","modified_gmt":"2017-12-07T19:46:29","slug":"movilizando-para-el-comunismo-pondra-fin-a-la-base-material-del-sexismo","status":"publish","type":"page","link":"https:\/\/icwpredflag.org\/wp\/wordpress\/wps\/volumen-8-numero-15\/movilizando-para-el-comunismo-pondra-fin-a-la-base-material-del-sexismo\/","title":{"rendered":"Movilizando Para el Comunismo Pondra Fin a la Base Material del Sexismo"},"content":{"rendered":"<p style=\"text-align: justify;\">En los Estados Unidos, en las \u00faltimas semanas, docenas de mujeres han acusado a hombres poderosos, figuras del entretenimiento y pol\u00edtiqueros, de acoso y agresi\u00f3n sexual. Las mujeres (y algunos hombres) de todo el mundo tambi\u00e9n se han expresado. Con hashtags como #MeToo, #YoTambien, #Quellavoltache y #Balancetonporc, acusan a los hombres de abusar de su poder, especialmente en el lugar de trabajo, para llevar a cabo ataques sexuales, verbales y f\u00edsicos. Cuando el diario China Daily public\u00f3 un art\u00edculo afirmando que el acoso sexual era un problema occidental, las mujeres chinas hablaron y revelaron que, en un estudio de 2013 del bolet\u00edn China Labor, el 70% de las obreras fabriles en la ciudad sure\u00f1a de Guangzhou dijeron que hab\u00edan tenido acosadas sexualmente en el trabajo.<\/p>\n<p style=\"text-align: justify;\"><strong>Si bien puede haber un cambio en lo que los hombres, que est\u00e1n a la vista del p\u00fablico, pueden salirse con la suya, el sistema salarial hace que todas las mujeres trabajadoras sean vulnerables al acoso sexual.<\/strong> Una declaraci\u00f3n de obreras agr\u00edcolas latinas de la organizaci\u00f3n estadounidense Alianza Nacional de Campesinas refleja esta realidad. \u201cCompartimos la experiencia com\u00fan de ser atacadas por personas que tienen el poder de contratar, despedir, poner en la lista negra y amenazar nuestra seguridad econ\u00f3mica, f\u00edsica y emocional\u201d. En el capitalismo, las mujeres se ven obligadas a tolerar el asalto sexual y el acoso sexual en todas sus formas para sobrevivir<\/p>\n<p style=\"text-align: justify;\">La sociedad comunista pondr\u00e1 fin a la base material de estos ataques poni\u00e9ndole fin a los empleos. Terminar con el dinero y el sistema salarial significar\u00e1 que no habr\u00e1 m\u00e1s jefes. Nadie se ver\u00e1 obligado a tolerar un trato humillante y degradante para sobrevivir. En lugar de tener que encontrar un empleo, y aguantar lo que el patr\u00f3n o supervisor requiera de uno para mantener el empleo, trabajaremos juntos para producir lo que necesitamos.<\/p>\n<p style=\"text-align: justify;\">Las mujeres tampoco se ver\u00e1n obligadas a sufrir abuso dom\u00e9stico por parte de sus maridos porque es \u00e9l es el sustento econ\u00f3mico de la familia. Nos organizaremos en colectivos para compartir los frutos de nuestro trabajo. Nadie ser\u00e1 obligado a permanecer en una relaci\u00f3n abusiva debido a la necesidad econ\u00f3mica.<\/p>\n<p style=\"text-align: justify;\">Pero no ser\u00e1 autom\u00e1tico. La historia del movimiento comunista muestra que ser\u00e1 necesaria una lucha pol\u00edtica fuerte para acabar con las pr\u00e1cticas sexistas que heredaremos del viejo orden social. Un ejemplo proviene del libro Fanshen de William Hinton, basado en las experiencias del pueblo chino de Long Bow despu\u00e9s de la revoluci\u00f3n. Los hombres en posiciones de liderazgo del Partido abusaron de su poder para tomar ventaja sexual de las mujeres, adem\u00e1s de otras formas de comportamiento corrupto e individualista. Esto estaba lo suficientemente extendido en Long Bow que el liderato del partido lo toler\u00f3 durante bastante tiempo.<\/p>\n<p style=\"text-align: justify;\">Finalmente, una joven expuso el comportamiento abusivo de su esposo y solicit\u00f3 el apoyo de la aldea para solicitar el divorcio. Una movilizaci\u00f3n masiva de mujeres la apoy\u00f3 y luego denunci\u00f3 los abusos de poder que hab\u00edan resultado en el abuso sexual de mujeres, tanto por parte del partido como por los maridos de muchas mujeres. Las mujeres comunistas tomaron la iniciativa al hacer esto, pero la movilizaci\u00f3n requiri\u00f3 la participaci\u00f3n masiva y activa de toda la aldea para cambiar la din\u00e1mica de poder entre hombres y mujeres.<\/p>\n<p style=\"text-align: justify;\">Cuando tomemos el poder, la lucha se intensificar\u00e1 para eliminar los residuos de las ideolog\u00edas y pr\u00e1cticas capitalistas en el Partido y las masas. El Partido tomar\u00e1 el liderazgo en esa lucha. La lucha contra el sexismo es similar a la lucha contra el racismo. Estas ideolog\u00edas capitalistas dividen a la clase trabajadora. Para luchar por el comunismo, debemos superar esas divisiones. Nunca podremos destruir el capitalismo y construir una sociedad comunista mientras no lo hagamos. Sin embargo, para ganar la victoria final sobre el sexismo, tendremos que borrar su base material: el capitalismo.<\/p>\n<p style=\"text-align: justify;\"><strong>El sexismo naci\u00f3 con la propiedad privada y la sociedad de clases.<\/strong> La cultura sexista ha justificado las relaciones desiguales de poder, ha degradado el potencial intelectual de las mujeres y fomentado la violencia sexual en todas las sociedades de clase.<\/p>\n<p style=\"text-align: justify;\">El capitalismo ha usado el sexismo para intensificar la explotaci\u00f3n de hombres y mujeres, al superexplotar a las mujeres trabajadoras, especialmente a mujeres no blancas, aprovechando adem\u00e1s su trabajo dom\u00e9stico no remunerado. La cultura sexista ha mercantilizado los cuerpos de las mujeres, usando el sexo para vender todo, desde autos hasta pasta de dientes.<\/p>\n<p style=\"text-align: justify;\">La sociedad comunista nacer\u00e1 con las marcas de nacimiento de la sociedad de la que surgi\u00f3. Hombres y mujeres en la sociedad capitalista han internalizado las normas sexistas. Las mujeres han sufrido agresiones sexuales, tanto de sus hermanos de clase como de los patrones.<\/p>\n<p style=\"text-align: justify;\">Pero, a lo largo de la historia, las mujeres tambi\u00e9n han desempe\u00f1ado un papel clave en los movimientos revolucionarios en Rusia, China, Sud\u00e1frica y Am\u00e9rica Latina. En nuestro propio Partido, las obreras de las maquilas en El Salvador y las mujeres j\u00f3venes en Estados Unidos y M\u00e9xico est\u00e1n dando liderazgo comunista. Luchando contra el sexismo en nuestro Partido y hacer de la lucha contra el sexismo una cuesti\u00f3n masiva en nuestro trabajo pol\u00edtico fortalecer\u00e1 el liderazgo de las mujeres, el Partido y las masas en general.<\/p>\n<p style=\"text-align: justify;\"><strong>Invitamos a las trabajadoras de todo el mundo, que abiertamente confrontan el comportamiento sexista, a unirse a nosotros para movilizar a las masas para el comunismo.<\/strong> El movimiento comunista internacional necesita tu ira y energ\u00eda en la lucha contra el sexismo. Y t\u00fa necesitas un mundo comunista, donde la eliminaci\u00f3n del sistema salarial nos permitir\u00e1 ganar la victoria final contra el sexismo y todas las formas de opresi\u00f3n.<\/p>\n<div class=\"grey\">\n<h4 style=\"text-align: center;\">Asesinatos de Mujeres en M\u00e9xico en Centroam\u00e9rica<\/h4>\n<p style=\"text-align: justify;\">En M\u00e9xico han sido asesinadas m\u00e1s de 10,000 mujeres desde el 2012 al 2017, estas son nuestras hermanas de clase. Mostrando que cada d\u00eda se pierden 6 \u00f3 7 vidas de mujeres. En varias ciudades se tiene un \u00edndice de asesinatos m\u00e1s alto que los pa\u00edses del tri\u00e1ngulo norte de Centroam\u00e9rica (Honduras, El Salvador Y Guatemala) calificados por la organizaci\u00f3n Small Arms Survey entre los 12 pa\u00edses m\u00e1s peligrosos del mundo para ser mujer. La mayor\u00eda han sido asesinatos en forma violenta ya sea a balazos, descuartizadas, violadas, asfixiadas o golpeadas hasta morir.<\/p>\n<p style=\"text-align: justify;\">Entre 1985 y 2009 murieron asesinadas 34,176 mujeres en M\u00e9xico. La tendencia al alza sigue en aumento. En el Estado de M\u00e9xico es donde m\u00e1s mujeres fueron asesinadas, entre 2000 \u2013 2009 hubo 2,881. Cada 15 segundos una mujer es agredida y cada 9 minutos una mujer es violada en todo M\u00e9xico. Esto no es un producto de un \u201cmachismo ofendido\u201d, sino de un sistema capitalista en decadencia. Esto llama por una revoluci\u00f3n comunista para ponerle fin a este sistema sexista.<\/p>\n<\/div>\n<h4 style=\"text-align: justify;\"><img loading=\"lazy\" decoding=\"async\" class=\" wp-image-1749 aligncenter\" src=\"http:\/\/icwpredflag.org\/wp\/wordpress\/wps\/wp-content\/uploads\/sites\/2\/2017\/12\/SovietWoman-206x300.jpg\" alt=\"\" width=\"414\" height=\"603\" srcset=\"https:\/\/icwpredflag.org\/wp\/wordpress\/wps\/wp-content\/uploads\/sites\/2\/2017\/12\/SovietWoman-206x300.jpg 206w, https:\/\/icwpredflag.org\/wp\/wordpress\/wps\/wp-content\/uploads\/sites\/2\/2017\/12\/SovietWoman.jpg 243w\" sizes=\"auto, (max-width: 414px) 100vw, 414px\" \/><\/h4>\n<div class=\"mt-row mt-ms-row mt-ms-edit-enabled\">\n<div id=\"mt-to-es\" class=\"mt-info ms mt-from-en\" lang=\"es-x-mtfrom-en\" data-host=\"translate1.spanishdict.com\">\n<div class=\"mt-info-text\" style=\"text-align: center;\"><strong>P\u00f3ster sovi\u00e9tico para el d\u00eda internacional de la mujer: \u00abEl 8\u00ba de marzo de liberaci\u00f3n de la mujer\u00bb<\/strong><\/div>\n<div class=\"mt-info-text\" style=\"text-align: center;\"><img loading=\"lazy\" decoding=\"async\" class=\"wp-image-439 aligncenter\" src=\"http:\/\/icwpredflag.org\/wp\/wordpress\/wps\/wp-content\/uploads\/sites\/2\/2017\/03\/boxpic-300x105.jpg\" alt=\"\" width=\"634\" height=\"222\" srcset=\"https:\/\/icwpredflag.org\/wp\/wordpress\/wps\/wp-content\/uploads\/sites\/2\/2017\/03\/boxpic-300x105.jpg 300w, https:\/\/icwpredflag.org\/wp\/wordpress\/wps\/wp-content\/uploads\/sites\/2\/2017\/03\/boxpic-768x269.jpg 768w, https:\/\/icwpredflag.org\/wp\/wordpress\/wps\/wp-content\/uploads\/sites\/2\/2017\/03\/boxpic-1024x359.jpg 1024w, https:\/\/icwpredflag.org\/wp\/wordpress\/wps\/wp-content\/uploads\/sites\/2\/2017\/03\/boxpic.jpg 1499w\" sizes=\"auto, (max-width: 634px) 100vw, 634px\" \/><\/div>\n<\/div>\n<\/div>\n<h4 style=\"text-align: justify;\"><a href=\"http:\/\/icwpredflag.org\/wp\/wordpress\/wps\/volumen-8-numero-15\/\">Primera p\u00e1gina de esta edici\u00f3n<\/a><\/h4>\n","protected":false},"excerpt":{"rendered":"<p>En los Estados Unidos, en las \u00faltimas semanas, docenas de mujeres han acusado a hombres poderosos, figuras del entretenimiento y pol\u00edtiqueros, de acoso y agresi\u00f3n sexual. Las mujeres (y algunos hombres) de todo el mundo tambi\u00e9n se han expresado. Con hashtags como #MeToo, #YoTambien, #Quellavoltache y #Balancetonporc, acusan a los hombres de abusar de su &hellip; <a href=\"https:\/\/icwpredflag.org\/wp\/wordpress\/wps\/volumen-8-numero-15\/movilizando-para-el-comunismo-pondra-fin-a-la-base-material-del-sexismo\/\" class=\"more-link\">Sigue leyendo <span class=\"screen-reader-text\">Movilizando Para el Comunismo Pondra Fin a la Base Material del Sexismo<\/span><\/a><\/p>\n","protected":false},"author":1,"featured_media":282,"parent":1741,"menu_order":0,"comment_status":"closed","ping_status":"closed","template":"","meta":{"footnotes":""},"class_list":["post-1766","page","type-page","status-publish","has-post-thumbnail","hentry"],"_links":{"self":[{"href":"https:\/\/icwpredflag.org\/wp\/wordpress\/wps\/wp-json\/wp\/v2\/pages\/1766","targetHints":{"allow":["GET"]}}],"collection":[{"href":"https:\/\/icwpredflag.org\/wp\/wordpress\/wps\/wp-json\/wp\/v2\/pages"}],"about":[{"href":"https:\/\/icwpredflag.org\/wp\/wordpress\/wps\/wp-json\/wp\/v2\/types\/page"}],"author":[{"embeddable":true,"href":"https:\/\/icwpredflag.org\/wp\/wordpress\/wps\/wp-json\/wp\/v2\/users\/1"}],"replies":[{"embeddable":true,"href":"https:\/\/icwpredflag.org\/wp\/wordpress\/wps\/wp-json\/wp\/v2\/comments?post=1766"}],"version-history":[{"count":9,"href":"https:\/\/icwpredflag.org\/wp\/wordpress\/wps\/wp-json\/wp\/v2\/pages\/1766\/revisions"}],"predecessor-version":[{"id":1775,"href":"https:\/\/icwpredflag.org\/wp\/wordpress\/wps\/wp-json\/wp\/v2\/pages\/1766\/revisions\/1775"}],"up":[{"embeddable":true,"href":"https:\/\/icwpredflag.org\/wp\/wordpress\/wps\/wp-json\/wp\/v2\/pages\/1741"}],"wp:featuredmedia":[{"embeddable":true,"href":"https:\/\/icwpredflag.org\/wp\/wordpress\/wps\/wp-json\/wp\/v2\/media\/282"}],"wp:attachment":[{"href":"https:\/\/icwpredflag.org\/wp\/wordpress\/wps\/wp-json\/wp\/v2\/media?parent=1766"}],"curies":[{"name":"wp","href":"https:\/\/api.w.org\/{rel}","templated":true}]}}