{"id":1783,"date":"2017-12-08T06:13:28","date_gmt":"2017-12-08T06:13:28","guid":{"rendered":"http:\/\/icwpredflag.org\/wp\/wordpress\/wps\/?page_id=1783"},"modified":"2017-12-08T06:20:31","modified_gmt":"2017-12-08T06:20:31","slug":"organizando-como-comunistas-dentro-de-las-organizaciones-patronales","status":"publish","type":"page","link":"https:\/\/icwpredflag.org\/wp\/wordpress\/wps\/volumen-8-numero-15\/organizando-como-comunistas-dentro-de-las-organizaciones-patronales\/","title":{"rendered":"Organizando Como Comunistas Dentro de las Organizaciones Patronales"},"content":{"rendered":"<p style=\"text-align: justify;\"><img loading=\"lazy\" decoding=\"async\" class=\" wp-image-1747 aligncenter\" src=\"http:\/\/icwpredflag.org\/wp\/wordpress\/wps\/wp-content\/uploads\/sites\/2\/2017\/12\/SACollege-300x169.jpg\" alt=\"\" width=\"492\" height=\"277\" srcset=\"https:\/\/icwpredflag.org\/wp\/wordpress\/wps\/wp-content\/uploads\/sites\/2\/2017\/12\/SACollege-300x169.jpg 300w, https:\/\/icwpredflag.org\/wp\/wordpress\/wps\/wp-content\/uploads\/sites\/2\/2017\/12\/SACollege.jpg 470w\" sizes=\"auto, (max-width: 492px) 100vw, 492px\" \/><\/p>\n<p style=\"text-align: center;\"><strong>J\u00f3venes en Sud\u00e1frica discutiendo las ideas comunistas del PCOI<\/strong><\/p>\n<p style=\"text-align: justify;\">Somos comunistas y miembros del Partido, los cuales vivimos y nos movilizamos para el comunismo, por la revoluci\u00f3n comunista para derrocar al capitalismo dentro de la propia sociedad capitalista. Movilizamos a los trabajadores y al resto de las masas algunos de los cuales creen que las ideas de los capitalistas son las ideas correctas porque han vivido toda su vida bajo el capitalismo. Algunos abogan por la reforma capitalista porque todav\u00eda no han sido ganados al comunismo, algunos nunca han escuchado acerca del comunismo, algunos han escuchado solo la propaganda anticomunista de los medios capitalistas. Incluso, creen en la mentira de que el capitalismo es el sistema natural de los humanos, que no hay alternativa.<\/p>\n<p style=\"text-align: justify;\">Nos movilizamos en huelgas y reuniones masivas, en el trabajo, escuelas, iglesias y otros eventos sociales. A menudo, donde nos movilizamos, no est\u00e1n realmente abiertos a las ideas comunistas (no los trabajadores, sino los que controlan las escuelas, los lugares de trabajo, las iglesias, etc.) especialmente si uno llama por el derrocamiento del capitalismo.<\/p>\n<p style=\"text-align: justify;\">Esto fue verdad en un evento al cual asist\u00ed (el taller de la ONG \u201calz\u00e1ndose contra el crimen y la desigualdad\u201d). Eran hostiles a las soluciones comunistas. A menudo me restring\u00ed de expresar expl\u00edcitamente nuestras ideas, porque temen que las masas y los estudiantes tengan ideas comunistas. Se\u00f1alan o acusan a los que est\u00e1n contra el sistema de ser antigubernamentales (\u00a1lo cual soy! No puedo ser pro-pobreza, pro-injusticia, pro-sufrimiento del resto de las masas mientras que pocos se benefician a su costa).<\/p>\n<p style=\"text-align: justify;\">Solo mediante conversaciones personales con compa\u00f1eros y j\u00f3venes pude hablar sobre nuestras soluciones comunistas sin que nadie me lo impidiera. Como resultado, tres estudiantes de diferentes partes de la provincia se interesaron por el Partido y acordaron que este sistema destructivo tiene que ser destruido. Este es un desaf\u00edo (de nuestro colectivo): conseguir que los nuevos camaradas participen activamente y se comprometan, no solo a estar pasivamente de acuerdo, sino a participar activamente en las actividades y la organizaci\u00f3n del Partido.<\/p>\n<p style=\"text-align: justify;\">Estos talleres son reformistas en su enfoque, al igual que otras huelgas en las que participamos y nos movilizamos (lo cual es incorrecto. Sabemos que el capitalismo nunca se puede reformar y las reformas evitan la emancipaci\u00f3n total de la clase obrera), al mismo tiempo brindan la oportunidad de llegar a muchos j\u00f3venes y trabajadores que est\u00e1n descontentos con algunos de los males del capitalismo.<\/p>\n<p style=\"text-align: justify;\"><strong>Pregunta:<\/strong><\/p>\n<p style=\"text-align: justify;\">\u00bfC\u00f3mo participamos entonces en tales eventos sin contradecirnos como revolucionarios? Decimos que queremos una sociedad comunista donde el modo de producir y distribuir ser\u00e1 completamente diferente del modo capitalista basado en la explotaci\u00f3n. Incluso la forma en que organicemos nuestras vidas ser\u00e1 diferente. Se basar\u00e1 en la cooperaci\u00f3n y el esfuerzo colectivo. \u00bfC\u00f3mo vivimos entonces hoy d\u00eda o en el futuro inmediato, forjando y ejecutando pr\u00e1cticas que est\u00e9n de acuerdo con nuestros principios comunistas? Porque las ideas comunistas deben practicarse y mejorarse, pero \u00bfc\u00f3mo hacemos esto y nos solidarizamos al mismo tiempo con las masas sin caer en la trampa reformista?<\/p>\n<div class=\"grey\">\n<p style=\"text-align: justify;\">El 18 de noviembre, el colectivo de j\u00f3venes organiz\u00f3 un evento celebrando el Centenario de la Revoluci\u00f3n Rusa. Nuestra discusi\u00f3n, en la que participaron unas 30 personas, fue un evento muy exitoso e inspirador.<\/p>\n<p style=\"text-align: justify;\">Todos los camaradas mostraron liderazgo y cada uno particip\u00f3, cada camarada contribuy\u00f3 de acuerdo a su compromiso. Tuve una muy buena experiencia y siempre es emocionante ver a los j\u00f3venes abiertos a nuestras ideas comunistas.<\/p>\n<p style=\"text-align: justify;\">Tres compa\u00f1eros que fueron parte del evento son miembros del Movimiento de Empoderamiento Negro, discutimos las diferencias entre la l\u00ednea pol\u00edtica del Partido Comunista Obrero Internacional y otros partidos pol\u00edticos (\u201cIzquierdistas\u201d).<\/p>\n<p style=\"text-align: justify;\">Estaban convencidos de que estamos luchando contra el mismo enemigo; Explotaci\u00f3n, discriminaci\u00f3n, esclavitud asalariada y falta de vivienda. Pasamos todo el d\u00eda hablando sobre los males del capitalismo y c\u00f3mo ponerles fin.<\/p>\n<p style=\"text-align: justify;\">\u201c\u00a1No necesitamos a los patrones\u201d! A\u00fan recuerdo esas palabras de un airado joven camarada que estaba harto de este sistema racista. Este camarada estaba muy interesado en saber c\u00f3mo exactamente el PCOI planea derrocar este malvado sistema. Le dijimos que abogamos el cambio mediante la revoluci\u00f3n y que debemos luchar directamente por el comunismo, no por el socialismo. La historia nos ha ense\u00f1ado c\u00f3mo luchar por el comunismo.<\/p>\n<p style=\"text-align: justify;\">Es importante seguir movilizando y llevar nuestro mensaje a las masas sin importar cu\u00e1nto tiempo tome, ese es el objetivo final.<\/p>\n<p style=\"text-align: justify;\">De esta experiencia, he extra\u00eddo muchas lecciones pol\u00edticas y est\u00e1 claro que vamos como colectivo juvenil en RSA.<\/p>\n<p style=\"text-align: justify;\">Necesitamos expandir estas discusiones entre nuestros amigos para que podamos crecer como un Partido. \u00a1Sigan con el buen trabajo Camaradas!<\/p>\n<p>Camarada en Sud\u00e1frica<\/p>\n<p><img loading=\"lazy\" decoding=\"async\" class=\"size-medium wp-image-1751 aligncenter\" src=\"http:\/\/icwpredflag.org\/wp\/wordpress\/wps\/wp-content\/uploads\/sites\/2\/2017\/12\/YngLions-298x300.jpg\" alt=\"\" width=\"298\" height=\"300\" srcset=\"https:\/\/icwpredflag.org\/wp\/wordpress\/wps\/wp-content\/uploads\/sites\/2\/2017\/12\/YngLions-298x300.jpg 298w, https:\/\/icwpredflag.org\/wp\/wordpress\/wps\/wp-content\/uploads\/sites\/2\/2017\/12\/YngLions-150x150.jpg 150w, https:\/\/icwpredflag.org\/wp\/wordpress\/wps\/wp-content\/uploads\/sites\/2\/2017\/12\/YngLions-768x774.jpg 768w, https:\/\/icwpredflag.org\/wp\/wordpress\/wps\/wp-content\/uploads\/sites\/2\/2017\/12\/YngLions.jpg 947w\" sizes=\"auto, (max-width: 298px) 100vw, 298px\" \/><\/p>\n<\/div>\n<h4><a href=\"http:\/\/icwpredflag.org\/wp\/wordpress\/wps\/volumen-8-numero-15\/\">Primera p\u00e1gina de esta edici\u00f3n<\/a><\/h4>\n","protected":false},"excerpt":{"rendered":"<p>J\u00f3venes en Sud\u00e1frica discutiendo las ideas comunistas del PCOI Somos comunistas y miembros del Partido, los cuales vivimos y nos movilizamos para el comunismo, por la revoluci\u00f3n comunista para derrocar al capitalismo dentro de la propia sociedad capitalista. Movilizamos a los trabajadores y al resto de las masas algunos de los cuales creen que las &hellip; <a href=\"https:\/\/icwpredflag.org\/wp\/wordpress\/wps\/volumen-8-numero-15\/organizando-como-comunistas-dentro-de-las-organizaciones-patronales\/\" class=\"more-link\">Sigue leyendo <span class=\"screen-reader-text\">Organizando Como Comunistas Dentro de las Organizaciones Patronales<\/span><\/a><\/p>\n","protected":false},"author":1,"featured_media":282,"parent":1741,"menu_order":0,"comment_status":"closed","ping_status":"closed","template":"","meta":{"footnotes":""},"class_list":["post-1783","page","type-page","status-publish","has-post-thumbnail","hentry"],"_links":{"self":[{"href":"https:\/\/icwpredflag.org\/wp\/wordpress\/wps\/wp-json\/wp\/v2\/pages\/1783","targetHints":{"allow":["GET"]}}],"collection":[{"href":"https:\/\/icwpredflag.org\/wp\/wordpress\/wps\/wp-json\/wp\/v2\/pages"}],"about":[{"href":"https:\/\/icwpredflag.org\/wp\/wordpress\/wps\/wp-json\/wp\/v2\/types\/page"}],"author":[{"embeddable":true,"href":"https:\/\/icwpredflag.org\/wp\/wordpress\/wps\/wp-json\/wp\/v2\/users\/1"}],"replies":[{"embeddable":true,"href":"https:\/\/icwpredflag.org\/wp\/wordpress\/wps\/wp-json\/wp\/v2\/comments?post=1783"}],"version-history":[{"count":4,"href":"https:\/\/icwpredflag.org\/wp\/wordpress\/wps\/wp-json\/wp\/v2\/pages\/1783\/revisions"}],"predecessor-version":[{"id":1787,"href":"https:\/\/icwpredflag.org\/wp\/wordpress\/wps\/wp-json\/wp\/v2\/pages\/1783\/revisions\/1787"}],"up":[{"embeddable":true,"href":"https:\/\/icwpredflag.org\/wp\/wordpress\/wps\/wp-json\/wp\/v2\/pages\/1741"}],"wp:featuredmedia":[{"embeddable":true,"href":"https:\/\/icwpredflag.org\/wp\/wordpress\/wps\/wp-json\/wp\/v2\/media\/282"}],"wp:attachment":[{"href":"https:\/\/icwpredflag.org\/wp\/wordpress\/wps\/wp-json\/wp\/v2\/media?parent=1783"}],"curies":[{"name":"wp","href":"https:\/\/api.w.org\/{rel}","templated":true}]}}