{"id":1796,"date":"2017-12-08T06:36:47","date_gmt":"2017-12-08T06:36:47","guid":{"rendered":"http:\/\/icwpredflag.org\/wp\/wordpress\/wps\/?page_id=1796"},"modified":"2017-12-08T06:45:33","modified_gmt":"2017-12-08T06:45:33","slug":"de-mal-a-peor-rusia-a-zimbabwe","status":"publish","type":"page","link":"https:\/\/icwpredflag.org\/wp\/wordpress\/wps\/volumen-8-numero-15\/de-mal-a-peor-rusia-a-zimbabwe\/","title":{"rendered":"De Mal a Peor: Rusia a Zimbabwe"},"content":{"rendered":"<p style=\"text-align: justify;\">Han pasado 100 a\u00f1os desde la revoluci\u00f3n rusa, donde la clase obrera tom\u00f3 las armas contra sus capitalistas y su imperio zarista gobernado por la familia Romanov. Los trabajadores lo hicieron porque estaban hartos de sus condiciones de vida y del sistema social que exist\u00eda. La revoluci\u00f3n rusa fue dirigida por Vladimir Lenin y los bolcheviques, dando como resultado la formaci\u00f3n de la Uni\u00f3n Sovi\u00e9tica, que tambi\u00e9n colaps\u00f3 en 1991. La revoluci\u00f3n fue un gran \u00e9xito, pero tambi\u00e9n produjo fallas de las que todav\u00eda estamos aprendiendo.<\/p>\n<p style=\"text-align: justify;\">La revoluci\u00f3n nos ense\u00f1a muchas lecciones; una de ellas es que no podemos llegar al comunismo pasando por cierta etapa (que en ese momento era el socialismo). Debemos luchar por el comunismo directamente. Tambi\u00e9n nos ense\u00f1a que debemos luchar por el comunismo a nivel internacional porque no vivimos aislados y la clase trabajadora en todo el mundo sufre del mismo sistema capitalista. En tercer lugar, nos ense\u00f1a que si los medios de producci\u00f3n est\u00e1n en manos de un Estado socialista, no llegaremos al comunismo porque el Estado socialista tambi\u00e9n obliga a las masas a someterse a un sistema salarial. Tambi\u00e9n sucede que los funcionarios del gobierno socialista se vuelvan la clase alta (la clase dominante).<\/p>\n<p style=\"text-align: justify;\">Con esto dicho, entendiendo la necesidad de movilizar para el comunismo, vemos que en Zimbabwe los gobernantes se est\u00e1n peleando entre para ver qui\u00e9n explotar\u00e1 a los trabajadores de Zimbabwe.<\/p>\n<p style=\"text-align: justify;\">Hace un mes, el presidente con m\u00e1s tiempo fungiendo como tal en el mundo, Robert Gabriel Mugabe, despidi\u00f3 a su vicepresidente Emmerson Dambudzo Mnangagwa, a quien quer\u00eda reemplazar con su esposa Grace. Esta medida dio como resultado que Mnangagwa convenciera a los militares que movilizaran a las masas para unirse a una protesta anti Mugabe, exigi\u00e9ndole al presidente renunciar y dejar que el ex vicepresidente (Sr. Mnangagwa) sea el presidente interino hasta las elecciones del pr\u00f3ximo a\u00f1o.<\/p>\n<p style=\"text-align: justify;\">Este plan funcion\u00f3 perfectamente ya que el presidente finalmente renunci\u00f3 esta semana antes de ser procesado por el parlamento. Esto marc\u00f3 el final de la dictadura de Mugabe, que fue presidente por 37 a\u00f1os. Lo que las masas de Zimbabwe y aquellos que opinan como estas que Zimbabwe estar\u00e1 mejor necesitan ver que los funcionarios gubernamentales son solo agentes que implementan el mandato de sus amos (las \u00e9lites capitalistas). Cualquier cambio de funcionarios gubernamentales no beneficiar\u00e1 a la clase obrera. Es solo un cambio de poder de un amo a otro.<\/p>\n<p style=\"text-align: justify;\">Se puede argumentar que desde que Mugabe se convirtiera en el presidente de Zimbabwe, el pa\u00eds se ha independizado del liderazgo extranjero. Pero es de conocimiento p\u00fablico que las minas de diamantes de Zimbabue han sido controladas por los imperialistas chinos, quienes han reemplazado el colonialismo brit\u00e1nico.<\/p>\n<p style=\"text-align: justify;\">Las sanciones impuestas por la ONU a Zimbabwe convirtieron a Sud\u00e1frica en el principal productor de recursos minerales en la regi\u00f3n meridional de \u00c1frica. Mnangagwa promete una transformaci\u00f3n que crear\u00e1 oportunidades de empleo, pero en realidad, m\u00e1s empleos significan que m\u00e1s trabajadores ser\u00e1n explotados. Este cambio de gobierno es una amenaza para a los due\u00f1os de las minas sudafricanas o una expansi\u00f3n de su imperio y cualquiera de estos significa que en vez que las cosas se mejoren, empeorar\u00e1n. La ca\u00edda de Gadafi nos da una gran lecci\u00f3n; las cosas no mejoraron en Libia, al contrario empeoraron.<\/p>\n<p style=\"text-align: justify;\">Esto solo significa una cosa: ning\u00fan gobierno representar\u00e1 jam\u00e1s las necesidades de las masas. Hasta que los medios de producci\u00f3n sean propiedad de la clase trabajadora y est\u00e9n bajo su control para satisfacer sus necesidades, solo entonces la clase trabajadora dejar\u00e1 de sufrir. Dado que los patrones no entregar\u00e1n el poder pac\u00edficamente, eso solo se lograr\u00e1 mediante una revoluci\u00f3n internacional dirigida por el PCOI.<\/p>\n<p style=\"text-align: justify;\"><img loading=\"lazy\" decoding=\"async\" class=\" wp-image-1748 aligncenter\" src=\"http:\/\/icwpredflag.org\/wp\/wordpress\/wps\/wp-content\/uploads\/sites\/2\/2017\/12\/SACont.jpg\" alt=\"\" width=\"345\" height=\"417\" \/><\/p>\n<p style=\"text-align: center;\"><strong>Sud\u00e1frica, en idioma Xoxa dice \u201cObreros del Mundo Unidos por el Comunismo\u201d<\/strong><\/p>\n<h4 style=\"text-align: justify;\"><strong><a href=\"http:\/\/icwpredflag.org\/wp\/wordpress\/wps\/volumen-8-numero-15\/\">Primera p\u00e1gina de esta edici\u00f3n<\/a>\u00a0<\/strong><\/h4>\n","protected":false},"excerpt":{"rendered":"<p>Han pasado 100 a\u00f1os desde la revoluci\u00f3n rusa, donde la clase obrera tom\u00f3 las armas contra sus capitalistas y su imperio zarista gobernado por la familia Romanov. Los trabajadores lo hicieron porque estaban hartos de sus condiciones de vida y del sistema social que exist\u00eda. La revoluci\u00f3n rusa fue dirigida por Vladimir Lenin y los &hellip; <a href=\"https:\/\/icwpredflag.org\/wp\/wordpress\/wps\/volumen-8-numero-15\/de-mal-a-peor-rusia-a-zimbabwe\/\" class=\"more-link\">Sigue leyendo <span class=\"screen-reader-text\">De Mal a Peor: Rusia a Zimbabwe<\/span><\/a><\/p>\n","protected":false},"author":1,"featured_media":282,"parent":1741,"menu_order":0,"comment_status":"closed","ping_status":"closed","template":"","meta":{"footnotes":""},"class_list":["post-1796","page","type-page","status-publish","has-post-thumbnail","hentry"],"_links":{"self":[{"href":"https:\/\/icwpredflag.org\/wp\/wordpress\/wps\/wp-json\/wp\/v2\/pages\/1796","targetHints":{"allow":["GET"]}}],"collection":[{"href":"https:\/\/icwpredflag.org\/wp\/wordpress\/wps\/wp-json\/wp\/v2\/pages"}],"about":[{"href":"https:\/\/icwpredflag.org\/wp\/wordpress\/wps\/wp-json\/wp\/v2\/types\/page"}],"author":[{"embeddable":true,"href":"https:\/\/icwpredflag.org\/wp\/wordpress\/wps\/wp-json\/wp\/v2\/users\/1"}],"replies":[{"embeddable":true,"href":"https:\/\/icwpredflag.org\/wp\/wordpress\/wps\/wp-json\/wp\/v2\/comments?post=1796"}],"version-history":[{"count":4,"href":"https:\/\/icwpredflag.org\/wp\/wordpress\/wps\/wp-json\/wp\/v2\/pages\/1796\/revisions"}],"predecessor-version":[{"id":1800,"href":"https:\/\/icwpredflag.org\/wp\/wordpress\/wps\/wp-json\/wp\/v2\/pages\/1796\/revisions\/1800"}],"up":[{"embeddable":true,"href":"https:\/\/icwpredflag.org\/wp\/wordpress\/wps\/wp-json\/wp\/v2\/pages\/1741"}],"wp:featuredmedia":[{"embeddable":true,"href":"https:\/\/icwpredflag.org\/wp\/wordpress\/wps\/wp-json\/wp\/v2\/media\/282"}],"wp:attachment":[{"href":"https:\/\/icwpredflag.org\/wp\/wordpress\/wps\/wp-json\/wp\/v2\/media?parent=1796"}],"curies":[{"name":"wp","href":"https:\/\/api.w.org\/{rel}","templated":true}]}}