{"id":1801,"date":"2017-12-08T06:48:09","date_gmt":"2017-12-08T06:48:09","guid":{"rendered":"http:\/\/icwpredflag.org\/wp\/wordpress\/wps\/?page_id=1801"},"modified":"2017-12-08T06:50:30","modified_gmt":"2017-12-08T06:50:30","slug":"racismo-y-guerra-en-pelea-entre-los-imperialistas-se-eeuu-y-china-por-africa","status":"publish","type":"page","link":"https:\/\/icwpredflag.org\/wp\/wordpress\/wps\/volumen-8-numero-15\/racismo-y-guerra-en-pelea-entre-los-imperialistas-se-eeuu-y-china-por-africa\/","title":{"rendered":"Racismo y Guerra en Pelea Entre los Imperialistas se EEUU y China por Africa"},"content":{"rendered":"<p style=\"text-align: justify;\">La muerte de cuatro efectivos de las Fuerzas Especiales de EE.UU. en N\u00edger en octubre es la punta del t\u00edmpano del racismo y la guerra imperialista.<\/p>\n<p style=\"text-align: justify;\">Los medios han hablado sobre el racismo desde\u00f1oso de Trump en su llamada telef\u00f3nica a Myeshia Johnson, la viuda del sargento del ej\u00e9rcito La David Johnson. Otros se han concentrado en los insultos racistas y sexistas contra la congresista dem\u00f3crata Frederica Wilson, que lo critic\u00f3 por ello. Pero esto es la mera punta del t\u00edmpano.<\/p>\n<p style=\"text-align: justify;\"><strong>El Racismo y el ej\u00e9rcito de los EE. UU<\/strong>.<\/p>\n<p style=\"text-align: justify;\">Siempre fuera del agua &#8211; pero apenas &#8211; est\u00e1 la realidad m\u00e1s amplia del racismo y el ej\u00e9rcito de EEUU. Los soldados en las fuerzas armadas imperialistas son hombres y mujeres de la clase trabajadora que enfrentan el racismo, la pobreza y la explotaci\u00f3n en la vida civil. Esto es particularmente cierto en el ejercito \u2014 la carne de ca\u00f1\u00f3n del imperialismo \u2014 que es 22% negra, mientras que los afroamericanos solo representan el 13% de la poblaci\u00f3n de EEUU.<\/p>\n<p style=\"text-align: justify;\">El ej\u00e9rcito tambi\u00e9n ha sido hist\u00f3ricamente el sitio de disidencia y rebeli\u00f3n contra el imperialismo de EE.UU., especialmente durante la guerra de Vietnam. La dependencia del imperialismo en los miembros m\u00e1s explotados de la sociedad es su tal\u00f3n de Aquiles. Esto es igualmente de cierto en China e India. Durante la guerra imperialista, los soldados de ambos lados pueden jugar un papel revolucionario.<\/p>\n<p style=\"text-align: justify;\">Papel Militar de Estados Unidos en \u00c1frica<\/p>\n<p style=\"text-align: justify;\">Justo debajo de la superficie del agua, discutido por algunos medios de comunicaci\u00f3n, est\u00e1 el creciente papel del ej\u00e9rcito de los EEUU en N\u00edger y en todo el oeste de \u00c1frica. Comenzando con Obama, EEUU ha utilizado la Autorizaci\u00f3n de Uso de la Fuerza Militar aprobada en 2001 para la guerra en Afganist\u00e1n para lanzar guerras en todo el mundo. Obama envi\u00f3 100 tropas a N\u00edger en 2013 como \u201capoyo para la recolecci\u00f3n de inteligencia\u201d con las tropas francesas en la regi\u00f3n. Cuatro a\u00f1os despu\u00e9s, hay cerca de mil soldados en la regi\u00f3n \u201capoyando\u201d una misi\u00f3n encabezada por Francia para combatir a los \u201cextremistas islamistas\u201d.<\/p>\n<p style=\"text-align: justify;\">La mayor parte del t\u00edmpano yace oculto bajo el agua. El Comando de \u00c1frica de los EEUU (AFRICOM), organizado en 2007, tiene 6,000 soldados en \u00c1frica, realiza 3,500 ejercicios, programas y enfrentamientos cada a\u00f1o, o sea, casi 10 misiones diarias. Tiene una base importante en Yibuti en el Mar Rojo, y ha utilizado bases en toda \u00c1frica.<\/p>\n<p style=\"text-align: justify;\">Mientras EEUU afirma estar preocupado por el \u201cterrorismo islamista transnacional\u201d, su verdadera misi\u00f3n all\u00ed es combatir a su rival China.<\/p>\n<p style=\"text-align: justify;\">Un art\u00edculo publicado en 2008 por el Colegio de Guerra de EEUU dice: \u201cAhora China ha alcanzado una etapa de desarrollo econ\u00f3mico que requiere un suministro interminable de materias primas africanas y ha comenzado a desarrollar la capacidad de ejercer influencia en la mayor\u00eda de los rincones del mundo&#8230; la historia predice que la desconfianza y la incertidumbre llevar\u00e1n inevitablemente al Ej\u00e9rcito Popular de Liberaci\u00f3n a \u00c1frica en cantidades asombrosas\u201d.<\/p>\n<p style=\"text-align: justify;\">Por su parte, los chinos entienden que EEUU amenaza sus planes en \u00c1frica. Lin Zhiyuan, un destacado analista militar, argumenta que \u201cal construir una docena de bases o establecimientos avanzados en \u00c1frica, EEUU establecer\u00e1 gradualmente una red de bases militares para cubrir todo el continente&#8230; el continente africano se toma como un punto fuerte para apuntalar la estrategia global de EEUU. Por lo tanto, AFRICOM facilita el avance de EE.UU. en el continente africano, tomando control del continente euroasi\u00e1tico y procediendo a tomar el tim\u00f3n de todo el mundo\u201d.<\/p>\n<p style=\"text-align: justify;\">China est\u00e1 construyendo un ej\u00e9rcito organizado \u201cpara tomar el tim\u00f3n de todo el mundo\u201d. La clase dominante estadounidense est\u00e1 dispuesta a matar a millones para impedirlo. Eventualmente esto llevar\u00e1 a la guerra, con \u00c1frica como uno de los puntos candentes. Eso es lo que yace debajo de la superficie de las noticias de tropas de EE.UU. a lo largo de la frontera entre Mal\u00ed y N\u00edger.<\/p>\n<p style=\"text-align: justify;\">En \u00c1frica como en todo el mundo, los obreros no tienen intereses creados en las guerras entre un grupo de imperialistas y otro. De hecho, los soldados de la clase obrera ser\u00e1n los que maten y mueran por los imperialistas. Pero tambi\u00e9n son ellos que pueden convertir estas guerras en guerras revolucionarias. Es por eso que la organizaci\u00f3n pol\u00edtica paciente con soldados y sus familias es tan importante.<\/p>\n<p style=\"text-align: justify;\">Tambi\u00e9n es importante trabajar m\u00e1s duro para llegar a los trabajadores en otras partes del mundo. Autocr\u00edticamente, podemos hacer mejor traduciendo <strong><em>Bandera Roja<\/em><\/strong> al franc\u00e9s en nuestro sitio Web para llegar a lectores de pa\u00edses como Mal\u00ed y N\u00edger.<\/p>\n<h4 style=\"text-align: justify;\"><a href=\"http:\/\/icwpredflag.org\/wp\/wordpress\/wps\/volumen-8-numero-15\/\">Primera p\u00e1gina de esta edici\u00f3n<\/a><\/h4>\n","protected":false},"excerpt":{"rendered":"<p>La muerte de cuatro efectivos de las Fuerzas Especiales de EE.UU. en N\u00edger en octubre es la punta del t\u00edmpano del racismo y la guerra imperialista. Los medios han hablado sobre el racismo desde\u00f1oso de Trump en su llamada telef\u00f3nica a Myeshia Johnson, la viuda del sargento del ej\u00e9rcito La David Johnson. Otros se han &hellip; <a href=\"https:\/\/icwpredflag.org\/wp\/wordpress\/wps\/volumen-8-numero-15\/racismo-y-guerra-en-pelea-entre-los-imperialistas-se-eeuu-y-china-por-africa\/\" class=\"more-link\">Sigue leyendo <span class=\"screen-reader-text\">Racismo y Guerra en Pelea Entre los Imperialistas se EEUU y China por Africa<\/span><\/a><\/p>\n","protected":false},"author":1,"featured_media":282,"parent":1741,"menu_order":0,"comment_status":"closed","ping_status":"closed","template":"","meta":{"footnotes":""},"class_list":["post-1801","page","type-page","status-publish","has-post-thumbnail","hentry"],"_links":{"self":[{"href":"https:\/\/icwpredflag.org\/wp\/wordpress\/wps\/wp-json\/wp\/v2\/pages\/1801","targetHints":{"allow":["GET"]}}],"collection":[{"href":"https:\/\/icwpredflag.org\/wp\/wordpress\/wps\/wp-json\/wp\/v2\/pages"}],"about":[{"href":"https:\/\/icwpredflag.org\/wp\/wordpress\/wps\/wp-json\/wp\/v2\/types\/page"}],"author":[{"embeddable":true,"href":"https:\/\/icwpredflag.org\/wp\/wordpress\/wps\/wp-json\/wp\/v2\/users\/1"}],"replies":[{"embeddable":true,"href":"https:\/\/icwpredflag.org\/wp\/wordpress\/wps\/wp-json\/wp\/v2\/comments?post=1801"}],"version-history":[{"count":3,"href":"https:\/\/icwpredflag.org\/wp\/wordpress\/wps\/wp-json\/wp\/v2\/pages\/1801\/revisions"}],"predecessor-version":[{"id":1804,"href":"https:\/\/icwpredflag.org\/wp\/wordpress\/wps\/wp-json\/wp\/v2\/pages\/1801\/revisions\/1804"}],"up":[{"embeddable":true,"href":"https:\/\/icwpredflag.org\/wp\/wordpress\/wps\/wp-json\/wp\/v2\/pages\/1741"}],"wp:featuredmedia":[{"embeddable":true,"href":"https:\/\/icwpredflag.org\/wp\/wordpress\/wps\/wp-json\/wp\/v2\/media\/282"}],"wp:attachment":[{"href":"https:\/\/icwpredflag.org\/wp\/wordpress\/wps\/wp-json\/wp\/v2\/media?parent=1801"}],"curies":[{"name":"wp","href":"https:\/\/api.w.org\/{rel}","templated":true}]}}