{"id":1861,"date":"2017-12-29T04:04:25","date_gmt":"2017-12-29T04:04:25","guid":{"rendered":"http:\/\/icwpredflag.org\/wp\/wordpress\/wps\/?page_id=1861"},"modified":"2017-12-29T04:08:16","modified_gmt":"2017-12-29T04:08:16","slug":"honduras-rebelion-masiva-muestra-potencial-para-construir-el-pcoi","status":"publish","type":"page","link":"https:\/\/icwpredflag.org\/wp\/wordpress\/wps\/volumen-8-numero-16\/honduras-rebelion-masiva-muestra-potencial-para-construir-el-pcoi\/","title":{"rendered":"Honduras: Rebeli\u00f3n Masiva Muestra Potencial para Construir el PCOI"},"content":{"rendered":"<p style=\"text-align: justify;\"><img loading=\"lazy\" decoding=\"async\" class=\" wp-image-1865 aligncenter\" src=\"http:\/\/icwpredflag.org\/wp\/wordpress\/wps\/wp-content\/uploads\/sites\/2\/2017\/12\/Hondur-300x197.jpg\" alt=\"\" width=\"581\" height=\"381\" srcset=\"https:\/\/icwpredflag.org\/wp\/wordpress\/wps\/wp-content\/uploads\/sites\/2\/2017\/12\/Hondur-300x197.jpg 300w, https:\/\/icwpredflag.org\/wp\/wordpress\/wps\/wp-content\/uploads\/sites\/2\/2017\/12\/Hondur.jpg 760w\" sizes=\"auto, (max-width: 581px) 100vw, 581px\" \/><\/p>\n<p style=\"text-align: justify;\">El 19 de diciembre\u2014Las elecciones presidenciales en Honduras se realizaron el 27 de noviembre. Miles de hondure\u00f1os\u2014hombres y mujeres\u2014a lo largo del pa\u00eds salieron a protestar contra el aparente fraude descarado. Se tomaron calles, carreteras, comunidades e hicieron un llamado por una huelga nacional en la cual la vasta mayor\u00eda particip\u00f3.<\/p>\n<p style=\"text-align: justify;\">El gobierno orden\u00f3 toque de queda en todo el pa\u00eds. En la primera noche una joven fue asesinada por la polic\u00eda mientras regresaba de buscar a su hermano para avisarle del toque de queda. A la actualidad han matado 22 personas. Pero las protestas contin\u00faan.<\/p>\n<p style=\"text-align: justify;\">Las elecciones son una de las maneras m\u00e1s sofisticadas que los patrones usan para enga\u00f1ar a los trabajadores y trabajadoras y hacerles pensar que ellos gobiernan el pa\u00eds. Pero, los partidos electoreros no pueden solucionar los problemas que enfrentan la clase trabajadora en cualquier parte del mundo. Necesitamos una revoluci\u00f3n comunista para eliminar el dinero y todas las relaciones sociales de producci\u00f3n capitalista. Las masas deben de luchar por esto y nada m\u00e1s.<\/p>\n<p style=\"text-align: justify;\">En esta elecci\u00f3n se enfrent\u00f3 al movimiento ALIANZA, liderado por el partido LIBRE, con su candidato Salvador Nasralla contra Juan Orlando Hern\u00e1ndez, actual presidente de Honduras y el Partido Nacional. Un proceso lleno de irregularidades que desencaden\u00f3 una crisis pol\u00edtica y social que sigue bajo la sombra del golpe de Estado del 2009<\/p>\n<p style=\"text-align: justify;\">El Partido LIBRE, liderado por el ex presidente Mel Zelaya, derrocado por el golpe en el 2009 (con el apoyo de EEUU), es un movimiento que ilusiona a gran parte de la poblaci\u00f3n hondure\u00f1a ya que se presenta como una alternativa a los problemas de corrupci\u00f3n, narcotr\u00e1fico y violencia los cuales han aumentado en los \u00faltimos dos gobiernos del Partido Nacional.<\/p>\n<p style=\"text-align: justify;\">Durante la protesta, un joven aprovech\u00f3 la oportunidad frente a las c\u00e1maras y mand\u00f3 un mensaje a los l\u00edderes de LIBRE. \u201cEstamos aqu\u00ed, estamos en la calle, d\u00edganos que hacer y lo hacemos\u201d.<\/p>\n<p style=\"text-align: justify;\">LIBRE llam\u00f3 a luchar en contra del fraude pero de una forma pac\u00edfica. Mientras pasan los d\u00edas, el gobierno de Honduras trata de controlar la situaci\u00f3n, ahora el Tribunal Supremo Electoral ha declarado como ganador a Juan Orlando Hern\u00e1ndez.<\/p>\n<p style=\"text-align: justify;\">Estos acontecimientos nos obligan a estudiar a profundidad el proceso hondure\u00f1o y ver la gran oportunidad con la clase trabajadora hondure\u00f1a para luchar con ellos a organizar por la revoluci\u00f3n comunista. Los camaradas en El Salvador podemos ayudar a planificar el trabajo comunista con los camaradas en Honduras.<\/p>\n<p style=\"text-align: justify;\">Los miembros del PCOI hemos aprendido de las luchas por la liberaci\u00f3n nacional y las elecciones en los pa\u00edses donde estamos, en especial en El Salvador y Sud\u00e1frica. Estas experiencias y compromiso de movilizar a las masas para el comunismo es lo que nos debe impulsar a reactivar el trabajo en Honduras.<\/p>\n<p style=\"text-align: justify;\">Las masas en Honduras est\u00e1n abiertas a las ideas comunistas. Desean un mundo que solo el comunismo puede crear. El organizarlas bajo la bandera de nuestro partido es un proceso lento. Las masas no deben presentarse cada 5 a\u00f1os a una elecci\u00f3n bajo el juego burgu\u00e9s de la democracia electoral. Los tiempos nos exigen que seamos m\u00e1s audaces y m\u00e1s decididos. Los camaradas en otros lugares en Am\u00e9rica Central deben construir y consolidar los canales de comunicaci\u00f3n con nuestros camaradas en Honduras y ayudarles en la construcci\u00f3n de una estructura m\u00e1s fuerte del PCOI all\u00ed.<\/p>\n<h4><a href=\"http:\/\/icwpredflag.org\/wp\/wordpress\/wps\/volumen-8-numero-16\/\">Primera p\u00e1gina de esta edici\u00f3n<\/a><\/h4>\n","protected":false},"excerpt":{"rendered":"<p>El 19 de diciembre\u2014Las elecciones presidenciales en Honduras se realizaron el 27 de noviembre. Miles de hondure\u00f1os\u2014hombres y mujeres\u2014a lo largo del pa\u00eds salieron a protestar contra el aparente fraude descarado. Se tomaron calles, carreteras, comunidades e hicieron un llamado por una huelga nacional en la cual la vasta mayor\u00eda particip\u00f3. El gobierno orden\u00f3 toque &hellip; <a href=\"https:\/\/icwpredflag.org\/wp\/wordpress\/wps\/volumen-8-numero-16\/honduras-rebelion-masiva-muestra-potencial-para-construir-el-pcoi\/\" class=\"more-link\">Sigue leyendo <span class=\"screen-reader-text\">Honduras: Rebeli\u00f3n Masiva Muestra Potencial para Construir el PCOI<\/span><\/a><\/p>\n","protected":false},"author":1,"featured_media":282,"parent":1825,"menu_order":0,"comment_status":"closed","ping_status":"closed","template":"","meta":{"footnotes":""},"class_list":["post-1861","page","type-page","status-publish","has-post-thumbnail","hentry"],"_links":{"self":[{"href":"https:\/\/icwpredflag.org\/wp\/wordpress\/wps\/wp-json\/wp\/v2\/pages\/1861","targetHints":{"allow":["GET"]}}],"collection":[{"href":"https:\/\/icwpredflag.org\/wp\/wordpress\/wps\/wp-json\/wp\/v2\/pages"}],"about":[{"href":"https:\/\/icwpredflag.org\/wp\/wordpress\/wps\/wp-json\/wp\/v2\/types\/page"}],"author":[{"embeddable":true,"href":"https:\/\/icwpredflag.org\/wp\/wordpress\/wps\/wp-json\/wp\/v2\/users\/1"}],"replies":[{"embeddable":true,"href":"https:\/\/icwpredflag.org\/wp\/wordpress\/wps\/wp-json\/wp\/v2\/comments?post=1861"}],"version-history":[{"count":4,"href":"https:\/\/icwpredflag.org\/wp\/wordpress\/wps\/wp-json\/wp\/v2\/pages\/1861\/revisions"}],"predecessor-version":[{"id":1866,"href":"https:\/\/icwpredflag.org\/wp\/wordpress\/wps\/wp-json\/wp\/v2\/pages\/1861\/revisions\/1866"}],"up":[{"embeddable":true,"href":"https:\/\/icwpredflag.org\/wp\/wordpress\/wps\/wp-json\/wp\/v2\/pages\/1825"}],"wp:featuredmedia":[{"embeddable":true,"href":"https:\/\/icwpredflag.org\/wp\/wordpress\/wps\/wp-json\/wp\/v2\/media\/282"}],"wp:attachment":[{"href":"https:\/\/icwpredflag.org\/wp\/wordpress\/wps\/wp-json\/wp\/v2\/media?parent=1861"}],"curies":[{"name":"wp","href":"https:\/\/api.w.org\/{rel}","templated":true}]}}