{"id":1871,"date":"2017-12-29T04:15:57","date_gmt":"2017-12-29T04:15:57","guid":{"rendered":"http:\/\/icwpredflag.org\/wp\/wordpress\/wps\/?page_id=1871"},"modified":"2017-12-29T04:20:20","modified_gmt":"2017-12-29T04:20:20","slug":"la-dialectica-en-el-organizar-comunista","status":"publish","type":"page","link":"https:\/\/icwpredflag.org\/wp\/wordpress\/wps\/volumen-8-numero-16\/la-dialectica-en-el-organizar-comunista\/","title":{"rendered":"La Dial\u00e9ctica en el Organizar Comunista"},"content":{"rendered":"<p><img loading=\"lazy\" decoding=\"async\" class=\" wp-image-1873 aligncenter\" src=\"http:\/\/icwpredflag.org\/wp\/wordpress\/wps\/wp-content\/uploads\/sites\/2\/2017\/12\/quanquant-300x229.jpg\" alt=\"\" width=\"577\" height=\"440\" srcset=\"https:\/\/icwpredflag.org\/wp\/wordpress\/wps\/wp-content\/uploads\/sites\/2\/2017\/12\/quanquant-300x229.jpg 300w, https:\/\/icwpredflag.org\/wp\/wordpress\/wps\/wp-content\/uploads\/sites\/2\/2017\/12\/quanquant-768x586.jpg 768w, https:\/\/icwpredflag.org\/wp\/wordpress\/wps\/wp-content\/uploads\/sites\/2\/2017\/12\/quanquant-1024x781.jpg 1024w, https:\/\/icwpredflag.org\/wp\/wordpress\/wps\/wp-content\/uploads\/sites\/2\/2017\/12\/quanquant.jpg 1398w\" sizes=\"auto, (max-width: 577px) 100vw, 577px\" \/><\/p>\n<h4 style=\"text-align: center;\"><span style=\"color: #ff0000;\"><strong>Haciendo Que Se Den Cambios Cualitativos<\/strong><\/span><\/h4>\n<p style=\"text-align: justify;\">Un cambio en el cual uno tiene m\u00e1s o menos de algo que puede medirse num\u00e9ricamente es un cambio en cantidad.\u00a0Esto podr\u00eda ser un cambio en la temperatura, el puntaje en un juego, el tama\u00f1o de un movimiento pol\u00edtico, la cantidad de dinero en tu cheque; todos estos son cambios cuantitativos.<\/p>\n<p style=\"text-align: justify;\">Si un cambio de cantidad es peque\u00f1o y, a veces aunque sea grande, la cosa que cambia todav\u00eda se comporta o se puede utilizar de la misma manera.\u00a0Si la temperatura exterior sube o baja algunos grados, no cambiar\u00e1 mucho lo que puedes hacer.<\/p>\n<p style=\"text-align: justify;\">Sin embargo, hay otro tipo de cambio.\u00a0Por lo general, no se puede medir num\u00e9ricamente, sino que significa cambiar la manera en que se comportan las cosas o c\u00f3mo podemos usarlas.\u00a0Cuando el Sol se pone, se pone oscuro.\u00a0Por lo general, no puedes practicar deportes ni realizar otras actividades diurnas.\u00a0Cuando cocinas avena cruda se transforma en una cremosa comida de desayuno.\u00a0Cuando la revoluci\u00f3n obrera cree el comunismo, la miseria y las limitaciones del capitalismo habr\u00e1n terminado y las masas podr\u00e1n forjar su propio futuro.<\/p>\n<p style=\"text-align: justify;\">Estos no son solo cambios de m\u00e1s a menos o menos a m\u00e1s.\u00a0Son cambios en cualidad.<\/p>\n<p style=\"text-align: justify;\">El cambio en cualidad altera la organizaci\u00f3n interna de las cosas y nos permite, o nos obliga, tratarlas de nuevas maneras.<\/p>\n<p style=\"text-align: justify;\">Muchos aspectos del organizar comunista implican el cambio cualitativo.\u00a0Cuando decides hablar del comunismo con amigos y hacer que esas amistades sean pol\u00edticas, eso es un cambio en la cualidad.\u00a0Si un lector de <strong><em>Bandera Roja<\/em><\/strong> comienza a darles el peri\u00f3dico a otros, o si viene a un grupo de estudio, estos son cambios cualitativos.\u00a0Ingresar al Partido es un gran cambio en cualidad.\u00a0Implica comprometerse a trabajar por la revoluci\u00f3n comunista, no solo simpatizar con ella.<\/p>\n<p style=\"text-align: justify;\"><strong>Una ley dial\u00e9ctica<\/strong><\/p>\n<p style=\"text-align: justify;\">El cambio en la cantidad y el cambio en la cualidad tienen una relaci\u00f3n definida. Un suficiente aumento o disminuci\u00f3n en algo eventualmente resultar\u00e1 en un cambio cualitativo.\u00a0Calienta agua sobre la estufa por un tiempo suficiente y hervir\u00e1.<\/p>\n<p style=\"text-align: justify;\">Si las tarifas de autobuses o los asesinatos de la polic\u00eda o el desempleo aumenten lo suficientemente, o los salarios y la disponibilidad de la atenci\u00f3n m\u00e9dica decaen suficientemente, producir\u00e1n cambios cualitativos, pero no de un solo tipo.\u00a0Algunas personas se unir\u00e1n a las protestas masivas o finalmente decidir\u00e1n que hay que terminar el capitalismo.\u00a0Otros pueden volverse adictos a las drogas o recurrir a la religi\u00f3n.\u00a0Cu\u00e1les cambios cualitativos ocurrir\u00e1n depender\u00e1 de una variedad de factores, uno crucial es las acciones del movimiento comunista.<\/p>\n<p style=\"text-align: justify;\">Es una ley de la dial\u00e9ctica materialista que suficiente cambio en la cantidad conducir\u00e1 a un cambio en la cualidad.\u00a0Lo contrario tambi\u00e9n es cierto.\u00a0Un cambio en la cualidad puede producir un cambio en la cantidad.\u00a0Sin embargo, ser\u00eda un error pensar en los cambios cualitativos como cosas que simplemente suceden por s\u00ed solos o que nosotros podemos darles un empujoncito para all\u00e1 o para ac\u00e1.\u00a0A menudo podemos decidir hacer un cambio cualitativo.\u00a0Este es un hecho importante acerca de organizar para el comunismo<\/p>\n<p style=\"text-align: justify;\">Abriendo una nueva importante \u00e1rea de trabajo puede producir crecimiento.\u00a0Esto sucedi\u00f3 cuando el PCOI comenz\u00f3 a organizar en Sud\u00e1frica.\u00a0Comenzar a enfocarse en una f\u00e1brica en particular o comenzar trabajo pol\u00edtico militar puede conducir a la expansi\u00f3n de la influencia del Partido.\u00a0Pasar de distribuir <strong><em>Bandera Roja<\/em><\/strong> en frente de un lugar de trabajo a la distribuci\u00f3n mano a mano adentro del lugar puede abrir oportunidades importantes para el crecimiento.\u00a0Los camaradas en algunas \u00e1reas ahora est\u00e1n tratando de hacer cambios cualitativos en la forma como trabajamos con amigos y nuevos miembros, dependiendo de las personas para que tomen m\u00e1s liderazgo temprano y aprendan en la pr\u00e1ctica.<\/p>\n<p style=\"text-align: justify;\">Cuando nuestro trabajo parece estar llegando a un l\u00edmite, debemos buscar cambios cualitativos que podamos hacer para superar ese l\u00edmite.\u00a0Durante mucho tiempo, los camaradas en San Diego han tenido una distribuci\u00f3n constante de unos 100 <strong><em>Bandera Roja<\/em><\/strong> cada edici\u00f3n, entre los obreros y marineros del astillero de Nassco. Agregando m\u00e1s personas a nuestro equipo de distribuci\u00f3n hizo poca diferencia.\u00a0El cambio cualitativo de agregar otro astillero inmediatamente gener\u00f3 un gran aumento en los peri\u00f3dicos distribuidos.\u00a0Ahora estamos tratando de agregar un campus universitario a nuestra distribuci\u00f3n.<\/p>\n<p style=\"text-align: justify;\">Los camaradas en San Diego tambi\u00e9n est\u00e1n buscando conexiones m\u00e1s cercanas a las luchas por los derechos de los inmigrantes.\u00a0Muchos inmigrantes tienen el estatus DACA, que esta supuesto a expirar en marzo.\u00a0El primer obrero con el que hablamos en el nuevo astillero nos dijo que \u201calgo tiene que cambiar\u201d.\u00a0Hablamos con \u00e9l sobre la diferencia entre el socialismo y el comunismo.\u00a0Si utilizamos la dial\u00e9ctica para desarrollar nuestro trabajo pol\u00edtico de la manera correcta, el cambio que ocurrir\u00e1 ser\u00e1 una revoluci\u00f3n comunista.<\/p>\n<h4 style=\"text-align: justify;\"><a href=\"http:\/\/icwpredflag.org\/wp\/wordpress\/wps\/volumen-8-numero-16\/\">Primera p\u00e1gina de esta edici\u00f3n<\/a><\/h4>\n<p style=\"text-align: justify;\">\n","protected":false},"excerpt":{"rendered":"<p>Haciendo Que Se Den Cambios Cualitativos Un cambio en el cual uno tiene m\u00e1s o menos de algo que puede medirse num\u00e9ricamente es un cambio en cantidad.\u00a0Esto podr\u00eda ser un cambio en la temperatura, el puntaje en un juego, el tama\u00f1o de un movimiento pol\u00edtico, la cantidad de dinero en tu cheque; todos estos son &hellip; <a href=\"https:\/\/icwpredflag.org\/wp\/wordpress\/wps\/volumen-8-numero-16\/la-dialectica-en-el-organizar-comunista\/\" class=\"more-link\">Sigue leyendo <span class=\"screen-reader-text\">La Dial\u00e9ctica en el Organizar Comunista<\/span><\/a><\/p>\n","protected":false},"author":1,"featured_media":282,"parent":1825,"menu_order":0,"comment_status":"closed","ping_status":"closed","template":"","meta":{"footnotes":""},"class_list":["post-1871","page","type-page","status-publish","has-post-thumbnail","hentry"],"_links":{"self":[{"href":"https:\/\/icwpredflag.org\/wp\/wordpress\/wps\/wp-json\/wp\/v2\/pages\/1871","targetHints":{"allow":["GET"]}}],"collection":[{"href":"https:\/\/icwpredflag.org\/wp\/wordpress\/wps\/wp-json\/wp\/v2\/pages"}],"about":[{"href":"https:\/\/icwpredflag.org\/wp\/wordpress\/wps\/wp-json\/wp\/v2\/types\/page"}],"author":[{"embeddable":true,"href":"https:\/\/icwpredflag.org\/wp\/wordpress\/wps\/wp-json\/wp\/v2\/users\/1"}],"replies":[{"embeddable":true,"href":"https:\/\/icwpredflag.org\/wp\/wordpress\/wps\/wp-json\/wp\/v2\/comments?post=1871"}],"version-history":[{"count":4,"href":"https:\/\/icwpredflag.org\/wp\/wordpress\/wps\/wp-json\/wp\/v2\/pages\/1871\/revisions"}],"predecessor-version":[{"id":1876,"href":"https:\/\/icwpredflag.org\/wp\/wordpress\/wps\/wp-json\/wp\/v2\/pages\/1871\/revisions\/1876"}],"up":[{"embeddable":true,"href":"https:\/\/icwpredflag.org\/wp\/wordpress\/wps\/wp-json\/wp\/v2\/pages\/1825"}],"wp:featuredmedia":[{"embeddable":true,"href":"https:\/\/icwpredflag.org\/wp\/wordpress\/wps\/wp-json\/wp\/v2\/media\/282"}],"wp:attachment":[{"href":"https:\/\/icwpredflag.org\/wp\/wordpress\/wps\/wp-json\/wp\/v2\/media?parent=1871"}],"curies":[{"name":"wp","href":"https:\/\/api.w.org\/{rel}","templated":true}]}}