{"id":1889,"date":"2017-12-29T04:35:46","date_gmt":"2017-12-29T04:35:46","guid":{"rendered":"http:\/\/icwpredflag.org\/wp\/wordpress\/wps\/?page_id=1889"},"modified":"2017-12-29T04:50:45","modified_gmt":"2017-12-29T04:50:45","slug":"cartas-vol-8-no-16","status":"publish","type":"page","link":"https:\/\/icwpredflag.org\/wp\/wordpress\/wps\/volumen-8-numero-16\/cartas-vol-8-no-16\/","title":{"rendered":"Cartas, Vol 8, No 16"},"content":{"rendered":"<p style=\"text-align: justify;\"><strong>Ecuador: Viendo la Posibilidad del Comunismo<\/strong><\/p>\n<p style=\"text-align: justify;\">Al sur de Quito, en el municipio de Pintag, se encuentra la comunidad \u201cValencia\u201d. A m\u00e1s 3,000 metros sobre el nivel del mar, esta comunidad poblada originalmente por campesinos que accedieron a terrenos por la reforma agraria en Ecuador, es un ejemplo de organizaci\u00f3n comunal que nos da lecciones de c\u00f3mo construir una producci\u00f3n eliminando el dinero y las relaciones sociales capitalistas, pero tambi\u00e9n expone los l\u00edmites de la econom\u00eda solidaria y de la autonom\u00eda.<\/p>\n<p style=\"text-align: justify;\">\u201cNosotros renunciamos al presupuesto que nos asigna la alcald\u00eda, preferimos la maquinaria para asfaltar, eso es lo que realmente necesitamos\u201d nos explica Jos\u00e9, miembro de la comunidad.<\/p>\n<p style=\"text-align: justify;\">Los habitantes de Valencia se organizan en jornadas de trabajo llamadas \u201cMingas\u201d. Mientras lleg\u00e1bamos a la comunidad, un grupo de 50 personas, todas habitantes de la comunidad, trabajaban en el asfalto de una de las calles principales, un trabajo colectivo y basado en las necesidades.<\/p>\n<p style=\"text-align: justify;\">La comunidad tambi\u00e9n se organiza para la recolecci\u00f3n de agua, la ganader\u00eda, cultivos y esparcimiento. Una din\u00e1mica comunitaria que nos muestra como las masas pueden ser organizadas en una nueva econom\u00eda, una nueva forma de producir, vivir sin dinero y sin relaciones sociales capitalistas.<\/p>\n<p style=\"text-align: justify;\">La comunidad est\u00e1 luchando constantemente para defender su territorio de mineras transnacionales y de las empresas estatales.<\/p>\n<p style=\"text-align: justify;\">La miner\u00eda ocupa cada vez m\u00e1s territorio y contamina uno de los r\u00edos de la comunidad, mientras que el Estado pretende obtener recursos de este territorio para el funcionamiento de las zonas industriales y habitacionales de las ciudades m\u00e1s grandes.<\/p>\n<p style=\"text-align: justify;\">Pero los problemas tambi\u00e9n est\u00e1n dentro de la comunidad, las nuevas generaciones migran a la ciudad en busca de empleo. \u201cLos j\u00f3venes no trabajan en el campo, hoy est\u00e1n en f\u00e1bricas o se hacen polic\u00edas\u201d. Es aqu\u00ed donde los l\u00edmites de la organizaci\u00f3n comunitaria dentro de una sociedad capitalista son m\u00e1s claros.<\/p>\n<p style=\"text-align: justify;\">La comunidad de Valencia nos muestra que es posible movilizar a las masas ha trabajar colectivamente, pero tambi\u00e9n nos muestra que necesitamos controlar una extensi\u00f3n territorial considerable que nos permita obtener los recursos (en armon\u00eda con el medio ambiente) para solventar estas necesidades. Para poder solventar las necesidades b\u00e1sicas de una poblaci\u00f3n determinada ,bajo una producci\u00f3n planificada basada en las necesidades b\u00e1sicas humanas, tenemos que organizar una revoluci\u00f3n comunista.<\/p>\n<p style=\"text-align: justify;\">Es muy importante que los miembros de esta comunidad se integren a la discusi\u00f3n de la nueva sociedad comunista y de c\u00f3mo organizarnos para conseguirla. Esperamos que los contactos conseguidos se conviertan en lectores activos de <strong><em>Bandera Roja.<\/em><\/strong><\/p>\n<p style=\"text-align: justify;\">Joven Camarada<\/p>\n<p style=\"text-align: justify;\"><strong>Centrar la Discusi\u00f3n Sobre el Racismo en la Lucha por el Comunismo<\/strong><\/p>\n<p style=\"text-align: justify;\">Las cartas recientes sobre las respuestas liberales, marxistas y comunistas al racismo han conducido a mucha discusi\u00f3n \u00fatil. He aqu\u00ed est\u00e1 mi opini\u00f3n sobre esto.<\/p>\n<p style=\"text-align: justify;\">Algunos dicen que la diferencia clave es entre una visi\u00f3n liberal y una perspectiva marxista. En pocas palabras, muchos liberales creen que el racismo beneficia a los blancos (el argumento del \u201cprivilegio blanco\u201d), mientras que los marxistas creen que el racismo es perjudicial para todos los trabajadores.<\/p>\n<p style=\"text-align: justify;\">Esto es cierto hasta cierto punto, pero creo que un verdadero marxista lucha por el comunismo. Desde su inicio, nuestro Partido ha priorizado convencer a la gente de que el comunismo acabar\u00e1 con el racismo. En el comunismo, todos los trabajadores viviremos mejor y no habr\u00e1 privilegios para nadie. Ah\u00ed es donde debemos enfocar nuestros escritos, discusiones y pr\u00e1ctica.<\/p>\n<p style=\"text-align: justify;\">Al explicar c\u00f3mo solo el comunismo puede terminar con el flagelo del racismo, surgir\u00e1n todo tipo de ilusiones capitalistas (como el privilegio de la piel blanca). \u00bfCu\u00e1nto tiempo deber\u00edamos gastar convenciendo a la gente de que el privilegio blanco es un mito? Alg\u00fan tiempo, pero no la mayor\u00eda, y ciertamente no en lugar de centrarnos en las soluciones comunistas.<\/p>\n<p style=\"text-align: justify;\">Nuestra prioridad es ganar a la gente al comunismo. No solamente a un punto de vista \u201cmarxista\u201d que solo dice que bajo el capitalismo el racismo es perjudicial para toda la clase obrera.<\/p>\n<p style=\"text-align: justify;\">Creo que deber\u00edamos rechazar la idea de que los trabajadores necesitan estar preparados antes de poder considerar el comunismo. Hay muchos ejemplos de eso en escalas grandes y peque\u00f1as. Durante la mayor parte del siglo pasado, los comunistas pensaban que era necesario un largo per\u00edodo de socialismo para preparar el camino para el comunismo. En el movimiento de masas, cre\u00edan que las luchas reformistas combativas eran necesarias para preparar a los trabajadores.<\/p>\n<p style=\"text-align: justify;\">Una creciente cantidad de art\u00edculos y cartas de <strong><em>Bandera Roja<\/em><\/strong> comienzan abogando por el comunismo. Poco a poco nos alejamos de posponer la discusi\u00f3n del comunismo a la segunda mitad de estos que nuestros lectores puedan estar preparados para ello. En este sentido, la diferencia entre <strong><em>Bandera Roja<\/em><\/strong> y otras publicaciones izquierdistas es sorprendente.<\/p>\n<p style=\"text-align: justify;\">\u00bfPosponemos la discusi\u00f3n del comunismo con personas nuevas para prepararlas primero convenci\u00e9ndolas (por ejemplo) de que el racismo bajo el capitalismo perjudica a los trabajadores? En el pasado, los comunistas crearon organizaciones enteras para facilitar dicha preparaci\u00f3n.<\/p>\n<p style=\"text-align: justify;\">Un mejor enfoque (en mi opini\u00f3n) es empezar con el comunismo. Cuando conocemos personas en las cuales podemos confiar, debemos comenzar habl\u00e1ndoles de comunismo y involucrarlas en actividades comunistas. En mi experiencia, incluso las personas que tienen desacuerdos a menudo est\u00e1n felices de ayudar.<\/p>\n<p style=\"text-align: justify;\">En Boeing, tenemos un amigo cercano que lleva nuestro enfoque comunista a docenas de activistas j\u00f3venes y viejos. Hubo un tiempo en que estuvo activo en el sindicato y en todo tipo de movimientos contra el racismo. \u00bfPasamos la mayor parte de nuestro tiempo convenci\u00e9ndolo de lo malo que eran estos grupos? No, le ofrecimos una alternativa comunista que \u00e9l adopt\u00f3 como propia. Cualquier discusi\u00f3n que ahora tenemos sobre grupos reformistas la tenemos en el contexto de su trabajo comunista.<\/p>\n<p style=\"text-align: justify;\">En el movimiento, organizamos a la gente para que luchen como comunistas, no como meros activistas combativos en una organizaci\u00f3n de fachada. Finalmente, hemos desechados la idea del socialismo como preparaci\u00f3n para el comunismo. \u00a1Es el comunismo desde el mero comienzo!<\/p>\n<p style=\"text-align: justify;\"><strong>Debemos Refutar el Nacionalismo y las Ideas de \u201cPrivilegio\u201d sobre<\/strong><\/p>\n<p style=\"text-align: justify;\"><strong>el Racismo<\/strong><\/p>\n<p style=\"text-align: justify;\">Esta carta agrega algunos comentarios y algunas experiencias, del trabajo en una universidad en California, a la carta en la \u00faltima edici\u00f3n (Vol. 8, No. 15) titulada \u201cMarxismo Versus Liberalismo Sobre Raza Y racismo\u201d.\u00a0La idea del \u201cprivilegio de la piel blanca\u201d que alega que la mayor\u00eda de los blancos se benefician del racismo es como la mayor\u00eda de estudiantes y la facultad ven las cosas.\u00a0Esta idea equivocada respalda la perspectiva y la organizaci\u00f3n nacionalista que es la clase de activismo concerniente al racismo m\u00e1s com\u00fan en el campus.\u00a0A los estudiantes que les gusta Bandera Roja, incluso aquellos que se han integrado a nuestros c\u00edrculos de estudios, a menudo ven estas organizaciones nacionalistas, como Mecha y A. Ch.\u00a0A. (grupos nacionalistas\u00a0 m\u00e9xico-americanos) o Estudiantes por la Justicia en Palestina, como alternativas al Partido, en lugar de lugares para llevar las ideas comunistas.<\/p>\n<p style=\"text-align: justify;\">Yo ense\u00f1o un curso de \u00e9tica que incluye una secci\u00f3n sobre por qu\u00e9 el racismo es malo y c\u00f3mo combatirlo.\u00a0Los estudiantes a menudo entienden que el racismo beneficia a los capitalistas.\u00a0Sin embargo, muchos son muy esc\u00e9pticos respecto a la idea de que es la clase, no la raza, lo que determina qui\u00e9nes tienen intereses comunes. Esto parece ser particularmente cierto de los estudiantes afroamericanos.<\/p>\n<p style=\"text-align: justify;\">Tanto en el trabajo pol\u00edtico en el campus como en la clase, el punto de vista del \u201cprivilegio de la piel blanca\u201d resulta ser un obst\u00e1culo importante para ver al racismo como un producto del capitalismo y para concluir con nosotros que solo el comunismo puede terminar con el racismo.\u00a0Creo que es muy importante que nuestro Partido confronte y refute las ideas nacionalistas y de \u201cprivilegio\u201d sobre el racismo.\u00a0Esto es esencial para ganar masas a nuestra l\u00ednea.<\/p>\n<p style=\"text-align: justify;\">&#8211; Profesor Rojo<\/p>\n<p><strong>Escuchad a las Masas Obreras Cantar<\/strong><\/p>\n<p style=\"text-align: justify;\">Encontr\u00e9 esto en un sitio Web que ten\u00eda algunas viejas canciones del Movimiento Obrero. Me gusta la m\u00fasica de Mendelssohn, pero las palabras sobre dios y los \u00e1ngeles no me atraen. Quiz\u00e1s otros lectores de Bandera Roja prefieran cantar estas palabras del activista laboral estadounidense Joe Hill. Creo que hay otros vers\u00edculos, pero solo obtuve este, y ahora no puedo encontrar el sitio nuevamente.<\/p>\n<p style=\"padding-left: 90px;\">Escuchad la masa obrera cantar<\/p>\n<p style=\"padding-left: 90px;\">\u00a0\u00a0\u00a0\u00a0\u00a0\u00a0\u00a0\u00a0\u00a0\u00a0\u00a0 Al futuro Rey la gloria dar<\/p>\n<p style=\"padding-left: 90px;\">Paz en la tierra y misericordia leve<\/p>\n<p style=\"padding-left: 90px;\">\u00a0\u00a0\u00a0\u00a0\u00a0\u00a0\u00a0\u00a0\u00a0\u00a0\u00a0 A ning\u00fan trabajador se le reprende.<\/p>\n<p style=\"padding-left: 90px;\">Alegres vosotras naciones surgen_<\/p>\n<p style=\"padding-left: 90px;\">\u00a0\u00a0\u00a0\u00a0\u00a0\u00a0\u00a0\u00a0\u00a0\u00a0\u00a0 Dale a los patrones un asombro<\/p>\n<p style=\"padding-left: 90px;\">Cuando ganemos, proclamaremos<\/p>\n<p style=\"padding-left: 90px;\">\u00a0\u00a0\u00a0\u00a0\u00a0\u00a0\u00a0\u00a0\u00a0\u00a0\u00a0 El amor es libre, el dinero lo culparemos<\/p>\n<p style=\"padding-left: 90px;\">Escuchad la masa obrera cantar<\/p>\n<p style=\"padding-left: 90px;\">\u00a0\u00a0\u00a0\u00a0\u00a0\u00a0\u00a0\u00a0\u00a0\u00a0\u00a0 El Rey todos juntos seremos<\/p>\n<p><strong><em>Lector Musical<\/em><\/strong><\/p>\n<p><strong>Las Tradiciones y el Comunismo<\/strong><\/p>\n<p>Un camarada en \u00c1frica pregunt\u00f3 sobre la sociedad comunista, los antepasados \u200b\u200by las tradiciones.<\/p>\n<p>Mis padres son de M\u00e9xico y yo nac\u00ed all\u00ed. Crec\u00ed en un hogar mexicano en EEUU y a\u00fan vivo en EEUU. Mis padres, como muchos mexicanos en California, eran obreros agr\u00edcolas mientras crec\u00eda.<\/p>\n<p>Creo que el camarada esencialmente estaba preguntando sobre la cultura. La cultura abarca todos los aspectos del modo de vida de un grupo. Incluye el idioma, las creencias religiosas, las costumbres, la etiqueta y los valores e ideas que la gente usa para organizar sus vidas e interpretar su existencia.<\/p>\n<p>Las familias tienen m\u00e1s en com\u00fan que diferencias, basado m\u00e1s en el nivel de sus ingresos que en la cultura. Me gustan y me desagradan algunas tradiciones con las que crec\u00ed.<\/p>\n<p>Me gusta tener lazos fuertes con la familia inmediata y extensa. La conexi\u00f3n se extend\u00eda a nuestra comunidad. Las bodas y Quincea\u00f1eras eran grandes eventos donde la familia y la comunidad ayudaban a hacerlas divertidas y exitosas. La conectividad era importante y valiosa.<\/p>\n<p>Pero no me gusta el machismo \/ sexismo en nuestra cultura. Recuerdo una vez cuando volvimos a casa de comprar la comida. Mi padre estaba cansado y con hambre, como todos nosotros, pero exigi\u00f3 que mi madre se apresurara en preparar la cena. Mi madre estaba ocupada guardando los v\u00edveres y atendi\u00e9ndonos (yo ten\u00eda 3 a\u00f1os, una hermana 2 y la otra ten\u00eda 5). Quiz\u00e1s ella no se mov\u00eda lo suficientemente r\u00e1pido para mi padre. \u00c9l se volvi\u00f3 agresivo y arroj\u00f3 una bolsa de frijoles al otro lado del cuarto. La bolsa se abri\u00f3 y tuvimos que recogerlos, mientras nuestra madre lloraba.<\/p>\n<p>Al d\u00eda siguiente, mi hermana mayor le pregunt\u00f3 a nuestra madre qu\u00e9 hab\u00eda pasado. Ella dijo algo acerca de que a mi padre se le botaban las canicas, pero nada sobre lo irracional de sus expectativas.<\/p>\n<p>En la cultura mexicana, se supone que la mujer debe ocuparse de las necesidades de su hombre y el hombre es el proveedor. Sin embargo, mi madre trabajaba junto a mi padre en el campo, por lo tanto no lo entend\u00eda. Afortunadamente para nuestra familia, en esta \u00e9poca conocimos el partido comunista. Los camaradas lucharon con mis padres en torno al tema del sexismo y el machismo de mi padre.<\/p>\n<p>Creo que en el comunismo continuaremos con las pr\u00e1cticas \/ tradiciones que son \u00fatiles para nuestra sociedad colectiva. Lucharemos entre nosotros para eliminar las pr\u00e1cticas pasadas que nos da\u00f1an como sociedad colectiva. Cada cultura tiene algo bueno y algo malo. Nos toca a todos resolver esto y participar en la lucha.<\/p>\n<p>Camarada en California (EEUU)<\/p>\n<p><img loading=\"lazy\" decoding=\"async\" class=\" wp-image-1897 aligncenter\" src=\"http:\/\/icwpredflag.org\/wp\/wordpress\/wps\/wp-content\/uploads\/sites\/2\/2017\/12\/argentine-300x233.jpg\" alt=\"\" width=\"571\" height=\"444\" srcset=\"https:\/\/icwpredflag.org\/wp\/wordpress\/wps\/wp-content\/uploads\/sites\/2\/2017\/12\/argentine-300x233.jpg 300w, https:\/\/icwpredflag.org\/wp\/wordpress\/wps\/wp-content\/uploads\/sites\/2\/2017\/12\/argentine.jpg 468w\" sizes=\"auto, (max-width: 571px) 100vw, 571px\" \/><\/p>\n<p style=\"text-align: justify;\"><strong>13 de Diciembre-Obreros agentinos, j\u00f3venes y adultos, se enfrentan masivamente y en forma combativa a polic\u00edas y soldados, para protestar en contra de una nueva rerforma a las pensionesque les robara $5.6 mil millones de d\u00f3lares de los trabajadores jubilados. En el comunismo la seguridad de todos estar\u00e1 asegurada <\/strong><strong>y nuestras vidas no dependeran del dinero<\/strong><\/p>\n<h4 style=\"text-align: justify;\"><a href=\"http:\/\/icwpredflag.org\/wp\/wordpress\/wps\/volumen-8-numero-16\/\">Primera p\u00e1gina de esta edici\u00f3n<\/a><\/h4>\n","protected":false},"excerpt":{"rendered":"<p>Ecuador: Viendo la Posibilidad del Comunismo Al sur de Quito, en el municipio de Pintag, se encuentra la comunidad \u201cValencia\u201d. A m\u00e1s 3,000 metros sobre el nivel del mar, esta comunidad poblada originalmente por campesinos que accedieron a terrenos por la reforma agraria en Ecuador, es un ejemplo de organizaci\u00f3n comunal que nos da lecciones &hellip; <a href=\"https:\/\/icwpredflag.org\/wp\/wordpress\/wps\/volumen-8-numero-16\/cartas-vol-8-no-16\/\" class=\"more-link\">Sigue leyendo <span class=\"screen-reader-text\">Cartas, Vol 8, No 16<\/span><\/a><\/p>\n","protected":false},"author":1,"featured_media":282,"parent":1825,"menu_order":0,"comment_status":"closed","ping_status":"closed","template":"","meta":{"footnotes":""},"class_list":["post-1889","page","type-page","status-publish","has-post-thumbnail","hentry"],"_links":{"self":[{"href":"https:\/\/icwpredflag.org\/wp\/wordpress\/wps\/wp-json\/wp\/v2\/pages\/1889","targetHints":{"allow":["GET"]}}],"collection":[{"href":"https:\/\/icwpredflag.org\/wp\/wordpress\/wps\/wp-json\/wp\/v2\/pages"}],"about":[{"href":"https:\/\/icwpredflag.org\/wp\/wordpress\/wps\/wp-json\/wp\/v2\/types\/page"}],"author":[{"embeddable":true,"href":"https:\/\/icwpredflag.org\/wp\/wordpress\/wps\/wp-json\/wp\/v2\/users\/1"}],"replies":[{"embeddable":true,"href":"https:\/\/icwpredflag.org\/wp\/wordpress\/wps\/wp-json\/wp\/v2\/comments?post=1889"}],"version-history":[{"count":8,"href":"https:\/\/icwpredflag.org\/wp\/wordpress\/wps\/wp-json\/wp\/v2\/pages\/1889\/revisions"}],"predecessor-version":[{"id":1898,"href":"https:\/\/icwpredflag.org\/wp\/wordpress\/wps\/wp-json\/wp\/v2\/pages\/1889\/revisions\/1898"}],"up":[{"embeddable":true,"href":"https:\/\/icwpredflag.org\/wp\/wordpress\/wps\/wp-json\/wp\/v2\/pages\/1825"}],"wp:featuredmedia":[{"embeddable":true,"href":"https:\/\/icwpredflag.org\/wp\/wordpress\/wps\/wp-json\/wp\/v2\/media\/282"}],"wp:attachment":[{"href":"https:\/\/icwpredflag.org\/wp\/wordpress\/wps\/wp-json\/wp\/v2\/media?parent=1889"}],"curies":[{"name":"wp","href":"https:\/\/api.w.org\/{rel}","templated":true}]}}