{"id":204,"date":"2017-02-06T04:45:04","date_gmt":"2017-02-06T04:45:04","guid":{"rendered":"http:\/\/icwpredflag.org\/wp\/wordpress\/wps\/?page_id=204"},"modified":"2017-02-08T23:25:12","modified_gmt":"2017-02-08T23:25:12","slug":"costureros-en-ee-uu-deben-luchar-por-acabar-esclavitud-salarial","status":"publish","type":"page","link":"https:\/\/icwpredflag.org\/wp\/wordpress\/wps\/volumen-7-numero-21\/costureros-en-ee-uu-deben-luchar-por-acabar-esclavitud-salarial\/","title":{"rendered":"Costureros Deben Luchar Por Acabar Esclavitud Salarial"},"content":{"rendered":"<p style=\"text-align: justify;\"><strong>LOS \u00c1NGELES, USA<\/strong>\u2014El 16 de enero cerr\u00f3 sus puertas la f\u00e1brica de costura American Apparel (AA), dejando sin empleo a m\u00e1s de 2,400 obreros y obreras. AA es una f\u00e1brica m\u00e1s que cae en un mundo capitalista lleno de sobreproducci\u00f3n. La bancarrota lleg\u00f3 despu\u00e9s de a\u00f1os de una competencia sin cuartel contra otras marcas y patrones.<\/p>\n<p style=\"text-align: justify;\">AA al igual que todos los patrones, por a\u00f1os amasaron grandes ganancias, ahora esa f\u00e1brica no es rentable, agarran sus maletas con sus millones y se van. Dejando a miles a la intemperie, sin importarles sus vidas y la de sus familias.<\/p>\n<p style=\"text-align: justify;\">Muchos de estos obreros\/as est\u00e1n muy enojados buscando maneras de demandar a la compa\u00f1\u00eda AA por salarios atrasados, bonos y por lesiones sufridas durante sus a\u00f1os de laborar en la f\u00e1brica. La ilusi\u00f3n de que las cortes patronales favorecer\u00e1n a los trabajadores lleva a muchos a poner esta lucha en las manos de los abogados y las cortes. Y aunque se ganaran estas demandas, los obreros y obreras seguiremos siendo esclavos asalariados. Por otro lado, la lucha por el comunismo les da la oportunidad de tomar su futuro en sus manos.<\/p>\n<p style=\"text-align: justify;\">La mayor\u00eda de estos obreros y obreras, la mayor\u00eda inmigrantes, al igual que miles m\u00e1s en la industria de la costura son potencialmente l\u00edderes de la clase obrera. Templados en condiciones dif\u00edciles de la vida, viajando miles de kil\u00f3metros, sin dinero ni documentos, desde sus lugares de origen hasta las grandes ciudades de EEUU. Atravesando desiertos bajo su inmenso calor y el fr\u00edo de las monta\u00f1as, estos llegan a laborar en estas f\u00e1bricas de miseria. Este proceso no es muestra de una clase d\u00e9bil, sino todo lo contrario, de un sector lleno de fortaleza.<\/p>\n<p style=\"text-align: justify;\">Muchos de estos vinieron con experiencias en combatir en contra del capitalismo fascista. Organizaron en las f\u00e1bricas, escuelas y el campo. Estos obreros y obreras no son los d\u00e9biles y desamparados que los patrones quieren hacerlos ver. Dentro de ellos hay el potencial de dirigir a las masas a luchar por un mundo sin fronteras, sin dinero y sin explotaci\u00f3n.<\/p>\n<p style=\"text-align: justify;\">Las puertas de PCOI est\u00e1n abiertas a todos los obreros y obreras, para luchar por una sociedad comunista y tomar su futuro en sus manos. Hoy muchos de estos ir\u00e1n a otras f\u00e1bricas y talleres, y pueden llevar ese enojo de esta experiencia no solo contra AA sino contra todo el sistema capitalista. El mismo sistema que nos oblig\u00f3 a salir de nuestros lugares para continuar una vida de lucha constante como un callej\u00f3n sin salida.<\/p>\n<p style=\"text-align: justify;\">Cientos de ellos, al igual que cientos m\u00e1s en toda la industria de la costura en Los \u00c1ngeles, han le\u00eddo por a\u00f1os Bandera Roja y su lucha por un mundo comunista. Estos deben hacer suya la meta de un mundo donde todos los trabajadores liberados de la cadena de la esclavitud asalariada, podamos compartir seg\u00fan nuestras necesidades lo producido por nosotros mismos.<\/p>\n<p style=\"text-align: justify;\"><strong>EL SALVADOR<\/strong>\u2014\u201cUstedes quieren ganar m\u00e1s dinero y trabajar menos\u201d, grit\u00f3 una supervisora de la f\u00e1brica. Una obrera le contest\u00f3 \u201cT\u00fa has ganado siempre el dinero sin hacer nada\u201d. Este tipo de discusiones se han dado en las f\u00e1bricas por el aumento al salario m\u00ednimo de $0.87 a $1.23 la hora laborada.<\/p>\n<p style=\"text-align: justify;\">El fmln y los sindicatos quieren mostrar este aumento como un gran avance, pero la realidad es que solo est\u00e1n negociando el valor de la fuerza de trabajo. Este aumento sigue manteniendo la esclavitud asalariada, no pretende acabar con su compra-venta. La clase trabajadora necesita abolir tal tabla de valoraci\u00f3n de la fuerza laboral para que esta s\u00f3lo se USE para satisfacer las necesidades humanas, y no se compre y venda nunca m\u00e1s.<\/p>\n<p style=\"text-align: justify;\">Para responder a estas situaciones sobre el salario m\u00ednimo, la esclavitud asalariada y un mundo sin dinero, decidimos ir a donde se ubican las f\u00e1bricas textiles (maquilas) en la capital para realizar la actividad de distribuir 300 volantes comunistas y 100 ejemplares de <strong><em>Bandera Roja<\/em><\/strong>.<\/p>\n<p style=\"text-align: justify;\">\u201cAh, es <strong><em>Bandera Roja<\/em><\/strong>\u201d exclamaron dos obreros al recibir nuestro volante y peri\u00f3dico\u201d.<\/p>\n<p style=\"text-align: justify;\">\u201clos patrones saben que existe el Partido y que somos los \u00fanicos que denunciamos el sistema de ellos y proponemos el comunismo\u201d, asegur\u00f3 una l\u00edder obrera.<\/p>\n<p style=\"text-align: justify;\">Queremos mostrar que no hay \u201csalario justo\u201d, aun duplicando el salario, seguir\u00edamos encadenados al sistema capitalista. No queremos cadenas m\u00e1s largas, sino deshacernos de las cadenas. Todo trabajador necesita comprender este concepto y unirse al Partido, para hacer una revoluci\u00f3n comunista y construir una sociedad comunista.<\/p>\n<p style=\"text-align: justify;\">Nuestro mensaje es claro: Solo una sociedad comunista eliminar\u00e1 el dinero y la explotaci\u00f3n. Organizar la producci\u00f3n industrial y el trabajo de las comunidades en funci\u00f3n de las necesidades de sus integrantes, eso es vivir en comunidad, eso es ser comunista. Por este objetivo las c\u00e9lulas del PCOI aqu\u00ed en el pa\u00eds y a nivel internacional se encuentran realizando actividades pol\u00edticas y organizando m\u00e1s trabajadores para construir un fuerte movimiento comunista obrero.<\/p>\n<p style=\"text-align: justify;\">Tambi\u00e9n nuestra presencia fue una muestra de apoyo y denuncia en contra de los atropellos patronales tales como despidos, anulaci\u00f3n de horas extras y ataques psicol\u00f3gicos que sufren todos los d\u00edas los trabajadores de ese complejo industrial.<\/p>\n<p style=\"text-align: justify;\">Las amenazas de los patronos, de que van a retirase del pa\u00eds por el aumento al salario m\u00ednimo, son parte de su estrategia para dividir y atemorizar a la clase obrera. Sin embargo, aun con el aumento, el salario m\u00ednimo en El Salvador sigue siendo el m\u00e1s bajo de la regi\u00f3n centroamericana.<\/p>\n<p style=\"text-align: justify;\">Del lugar nos retiramos satisfechos por repartir todo el material y ser testigos del inter\u00e9s, que observamos de primera mano, por parte de otros trabajadores que a pesar de no estar en el PCOI nos reconocen y conf\u00edan en nuestro mensaje. Saben que fuera y dentro de la f\u00e1brica hay un movimiento obrero luchando para organizar a la clase obrera en la lucha diaria contra los patronos y sus servidores por un mundo comunista.<\/p>\n<p style=\"text-align: justify;\">Este a\u00f1o inicia con m\u00e1s trabajadores, distribuidores y estudiantes leyendo nuestro peri\u00f3dico <strong><em>Bandera Roja<\/em><\/strong> en las aceras, en los autobuses, de camino al mercado y planificando el Primero de Mayo Comunista.<\/p>\n<p style=\"text-align: justify;\"><strong><a class=\"icwp-list\" href=\"https:\/\/icwpredflag.org\/wp\/wordpress\/wps\/volumen-7-numero-21\/\">Primera P\u00e1gina<\/a><\/strong><\/p>\n","protected":false},"excerpt":{"rendered":"<p>LOS \u00c1NGELES, USA\u2014El 16 de enero cerr\u00f3 sus puertas la f\u00e1brica de costura American Apparel (AA), dejando sin empleo a m\u00e1s de 2,400 obreros y obreras. AA es una f\u00e1brica m\u00e1s que cae en un mundo capitalista lleno de sobreproducci\u00f3n. La bancarrota lleg\u00f3 despu\u00e9s de a\u00f1os de una competencia sin cuartel contra otras marcas y &hellip; <a href=\"https:\/\/icwpredflag.org\/wp\/wordpress\/wps\/volumen-7-numero-21\/costureros-en-ee-uu-deben-luchar-por-acabar-esclavitud-salarial\/\" class=\"more-link\">Sigue leyendo <span class=\"screen-reader-text\">Costureros Deben Luchar Por Acabar Esclavitud Salarial<\/span><\/a><\/p>\n","protected":false},"author":1,"featured_media":282,"parent":180,"menu_order":0,"comment_status":"closed","ping_status":"closed","template":"","meta":{"footnotes":""},"class_list":["post-204","page","type-page","status-publish","has-post-thumbnail","hentry"],"_links":{"self":[{"href":"https:\/\/icwpredflag.org\/wp\/wordpress\/wps\/wp-json\/wp\/v2\/pages\/204","targetHints":{"allow":["GET"]}}],"collection":[{"href":"https:\/\/icwpredflag.org\/wp\/wordpress\/wps\/wp-json\/wp\/v2\/pages"}],"about":[{"href":"https:\/\/icwpredflag.org\/wp\/wordpress\/wps\/wp-json\/wp\/v2\/types\/page"}],"author":[{"embeddable":true,"href":"https:\/\/icwpredflag.org\/wp\/wordpress\/wps\/wp-json\/wp\/v2\/users\/1"}],"replies":[{"embeddable":true,"href":"https:\/\/icwpredflag.org\/wp\/wordpress\/wps\/wp-json\/wp\/v2\/comments?post=204"}],"version-history":[{"count":6,"href":"https:\/\/icwpredflag.org\/wp\/wordpress\/wps\/wp-json\/wp\/v2\/pages\/204\/revisions"}],"predecessor-version":[{"id":277,"href":"https:\/\/icwpredflag.org\/wp\/wordpress\/wps\/wp-json\/wp\/v2\/pages\/204\/revisions\/277"}],"up":[{"embeddable":true,"href":"https:\/\/icwpredflag.org\/wp\/wordpress\/wps\/wp-json\/wp\/v2\/pages\/180"}],"wp:featuredmedia":[{"embeddable":true,"href":"https:\/\/icwpredflag.org\/wp\/wordpress\/wps\/wp-json\/wp\/v2\/media\/282"}],"wp:attachment":[{"href":"https:\/\/icwpredflag.org\/wp\/wordpress\/wps\/wp-json\/wp\/v2\/media?parent=204"}],"curies":[{"name":"wp","href":"https:\/\/api.w.org\/{rel}","templated":true}]}}