{"id":2066,"date":"2018-02-07T05:29:02","date_gmt":"2018-02-07T05:29:02","guid":{"rendered":"http:\/\/icwpredflag.org\/wp\/wordpress\/wps\/?page_id=2066"},"modified":"2018-02-07T05:35:26","modified_gmt":"2018-02-07T05:35:26","slug":"capitalistas-de-ee-uu-atacan-a-los-sindicatos-de-empleados-publicos","status":"publish","type":"page","link":"https:\/\/icwpredflag.org\/wp\/wordpress\/wps\/volumen-9-numero-1\/capitalistas-de-ee-uu-atacan-a-los-sindicatos-de-empleados-publicos\/","title":{"rendered":"Capitalistas de EE.UU. Atacan a los Sindicatos de Empleados P\u00fablicos"},"content":{"rendered":"<h3 style=\"text-align: center;\"><span style=\"color: #ff0000;\"><strong>No Construyamos Sindicatos, Sino Colectivos del PCOI para el Poder Comunista Obrero<\/strong><\/span><\/h3>\n<p style=\"text-align: justify;\">LOS \u00c1NGELES (EE. UU.) &#8211; \u201cLa Corte Suprema est\u00e1 a punto de destruir los sindicatos de empleados p\u00fablicos\u201d, dijo preocupado un oficial del sindicato de docentes. \u201cSe han pr\u00e1cticamente autodestruido\u201d, dijo una camarada. \u201cComo cuando hace a\u00f1os nuestro sindicato cambi\u00f3 el fondo de huelga a un fondo para campa\u00f1as pol\u00edticas\u201d.<\/p>\n<p style=\"text-align: justify;\">Los sindicatos nunca se movilizaron para destruir la explotaci\u00f3n capitalista. Nunca lo har\u00e1n. Nos atan a un partido pol\u00edtico capitalista u otro, en EE.UU., principalmente a los dem\u00f3cratas. Solo un partido comunista revolucionario puede movilizar a los trabajadores para que dirijan a las amplias masas a tomar el poder y transformar la producci\u00f3n para satisfacer nuestras propias necesidades en lugar de servir a las ganancias capitalistas.<\/p>\n<p style=\"text-align: justify;\">Los sindicatos trabajan para los capitalistas, y muchos trabajadores lo saben. En M\u00e9xico, por ejemplo, tal vez el 90% de los trabajadores sindicalizados pertenecen a \u201csindicatos fantasmas\u201d creados por abogados de las empresas antes de que los trabajadores sean contratados. Los funcionarios del sindicato, vinculados al partido gobernante, se embolsan grandes sumas de dinero por ayudar a mantener los salarios bajos y sacar los obreros a votar.<\/p>\n<p style=\"text-align: justify;\">Las bordadoras en El Salvador, en su mayor\u00eda mujeres rurales que trabajan en el hogar, ganan tan poquito $1- $2 trabajando 16 horas por d\u00eda. Alrededor de 300 de ellas formaron recientemente un sindicato. Pero, \u00bfQui\u00e9n se beneficia realmente de esta campa\u00f1a, organizada por el Centro de Solidaridad de la AFL-CIO la cual es financiada mayormente por EE. UU.?<\/p>\n<p style=\"text-align: justify;\">En el comunismo, los trabajadores no necesitar\u00e1n sindicatos. Nosotros mismos organizaremos y administraremos la producci\u00f3n. Los trabajadores se reunir\u00e1n regularmente en colectivos locales del Partido (abiertos a todos) para planificar, evaluar y resolver problemas. Tomaremos decisiones pol\u00edticas y de planificaci\u00f3n m\u00e1s amplias en colectivos regionales o mundiales del Partido en contacto directo con grupos locales. Trabajaremos principalmente para expandir las relaciones sociales comunistas.<\/p>\n<p style=\"text-align: justify;\"><strong>En el Comunismo, Todos Produciremos y Compartiremos: No Estado Capitalista Significa No \u201cTrabajadores P\u00fablicos\u201d<\/strong><\/p>\n<p style=\"text-align: justify;\">En EE.UU., el 6,5% de los trabajadores del sector privado y 34,5% de empleados p\u00fablicos est\u00e1n sindicalizados. Los empleados p\u00fablicos son los soldados de infanter\u00eda del Estado capitalista. Dirigen las instituciones que enforzan el r\u00e9gimen de clase capitalista. En el comunismo, todos los trabajadores participaremos directamente en autogobernarnos. No habr\u00e1 una categor\u00eda separada de \u201ctrabajadores p\u00fablicos\u201d. El poder del estado comunista, mientras haya enemigos de clase para reprimir, depender\u00e1 de las masas movilizadas, no de una burocracia represiva.<\/p>\n<p style=\"text-align: justify;\">Algunos sindicatos del sector p\u00fablico -polic\u00edas y guardias de prisiones- son abiertamente racistas y antiobreros. Otros -los sindicatos de docentes, AFSCME y SEIU- son \u201cprogresistas\u201d. Han posibilitado que el Partido Dem\u00f3crata obtenga votos. Muchos incluyen un gran n\u00famero de miembros afroestadounidense.<\/p>\n<p style=\"text-align: justify;\">Los patrones de EE.UU. dependen en los maestros para entrenar la pr\u00f3xima generaci\u00f3n de trabajadores explotados y soldados de infanter\u00eda imperialistas. La Federaci\u00f3n Estadounidense de Maestros (AFT) impulsa la \u201creforma educativa\u201d liderada por las corporaciones. Durante 50 a\u00f1os, sus funcionarios han ayudado a dirigir el Centro de Solidaridad imperialista-estadounidense que promueve sindicatos y movimientos pol\u00edticos anticomunistas en Am\u00e9rica Latina, Europa Oriental y otros lugares.<\/p>\n<p style=\"text-align: justify;\"><strong>Corte Suprema de EE. UU. Ataca Sindicatos de Trabajadores P\u00fablicos<\/strong><\/p>\n<p style=\"text-align: justify;\">Hace cuarenta a\u00f1os, la Corte Suprema de EE. UU. defendi\u00f3 el \u201ctaller sindical\u201d en el sector p\u00fablico en \u201cAbboud vs. Detroit\u201d. Los sindicatos pod\u00edan colectar \u201chonorarios de agencia\u201d a los no miembros. Eso ayuda a cubrir los costos de las negociaciones para el contrato colectivo, la representaci\u00f3n de quejas, etc. Los fondos pol\u00edticos se mantienen separados, aunque las burocracias sindicales extensas son inherentemente pol\u00edticas.<\/p>\n<p style=\"text-align: justify;\">Pero los sindicatos tambi\u00e9n son costosos. Los obreros sindicalizados en EE. UU. ganan un 25% m\u00e1s que los no sindicalizados. A menudo tienen m\u00e1s prestaciones. La diferencia salarial entre hombres y mujeres es menor para los profesores sindicalizados de EE.UU. En este per\u00edodo de crisis capitalista global y competencia cada vez m\u00e1s encarnizada, los gobernantes de EE.UU. est\u00e1n menos dispuestos a pagar este precio.<\/p>\n<p style=\"text-align: justify;\">Hace un a\u00f1o, la Corte Suprema casi revoc\u00f3 a Abboud en el caso de \u201cFriedrichs\u201d, &#8211; en ese entonces el juez Scalia muri\u00f3 y la corte se dividi\u00f3. Este mes escuchar\u00e1 el caso \u201cJanus vs. AFSCME\u201d y probablemente elimine los \u201chonorarios de agencia\u201d al menos para los sindicatos del sector p\u00fablico. Los republicanos quieren socavar la base de apoyo de los dem\u00f3cratas. Los dem\u00f3cratas han descubierto que pueden movilizar para las elecciones usando \u201cpol\u00edticas de identidad\u201d como las enormes \u201cmarchas de mujeres\u201d.<\/p>\n<p style=\"text-align: justify;\">Es por eso que los funcionarios del sindicato de empleados p\u00fablicos est\u00e1n temblando.<\/p>\n<p style=\"text-align: justify;\"><strong>No M\u00e1s fantasmas y Zombies: el Comunismo Significa Vida<\/strong><\/p>\n<p style=\"text-align: justify;\">Los funcionarios sindicales y algunos socialistas nos han acusado a los comunistas de \u201cquerer destruir los sindicatos\u201d porque no los defendemos.<\/p>\n<p style=\"text-align: justify;\">Estos sindicatos zombis ya se han autodestruido. Al movilizarse para las elecciones, no para la lucha de clases. Al confiar en tribunales, leyes y patrones en lugar de confiar en los trabajadores. Y al tratar de hacer que los trabajadores pongan sus esperanzas de una vida decente en un sistema de ganancias desesperado y en decadencia.<\/p>\n<p style=\"text-align: justify;\">Nuestro trabajo no es dar cuerpos a fantasmas o revivir zombies. Es construir colectivos comunistas vivos para destruir este sistema mortal.<\/p>\n<p style=\"text-align: justify;\">Habla con todos los que puedas sobre el comunismo. Comparte este peri\u00f3dico con ellos. Escribe para ello Haz arreglos para reunirte con, o crear, un grupo Partidario. Dona dinero. \u00a1Planea marchar el Primero de Mayo de 2018 bajo la <em><strong>Bandera Roja<\/strong><\/em> del comunismo!<\/p>\n<h4 style=\"text-align: justify;\"><a href=\"http:\/\/icwpredflag.org\/wp\/wordpress\/wps\/volumen-9-numero-1\/\">Primera p\u00e1gina de esta edici\u00f3n<\/a><\/h4>\n","protected":false},"excerpt":{"rendered":"<p>No Construyamos Sindicatos, Sino Colectivos del PCOI para el Poder Comunista Obrero LOS \u00c1NGELES (EE. UU.) &#8211; \u201cLa Corte Suprema est\u00e1 a punto de destruir los sindicatos de empleados p\u00fablicos\u201d, dijo preocupado un oficial del sindicato de docentes. \u201cSe han pr\u00e1cticamente autodestruido\u201d, dijo una camarada. \u201cComo cuando hace a\u00f1os nuestro sindicato cambi\u00f3 el fondo de &hellip; <a href=\"https:\/\/icwpredflag.org\/wp\/wordpress\/wps\/volumen-9-numero-1\/capitalistas-de-ee-uu-atacan-a-los-sindicatos-de-empleados-publicos\/\" class=\"more-link\">Sigue leyendo <span class=\"screen-reader-text\">Capitalistas de EE.UU. Atacan a los Sindicatos de Empleados P\u00fablicos<\/span><\/a><\/p>\n","protected":false},"author":1,"featured_media":2018,"parent":2016,"menu_order":0,"comment_status":"closed","ping_status":"closed","template":"","meta":{"footnotes":""},"class_list":["post-2066","page","type-page","status-publish","has-post-thumbnail","hentry"],"_links":{"self":[{"href":"https:\/\/icwpredflag.org\/wp\/wordpress\/wps\/wp-json\/wp\/v2\/pages\/2066","targetHints":{"allow":["GET"]}}],"collection":[{"href":"https:\/\/icwpredflag.org\/wp\/wordpress\/wps\/wp-json\/wp\/v2\/pages"}],"about":[{"href":"https:\/\/icwpredflag.org\/wp\/wordpress\/wps\/wp-json\/wp\/v2\/types\/page"}],"author":[{"embeddable":true,"href":"https:\/\/icwpredflag.org\/wp\/wordpress\/wps\/wp-json\/wp\/v2\/users\/1"}],"replies":[{"embeddable":true,"href":"https:\/\/icwpredflag.org\/wp\/wordpress\/wps\/wp-json\/wp\/v2\/comments?post=2066"}],"version-history":[{"count":5,"href":"https:\/\/icwpredflag.org\/wp\/wordpress\/wps\/wp-json\/wp\/v2\/pages\/2066\/revisions"}],"predecessor-version":[{"id":2071,"href":"https:\/\/icwpredflag.org\/wp\/wordpress\/wps\/wp-json\/wp\/v2\/pages\/2066\/revisions\/2071"}],"up":[{"embeddable":true,"href":"https:\/\/icwpredflag.org\/wp\/wordpress\/wps\/wp-json\/wp\/v2\/pages\/2016"}],"wp:featuredmedia":[{"embeddable":true,"href":"https:\/\/icwpredflag.org\/wp\/wordpress\/wps\/wp-json\/wp\/v2\/media\/2018"}],"wp:attachment":[{"href":"https:\/\/icwpredflag.org\/wp\/wordpress\/wps\/wp-json\/wp\/v2\/media?parent=2066"}],"curies":[{"name":"wp","href":"https:\/\/api.w.org\/{rel}","templated":true}]}}