{"id":2113,"date":"2018-02-28T03:01:46","date_gmt":"2018-02-28T03:01:46","guid":{"rendered":"http:\/\/icwpredflag.org\/wp\/wordpress\/wps\/?page_id=2113"},"modified":"2018-03-01T18:48:26","modified_gmt":"2018-03-01T18:48:26","slug":"volumen-9-numero-2","status":"publish","type":"page","link":"https:\/\/icwpredflag.org\/wp\/wordpress\/wps\/volumen-9-numero-2\/","title":{"rendered":"Volumen 9, N\u00famero 2"},"content":{"rendered":"<h4 class=\"p1\" style=\"text-align: center;\"><span style=\"color: #ff0000;\">OBREROS Y J\u00d3VENES DEL MUNDO , UN\u00c1MONOS PARA DESTRUIR TODAS LAS FRONTERAS CON UNA REVOLUCI\u00d3N COMUNISTA<\/span><\/h4>\n<p><img loading=\"lazy\" decoding=\"async\" class=\" wp-image-2130 aligncenter\" src=\"http:\/\/icwpredflag.org\/wp\/wordpress\/wps\/wp-content\/uploads\/sites\/2\/2018\/02\/italydemo-300x169.jpg\" alt=\"\" width=\"614\" height=\"346\" srcset=\"https:\/\/icwpredflag.org\/wp\/wordpress\/wps\/wp-content\/uploads\/sites\/2\/2018\/02\/italydemo-300x169.jpg 300w, https:\/\/icwpredflag.org\/wp\/wordpress\/wps\/wp-content\/uploads\/sites\/2\/2018\/02\/italydemo.jpg 361w\" sizes=\"auto, (max-width: 614px) 100vw, 614px\" \/><\/p>\n<p><strong>Macerata, Italia, 10 de febrero- Miles protestan contra el racismo en esta ciudad, despues que un fascista dispar\u00f3 e hiri\u00f3 a seis personas que \u00e9l cre\u00eda que eran inmigrantes. El racismo anti-inmgrante es un tema clave en las elecciones del 4 de marzo<\/strong><\/p>\n<p><img loading=\"lazy\" decoding=\"async\" class=\" wp-image-2129 aligncenter\" src=\"http:\/\/icwpredflag.org\/wp\/wordpress\/wps\/wp-content\/uploads\/sites\/2\/2018\/02\/nottingham.jpg\" alt=\"\" width=\"594\" height=\"523\" \/><\/p>\n<p class=\"p1\"><strong>Nottingham, Inglaterra, 20 de enero\u2014Cientos demandan el cierre del Centro de detenciones Migratorias Morton Hall, donde cuatro detenidos (De Sierra Leone, Polonia, Jamaica e Irak) han muerto desde diciembre del 2016<\/strong><\/p>\n<ul>\n<li class=\"p1\"><a class=\"icwp-emph\" href=\"http:\/\/icwpredflag.org\/wp\/wordpress\/wps\/volumen-9-numero-2\/pelea-canina-aeroespacial-muestra-necesidad-de-organizadores-comunistas\/\">Pelea Canina Aeroespacial Muestra Necesidad de Organizadores Comunistas<\/a><\/li>\n<li class=\"p1\"><a class=\"icwp-emph\" href=\"http:\/\/icwpredflag.org\/wp\/wordpress\/wps\/volumen-9-numero-2\/nuevos-camaradas-presentan-el-comunismo-en-protesta-masiva-de-dalits\/\">Nuevos Camaradas Presentan el Comunismo en Protesta Masiva de Dalits<\/a><\/li>\n<li class=\"p1\"><a class=\"icwp-emph\" href=\"http:\/\/icwpredflag.org\/wp\/wordpress\/wps\/volumen-9-numero-2\/el-tiroteo-en-la-escuela-de-florida-muestra-la-necesidad-de-que-los-trabajadores-y-estudiantes-comunistas-revolucionarios-controlen-la-sociedad-y-las-armas\/\">El Tiroteo en la Escuela de Florida Muestra la Necesidad de Que los Trabajadores y Estudiantes Comunistas Revolucionarios Controlen la Sociedad, y las Armas<\/a><\/li>\n<li class=\"p1\"><a class=\"icwp-emph\" href=\"http:\/\/icwpredflag.org\/wp\/wordpress\/wps\/volumen-9-numero-2\/los-racistas-alguaciles-asesinan-joven-negro\/\">Los Racistas Alguaciles Asesinan Joven Negro<\/a><\/li>\n<li class=\"p1\"><a class=\"icwp-emph\" href=\"http:\/\/icwpredflag.org\/wp\/wordpress\/wps\/volumen-9-numero-2\/crisis-en-la-vivienda-espanola-muestra-la-necesidad-de-la-revolucion-comunista\/\">Crisis en la Vivienda Espa\u00f1ola Muestra la Necesidad de la Revoluci\u00f3n Comunista<\/a><\/li>\n<li class=\"p1\"><a class=\"icwp-emph\" href=\"http:\/\/icwpredflag.org\/wp\/wordpress\/wps\/volumen-9-numero-2\/el-poder-cambia-hacia-occidente\/\">El Poder Cambia Hacia Occidente<\/a><\/li>\n<li class=\"p1\"><a class=\"icwp-emph\" href=\"http:\/\/icwpredflag.org\/wp\/wordpress\/wps\/volumen-9-numero-2\/el-teatro-de-calle-comunista-se-estrena-cuando-la-revolucion-rusa-ruge\/\">El Teatro de Calle Comunista se Estrena Cuando la Revoluci\u00f3n Rusa Ruge<\/a><\/li>\n<li class=\"p1\"><a class=\"icwp-emph\" href=\"http:\/\/icwpredflag.org\/wp\/wordpress\/wps\/volumen-9-numero-2\/matematicas-quien-las-necesita\/\">Matem\u00e1ticas: \u00bfQui\u00e9n las Necesita?<\/a><\/li>\n<li class=\"p1\"><a class=\"icwp-emph\" href=\"http:\/\/icwpredflag.org\/wp\/wordpress\/wps\/volumen-9-numero-2\/8-de-marzo-dia-internacional-de-las-mujeres-obreras\/\">8 de Marzo: Dia Internacional de las Mujeres Obreras<\/a><\/li>\n<li class=\"p1\"><a class=\"icwp-emph\" href=\"http:\/\/icwpredflag.org\/wp\/wordpress\/wps\/volumen-9-numero-2\/cartas-vol-9-no-2\/\">Cartas, Vol 9, No 2<\/a><\/li>\n<li class=\"p1\"><a class=\"icwp-emph\" href=\"http:\/\/icwpredflag.org\/wp\/wordpress\/wps\/wp-content\/uploads\/sites\/2\/2018\/02\/BR031518.pdf\">Este edicion en PDF<\/a><\/li>\n<li class=\"p1\"><a class=\"icwp-emph\" href=\"http:\/\/icwpredflag.org\/wp\/wordpress\/wps\/volumen-9-numero-1\/\">El N\u00famero anterior<\/a><\/li>\n<\/ul>\n<p class=\"p1\">\n<img loading=\"lazy\" decoding=\"async\" class=\"wp-image-2195 aligncenter\" src=\"http:\/\/icwpredflag.org\/wp\/wordpress\/wps\/wp-content\/uploads\/sites\/2\/2018\/02\/BannerImS-300x186.jpg\" alt=\"\" width=\"798\" height=\"495\" srcset=\"https:\/\/icwpredflag.org\/wp\/wordpress\/wps\/wp-content\/uploads\/sites\/2\/2018\/02\/BannerImS-300x186.jpg 300w, https:\/\/icwpredflag.org\/wp\/wordpress\/wps\/wp-content\/uploads\/sites\/2\/2018\/02\/BannerImS.jpg 429w\" sizes=\"auto, (max-width: 798px) 100vw, 798px\" \/><\/p>\n<p class=\"p1\"><img loading=\"lazy\" decoding=\"async\" class=\"wp-image-439 aligncenter\" src=\"http:\/\/icwpredflag.org\/wp\/wordpress\/wps\/wp-content\/uploads\/sites\/2\/2017\/03\/boxpic-300x105.jpg\" alt=\"\" width=\"709\" height=\"248\" srcset=\"https:\/\/icwpredflag.org\/wp\/wordpress\/wps\/wp-content\/uploads\/sites\/2\/2017\/03\/boxpic-300x105.jpg 300w, https:\/\/icwpredflag.org\/wp\/wordpress\/wps\/wp-content\/uploads\/sites\/2\/2017\/03\/boxpic-768x269.jpg 768w, https:\/\/icwpredflag.org\/wp\/wordpress\/wps\/wp-content\/uploads\/sites\/2\/2017\/03\/boxpic-1024x359.jpg 1024w, https:\/\/icwpredflag.org\/wp\/wordpress\/wps\/wp-content\/uploads\/sites\/2\/2017\/03\/boxpic.jpg 1499w\" sizes=\"auto, (max-width: 709px) 100vw, 709px\" \/><\/p>\n<p class=\"p1\"><strong><a href=\"http:\/\/icwpredflag.org\/wp\/wordpress\/\">P\u00e1gina principal<\/a><\/strong><\/p>\n","protected":false},"excerpt":{"rendered":"<p>OBREROS Y J\u00d3VENES DEL MUNDO , UN\u00c1MONOS PARA DESTRUIR TODAS LAS FRONTERAS CON UNA REVOLUCI\u00d3N COMUNISTA Macerata, Italia, 10 de febrero- Miles protestan contra el racismo en esta ciudad, despues que un fascista dispar\u00f3 e hiri\u00f3 a seis personas que \u00e9l cre\u00eda que eran inmigrantes. El racismo anti-inmgrante es un tema clave en las elecciones &hellip; <a href=\"https:\/\/icwpredflag.org\/wp\/wordpress\/wps\/volumen-9-numero-2\/\" class=\"more-link\">Sigue leyendo <span class=\"screen-reader-text\">Volumen 9, N\u00famero 2<\/span><\/a><\/p>\n","protected":false},"author":1,"featured_media":2018,"parent":0,"menu_order":0,"comment_status":"closed","ping_status":"closed","template":"","meta":{"footnotes":""},"class_list":["post-2113","page","type-page","status-publish","has-post-thumbnail","hentry"],"_links":{"self":[{"href":"https:\/\/icwpredflag.org\/wp\/wordpress\/wps\/wp-json\/wp\/v2\/pages\/2113","targetHints":{"allow":["GET"]}}],"collection":[{"href":"https:\/\/icwpredflag.org\/wp\/wordpress\/wps\/wp-json\/wp\/v2\/pages"}],"about":[{"href":"https:\/\/icwpredflag.org\/wp\/wordpress\/wps\/wp-json\/wp\/v2\/types\/page"}],"author":[{"embeddable":true,"href":"https:\/\/icwpredflag.org\/wp\/wordpress\/wps\/wp-json\/wp\/v2\/users\/1"}],"replies":[{"embeddable":true,"href":"https:\/\/icwpredflag.org\/wp\/wordpress\/wps\/wp-json\/wp\/v2\/comments?post=2113"}],"version-history":[{"count":12,"href":"https:\/\/icwpredflag.org\/wp\/wordpress\/wps\/wp-json\/wp\/v2\/pages\/2113\/revisions"}],"predecessor-version":[{"id":2197,"href":"https:\/\/icwpredflag.org\/wp\/wordpress\/wps\/wp-json\/wp\/v2\/pages\/2113\/revisions\/2197"}],"wp:featuredmedia":[{"embeddable":true,"href":"https:\/\/icwpredflag.org\/wp\/wordpress\/wps\/wp-json\/wp\/v2\/media\/2018"}],"wp:attachment":[{"href":"https:\/\/icwpredflag.org\/wp\/wordpress\/wps\/wp-json\/wp\/v2\/media?parent=2113"}],"curies":[{"name":"wp","href":"https:\/\/api.w.org\/{rel}","templated":true}]}}