{"id":2391,"date":"2018-04-26T23:59:12","date_gmt":"2018-04-26T23:59:12","guid":{"rendered":"http:\/\/icwpredflag.org\/wp\/wordpress\/wps\/?page_id=2391"},"modified":"2018-04-27T00:19:56","modified_gmt":"2018-04-27T00:19:56","slug":"historia-de-la-clase-obrera-la-comuna-de-paris-de-1871","status":"publish","type":"page","link":"https:\/\/icwpredflag.org\/wp\/wordpress\/wps\/otros-folletos-y-series-de-articulos\/historia-de-la-clase-obrera-la-comuna-de-paris-de-1871\/","title":{"rendered":"Historia de la Clase Obrera: La Comuna de Par\u00eds de 1871"},"content":{"rendered":"<h2 class=\"entry-title\" style=\"text-align: center;\"><span style=\"color: #ff0000;\">La Comuna de Par\u00eds de 1871, Parte I<\/span><\/h2>\n<h3 style=\"text-align: center;\"><span style=\"color: #ff0000;\"><strong>Las Masas Convierten la Mort\u00edfera Guerra Capitalista en una Lucha por el Poder Estatal de la Clase Obrera<\/strong><\/span><\/h3>\n<p style=\"text-align: justify;\">La Comuna de Par\u00eds, uno de los eventos m\u00e1s influyentes en la historia de la humanidad, surgi\u00f3 de la guerra franco-prusiana (1870-71). Marc\u00f3 la llegada de la clase obrera al escenario mundial como la clase m\u00e1s revolucionaria de la historia y abri\u00f3 la era de la revoluci\u00f3n mundial de la clase obrera. Sent\u00f3 las bases para las revoluciones rusa y china.<\/p>\n<p style=\"text-align: justify;\">La Comuna de Par\u00eds fue la primera vez en la historia que los trabajadores tomaron el poder y lo utilizaron para organizar y dirigir la sociedad para servir a sus propios intereses. M\u00e1s importante aun, su legado nos ense\u00f1a que tenemos que luchar por el comunismo, y nada menos.<\/p>\n<p style=\"text-align: justify;\">Las lecciones de la Comuna de Par\u00eds son fundamentales para la estrategia del Partido Comunista Obrero Internacional (PCOI): movilizar a las masas para construir un mundo sin clases, sin dinero, esclavitud salarial, racismo, sexismo, xenofobia y guerras imperialistas. Un mundo comunista donde las masas planifiquen, produzcan y distribuyan todo para satisfacer sus necesidades colectivas.<\/p>\n<p style=\"text-align: justify;\"><strong>La guerra crea base material para la revoluci\u00f3n<\/strong><\/p>\n<p style=\"text-align: justify;\">En la guerra franco-prusiana, los gobernantes prusianos lucharon para forjar una naci\u00f3n alemana unificada a expensas de parte del territorio franc\u00e9s. Los capitalistas franceses estaban luchando para impedirlo y mantener su hegemon\u00eda sobre la Europa continental.<\/p>\n<p style=\"text-align: justify;\">Esta brutal guerra se prolong\u00f3 por casi un a\u00f1o, con decenas de miles de bajas en ambos lados. El ej\u00e9rcito franc\u00e9s fue decisivamente derrotado. El emperador franc\u00e9s Napole\u00f3n III fue hecho prisionero por los alemanes, mientras el ej\u00e9rcito alem\u00e1n sitiaba Par\u00eds.<\/p>\n<p style=\"text-align: justify;\">Las masas en Par\u00eds se movilizaron. Percibieron el peligro y la oportunidad de la situaci\u00f3n. Se regocijaron con la ca\u00edda del odiado emperador, que hab\u00eda hecho sus vidas a\u00fan m\u00e1s miserables al reorganizar Par\u00eds para los ricos. Las masas hab\u00edan sido expulsadas de sus viviendas para que los gobernantes pudieran construir amplios bulevares. Esperaban que esto les impidiera a las masas construir barricadas como lo hab\u00edan hecho en su insurrecci\u00f3n de 1848.<\/p>\n<p style=\"text-align: justify;\">En 1792, la naciente clase capitalista francesa hab\u00eda derrocado a la nobleza francesa y declarado una Rep\u00fablica. Ahora, en 1871, los capitalistas franceses declararon una nueva Rep\u00fablica. Esperaban que confundir\u00eda a las masas y las ganar\u00eda apoyarlos cegados por un fervor patri\u00f3tico.<\/p>\n<p style=\"text-align: justify;\">Un peque\u00f1o movimiento comunista que surgi\u00f3 durante la Revoluci\u00f3n Francesa hab\u00eda sido r\u00e1pidamente aplastado. Pero 1871 no era 1792. El movimiento de la clase obrera hab\u00eda madurado tremendamente. El Manifiesto Comunista (1848) iluminaba el camino a seguir. La Asociaci\u00f3n Internacional de Trabajadores de Marx ten\u00eda miembros en Par\u00eds. Se pusieron a la altura de la situaci\u00f3n y propusieron armar a las masas. Y las masas fueron m\u00e1s all\u00e1: lucharon por construir la Comuna.<\/p>\n<p style=\"text-align: justify;\"><strong>Atrevi\u00e9ndose a Asaltar el Cielo<\/strong><\/p>\n<p style=\"text-align: justify;\">La Guardia Nacional parisina estaba compuesta por soldados y trabajadores, incluyendo algunos comunistas. Movilizaron a las masas armadas para defender Par\u00eds contra el asedio prusiano y contra el gobierno franc\u00e9s.<\/p>\n<p style=\"text-align: justify;\">Los gobernantes burgueses franceses estaban encerrados en el palacio de Versalles, afuera de Paris. Enviaron tropas para quitarle a la Guardia Nacional sus ca\u00f1ones, claves para la defensa de Par\u00eds. Masas de trabajadores y soldados de la Guardia Nacional, leales a ellos, derrotaron un ataque secreto de madrugada. Les pidieron a los soldados del gobierno que se negaran a luchar por los capitalistas.<\/p>\n<p style=\"text-align: justify;\">Una mujer se enfrent\u00f3 a los soldados: \u201c\u00bfVan a disparar contra nosotros? \u00bfContra tus hermanos? \u00bfContra nuestros maridos? \u00bfContra nuestros hijos?\u201d Un suboficial abandon\u00f3 las filas, se enfrent\u00f3 a su compa\u00f1\u00eda y grit\u00f3:\u201d \u00a1Volteen sus armas y pongan las culatas de sus rifles en el aire!\u201d Los soldados obedecieron.<\/p>\n<p style=\"text-align: justify;\">Despu\u00e9s de una feroz batalla, las masas obligaron a las tropas capitalistas y a todo su aparato estatal a abandonar Par\u00eds y retirarse a Versalles. \u00a1Las masas hab\u00edan ganado el d\u00eda!<\/p>\n<p style=\"text-align: justify;\"><strong>Obreros\/as y Soldados Toman y Ejercen el Poder Estatal<\/strong><\/p>\n<p style=\"text-align: justify;\">El Comit\u00e9 Central de la Guardia Nacional organiz\u00f3 elecciones para la Comuna. Cada distrito eligi\u00f3 representantes. La mayor\u00eda eran trabajadores con poca experiencia en pol\u00edtica pero comprometidos totalmente con la Comuna.<\/p>\n<p style=\"text-align: justify;\">Organizaron el Consejo Comunal y movilizaron r\u00e1pidamente a los trabajadores para restablecer todos los servicios p\u00fablicos sin capitalistas, administradores o supervisores. Distribuyeron colectivamente alimentos y carb\u00f3n a quienes los necesitaban sin costo alguno.<\/p>\n<p style=\"text-align: justify;\">\u201cDurante el breve reinado de la Comuna, ning\u00fan hombre, mujer, ni\u00f1o o anciano\/a ten\u00eda hambre, fr\u00edo o carec\u00eda de un hogar. Fue incre\u00edble ver c\u00f3mo\u2026 este gobierno libr\u00f3 una guerra feroz durante dos meses, pero ahuyent\u00f3 la hambruna de los hogares de la enorme poblaci\u00f3n que no ten\u00eda trabajo por un a\u00f1o\u201d.<\/p>\n<p style=\"text-align: justify;\">Las masas ayudaron a tomar y llevar a cabo todas las decisiones a trav\u00e9s del Consejo de la Comuna, las reuniones de la secci\u00f3n y las reuniones masivas de las c\u00e9lulas en los barrios. Todos eran animados a participar. Cambiaron todos los aspectos de la vida, desde la producci\u00f3n hasta la educaci\u00f3n, las relaciones sociales y la eliminaci\u00f3n del alquiler. El pr\u00f3ximo art\u00edculo describir\u00e1 m\u00e1s de sus muchos logros y tambi\u00e9n algunas deficiencias.<\/p>\n<p style=\"text-align: justify;\"><strong>\u00a1Conmemoremos la Comuna de Par\u00eds este Primero de Mayo marchando por el poder comunista obrero!<\/strong><\/p>\n<p style=\"text-align: justify;\"><img loading=\"lazy\" decoding=\"async\" class=\"wp-image-2206 aligncenter\" src=\"http:\/\/icwpredflag.org\/wp\/wordpress\/wps\/wp-content\/uploads\/sites\/2\/2018\/03\/parcomm1.jpg\" alt=\"\" width=\"339\" height=\"472\" \/><\/p>\n<p style=\"text-align: justify;\"><img loading=\"lazy\" decoding=\"async\" class=\"wp-image-2205 aligncenter\" src=\"http:\/\/icwpredflag.org\/wp\/wordpress\/wps\/wp-content\/uploads\/sites\/2\/2018\/03\/parcomm2.jpg\" alt=\"\" width=\"367\" height=\"415\" \/><\/p>\n<p style=\"text-align: justify;\"><img loading=\"lazy\" decoding=\"async\" class=\"wp-image-2204 aligncenter\" src=\"http:\/\/icwpredflag.org\/wp\/wordpress\/wps\/wp-content\/uploads\/sites\/2\/2018\/03\/parcomm3.jpg\" alt=\"\" width=\"371\" height=\"555\" \/><\/p>\n<h1 class=\"entry-title\" style=\"text-align: center;\"><span style=\"color: #ff0000;\">La Comuna de Par\u00eds de 1871, Parte II<\/span><\/h1>\n<h4 style=\"text-align: center;\"><span style=\"color: #ff0000;\"><strong>Los Trabajadores Necesitan Una Visi\u00f3n Pol\u00edtica Clara y Un Liderazgo Decisivo Para Conquistar el Poder y Construir Una Nueva Sociedad<\/strong><\/span><\/h4>\n<p style=\"text-align: justify;\">El primer art\u00edculo de esta serie mostr\u00f3 c\u00f3mo la Comuna de Par\u00eds, un importante acontecimiento hist\u00f3rico, surgi\u00f3 de la Guerra Franco-Prusiana (1870-71). Abri\u00f3 la era de la revoluci\u00f3n mundial de la clase obrera. Por primera vez, los trabajadores tomaron el poder y lo utilizaron para organizar y administrar la sociedad en su propio inter\u00e9s. Construimos sobre su legado luchando por el comunismo y nada menos: un mundo donde las masas producen y distribuyen todo para satisfacer sus necesidades colectivas.<\/p>\n<p style=\"text-align: justify;\">Las masas que organizaron la Comuna de Par\u00eds vieron que necesitaban la lucha armada para establecer y defender su nueva sociedad.<\/p>\n<p style=\"text-align: justify;\">Durante el asedio prusiano a Par\u00eds, las masas pasaron hambre y murieron de enfermedades mientras los ricos beb\u00edan champa\u00f1a. Las masas convirtieron los ayuntamientos en comedores populares y los teatros clausurados en centros de Clubes Rojos que albergaron a refugiados y se convirtieron en foros para debates diarios. All\u00ed, los trabajadores masificaron la idea de la Comuna como una alternativa al poder capitalista.<\/p>\n<p style=\"text-align: justify;\">La Comuna comenz\u00f3 una nueva forma de vida. Declararon una moratoria sobre la renta y prohibieron los desalojos. Se hicieron cargo de los hoteles para albergar a los que quedaron sin hogar por la guerra y por la destrucci\u00f3n de sus barrios por parte de Napole\u00f3n III.<\/p>\n<p style=\"text-align: justify;\">Animaron a los trabajadores a hacerse cargo de sus lugares de trabajo. Las mujeres participaron en todos los aspectos de la Comuna.<\/p>\n<p style=\"text-align: justify;\">Liberaron la educaci\u00f3n del control de la Iglesia Cat\u00f3lica, a la que atacaron por defender a los ricos y por solo ense\u00f1arles a los hijos de los obreros a ser esclavos asalariados. Dijeron que la educaci\u00f3n y el trabajo deber\u00edan combinarse durante toda la vida de una persona: \u201cUna persona que maneja una herramienta tambi\u00e9n debe poder escribir un libro con sentimiento y talento\u201d. Insistieron que las ni\u00f1as deben ser educadas al igual que los ni\u00f1os.<\/p>\n<p style=\"text-align: justify;\"><strong>La Guardia Nacional Se Convierte en un Ej\u00e9rcito de Trabajadores<\/strong><\/p>\n<p style=\"text-align: justify;\">Para 1871, la Guardia Nacional en Par\u00eds hab\u00eda crecido a 340,000 hombres. Muchos trabajadores desempleados se hab\u00edan unido para recibir un peque\u00f1o subsidio. Otros ingresaron para defender Par\u00eds.<\/p>\n<p style=\"text-align: justify;\">Por cerca de cien a\u00f1os la Guardia hab\u00eda elegido a sus propios oficiales, como una forma de ganar a los ricos a servir en la guardia para defender a Francia. Pero ahora que los obreros airados y hambrientos se un\u00edan en grandes cantidades, eligieron l\u00edderes que representaban los intereses obreros. Algunos eran comunistas. Las unidades de la Guardia Nacional ten\u00edan constantes discusiones pol\u00edticas masivas.<\/p>\n<p style=\"text-align: justify;\">En febrero, se form\u00f3 la Federaci\u00f3n de la Guardia Nacional. Siete mil doscientos delegados se reunieron y declararon que \u201cla Guardia Nacional debe en adelante reemplazar a los ej\u00e9rcitos permanentes que solo han sido siempre instrumentos del despotismo y que inevitablemente provocan la ruina del pa\u00eds\u2026 La milicia ciudadana nacional es la \u00fanica fuerza nacional, excluyendo cualquier otra.\u201d<\/p>\n<p style=\"text-align: justify;\">El gobierno franc\u00e9s se aterroriz\u00f3 ante la creciente rebeli\u00f3n de la Guardia Nacional de Par\u00eds y de las masas. El 18 de marzo, el ej\u00e9rcito franc\u00e9s vino por sus ca\u00f1ones. Pero las masas de Par\u00eds derrotaron al ej\u00e9rcito franc\u00e9s y lo enviaron de regreso a Versalles.<\/p>\n<p style=\"text-align: justify;\"><strong>Negociaciones con los Capitalistas Debilitan la Comuna<\/strong><\/p>\n<p style=\"text-align: justify;\">Los blanquistas, que eran marxistas, argumentaron a favor de marchar inmediatamente sobre Versalles el 19 de marzo para tomar la iniciativa, mientras que muchas tropas y oficiales franceses todav\u00eda eran prisioneros alemanes. Instaron a la derrota de los capitalistas franceses mientras llamaban a los soldados simpatizantes y a los trabajadores de toda Francia a apoyar a la Comuna. Desafortunadamente, a\u00fan no hab\u00edan construido una base pol\u00edtica masiva para esta estrategia.<\/p>\n<p style=\"text-align: justify;\">Fueron derrotados por los seguidores m\u00e1s numerosos de Proudhon, un anarquista que abog\u00f3 primero establecer la Comuna como un modelo de transformaci\u00f3n social mientras se negociaba con el gobierno. En vez de marchar a Versalles, celebraron elecciones al Consejo de la Comuna.<\/p>\n<p style=\"text-align: justify;\">Pero los gobernantes en Versalles no ten\u00edan ninguna intenci\u00f3n de negociar. Planeaban aplastar la Comuna y tomar Par\u00eds por la fuerza. Poco despu\u00e9s de que comenzara la Comuna, el gobierno franc\u00e9s comenz\u00f3 a atacarla y a bombardear las afueras de Par\u00eds.<\/p>\n<p style=\"text-align: justify;\">Para cuando los comuneros marcharon sobre Versalles, los capitalistas franceses se hab\u00edan reagrupado. Se hab\u00edan rendido a los prusianos. A cambio, los capitalistas alemanes, igualmente temerosos de insurrecciones obreras, liberaron a miles de tropas francesas capturadas para que atacaran la Comuna.<\/p>\n<p style=\"text-align: justify;\">Aun as\u00ed, los comuneros mantuvieron a raya al ej\u00e9rcito franc\u00e9s durante dos meses, librando batallas todos los d\u00edas. Finalmente, a fines de mayo, el ej\u00e9rcito de los capitalistas franceses atac\u00f3 a Par\u00eds con 200,000 tropas. Ayudado por el gobierno y ej\u00e9rcito alem\u00e1n, desataron una campa\u00f1a de asesinato y terror contra las masas parisienses.<\/p>\n<p style=\"text-align: justify;\">Durante una semana de combate intenso, las masas establecieron y valientemente defendieron enormes barricadas, pero no hab\u00eda un plan centralizado. Entre 3.000 y 10.000 comuneros fueron muertos. Despu\u00e9s, decenas de miles m\u00e1s fueron ejecutados por \u00f3rdenes del gobierno franc\u00e9s (apoyado por todos los dem\u00e1s gobiernos capitalistas) tratando de ahogar en sangre la memoria de la Comuna de Par\u00eds.<\/p>\n<p style=\"text-align: justify;\">Con una lealtad feroz, las masas lucharon por la Comuna. Pero carec\u00edan de una clara estrategia centralizada basada en el entendimiento de que el Estado capitalista, el enemigo mortal de la clase obrera, debe ser eliminado y reemplazado por una sociedad comunista. Y no tuvieron un partido comunista masivo para liderar su lucha.<\/p>\n<p style=\"text-align: justify;\">Cuando se enfrentaron a la guerra imperialista y al hambre masiva, las masas se levantaron, tomaron el poder y establecieron una sociedad basada en principios comunistas. Hoy es un faro para los trabajadores del mundo; sus valiosas lecciones pertenecen a toda la clase obrera<strong><em>. \u00a1Este Primero de Mayo, recordemos la Comuna de Par\u00eds y Marchemos por el Poder Obrero Comunista!<\/em><\/strong><\/p>\n<p style=\"text-align: justify;\"><img loading=\"lazy\" decoding=\"async\" class=\"wp-image-2309 aligncenter\" src=\"http:\/\/icwpredflag.org\/wp\/wordpress\/wps\/wp-content\/uploads\/sites\/2\/2018\/04\/ParisRail-300x200.jpg\" sizes=\"auto, (max-width: 710px) 100vw, 710px\" srcset=\"http:\/\/icwpredflag.org\/wp\/wordpress\/wps\/wp-content\/uploads\/sites\/2\/2018\/04\/ParisRail-300x200.jpg 300w, http:\/\/icwpredflag.org\/wp\/wordpress\/wps\/wp-content\/uploads\/sites\/2\/2018\/04\/ParisRail.jpg 333w\" alt=\"\" width=\"710\" height=\"473\" \/><\/p>\n<p style=\"text-align: justify;\">PAR\u00cdS, 29 de marzo \u2013 Decenas de miles de trabajadores, docentes y estudiantes inundan las calles en solidaridad con los trabajadores ferroviarios que est\u00e1n perturbando a Francia con huelgas intermitentes. Est\u00e1n protestando contra los cambios propuestos por el presidente Macron al sistema ferroviario, las admisiones universitarias y los beneficios de desempleo y pensi\u00f3n. Los trabajadores ferroviarios en el Reino Unido tambi\u00e9n se han ido a huelga.<\/p>\n<p style=\"text-align: justify;\">A medida que se acerca el 50\u00ba aniversario del levantamiento de trabajadores y estudiantes franceses en \u201cmayo de 1968\u201d, muchos piden un \u201cmayo del 2018\u201d. Si se desarrolla otra situaci\u00f3n objetivamente revolucionaria, aprovechemos esta vez movilizando masas para el comunismo. \u00a1M\u00e1s pr\u00f3ximo n\u00famero!<\/p>\n<h3 style=\"text-align: center;\"><span style=\"color: #ff0000;\"><strong>Historia de la clase obrera: la Comuna de Par\u00eds de 1871, Parte III<\/strong><\/span><\/h3>\n<h4 style=\"text-align: center;\"><span style=\"color: #ff0000;\"><strong>El Partido Comunista Internacional de Masas Ser\u00e1 la Raza Humana<\/strong><\/span><\/h4>\n<p style=\"text-align: justify;\">La Comuna de Par\u00eds de 1871 marc\u00f3 la primera vez en la historia que la clase obrera, actuando en sus propios intereses de clase, tomara el poder Estatal, aunque solo durara dos meses. No logr\u00f3 ni pudo haber logrado &#8211; dadas las condiciones objetivas y subjetivas de ese entonces &#8211; su objetivo de crear una nueva sociedad de acuerdo a su visi\u00f3n comunista que ten\u00edan.<\/p>\n<p style=\"text-align: justify;\">Sin embargo, abri\u00f3 nuevos senderos en la lucha de nuestra clase por emanciparse de la explotaci\u00f3n capitalista. Dej\u00f3 lecciones invaluables para las futuras generaciones de revolucionarios comunistas.<\/p>\n<p style=\"text-align: justify;\">El 18 de marzo de 1871, el Comit\u00e9 Central de la Guardia Nacional de Par\u00eds proclam\u00f3: \u201cLos proletarios de Par\u00eds han entendido que es su deber tomar en sus manos sus propios destinos mediante la toma del poder gubernamental\u201d.<\/p>\n<p style=\"text-align: justify;\">Contrario a lo que muchos radicales de entonces y ahora proclaman, los Comuneros declararon audazmente que solo la clase obrera puede liberar a la clase obrera. A medida que emprend\u00edan este camino, cada vez m\u00e1s de ellos vieron la necesidad de destruir el aparato estatal capitalista. Vieron y entendieron que la esencia del Estado capitalista es violencia armada contra las masas para mantenerlas explotadas y oprimidas.<\/p>\n<p style=\"text-align: justify;\">Por lo tanto, el primer acto del Consejo Comunal fue declarar que la Guardia Nacional (una milicia obrera) debiera reemplazar a los ej\u00e9rcitos permanentes de los capitalistas, los cuales eran instrumentos de opresi\u00f3n.<\/p>\n<p style=\"text-align: justify;\">Las mujeres obreras desempe\u00f1aron un papel clave en todos los aspectos de la Comuna, desde el comienzo hasta las batallas finales. Fueron tanto lideres pol\u00edticas como militares. Fueron claves en convencer a los soldados del ej\u00e9rcito gubernamental que se pusieran del lado de las masas de Par\u00eds el 18 de marzo. Las mujeres ayudaron a construir las barricadas y lucharon heroicamente hasta el final para defenderlas. Muchas veces lideraron los ataques contra el enemigo.<\/p>\n<p style=\"text-align: justify;\">Aunque la lucha de la Comuna fue restringida principalmente a Par\u00eds y no lograron marchar inmediatamente sobre Versalles para derrotar al gobierno franc\u00e9s refugiado all\u00ed, los trabajadores revolucionarios cre\u00edan que la lucha ten\u00eda que ser internacional. La Comuna luch\u00f3 y practic\u00f3 el internacionalismo. En momentos cuando el nacionalismo franc\u00e9s estaba en un punto \u00e1lgido en la guerra contra Alemania, los comuneros dieron la bienvenida a los comuneros alemanes, polacos, rusos e italianos como miembros del Consejo de la Comuna.<\/p>\n<p style=\"text-align: justify;\">Como escribiera Marx, los comuneros estaban \u201clistos a asaltar los cielos\u201d.<\/p>\n<p style=\"text-align: justify;\">Como explicaba el ultimo articulo, los capitalistas tem\u00edan a la Comuna (v\u00e9ase www.icwpredflag.org). La atacaron ferozmente tratando de ahogar en sangre su heroico ejemplo y lecciones cruciales. Derramaron r\u00edos de sangre obrera, pero borrar su memoria, \u00a1nunca!<\/p>\n<p style=\"text-align: justify;\">Eugene Pottier, un comunero fugitivo, escribi\u00f3 en junio de 1871 \u201cLa Internacional\u201d. Traducido en muchos idiomas, es el himno del movimiento comunista mundial. Predice con confianza que \u201cLa Internacional ser\u00e1 la raza humana\u201d<\/p>\n<p style=\"text-align: justify;\">Veinte a\u00f1os m\u00e1s tarde, en la primera celebraci\u00f3n internacional del Primero de Mayo, el yerno de Marx ayud\u00f3 a preparar la manifestaci\u00f3n en Par\u00eds: \u201cEn este d\u00eda, las fronteras deben ser abolidas; en toda la tierra veremos que lo que debe ser unido est\u00e9 unido, y decidido lo que debe ser decidido\u201d.<\/p>\n<p style=\"text-align: justify;\"><strong>Revolucionarios Rusos Inspirados por la Comuna<\/strong><\/p>\n<p style=\"text-align: justify;\">\u201cConsiente de las lecciones de la Comuna\u201d, Lenin escribi\u00f3 en 1908, los trabajadores rusos \u201csab\u00edan que el proletariado&#8230; nunca debe olvidar que en ciertas condiciones la lucha de clases asume la forma de conflicto armado y guerra civil; los intereses del proletariado exigen el exterminio despiadado de sus enemigos en enfrentamientos armados abiertos.<\/p>\n<p style=\"text-align: justify;\">\u201cHabr\u00e1 otro levantamiento\u201d, Lenin predijo, \u201cante el cual las fuerzas de los enemigos del proletariado resultar\u00e1n ineficaces, y del cual el proletariado socialista saldr\u00e1 completamente victorioso\u201d.<\/p>\n<p style=\"text-align: justify;\">Solo nueve a\u00f1os m\u00e1s tarde, en 1917 durante la Primera Guerra Mundial, los obreros rusos liderados por los bolcheviques \u201casaltaron los cielos\u201d otra vez. Consolidaron el poder obrero sobre una sexta parte de la superficie del mundo e inspiraron una \u00e9poca de lucha revolucionaria en todo el mundo.<\/p>\n<p style=\"text-align: justify;\">Los comunistas rusos y m\u00e1s tarde los chinos aprendieron de la Comuna que la clase trabajadora necesita su propio partido comunista para dirigirlo a la victoria. Los comunistas rusos construyeron el Partido Bolchevique, principalmente entre obreros industriales y soldados; los chinos lo hicieron principalmente entre el proletariado rural.<\/p>\n<p style=\"text-align: justify;\">Pero ellos lucharon y construyeron el socialismo, el cual pensaron conducir\u00eda al comunismo, y mantuvieron el dinero y los bancos. Este fue un error fatal.<\/p>\n<p style=\"text-align: justify;\">El Partido que construyeron para luchar por el socialismo no es el Partido que necesitamos para luchar por el comunismo. Es por eso que estamos construyendo al PCOI como un Partido de nuevo tipo: uno que forje v\u00ednculos inquebrantables con los obreros y soldados en todas partes.<\/p>\n<p style=\"text-align: justify;\">Un partido con millones de pensadores cr\u00edticos y activistas comunistas que movilice a las masas para el comunismo. Un Partido en el cual las masas est\u00e9n cada vez m\u00e1s activas en creativa y entusiastamente construir el comunismo.<\/p>\n<p style=\"text-align: justify;\">La Comuna de Par\u00eds mostr\u00f3 que las guerras inevitables del capitalismo-imperialismo son una oportunidad para la revoluci\u00f3n comunista. Las masas bajo ataque pueden y deben ser ganadas a movilizarse para el comunismo y nada menos.<\/p>\n<p style=\"text-align: justify;\">\u00a1Este Primero de Mayo, celebremos la Comuna de Par\u00eds marchando por el poder obrero comunista!<\/p>\n<p style=\"text-align: justify;\">\u00a0<img loading=\"lazy\" decoding=\"async\" class=\" wp-image-2399 aligncenter\" src=\"http:\/\/icwpredflag.org\/wp\/wordpress\/wps\/wp-content\/uploads\/sites\/2\/2018\/04\/communstamp-210x300.jpg\" alt=\"\" width=\"549\" height=\"784\" srcset=\"https:\/\/icwpredflag.org\/wp\/wordpress\/wps\/wp-content\/uploads\/sites\/2\/2018\/04\/communstamp-210x300.jpg 210w, https:\/\/icwpredflag.org\/wp\/wordpress\/wps\/wp-content\/uploads\/sites\/2\/2018\/04\/communstamp.jpg 279w\" sizes=\"auto, (max-width: 549px) 100vw, 549px\" \/><\/p>\n<h4 style=\"text-align: justify;\"><span style=\"color: #000000;\"><a style=\"color: #000000;\" href=\"https:\/\/icwpredflag.org\/wp\/wordpress\/\">Main page<\/a><\/span><\/h4>\n<\/div>\n","protected":false},"excerpt":{"rendered":"<p>La Comuna de Par\u00eds de 1871, Parte I Las Masas Convierten la Mort\u00edfera Guerra Capitalista en una Lucha por el Poder Estatal de la Clase Obrera La Comuna de Par\u00eds, uno de los eventos m\u00e1s influyentes en la historia de la humanidad, surgi\u00f3 de la guerra franco-prusiana (1870-71). Marc\u00f3 la llegada de la clase obrera &hellip; <a href=\"https:\/\/icwpredflag.org\/wp\/wordpress\/wps\/otros-folletos-y-series-de-articulos\/historia-de-la-clase-obrera-la-comuna-de-paris-de-1871\/\" class=\"more-link\">Sigue leyendo <span class=\"screen-reader-text\">Historia de la Clase Obrera: La Comuna de Par\u00eds de 1871<\/span><\/a><\/p>\n","protected":false},"author":1,"featured_media":2018,"parent":162,"menu_order":0,"comment_status":"closed","ping_status":"closed","template":"","meta":{"footnotes":""},"class_list":["post-2391","page","type-page","status-publish","has-post-thumbnail","hentry"],"_links":{"self":[{"href":"https:\/\/icwpredflag.org\/wp\/wordpress\/wps\/wp-json\/wp\/v2\/pages\/2391","targetHints":{"allow":["GET"]}}],"collection":[{"href":"https:\/\/icwpredflag.org\/wp\/wordpress\/wps\/wp-json\/wp\/v2\/pages"}],"about":[{"href":"https:\/\/icwpredflag.org\/wp\/wordpress\/wps\/wp-json\/wp\/v2\/types\/page"}],"author":[{"embeddable":true,"href":"https:\/\/icwpredflag.org\/wp\/wordpress\/wps\/wp-json\/wp\/v2\/users\/1"}],"replies":[{"embeddable":true,"href":"https:\/\/icwpredflag.org\/wp\/wordpress\/wps\/wp-json\/wp\/v2\/comments?post=2391"}],"version-history":[{"count":10,"href":"https:\/\/icwpredflag.org\/wp\/wordpress\/wps\/wp-json\/wp\/v2\/pages\/2391\/revisions"}],"predecessor-version":[{"id":2403,"href":"https:\/\/icwpredflag.org\/wp\/wordpress\/wps\/wp-json\/wp\/v2\/pages\/2391\/revisions\/2403"}],"up":[{"embeddable":true,"href":"https:\/\/icwpredflag.org\/wp\/wordpress\/wps\/wp-json\/wp\/v2\/pages\/162"}],"wp:featuredmedia":[{"embeddable":true,"href":"https:\/\/icwpredflag.org\/wp\/wordpress\/wps\/wp-json\/wp\/v2\/media\/2018"}],"wp:attachment":[{"href":"https:\/\/icwpredflag.org\/wp\/wordpress\/wps\/wp-json\/wp\/v2\/media?parent=2391"}],"curies":[{"name":"wp","href":"https:\/\/api.w.org\/{rel}","templated":true}]}}