{"id":2432,"date":"2018-05-03T16:27:21","date_gmt":"2018-05-03T16:27:21","guid":{"rendered":"http:\/\/icwpredflag.org\/wp\/wordpress\/wps\/?page_id=2432"},"modified":"2018-05-25T23:47:33","modified_gmt":"2018-05-25T23:47:33","slug":"luchemos-por-un-mundo-comunista","status":"publish","type":"page","link":"https:\/\/icwpredflag.org\/wp\/wordpress\/wps\/volume-9-numero-5\/luchemos-por-un-mundo-comunista\/","title":{"rendered":"\u00a1Luchemos Por Un Mundo Comunista!"},"content":{"rendered":"<h3 style=\"text-align: center;\"><span style=\"color: #ff0000;\"><strong>\u00a1Celebremos el Primero de Mayo de 2018 Ingresando al Partido Comunista Obrero Internacional (PCOI)!<\/strong><\/span><\/h3>\n<p><img loading=\"lazy\" decoding=\"async\" class=\"wp-image-2424 aligncenter\" src=\"http:\/\/icwpredflag.org\/wp\/wordpress\/wps\/wp-content\/uploads\/sites\/2\/2018\/05\/indiawomen-300x194.jpg\" alt=\"\" width=\"728\" height=\"471\" srcset=\"https:\/\/icwpredflag.org\/wp\/wordpress\/wps\/wp-content\/uploads\/sites\/2\/2018\/05\/indiawomen-300x194.jpg 300w, https:\/\/icwpredflag.org\/wp\/wordpress\/wps\/wp-content\/uploads\/sites\/2\/2018\/05\/indiawomen.jpg 311w\" sizes=\"auto, (max-width: 728px) 100vw, 728px\" \/><\/p>\n<h4 style=\"text-align: center;\"><span style=\"color: #ff0000;\">India<\/span><\/h4>\n<p><img loading=\"lazy\" decoding=\"async\" class=\"wp-image-2423 aligncenter\" src=\"http:\/\/icwpredflag.org\/wp\/wordpress\/wps\/wp-content\/uploads\/sites\/2\/2018\/05\/elsalmarch-300x195.jpg\" alt=\"\" width=\"688\" height=\"447\" srcset=\"https:\/\/icwpredflag.org\/wp\/wordpress\/wps\/wp-content\/uploads\/sites\/2\/2018\/05\/elsalmarch-300x195.jpg 300w, https:\/\/icwpredflag.org\/wp\/wordpress\/wps\/wp-content\/uploads\/sites\/2\/2018\/05\/elsalmarch.jpg 315w\" sizes=\"auto, (max-width: 688px) 100vw, 688px\" \/><\/p>\n<h4 style=\"text-align: center;\"><span style=\"color: #ff0000;\">El Salvador<\/span><\/h4>\n<p style=\"text-align: justify;\"><strong>El PCOI moviliza para el comunismo<\/strong>, una sociedad sin clases, dinero, propiedad privada o sistema salarial. En el comunismo, todos &#8211; de todas las edades y g\u00e9neros, de cada \u201craza\u201d y lugar de nacimiento \u2013 trabajaremos colectivamente para satisfacer todas nuestras necesidades.<\/p>\n<p style=\"text-align: justify;\">Todos trabajaremos seg\u00fan nuestra dedicaci\u00f3n y habilidades. Compartiremos los frutos de nuestro trabajo seg\u00fan nuestras necesidades. Las masas, organizadas como el Partido Comunista, tomar\u00e1n todas las decisiones basadas en lo que sea mejor para todos nosotros.<\/p>\n<p style=\"text-align: justify;\">El comunismo acabar\u00e1 con la guerra y la explotaci\u00f3n, el crimen y la violencia, la riqueza y la pobreza, el racismo y el sexismo, las naciones y las fronteras.<\/p>\n<p style=\"text-align: justify;\">La Comuna de Par\u00eds de 1871 demostr\u00f3 que los trabajadores podemos tomar el poder. La revoluci\u00f3n bolchevique de 1917 demostr\u00f3 que podemos usar ese poder para transformar la sociedad. La Revoluci\u00f3n Cultural China en la d\u00e9cada de 1960 mostr\u00f3 que las masas est\u00e1n hambrientas por el verdadero comunismo.<\/p>\n<p style=\"text-align: justify;\">No puedes cambiar el mundo solo. Pero juntos podemos triunfar.<\/p>\n<p style=\"text-align: justify;\">Para esto, necesitamos un Partido masivo de millones &#8211; el Partido Comunista Obrero Internacional. Te necesitamos a ti y a todos tus conocidos que quieren acabar con los horrores cada vez m\u00e1s destructivos del capitalismo.<\/p>\n<p style=\"text-align: justify;\"><strong>En todas partes hay un gran potencial para reclutar comunistas <\/strong>y construir colectivos comunistas. <strong><em>Bandera Roja<\/em><\/strong> ya es le\u00edda en m\u00e1s de cuarenta pa\u00edses en cinco continentes.<\/p>\n<p style=\"text-align: justify;\">\u00danete a los obreros aeroespaciales en EE.UU. y Brasil; obreros de las maquilas en Bangladesh y El Salvador; estudiantes en M\u00e9xico y Sud\u00e1frica; j\u00f3venes antirracistas en EE.UU. y la India; obreros de la construcci\u00f3n en Qatar, trabajadores del transporte en EE.UU., mineros en Sud\u00e1frica y muchos m\u00e1s.<\/p>\n<p style=\"text-align: justify;\">El PCOI construye sobre la historia comunista de nuestra clase, pero somos un Partido de nuevo tipo. Movilizamos para el comunismo y nada menos. No reformas, liberaci\u00f3n nacional, democracia o socialismo. Todos estos mantienen el sistema salarial capitalista y la producci\u00f3n mercantil. El socia-lismo es capitalismo de estado.<\/p>\n<p style=\"text-align: justify;\">Lograr el comunismo requerir\u00e1 de una revoluci\u00f3n armada y m\u00e1s. Se necesitar\u00e1n masas unificadas luchando por hacer que la sociedad comunista funcione. \u00a1Eso comienza ahora!<\/p>\n<p style=\"text-align: justify;\">\u00bfC\u00f3mo funcionar\u00e1 la producci\u00f3n comunista? \u00bfEl cuidado de la salud? \u00bfLa educaci\u00f3n? \u00bfLos deportes, recreaci\u00f3n, arte y la cultura?<\/p>\n<p style=\"text-align: justify;\">\u00bfC\u00f3mo transformar\u00e1 el comunismo las relaciones personales y la vida cotidiana?<\/p>\n<p style=\"text-align: justify;\">\u00bfC\u00f3mo vamos a acabar con el racismo, sexismo y la xenofobia?<\/p>\n<p style=\"text-align: justify;\">\u00bfC\u00f3mo vamos a ganar soldados y marineros a convertir las guerras imperialistas en revoluciones comunistas?<\/p>\n<p style=\"text-align: justify;\">Una visi\u00f3n comunista inspirar\u00e1 a millones, pero no surgir\u00e1 espont\u00e1neamente. Requiere que los comunistas construyamos lazos personales cercanos con muchas personas y que interact\u00faen con muchas m\u00e1s<\/p>\n<p style=\"text-align: justify;\">El PCOI lucha para activar la iniciativa, creatividad, confianza y el liderazgo de la clase obrera ahora y siempre. Los obreros industriales, soldados y marineros son claves para movilizar a las masas para lograr cada avance comunista.<\/p>\n<p style=\"text-align: justify;\">Para construir el mundo que deseas, debes ingresar u organizar un colectivo comunista vinculado globalmente a un Partido masivo unificado: el PCOI.<\/p>\n<p style=\"text-align: justify;\">El Partido est\u00e1 organizado hoy de acuerdo a nuestra meta comunista. Queremos que te nos unas si compartes esa meta. No tenemos \u201cestrellas\u201d ni \u201cexpertos\u201d. Todos tenemos preguntas. Juntos las contestaremos mediante nuestra participaci\u00f3n en la lucha.<\/p>\n<p style=\"text-align: justify;\">Los colectivos comunistas se re\u00fanen regularmente para hacer e implementar planes. Distribuyen y escriben para <strong><em>Bandera Roja <\/em><\/strong>y lo utilizan para luchar por la l\u00ednea pol\u00edtica comunista.<\/p>\n<p style=\"text-align: justify;\">Dependemos del proceso de la cr\u00edtica y autocr\u00edtica para mantenernos en el camino comunista. Ingresar al Partido significa que nos comprometemos a construir estos colectivos.<\/p>\n<p style=\"text-align: justify;\">Las decisiones del Partido son tomadas despu\u00e9s de discutirlas tan ampliamente como sea posible en los colectivos. Nos comprometemos a implementarlas, aun cuando no estamos de acuerdo, para que podamos evaluar colectivamente los resultados. \u00a1Juntos podemos triunfar!<\/p>\n<p style=\"text-align: justify;\">\u00a1Te invitamos a celebrar el Primero de Mayo 2018 uni\u00e9ndote al Partido Comunista Obrero Internacional!<\/p>\n<p><img loading=\"lazy\" decoding=\"async\" class=\"wp-image-2412 alignnone\" src=\"http:\/\/icwpredflag.org\/wp\/wordpress\/wps\/wp-content\/uploads\/sites\/2\/2018\/05\/MD18as-300x222.jpg\" alt=\"\" width=\"705\" height=\"522\" srcset=\"https:\/\/icwpredflag.org\/wp\/wordpress\/wps\/wp-content\/uploads\/sites\/2\/2018\/05\/MD18as-300x222.jpg 300w, https:\/\/icwpredflag.org\/wp\/wordpress\/wps\/wp-content\/uploads\/sites\/2\/2018\/05\/MD18as.jpg 386w\" sizes=\"auto, (max-width: 705px) 100vw, 705px\" \/><\/p>\n<p><img loading=\"lazy\" decoding=\"async\" class=\"wp-image-2411 aligncenter\" src=\"http:\/\/icwpredflag.org\/wp\/wordpress\/wps\/wp-content\/uploads\/sites\/2\/2018\/05\/MD18bs-300x225.jpg\" alt=\"\" width=\"719\" height=\"539\" srcset=\"https:\/\/icwpredflag.org\/wp\/wordpress\/wps\/wp-content\/uploads\/sites\/2\/2018\/05\/MD18bs-300x225.jpg 300w, https:\/\/icwpredflag.org\/wp\/wordpress\/wps\/wp-content\/uploads\/sites\/2\/2018\/05\/MD18bs.jpg 343w\" sizes=\"auto, (max-width: 719px) 100vw, 719px\" \/><\/p>\n<h4><a href=\"http:\/\/icwpredflag.org\/wp\/wordpress\/wps\/volume-9-numero-5\/\">Primera p\u00e1gina de esta edici\u00f3n<\/a><\/h4>\n","protected":false},"excerpt":{"rendered":"<p>\u00a1Celebremos el Primero de Mayo de 2018 Ingresando al Partido Comunista Obrero Internacional (PCOI)! India El Salvador El PCOI moviliza para el comunismo, una sociedad sin clases, dinero, propiedad privada o sistema salarial. En el comunismo, todos &#8211; de todas las edades y g\u00e9neros, de cada \u201craza\u201d y lugar de nacimiento \u2013 trabajaremos colectivamente para &hellip; <a href=\"https:\/\/icwpredflag.org\/wp\/wordpress\/wps\/volume-9-numero-5\/luchemos-por-un-mundo-comunista\/\" class=\"more-link\">Sigue leyendo <span class=\"screen-reader-text\">\u00a1Luchemos Por Un Mundo Comunista!<\/span><\/a><\/p>\n","protected":false},"author":1,"featured_media":2018,"parent":2409,"menu_order":0,"comment_status":"closed","ping_status":"closed","template":"","meta":{"footnotes":""},"class_list":["post-2432","page","type-page","status-publish","has-post-thumbnail","hentry"],"_links":{"self":[{"href":"https:\/\/icwpredflag.org\/wp\/wordpress\/wps\/wp-json\/wp\/v2\/pages\/2432","targetHints":{"allow":["GET"]}}],"collection":[{"href":"https:\/\/icwpredflag.org\/wp\/wordpress\/wps\/wp-json\/wp\/v2\/pages"}],"about":[{"href":"https:\/\/icwpredflag.org\/wp\/wordpress\/wps\/wp-json\/wp\/v2\/types\/page"}],"author":[{"embeddable":true,"href":"https:\/\/icwpredflag.org\/wp\/wordpress\/wps\/wp-json\/wp\/v2\/users\/1"}],"replies":[{"embeddable":true,"href":"https:\/\/icwpredflag.org\/wp\/wordpress\/wps\/wp-json\/wp\/v2\/comments?post=2432"}],"version-history":[{"count":6,"href":"https:\/\/icwpredflag.org\/wp\/wordpress\/wps\/wp-json\/wp\/v2\/pages\/2432\/revisions"}],"predecessor-version":[{"id":2620,"href":"https:\/\/icwpredflag.org\/wp\/wordpress\/wps\/wp-json\/wp\/v2\/pages\/2432\/revisions\/2620"}],"up":[{"embeddable":true,"href":"https:\/\/icwpredflag.org\/wp\/wordpress\/wps\/wp-json\/wp\/v2\/pages\/2409"}],"wp:featuredmedia":[{"embeddable":true,"href":"https:\/\/icwpredflag.org\/wp\/wordpress\/wps\/wp-json\/wp\/v2\/media\/2018"}],"wp:attachment":[{"href":"https:\/\/icwpredflag.org\/wp\/wordpress\/wps\/wp-json\/wp\/v2\/media?parent=2432"}],"curies":[{"name":"wp","href":"https:\/\/api.w.org\/{rel}","templated":true}]}}