{"id":2776,"date":"2018-07-06T02:57:21","date_gmt":"2018-07-06T02:57:21","guid":{"rendered":"http:\/\/icwpredflag.org\/wp\/wordpress\/wps\/?page_id=2776"},"modified":"2018-07-06T03:04:07","modified_gmt":"2018-07-06T03:04:07","slug":"difundamos-el-comunismo-para-construir-un-mundo-sin-naciones-o-fronteras","status":"publish","type":"page","link":"https:\/\/icwpredflag.org\/wp\/wordpress\/wps\/volumen-9-numero-8\/difundamos-el-comunismo-para-construir-un-mundo-sin-naciones-o-fronteras\/","title":{"rendered":"Difundamos El Comunismo para Construir un Mundo Sin Naciones o Fronteras"},"content":{"rendered":"<h3 style=\"text-align: center;\"><span style=\"color: #ff0000;\"><strong>En las F\u00e1bricas, en las Minas, en los Cuarteles, en los Campos,en las Escuelas, en las Calles&#8212;<\/strong><\/span><\/h3>\n<p><img loading=\"lazy\" decoding=\"async\" class=\"wp-image-2766 aligncenter\" src=\"http:\/\/icwpredflag.org\/wp\/wordpress\/wps\/wp-content\/uploads\/sites\/2\/2018\/07\/boedemo-300x147.jpg\" alt=\"\" width=\"698\" height=\"342\" srcset=\"https:\/\/icwpredflag.org\/wp\/wordpress\/wps\/wp-content\/uploads\/sites\/2\/2018\/07\/boedemo-300x147.jpg 300w, https:\/\/icwpredflag.org\/wp\/wordpress\/wps\/wp-content\/uploads\/sites\/2\/2018\/07\/boedemo.jpg 475w\" sizes=\"auto, (max-width: 698px) 100vw, 698px\" \/><\/p>\n<p style=\"text-align: justify;\">SEATTLE, EE. UU., 24 de junio\u2014 Un mundo sin fronteras es una idea popular. La lucha contra el fascismo antiinmigrante &#8211; provocada por la separaci\u00f3n forzosa de los ni\u00f1os de sus padres en la frontera de Estados Unidos y M\u00e9xico &#8211; la ha hecho a\u00fan m\u00e1s popular. Pero muchos piensan que es solo un bonito sue\u00f1o. El PCOI tiene un plan para hacerlo realidad. Un mundo comunista destruir\u00e1 todas las fronteras.<\/p>\n<p style=\"text-align: justify;\">Despu\u00e9s de una semana de lucha con sus compa\u00f1eros de trabajo en una planta de Boeing, un distribuidor y organizador de <strong><em>Bandera Roja<\/em><\/strong> se ide\u00f3 lo que \u00e9l pens\u00f3 que era una soluci\u00f3n.<\/p>\n<p style=\"text-align: justify;\">\u201cHay que agarrar a todos estos due\u00f1os y encarcelarlos. Entonces todo esto de contraponer a trabajadores nativos contra trabajadores inmigrantes o cualquier grupo de trabajadores contra otro grupo de trabajadores se acabar\u00e1\u201d. \u00a1Es un comienzo!<\/p>\n<p style=\"text-align: justify;\">Al menos media docena de lectores y distribuidores de <strong><em>Bandera Roja<\/em><\/strong>, nativos e inmigrantes, negros, blancos y asi\u00e1ticos, se vieron impulsados a iniciar luchas entre sus cuadrillas en la f\u00e1brica en torno a la persecuci\u00f3n racista en la frontera. Las discusiones continuaron por toda la planta. Convertimos esto en un debate masivo sobre el comunismo. Durante d\u00edas, estos organizadores acudieron a los camaradas en busca de m\u00e1s \u201cmuniciones\u201d para avanzar la lucha.<\/p>\n<p style=\"text-align: justify;\">Obreros no miembros del Partido empezaron a hablar del comunismo con sus amigos. Es precisamente en tiempos como el de la semana pasada que nuestra base est\u00e1 m\u00e1s dispuesta a darle una oportunidad al comunismo. No todas las batallas en cada \u00e1rea siguieron el mismo camino, pero la discusi\u00f3n y el debate de las ideas comunistas nos fortalecieron a todos.<\/p>\n<p style=\"text-align: justify;\">Todos estuvieron de acuerdo que acabar con las fronteras es un sue\u00f1o imposible bajo el capitalismo. Un airado delegado sindical dijo: \u201c[Las atrocidades que sufren los inmigrantes] contin\u00faan y contin\u00faan bajo los Dem\u00f3cratas o Republicanos. \u00a1Simplemente empeora! \u201c<\/p>\n<p style=\"text-align: justify;\">Las naciones y el patriotismo fueron inventados por los capitalistas para garantizar su poder y ganancias. Los ataques fascistas contra los inmigrantes son la forma normal de funcionar de este sistema. El capitalismo no solo debe contraponer a empresa contra empresa y naci\u00f3n contra naci\u00f3n, sino tambi\u00e9n a trabajador contra trabajador<\/p>\n<p style=\"text-align: justify;\"><strong>\u00bfC\u00f3mo Destruir\u00e1 el Comunismo Todas las Fronteras?<\/strong><\/p>\n<p style=\"text-align: justify;\">En el comunismo, no habr\u00e1 empleos por los cuales competir. El capitalista nos da un empleo solo si nos puede explotar. Si \u00e9l puede explotar a alguien de un grupo o nacionalidad diferente pag\u00e1ndole menos, le dar\u00e1 ese trabajo a \u00e9l o ella.<\/p>\n<p style=\"text-align: justify;\">El comunismo no tendr\u00e1 salarios ni empleos. Todos obtendremos lo que necesitamos. Lucharemos con todos para que contribuyan con su trabajo de acuerdo a sus habilidades y dedicaci\u00f3n. Podremos dar la bienvenida a brazos que vengan a ayudarnos sin temor a perder nuestro sustento.<\/p>\n<p style=\"text-align: justify;\">En un mundo comunista, no importa d\u00f3nde trabajemos. Todos vamos a trabajar por el bien com\u00fan, no competiremos entre nosotros por acaparar el mercado. De hecho, no habr\u00e1 mercados \u2013 nada se comprar\u00e1 o vender\u00e1.<\/p>\n<p style=\"text-align: justify;\">Si los trabajadores deben huir de la opresi\u00f3n del sistema capitalista en alguna parte donde no hemos conquistado el comunismo, los recibiremos con los brazos abiertos. No tendremos que convertir bases militares en gigantescos centros de detenci\u00f3n. Los nuevos inmigrantes y refugiados ser\u00e1n integrados r\u00e1pidamente por las masas en la vida y el trabajo de nuestra sociedad comunista. Ellos obtendr\u00e1n el descanso y entrenamiento necesario para expandir la revoluci\u00f3n en todo el mundo.<\/p>\n<p style=\"text-align: justify;\">A medida que nos deshagamos de las naciones, clasificando a trabajadores como inmigrantes dejar\u00e1 de hacerse. \u00a1El comunismo da la bienvenida a todos los trabajadores en todas partes!<\/p>\n<p style=\"text-align: justify;\">El Camino Comunista Hacia Adelante<\/p>\n<p style=\"text-align: justify;\">Nuestras discusiones colectivas comunistas en el trabajo en los debates en varios lugares de la planta fortalecieron nuestro trabajo m\u00e1s all\u00e1 de nuestras fuerzas en las plantas. Estos obreros tienen familias, amigos y actividades fuera de la f\u00e1brica tambi\u00e9n.<\/p>\n<p style=\"text-align: justify;\">Hemos empezado a ver ecos de nuestro plan comunista entre las muchas personas con quienes interact\u00faan estos obreros fabriles. Un organizador es voluntario en una escuela secundaria local con muchos estudiantes inmigrantes o de padres inmigrantes.<\/p>\n<p style=\"text-align: justify;\">\u201c\u00a1Los patrones nos necesitan!\u201d. Uno de estos estudiantes le dijo a otro camarada. \u201c\u00a1Pero nosotros no los necesitamos!\u201d. Cuando nos deshagamos de ellos y de su sistema capitalista mediante la revoluci\u00f3n comunista, podremos eliminar las fronteras y las naciones para siempre.<\/p>\n<p style=\"text-align: justify;\">Construir hoy d\u00eda un Partido Comunista Obrero Internacional sin fronteras es la clave para ganar y construir un mundo sin fronteras ma\u00f1ana. Una victoria duradera de la lucha de esta semana ser\u00e1 la decisi\u00f3n de m\u00e1s obreros y estudiantes a hacerse miembros del Partido.<\/p>\n<h4><a href=\"http:\/\/icwpredflag.org\/wp\/wordpress\/wps\/volumen-9-numero-8\/\">Primera p\u00e1gina de esta edici\u00f3n<\/a><\/h4>\n","protected":false},"excerpt":{"rendered":"<p>En las F\u00e1bricas, en las Minas, en los Cuarteles, en los Campos,en las Escuelas, en las Calles&#8212; SEATTLE, EE. UU., 24 de junio\u2014 Un mundo sin fronteras es una idea popular. La lucha contra el fascismo antiinmigrante &#8211; provocada por la separaci\u00f3n forzosa de los ni\u00f1os de sus padres en la frontera de Estados Unidos &hellip; <a href=\"https:\/\/icwpredflag.org\/wp\/wordpress\/wps\/volumen-9-numero-8\/difundamos-el-comunismo-para-construir-un-mundo-sin-naciones-o-fronteras\/\" class=\"more-link\">Sigue leyendo <span class=\"screen-reader-text\">Difundamos El Comunismo para Construir un Mundo Sin Naciones o Fronteras<\/span><\/a><\/p>\n","protected":false},"author":1,"featured_media":2018,"parent":2747,"menu_order":0,"comment_status":"closed","ping_status":"closed","template":"","meta":{"footnotes":""},"class_list":["post-2776","page","type-page","status-publish","has-post-thumbnail","hentry"],"_links":{"self":[{"href":"https:\/\/icwpredflag.org\/wp\/wordpress\/wps\/wp-json\/wp\/v2\/pages\/2776","targetHints":{"allow":["GET"]}}],"collection":[{"href":"https:\/\/icwpredflag.org\/wp\/wordpress\/wps\/wp-json\/wp\/v2\/pages"}],"about":[{"href":"https:\/\/icwpredflag.org\/wp\/wordpress\/wps\/wp-json\/wp\/v2\/types\/page"}],"author":[{"embeddable":true,"href":"https:\/\/icwpredflag.org\/wp\/wordpress\/wps\/wp-json\/wp\/v2\/users\/1"}],"replies":[{"embeddable":true,"href":"https:\/\/icwpredflag.org\/wp\/wordpress\/wps\/wp-json\/wp\/v2\/comments?post=2776"}],"version-history":[{"count":4,"href":"https:\/\/icwpredflag.org\/wp\/wordpress\/wps\/wp-json\/wp\/v2\/pages\/2776\/revisions"}],"predecessor-version":[{"id":2780,"href":"https:\/\/icwpredflag.org\/wp\/wordpress\/wps\/wp-json\/wp\/v2\/pages\/2776\/revisions\/2780"}],"up":[{"embeddable":true,"href":"https:\/\/icwpredflag.org\/wp\/wordpress\/wps\/wp-json\/wp\/v2\/pages\/2747"}],"wp:featuredmedia":[{"embeddable":true,"href":"https:\/\/icwpredflag.org\/wp\/wordpress\/wps\/wp-json\/wp\/v2\/media\/2018"}],"wp:attachment":[{"href":"https:\/\/icwpredflag.org\/wp\/wordpress\/wps\/wp-json\/wp\/v2\/media?parent=2776"}],"curies":[{"name":"wp","href":"https:\/\/api.w.org\/{rel}","templated":true}]}}