{"id":2870,"date":"2018-07-27T01:24:55","date_gmt":"2018-07-27T01:24:55","guid":{"rendered":"http:\/\/icwpredflag.org\/wp\/wordpress\/wps\/?page_id=2870"},"modified":"2018-07-27T01:29:32","modified_gmt":"2018-07-27T01:29:32","slug":"es-trump-un-traidor","status":"publish","type":"page","link":"https:\/\/icwpredflag.org\/wp\/wordpress\/wps\/volumen-9-numero-9\/es-trump-un-traidor\/","title":{"rendered":"\u00bfEs Trump un Traidor?"},"content":{"rendered":"<p style=\"text-align: justify;\">No a la clase obrera. \u00c9l siempre ha sido nuestro enemigo, como cualquier otro politiquero capitalista. Puedes traicionar a tus amigos pero no a tus enemigos.<\/p>\n<p style=\"text-align: justify;\">\u00bfPara los capitalistas de los Estados Unidos? Ciertamente para algunos de ellos. Esa fue la impresi\u00f3n que dio cuando pregon\u00f3 tener m\u00e1s confianza en Putin que en los \u00f3rganos oficiales del poder estatal imperialista de Estados Unidos. Fue entonces, cuando incluso los m\u00e1s ac\u00e9rrimos l\u00edderes republicanos Congresistas se vieron obligados a hablar y criticar sus comentarios. Y la raz\u00f3n por la cual Trump tuvo que tratar retractarse.<\/p>\n<p style=\"text-align: justify;\">Pero los cr\u00edticos de Trump les hacen a esos mismos capitalistas de EE.UU. un gran favor ideol\u00f3gico.<\/p>\n<p style=\"text-align: justify;\">Llaman a Trump \u201cantipatriota\u201d como si el patriotismo fuera una virtud. Los comunistas pregonamos el principio de que \u201cla clase obrera no tiene naci\u00f3n\u201d. . Nosotros organizamos internacionalmente, a trav\u00e9s de las fronteras capitalistas, para que alg\u00fan d\u00eda un mundo comunista aplaste esas fronteras y naciones.<\/p>\n<p style=\"text-align: justify;\">Dicen que Trump deber\u00eda actuar como \u201cel l\u00edder del mundo libre\u201d, como si el imperialismo estadounidense no hubiera esclavizado, oprimido y explotado durante siglos a las masas del mundo. Construyeron los EE. UU. en tierras robadas con mano de obra esclava. La clase trabajadora solo puede liberarse de todos los imperialistas y capitalistas moviliz\u00e1ndose para la revoluci\u00f3n comunista.<\/p>\n<p style=\"text-align: justify;\">Se refieren a Putin como \u201ccomunista\u201d, como si Rusia no hubiera abandonado el comunismo hace ya muchas d\u00e9cadas. El socialismo sovi\u00e9tico conten\u00eda en s\u00ed las semillas del capitalismo desenfrenado del salvaje oeste que florece hoy en Rusia, y que muchos oligarcas de EE.UU. desean restaurar aqu\u00ed.<\/p>\n<p style=\"text-align: justify;\">Los comunistas hemos aprendido de las heroicas luchas y tr\u00e1gicas derrotas de los movimientos comunistas masivos del pasado, especialmente en Rusia y China. Ahora vemos que el comunismo, que es necesitado desesperadamente en todas partes, no se puede ganar luchando por algo menos. No por el socialismo, la democracia, la liberaci\u00f3n nacional o la justicia econ\u00f3mica: debemos luchar directamente por el comunismo.<\/p>\n<p style=\"text-align: justify;\">El patriotismo es la ideolog\u00eda de los imperialistas-capitalistas para que peleemos por sus naciones e imperios<\/p>\n<p style=\"text-align: justify;\">Los trabajadores no deben aliarse con imperialistas o capitalistas, ya sean de EE. UU., Rusia, China o cualquier pa\u00eds. Todos ellos son par\u00e1sitos que viven de nuestra explotaci\u00f3n, ansiosos de derramar la sangre de nuestra familia obrera mundial para defender sus ganancias e imperios. Necesitamos luchar por el comunismo para ponerle fin a su esclavitud salarial y a su competencia letal que lleva a guerras, incluso guerras mundiales.<\/p>\n<p style=\"text-align: justify;\">Cuando una clase gobernante est\u00e1 dividida y en desorden- como lo est\u00e1 hoy d\u00eda el imperialismo estadounidense &#8211; debemos aprovechar esta debilidad estrat\u00e9gica intensificando la lucha para destruir su sistema racista mort\u00edfero.<\/p>\n<p style=\"text-align: justify;\">Nuestra lealtad debe ser para las masas &#8211; la clase obrera internacional -y para la victoria final del comunismo.<\/p>\n<h3 style=\"text-align: center;\"><span style=\"color: #ff0000;\">****<\/span><\/h3>\n<p><img loading=\"lazy\" decoding=\"async\" class=\"wp-image-2836 aligncenter\" src=\"http:\/\/icwpredflag.org\/wp\/wordpress\/wps\/wp-content\/uploads\/sites\/2\/2018\/07\/picnic.jpg\" alt=\"\" width=\"496\" height=\"457\" \/><\/p>\n<p class=\"p1\" style=\"text-align: justify;\">Los \u00c1ngeles, USA\u201445 Estudiantes y obreros\/as disfrutaron de una deliciosa comida y amistad politica en el Pic Nic anual del PCOI. Se hicieron planes para llevar las ideas comunistas a las protestas pro-inmigrantes y aumentar la distribuci\u00f3n de <em><strong><span class=\"s1\">Bandera Roja <\/span><\/strong><\/em>a los obreros en sus lugares de trabajo.<\/p>\n<h4><a href=\"http:\/\/icwpredflag.org\/wp\/wordpress\/wps\/volumen-9-numero-9\/\">Primera p\u00e1gina de esta edici\u00f3n<\/a><\/h4>\n","protected":false},"excerpt":{"rendered":"<p>No a la clase obrera. \u00c9l siempre ha sido nuestro enemigo, como cualquier otro politiquero capitalista. Puedes traicionar a tus amigos pero no a tus enemigos. \u00bfPara los capitalistas de los Estados Unidos? Ciertamente para algunos de ellos. Esa fue la impresi\u00f3n que dio cuando pregon\u00f3 tener m\u00e1s confianza en Putin que en los \u00f3rganos &hellip; <a href=\"https:\/\/icwpredflag.org\/wp\/wordpress\/wps\/volumen-9-numero-9\/es-trump-un-traidor\/\" class=\"more-link\">Sigue leyendo <span class=\"screen-reader-text\">\u00bfEs Trump un Traidor?<\/span><\/a><\/p>\n","protected":false},"author":1,"featured_media":2018,"parent":2842,"menu_order":0,"comment_status":"closed","ping_status":"closed","template":"","meta":{"footnotes":""},"class_list":["post-2870","page","type-page","status-publish","has-post-thumbnail","hentry"],"_links":{"self":[{"href":"https:\/\/icwpredflag.org\/wp\/wordpress\/wps\/wp-json\/wp\/v2\/pages\/2870","targetHints":{"allow":["GET"]}}],"collection":[{"href":"https:\/\/icwpredflag.org\/wp\/wordpress\/wps\/wp-json\/wp\/v2\/pages"}],"about":[{"href":"https:\/\/icwpredflag.org\/wp\/wordpress\/wps\/wp-json\/wp\/v2\/types\/page"}],"author":[{"embeddable":true,"href":"https:\/\/icwpredflag.org\/wp\/wordpress\/wps\/wp-json\/wp\/v2\/users\/1"}],"replies":[{"embeddable":true,"href":"https:\/\/icwpredflag.org\/wp\/wordpress\/wps\/wp-json\/wp\/v2\/comments?post=2870"}],"version-history":[{"count":4,"href":"https:\/\/icwpredflag.org\/wp\/wordpress\/wps\/wp-json\/wp\/v2\/pages\/2870\/revisions"}],"predecessor-version":[{"id":2875,"href":"https:\/\/icwpredflag.org\/wp\/wordpress\/wps\/wp-json\/wp\/v2\/pages\/2870\/revisions\/2875"}],"up":[{"embeddable":true,"href":"https:\/\/icwpredflag.org\/wp\/wordpress\/wps\/wp-json\/wp\/v2\/pages\/2842"}],"wp:featuredmedia":[{"embeddable":true,"href":"https:\/\/icwpredflag.org\/wp\/wordpress\/wps\/wp-json\/wp\/v2\/media\/2018"}],"wp:attachment":[{"href":"https:\/\/icwpredflag.org\/wp\/wordpress\/wps\/wp-json\/wp\/v2\/media?parent=2870"}],"curies":[{"name":"wp","href":"https:\/\/api.w.org\/{rel}","templated":true}]}}