{"id":2876,"date":"2018-07-27T01:30:51","date_gmt":"2018-07-27T01:30:51","guid":{"rendered":"http:\/\/icwpredflag.org\/wp\/wordpress\/wps\/?page_id=2876"},"modified":"2018-07-27T01:39:17","modified_gmt":"2018-07-27T01:39:17","slug":"el-pcoi-crece-en-el-distrito-minero-de-sudafrica","status":"publish","type":"page","link":"https:\/\/icwpredflag.org\/wp\/wordpress\/wps\/volumen-9-numero-9\/el-pcoi-crece-en-el-distrito-minero-de-sudafrica\/","title":{"rendered":"El PCOI Crece en el Distrito Minero de Sud\u00e1frica"},"content":{"rendered":"<p><strong>Aprendiendo Acerca del Comunismo Mediante Movilizando para Ello<\/strong><\/p>\n<p><img loading=\"lazy\" decoding=\"async\" class=\"wp-image-2879 aligncenter\" src=\"http:\/\/icwpredflag.org\/wp\/wordpress\/wps\/wp-content\/uploads\/sites\/2\/2018\/07\/samines.jpg\" alt=\"\" width=\"497\" height=\"530\" \/><\/p>\n<p style=\"text-align: justify;\">SUD\u00c1FRICA, 14 de julio. Un grupo de camaradas viaj\u00f3 a Rustenburg, el coraz\u00f3n del distrito minero, el mayor productor mundial de platino y otros minerales. Marikana, en esta \u00e1rea, vio una huelga hist\u00f3rica en 2012 de m\u00e1s de 100.000 mineros, durante la cual la polic\u00eda del gobierno liderada por el Congreso Nacional Africano (CNA) asesin\u00f3 a 34 mineros huelguistas. Esto hizo que las masas perdieran confianza en el gobierno capitalista del CNA.<\/p>\n<p style=\"text-align: justify;\">Poco despu\u00e9s, un grupo de obreros organiz\u00f3 el PCOI en Sud\u00e1frica para luchar por un mundo comunista libre de explotaci\u00f3n. Los camaradas recientemente pasaron dos semanas hablando con los mineros sobre el PCOI. Este es su reporte.<\/p>\n<p style=\"text-align: justify;\">Nuestro viaje a Rustenburg fue exitoso. Obreros directamente involucrados en la producci\u00f3n llevar\u00e1n nuestras ideas a los mineros. Hay un colectivo de cuatro camaradas. Otros dos est\u00e1n dispuestos a unirse y ayudar a organizar.<\/p>\n<p style=\"text-align: justify;\">En el autob\u00fas, conocimos a un trabajador que trabaja en una gran mina de platino. \u00c9l estaba<\/p>\n<p style=\"text-align: justify;\">realmente interesado en nuestra lucha para erradicar el capitalismo. Si uno no es una persona ap\u00e1tica, uno puede ver que el comunismo es la mejor alternativa para lo que tenemos ahora.<\/p>\n<p style=\"text-align: justify;\">Algunos de nosotros nos reunimos con un compa\u00f1ero que conocimos antes. Este obrero sab\u00eda del PCOI y sus ideas. Estaba de acuerdo con algunas cosas y en desacuerdo con otras. Ahora hay un entendimiento m\u00e1s profundo entre nosotros.<\/p>\n<p style=\"text-align: justify;\">La discusi\u00f3n principal con \u00e9l fue sobre el papel de los sindicatos. \u00c9l pens\u00f3 que los sindicatos son \u00fatiles. Nosotros los consideramos otra herramienta de los capitalistas, perjudiciales para la clase obrera. Le mostramos que los sindicatos pueden literalmente traicionar a la clase trabajadora.<\/p>\n<p style=\"text-align: justify;\">El hab\u00eda visto lo que el Sindicato Nacional de Mineros le hizo a la clase obrera. Pero \u00e9l solo los ve\u00eda como l\u00edderes individuales corruptos en vez de organizaciones que representan a la clase dominante, que tienen sus ideas. Explicamos que los l\u00edderes son representantes de las organizaciones. Por ejemplo, uno no puede separar a Mandela del Congreso Nacional Africano.<\/p>\n<p style=\"text-align: justify;\">Otros camaradas distribuyeron <strong><em>Bandera Roja<\/em><\/strong> en uno de los albergues donde viven miles de obreros. Encontraron algunos contratiempos porque muchos obreros no le\u00edan ni ingl\u00e9s ni xhosa. Ellos hablan un idioma diferente.<\/p>\n<p style=\"text-align: justify;\">Por lo tanto, los camaradas les explicaron a los obreros qu\u00e9 es el comunismo, por qu\u00e9 deber\u00edan ingresar al PCOI, cu\u00e1l es la diferencia entre el PCOI y el PCSA (Partido Comunista de Sud\u00e1frica), por qu\u00e9 creemos que es suicida alinearse con PCSA. Estas fueron las principales preguntas que hicieron los obreros.<\/p>\n<p style=\"text-align: justify;\"><strong>El Comunismo Realizar\u00e1 el Potencial de la Clase Obrera<\/strong><\/p>\n<p style=\"text-align: justify;\">Un obrero, que es analfabeto, realmente quer\u00eda saber m\u00e1s acerca de nosotros. Le pidi\u00f3 a un camarada que le leyera un art\u00edculo en <strong><em>Bandera Roja<\/em><\/strong> que explicar\u00eda lo que estamos tratando de hacer. El camarada ley\u00f3 el editorial (en Xhosa) sobre las relaciones comunistas.<\/p>\n<p style=\"text-align: justify;\">Sonri\u00f3 y escuch\u00f3, envidiando al camarada que sabia leer. Su situaci\u00f3n nunca cambiar\u00e1 bajo el capitalismo. Los patrones podr\u00edan educar a todos los trabajadores, pero no lo hacen porque una vez que los trabajadores est\u00e1n capacitados, pueden ser peligrosos para ellos. Entonces, est\u00e1n tratando de aislar y sofocar a los trabajadores.<\/p>\n<p style=\"text-align: justify;\">Hist\u00f3ricamente, antes de la revoluci\u00f3n china, la mayor\u00eda de la gente no pod\u00eda leer. Despu\u00e9s pudieron leer. Podemos tener clases de lectura en el trabajo. Esto solo ocurrir\u00e1 en el comunismo donde produciremos para satisfacer las necesidades, no para lucrarnos.<\/p>\n<p style=\"text-align: justify;\">M\u00e1s tarde nos reunimos con el camarada del autob\u00fas. Pregunt\u00f3 c\u00f3mo pod\u00eda ayudarnos y dijo que quer\u00eda unirse a nosotros. Le dijimos que estamos tratando de distribuir <strong><em>Bandera Roja<\/em><\/strong> dentro de las minas. \u00c9l trabaja en ellas y nosotros no. Nos dijo que hay reglas estrictas referentes a la distribuci\u00f3n de literatura all\u00ed, pero a\u00fan hay otras formas que \u00e9l puede usar para distribuir. Entonces, le dimos 20 copias de <strong><em>Bandera Roja<\/em><\/strong> y un panfleto.<\/p>\n<p style=\"text-align: justify;\">Ese d\u00eda nos enteramos de un ataque en una mina donde un guardia de seguridad le dispar\u00f3 a un huelguista con balas de goma. Fue en un \u00e1rea cercana que se convirti\u00f3 en el foco para la pr\u00f3xima semana. Un camarada vive all\u00ed. Ellos tambi\u00e9n estaban en huelga.<\/p>\n<p style=\"text-align: justify;\">Nos reunimos regularmente con \u00e9l y conocimos a dos de sus amigos. \u00c9l ten\u00eda una peque\u00f1a carne asada para nosotros y sus dos amigos. Acordaron ingresar al PCOI y organizar. Cada vez que se publique el peri\u00f3dico, les enviaremos 200 copias para que los distribuyan a los mineros.<\/p>\n<p style=\"text-align: justify;\">Tambi\u00e9n visitamos a un compa\u00f1ero que conocimos antes que no recibi\u00f3 paga por su trabajo en las minas. \u00c9l ahora es un trabajador agr\u00edcola. Se uni\u00f3 a nosotros y distribuir\u00e1 <strong><em>Bandera Roja<\/em><\/strong> a sus compa\u00f1eros de trabajo.<\/p>\n<p style=\"text-align: justify;\"><strong>Los Nuevos Miembros del Partido Aprender\u00e1n, Practicar\u00e1n y Desarrollar\u00e1n Nuestra L\u00ednea Pol\u00edtica<\/strong><\/p>\n<p style=\"text-align: justify;\">Estos obreros a\u00fan son nuevos en la organizaci\u00f3n. No han comprendido completamente nuestra l\u00ednea, pero existe el deseo de saber m\u00e1s, de querer hacer m\u00e1s. Esto es clave porque no aprendemos principalmente de los libros, sino mediante la pr\u00e1ctica de actualmente movilizar a las masas en vez de simplemente leer acerca de movilizar. Eso es lo que los convertir\u00e1 en l\u00edderes comunistas.<\/p>\n<p style=\"text-align: justify;\">Nosotros, tambi\u00e9n, todav\u00eda estamos aprendiendo y luchando sobre muchas cosas sobre c\u00f3mo funcionar\u00e1 el comunismo. No podemos hacer eso sin experimentos y lucha. Tenemos que probar cosas para ver qu\u00e9 funcionar\u00e1 y qu\u00e9 no.<\/p>\n<p style=\"text-align: justify;\">Debemos ser consistentes al llevar nuestras ideas comunistas directamente a los trabajadores. Cuando lo hacemos, los resultados lo muestran.<\/p>\n<p style=\"text-align: justify;\">\u00a1ALUTA CONTINUA!<\/p>\n<p style=\"text-align: justify;\">\u00danete al PCOI<\/p>\n<h4><a href=\"http:\/\/icwpredflag.org\/wp\/wordpress\/wps\/volumen-9-numero-9\/\">Primera p\u00e1gina de esta edici\u00f3n<\/a><\/h4>\n","protected":false},"excerpt":{"rendered":"<p>Aprendiendo Acerca del Comunismo Mediante Movilizando para Ello SUD\u00c1FRICA, 14 de julio. Un grupo de camaradas viaj\u00f3 a Rustenburg, el coraz\u00f3n del distrito minero, el mayor productor mundial de platino y otros minerales. Marikana, en esta \u00e1rea, vio una huelga hist\u00f3rica en 2012 de m\u00e1s de 100.000 mineros, durante la cual la polic\u00eda del gobierno &hellip; <a href=\"https:\/\/icwpredflag.org\/wp\/wordpress\/wps\/volumen-9-numero-9\/el-pcoi-crece-en-el-distrito-minero-de-sudafrica\/\" class=\"more-link\">Sigue leyendo <span class=\"screen-reader-text\">El PCOI Crece en el Distrito Minero de Sud\u00e1frica<\/span><\/a><\/p>\n","protected":false},"author":1,"featured_media":2018,"parent":2842,"menu_order":0,"comment_status":"closed","ping_status":"closed","template":"","meta":{"footnotes":""},"class_list":["post-2876","page","type-page","status-publish","has-post-thumbnail","hentry"],"_links":{"self":[{"href":"https:\/\/icwpredflag.org\/wp\/wordpress\/wps\/wp-json\/wp\/v2\/pages\/2876","targetHints":{"allow":["GET"]}}],"collection":[{"href":"https:\/\/icwpredflag.org\/wp\/wordpress\/wps\/wp-json\/wp\/v2\/pages"}],"about":[{"href":"https:\/\/icwpredflag.org\/wp\/wordpress\/wps\/wp-json\/wp\/v2\/types\/page"}],"author":[{"embeddable":true,"href":"https:\/\/icwpredflag.org\/wp\/wordpress\/wps\/wp-json\/wp\/v2\/users\/1"}],"replies":[{"embeddable":true,"href":"https:\/\/icwpredflag.org\/wp\/wordpress\/wps\/wp-json\/wp\/v2\/comments?post=2876"}],"version-history":[{"count":3,"href":"https:\/\/icwpredflag.org\/wp\/wordpress\/wps\/wp-json\/wp\/v2\/pages\/2876\/revisions"}],"predecessor-version":[{"id":2880,"href":"https:\/\/icwpredflag.org\/wp\/wordpress\/wps\/wp-json\/wp\/v2\/pages\/2876\/revisions\/2880"}],"up":[{"embeddable":true,"href":"https:\/\/icwpredflag.org\/wp\/wordpress\/wps\/wp-json\/wp\/v2\/pages\/2842"}],"wp:featuredmedia":[{"embeddable":true,"href":"https:\/\/icwpredflag.org\/wp\/wordpress\/wps\/wp-json\/wp\/v2\/media\/2018"}],"wp:attachment":[{"href":"https:\/\/icwpredflag.org\/wp\/wordpress\/wps\/wp-json\/wp\/v2\/media?parent=2876"}],"curies":[{"name":"wp","href":"https:\/\/api.w.org\/{rel}","templated":true}]}}