{"id":2964,"date":"2018-08-20T03:19:43","date_gmt":"2018-08-20T03:19:43","guid":{"rendered":"http:\/\/icwpredflag.org\/wp\/wordpress\/wps\/?page_id=2964"},"modified":"2018-08-20T03:36:11","modified_gmt":"2018-08-20T03:36:11","slug":"guerra-por-terceros-entre-ee-uu-y-rusia-en-siria-mata-a-cientos-de-miles-de-personas","status":"publish","type":"page","link":"https:\/\/icwpredflag.org\/wp\/wordpress\/wps\/volumen-9-numero-10\/guerra-por-terceros-entre-ee-uu-y-rusia-en-siria-mata-a-cientos-de-miles-de-personas\/","title":{"rendered":"Guerra por Terceros Entre EE.UU. y Rusia en Siria Mata a Cientos de Miles de Personas"},"content":{"rendered":"<p style=\"text-align: justify;\"><strong><em>Bandera Roja<\/em><\/strong> ha se\u00f1alado que la competencia entre capitalistas esta impulsando los acontecimientos en todas partes. La rivalidad entre EE.UU. y Rusia, China y la Uni\u00f3n Europea no se limita a guerras comerciales y sanciones; conduce a grandes guerras.<\/p>\n<p style=\"text-align: justify;\">Estas guerras no siempre involucran a las fuerzas armadas de las grandes potencias. Hay guerras por terceros en las cuales las grandes potencias hacen que otros peleen por ellas. La CIA de EE. UU. trat\u00f3 esto; su mayor \u00e9xito fue armar a los yihadistas que luchaban contra la ocupaci\u00f3n sovi\u00e9tica de Afganist\u00e1n en la d\u00e9cada de 1980. La \u201cOperaci\u00f3n Cicl\u00f3n\u201d de la CIA entren\u00f3 y arm\u00f3 a afganos, eventualmente cost\u00e1ndole a los EE. UU. unos 20 mil millones de d\u00f3lares y produciendo enormes bajas afganas. Los sovi\u00e9ticos se retiraron; una sangrienta guerra civil sigui\u00f3. El gobierno de EE.UU. cont\u00f3 esto como un gran \u00e9xito. Los yihadistas apoyados por EE. UU. incluyeron colaboradores cercanos de Osama bin Laden y ayudaron a crear a Al Qaeda.<\/p>\n<p style=\"text-align: justify;\">En 2012, la CIA, junto con los saud\u00edes y otros, armaron fuerzas sirias con el objetivo de eliminar el r\u00e9gimen de Bashir al Assad. En el otro lado, los rusos apoyaron el r\u00e9gimen de Assad. Al menos 500,000 sirios murieron en la lucha que cre\u00f3 millones de refugiados. Veamos como esta guerra por terceros se desarrollo.<\/p>\n<p style=\"text-align: justify;\">Los rusos han tenido una base naval en Siria en Tartus desde 1971. Putin se reuni\u00f3 con Assad en 2005 y perdon\u00f3 la deuda multimillonaria de Siria a Rusia. Desde 2007 hasta 2010, Rusia realiz\u00f3 grandes ventas de armas a Siria. En 2009, la base naval de Tartus fue dragada para que atracaran embarcaciones m\u00e1s grandes.<\/p>\n<p style=\"text-align: justify;\">En marzo 2011, las protestas contra el r\u00e9gimen de Assad comenzaron en el sur de Siria y fueron brutalmente reprimidas. Los rusos bloquearon los intentos en la ONU de sancionar a Siria y, en 2012, proporcionaron armas a Siria, incluyendo helic\u00f3pteros de ataque y armas antia\u00e9reas.<\/p>\n<p style=\"text-align: justify;\">En 2012, Arabia Saudita y la CIA contrabandearon armas a las fuerzas rebeldes sirias. En 2013, el proyecto de la CIA, \u201cMadera de Sicomoro \u201c, que operaba desde Amman Jordan, proporcion\u00f3 armas de asalto, misiles antitanque, camionetas, etc. Los paramilitares de la CIA entrenaron a los combatientes sirios. Se estima que estos combatientes de la CIA mataron unas 100.000 tropas y aliados del gobierno sirio.<\/p>\n<p style=\"text-align: justify;\">Tropas respaldadas por EE.UU. pelearon al lado del frente Al Nusra de Al Qaeda y les suministraron armas. Muchas armas pasaron r\u00e1pidamente a manos de ISIS.<\/p>\n<p style=\"text-align: justify;\">Despu\u00e9s de que las fuerzas anti-Assad ganaran terreno en septiembre 2015, Rusia meti\u00f3 48,000 tropas y tanques y despleg\u00f3 los sistemas de defensa a\u00e9rea rusos. Los ataques a\u00e9reos rusos debilitaron seriamente las fuerzas antigubernamentales y ayudaron al gobierno sirio a recuperar Aleppo y Palmira en 2016. Hezbollah y las tropas iran\u00edes coordinaron sus ataques con los ataques a\u00e9reos rusos.<\/p>\n<p style=\"text-align: justify;\">Un general ruso cuenta 71,000 ataques a\u00e9reos contra \u201cla infraestructura de los terroristas\u201d. Rusia realiz\u00f3 ataques con misiles de crucero desde submarinos en el Mediterr\u00e1neo y barcos en el Mar Caspio y ataques a\u00e9reos desde un portaaviones en el Mediterr\u00e1neo.<\/p>\n<p style=\"text-align: justify;\">En 2017, los EE. UU. descontinuaron Madera de Sicomoro.<\/p>\n<p style=\"text-align: justify;\">En 2018, Rusia envi\u00f3 \u201ccontratistas\u201d civiles para apoyar al gobierno sirio. Chocaron con tropas estadounidenses; Seg\u00fan reportes, la artiller\u00eda estadounidense mat\u00f3 a cientos de \u201ccontratistas\u201d.<\/p>\n<p style=\"text-align: justify;\">La intervenci\u00f3n militar de EE.UU. fracas\u00f3 y el poder\u00edo estadounidense en Oriente Medio fue debilitado. Los rusos ganaron: ahora tienen una larga concesi\u00f3n de la base naval de Tartus, donde pueden colocar barcos y una presencia a largo plazo en la regi\u00f3n. Las guerras por terceros pueden afectar la habilidad de las potencias imperiales de dominar regiones.<\/p>\n<p style=\"text-align: justify;\">Todas las guerras de los capitalistas resultan en muerte y miseria para las masas.<\/p>\n<p style=\"text-align: justify;\">\u00a0No hay capitalismo pac\u00edfico. Las masas solo pueden hacer su futuro luchando por el comunismo donde no habr\u00e1 dinero, ganancias, naciones, ni necesidad de dominar regiones y movilizar\u00e1 a las masas para satisfacer las necesidades de todos. Las masas comunistas necesitar\u00e1n armas solo para garantizar que los capitalistas nunca recuperen el poder. \u00danete al PCOI y ayuda a forjar el futuro que las masas necesitamos.<\/p>\n<h4><a href=\"http:\/\/icwpredflag.org\/wp\/wordpress\/wps\/volumen-9-numero-10\/\">Primera p\u00e1gina de esta edici\u00f3n<\/a><\/h4>\n","protected":false},"excerpt":{"rendered":"<p>Bandera Roja ha se\u00f1alado que la competencia entre capitalistas esta impulsando los acontecimientos en todas partes. La rivalidad entre EE.UU. y Rusia, China y la Uni\u00f3n Europea no se limita a guerras comerciales y sanciones; conduce a grandes guerras. Estas guerras no siempre involucran a las fuerzas armadas de las grandes potencias. Hay guerras por &hellip; <a href=\"https:\/\/icwpredflag.org\/wp\/wordpress\/wps\/volumen-9-numero-10\/guerra-por-terceros-entre-ee-uu-y-rusia-en-siria-mata-a-cientos-de-miles-de-personas\/\" class=\"more-link\">Sigue leyendo <span class=\"screen-reader-text\">Guerra por Terceros Entre EE.UU. y Rusia en Siria Mata a Cientos de Miles de Personas<\/span><\/a><\/p>\n","protected":false},"author":1,"featured_media":2018,"parent":2931,"menu_order":0,"comment_status":"closed","ping_status":"closed","template":"","meta":{"footnotes":""},"class_list":["post-2964","page","type-page","status-publish","has-post-thumbnail","hentry"],"_links":{"self":[{"href":"https:\/\/icwpredflag.org\/wp\/wordpress\/wps\/wp-json\/wp\/v2\/pages\/2964","targetHints":{"allow":["GET"]}}],"collection":[{"href":"https:\/\/icwpredflag.org\/wp\/wordpress\/wps\/wp-json\/wp\/v2\/pages"}],"about":[{"href":"https:\/\/icwpredflag.org\/wp\/wordpress\/wps\/wp-json\/wp\/v2\/types\/page"}],"author":[{"embeddable":true,"href":"https:\/\/icwpredflag.org\/wp\/wordpress\/wps\/wp-json\/wp\/v2\/users\/1"}],"replies":[{"embeddable":true,"href":"https:\/\/icwpredflag.org\/wp\/wordpress\/wps\/wp-json\/wp\/v2\/comments?post=2964"}],"version-history":[{"count":3,"href":"https:\/\/icwpredflag.org\/wp\/wordpress\/wps\/wp-json\/wp\/v2\/pages\/2964\/revisions"}],"predecessor-version":[{"id":2967,"href":"https:\/\/icwpredflag.org\/wp\/wordpress\/wps\/wp-json\/wp\/v2\/pages\/2964\/revisions\/2967"}],"up":[{"embeddable":true,"href":"https:\/\/icwpredflag.org\/wp\/wordpress\/wps\/wp-json\/wp\/v2\/pages\/2931"}],"wp:featuredmedia":[{"embeddable":true,"href":"https:\/\/icwpredflag.org\/wp\/wordpress\/wps\/wp-json\/wp\/v2\/media\/2018"}],"wp:attachment":[{"href":"https:\/\/icwpredflag.org\/wp\/wordpress\/wps\/wp-json\/wp\/v2\/media?parent=2964"}],"curies":[{"name":"wp","href":"https:\/\/api.w.org\/{rel}","templated":true}]}}