{"id":3036,"date":"2018-09-07T21:19:33","date_gmt":"2018-09-07T21:19:33","guid":{"rendered":"http:\/\/icwpredflag.org\/wp\/wordpress\/wps\/?page_id=3036"},"modified":"2018-09-07T22:17:55","modified_gmt":"2018-09-07T22:17:55","slug":"como-les-explico-el-comunismo-a-mis-companeros","status":"publish","type":"page","link":"https:\/\/icwpredflag.org\/wp\/wordpress\/wps\/volumen-9-numero-11\/como-les-explico-el-comunismo-a-mis-companeros\/","title":{"rendered":"Como les Explico el Comunismo a Mis Compa\u00f1eros"},"content":{"rendered":"<h4 style=\"text-align: center;\"><span style=\"color: #ff0000;\">Reporte de Obrero Automotriz<\/span><\/h4>\n<p style=\"text-align: justify;\">Saludos, soy un camarada y obrero automotriz.<\/p>\n<p style=\"text-align: justify;\">Como sabemos, los obreros est\u00e1n aprendiendo en todas partes acerca de la explotaci\u00f3n y las dificultades que encuentran en sus lugares de trabajo. Por lo tanto, mientras estamos sentados, tal vez durante la hora del almuerzo, hablamos principalmente de las cosas que nos afectan negativamente, como la explotaci\u00f3n y los problemas que enfrentamos en el trabajo. Se quejan porque reciben muy poco dinero y tienen otros problemas. Yo veo esto como una oportunidad para presentarles al PCOI.<\/p>\n<p style=\"text-align: justify;\">Cuando mis compa\u00f1eros de trabajo se quejan, les digo: \u201cLos oigo chicos, s\u00ed, estas cosas est\u00e1n sucediendo, pero hay una manera de mejorar las cosas, hay una soluci\u00f3n, la cual es el PCOI\u201d. Y luego me preguntan, \u201c\u00bfDe qu\u00e9 se trata?\u201d<\/p>\n<p style=\"text-align: justify;\">\u201cEs el movimiento para el comunismo\u201d, digo, \u201cdonde todos ser\u00e1n iguales y las cosas ser\u00e1n mucho mejor que en esta sociedad en que vivimos. Hay una soluci\u00f3n de esta era, el capitalismo, y esa es el comunismo\u201d. Trato de dibujarles el comunismo. Se interesan y encuentran un poco de esperanza.<\/p>\n<p style=\"text-align: justify;\">Al d\u00eda siguiente les distribuyo <em><strong>Bandera Roja<\/strong><\/em>. Leemos quiz\u00e1s dos art\u00edculos juntos. \u201cComo pueden ver \u201c, les explico, \u201cestas cosas est\u00e1n sucediendo en todas partes, las personas est\u00e1n siendo maltratadas por sus patrones. Por lo tanto, aunque uno vote por cualquier otro partido, nunca cambiar\u00e1. Mientras este sistema capitalista exista, los pobres sufrir\u00e1n. Solo hay una forma: Movilizar a las masas para el comunismo\u201d. Les doy <em><strong>Bandera Roja<\/strong><\/em> para llevar a sus casas. Al d\u00eda siguiente les pregunto: \u201c\u00bfQu\u00e9 notaron del peri\u00f3dico?\u201d<\/p>\n<p style=\"text-align: justify;\">Ellos responden: \u201cVi un art\u00edculo interesante sobre esto y aquello\u201d. Luego les pregunto: \u201c\u00bfQui\u00e9n quiere ingresar al PCOI? \u00bfQui\u00e9n quiere participar en la preparaci\u00f3n de un ma\u00f1ana mejor, un futuro mejor para la pr\u00f3 xima generaci\u00f3n para que no tengan que experimentar lo que estamos experimentando ahora? \u201c<\/p>\n<p style=\"text-align: justify;\">Esta es mi manera de movilizar, de reclutar miembros al PCOI. En todas y cada una de las conversaciones que tengo, veo el dolor de la persona o de qu\u00e9 se est\u00e1n quejando y aprovecho la oportunidad para demostrar que hay una mejor forma de vivir, la cual es vivir en una verdadera sociedad comunista. Hablo del PCOI y Comunismo en cualquier momento y en cualquier lugar. Por lo tanto, las personas se interesan todos los d\u00edas.<\/p>\n<p style=\"text-align: justify;\">Me encuentro con muchas preguntas, como: \u00bfCu\u00e1ndo se dar\u00e1 el comunismo? \u00bfQui\u00e9n ser\u00e1 el presidente? \u00bfCu\u00e1ntas personas se necesitan? \u00bfC\u00f3mo votamos?<\/p>\n<p style=\"text-align: justify;\">Yo les digo que esto es un movimiento. Puede que no suceda hoy, o ma\u00f1ana, o pasado ma\u00f1ana. Pero de lo que estoy seguro es de que si muero, morir\u00e9 sabiendo que prepar\u00e9 un ma\u00f1ana mejor para la pr\u00f3xima generaci\u00f3n porque este es el movimiento.<\/p>\n<p style=\"text-align: justify;\">Incluso uso el ejemplo de c\u00f3mo comenz\u00f3 el CNA en 1912. Nadie sab\u00eda en 1912 que el ANC iba a ganar el poder en 1994, pero lo hicieron. Utilizo este ejemplo para tratar de explicarles que no necesitamos votar. Lo \u00fanico que necesitamos es revelar la verdad a la gente, alertarlos de la verdad. La gente piensa que es Dios quien los hace sufrir. Pero no es as\u00ed. Es el sistema, la forma en que est\u00e1 construido. Oprime al pueblo Intento responder esas preguntas y si alguna vez me preguntan algo sobre lo cual estoy un poco confundido, voy y consulto a mis camaradas y vuelvo con una respuesta.<\/p>\n<p style=\"text-align: justify;\">Me ayuda mucho que tengo mucho entusiasmo por lo que estoy haciendo. Cada vez que hablo, lo incluyo como parte de la conversaci\u00f3n para que la persona no se sienta amenazada o alarmada. La parte m\u00e1s importante es obtener retroalimentaci\u00f3n, volver a las personas que les distes <strong><em>Bandera Roja<\/em><\/strong> para saber y ver que piensan de ello y que aprendieron de ello. No solo les des <strong><em>Bandera Roja<\/em><\/strong> y eso es todo. Averigua que opinan de <strong><em>Bandera Roja<\/em><\/strong>.<\/p>\n<p style=\"text-align: justify;\">Porque el objetivo principal cada vez que distribuyes <strong><em>Bandera Roja<\/em><\/strong> es el resultado. Tal vez distribuyes diez <strong><em>Bandera Roja<\/em><\/strong>. Quiz\u00e1s dos de ellos te den sus n\u00fameros telef\u00f3nicos. Esto es lo principal. Por lo tanto, debemos enfocarnos en los resultados de distribuir <strong><em>Bandera Roja<\/em><\/strong>, lo cual es la calidad, camaradas.<\/p>\n<h4><a href=\"http:\/\/icwpredflag.org\/wp\/wordpress\/wps\/volumen-9-numero-11\/\">Primera p\u00e1gina de esta edici\u00f3n<\/a><\/h4>\n","protected":false},"excerpt":{"rendered":"<p>Reporte de Obrero Automotriz Saludos, soy un camarada y obrero automotriz. Como sabemos, los obreros est\u00e1n aprendiendo en todas partes acerca de la explotaci\u00f3n y las dificultades que encuentran en sus lugares de trabajo. Por lo tanto, mientras estamos sentados, tal vez durante la hora del almuerzo, hablamos principalmente de las cosas que nos afectan &hellip; <a href=\"https:\/\/icwpredflag.org\/wp\/wordpress\/wps\/volumen-9-numero-11\/como-les-explico-el-comunismo-a-mis-companeros\/\" class=\"more-link\">Sigue leyendo <span class=\"screen-reader-text\">Como les Explico el Comunismo a Mis Compa\u00f1eros<\/span><\/a><\/p>\n","protected":false},"author":1,"featured_media":2018,"parent":3020,"menu_order":0,"comment_status":"closed","ping_status":"closed","template":"","meta":{"footnotes":""},"class_list":["post-3036","page","type-page","status-publish","has-post-thumbnail","hentry"],"_links":{"self":[{"href":"https:\/\/icwpredflag.org\/wp\/wordpress\/wps\/wp-json\/wp\/v2\/pages\/3036","targetHints":{"allow":["GET"]}}],"collection":[{"href":"https:\/\/icwpredflag.org\/wp\/wordpress\/wps\/wp-json\/wp\/v2\/pages"}],"about":[{"href":"https:\/\/icwpredflag.org\/wp\/wordpress\/wps\/wp-json\/wp\/v2\/types\/page"}],"author":[{"embeddable":true,"href":"https:\/\/icwpredflag.org\/wp\/wordpress\/wps\/wp-json\/wp\/v2\/users\/1"}],"replies":[{"embeddable":true,"href":"https:\/\/icwpredflag.org\/wp\/wordpress\/wps\/wp-json\/wp\/v2\/comments?post=3036"}],"version-history":[{"count":5,"href":"https:\/\/icwpredflag.org\/wp\/wordpress\/wps\/wp-json\/wp\/v2\/pages\/3036\/revisions"}],"predecessor-version":[{"id":3060,"href":"https:\/\/icwpredflag.org\/wp\/wordpress\/wps\/wp-json\/wp\/v2\/pages\/3036\/revisions\/3060"}],"up":[{"embeddable":true,"href":"https:\/\/icwpredflag.org\/wp\/wordpress\/wps\/wp-json\/wp\/v2\/pages\/3020"}],"wp:featuredmedia":[{"embeddable":true,"href":"https:\/\/icwpredflag.org\/wp\/wordpress\/wps\/wp-json\/wp\/v2\/media\/2018"}],"wp:attachment":[{"href":"https:\/\/icwpredflag.org\/wp\/wordpress\/wps\/wp-json\/wp\/v2\/media?parent=3036"}],"curies":[{"name":"wp","href":"https:\/\/api.w.org\/{rel}","templated":true}]}}