{"id":3069,"date":"2018-09-08T03:11:00","date_gmt":"2018-09-08T03:11:00","guid":{"rendered":"http:\/\/icwpredflag.org\/wp\/wordpress\/wps\/?page_id=3069"},"modified":"2018-09-08T05:19:28","modified_gmt":"2018-09-08T05:19:28","slug":"resena-de-pelicula","status":"publish","type":"page","link":"https:\/\/icwpredflag.org\/wp\/wordpress\/wps\/volumen-9-numero-11\/resena-de-pelicula\/","title":{"rendered":"Rese\u00f1a de Pel\u00edcula"},"content":{"rendered":"<h3 style=\"text-align: center;\"><span style=\"color: #ff0000;\">Sorry To Bother You (Perdona Que Te Moleste)<\/span><\/h3>\n<p>Alerta: lectores de <em><strong>Bandera Roja<\/strong><\/em>: \u201cPerdona Que Te Moleste \u201c, aclamada como un \u201cdevastador derrocamiento del capitalismo\u201d y \u201cun jugueteo anticapitalista trastornado\u201d es en realidad un caballo de Troya de la clase dirigente. Debemos continuar nuestra lucha por el comunismo. Esta exitosa pel\u00edcula toma lugar en Oakland, California. La pel\u00edcula se centra en el joven afroamericano Cassius Green, que est\u00e1 tan empobrecido que vive con su novia de Detroit en el garaje de su igualmente de desesperado t\u00edo. Cassius conduce un autom\u00f3vil tan destartalado que acciona los limpiaparabrisas jal\u00e1ndolos con cuerdas a trav\u00e9s de las ventanas y compra 40 centavos de gasolina a la vez.<\/p>\n<p>Cassius consigue empleo en una empresa de telemercadeo de Oakland, Regal View. Despu\u00e9s de que varios clientes le cuelgan, Cassius recibe un consejo de Langston, un compa\u00f1ero de trabajo afroestadounidense m\u00e1s viejo, quien le aconseja usar su voz blanca que lo har\u00e1 \u201co\u00edrse alegre, despreocupado, como si realmente no necesitaras el dinero. Es como los blancos piensan que est\u00e1n supuestos a o\u00edrse\u201d.<\/p>\n<p>Su voz \u201cblanca\u201d le permite a Cassius ascender al \u00faltimo piso donde trabajan \u201ctelemercaderes poderosos\u201d. Cassius se encuentra dividido entre la movilidad social y la campa\u00f1a por organizar un sindicato de un compa\u00f1ero de trabajo y su novia, Detroit. Cuando los telemercaderes de Regal View buscan mejores salarios y mejores condiciones de trabajo, Cassius se convierte en esquirol (rompe huelga), no respeta la l\u00ednea de piquetes y pronto pierde a sus amigos, Detroit y su dignidad.<\/p>\n<p>El \u00e9xito de Cassius como Telemercader Poderoso le consigue ser invitado a ingresar al mayor cliente de Regal View, Worry Free (Sin Preocupaciones), donde los trabajadores son alojados, alimentados y entretenidos en un entorno similar al de una f\u00e1brica.<\/p>\n<p>El CEO de Worry Free invita a Cassius a una fiesta exclusiva en una mansi\u00f3n, donde descubre que Worry Free est\u00e1 involucrado en una fusi\u00f3n perversa de caballos y humanos, unos ecuestresapiens, que est\u00e1n gen\u00e9ticamente modificados para ser trabajadores m\u00e1s grandes y m\u00e1s fuertes. En la escena final, Cassius, ahora un ecuestresapien, derriba la puerta del CEO de Worry Free.<\/p>\n<p>\u00bfTrabajadores combatiendo la corporaci\u00f3n?<\/p>\n<p>Los ecuestresapiens sirven como una alegor\u00eda con m\u00faltiples significados, rostros deformados de trabajadores explotados, representando la deshumanizaci\u00f3n a manos de una corporaci\u00f3n gigante como Worry Free y los males del capitalismo desenfrenado. El guionista y director de esta pel\u00edcula es Boots Riley, l\u00edder del grupo de hip-hop The Coup. La pel\u00edcula ha sido ampliamente distribuida en los EE. UU. y apareci\u00f3 en un art\u00edculo de cuatro p\u00e1ginas, \u201cC\u00f3mo Boots Riley infiltr\u00f3 a Hollywood\u201d en la revista del New York Times (NYT) del 27 de mayo de 2018. El art\u00edculo afirma que Riley se ha autonombrado comunista desde su adolescencia cuando se uni\u00f3 al Partido Laboral Progresista (PLP).<\/p>\n<p>\u00bfCu\u00e1les son las convicciones de este autonombrado comunista? El art\u00edculo del NYT, Riley dice que su objetivo es \u201cayudar a construir un movimiento masivo que pueda usar la retenci\u00f3n de mano de obra (rehusarse a trabajar) como una estrategia para el cambio social\u201d.<\/p>\n<p>\u00bfCu\u00e1l es ese cambio social? El art\u00edculo del NYT enumera su participaci\u00f3n en algunos movimientos pol\u00edticos \/ sociales: derechos para los palestinos, Occupy Wall Street y las protestas de los inquilinos de Oakland contra los desalojos. Riley no dice nada en el art\u00edculo sobre c\u00f3mo deshacerse del capitalismo, la fuente de las injusticias y miserias descritas en su pel\u00edcula. El activismo y la pel\u00edcula de este autodenominado comunista realmente apoyan reformar el capitalismo y, por lo tanto, manteni\u00e9ndolo. No hay lucha por el comunismo aqu\u00ed.<\/p>\n<p>Un cr\u00edtico ha descrito \u201cSorry to Bother You\u201d como \u201cEl Juego del Caballo de Troya de Boots Riley\u201d. Un caballo de Troya es algo que parece ser bueno, pero esconde algo malo. Esta pel\u00edcula es un Caballo de Troya porque describe la pobreza, la deshumanizaci\u00f3n y la degeneraci\u00f3n del capitalismo, pero no cita la causa de estas miserias, el capitalismo.<\/p>\n<p>\u201cSorry to Bother You\u201d es una s\u00e1tira. La s\u00e1tira usa el humor para exponer las deficiencias y abusos de las corporaciones, el gobierno y la sociedad. A menudo se usa para efectuar cambios pol\u00edticos o sociales. Esta pel\u00edcula expone gr\u00e1ficamente los fracasos y abusos del capitalismo, pero no presenta el \u00fanico cambio claro o soluci\u00f3n para ponerles fin: la cual es movilizar a las masas para el comunismo.<\/p>\n<h4><a href=\"http:\/\/icwpredflag.org\/wp\/wordpress\/wps\/volumen-9-numero-11\/\">Primera p\u00e1gina de esta edici\u00f3n<\/a><\/h4>\n","protected":false},"excerpt":{"rendered":"<p>Sorry To Bother You (Perdona Que Te Moleste) Alerta: lectores de Bandera Roja: \u201cPerdona Que Te Moleste \u201c, aclamada como un \u201cdevastador derrocamiento del capitalismo\u201d y \u201cun jugueteo anticapitalista trastornado\u201d es en realidad un caballo de Troya de la clase dirigente. Debemos continuar nuestra lucha por el comunismo. Esta exitosa pel\u00edcula toma lugar en Oakland, &hellip; <a href=\"https:\/\/icwpredflag.org\/wp\/wordpress\/wps\/volumen-9-numero-11\/resena-de-pelicula\/\" class=\"more-link\">Sigue leyendo <span class=\"screen-reader-text\">Rese\u00f1a de Pel\u00edcula<\/span><\/a><\/p>\n","protected":false},"author":1,"featured_media":2018,"parent":3020,"menu_order":0,"comment_status":"closed","ping_status":"closed","template":"","meta":{"footnotes":""},"class_list":["post-3069","page","type-page","status-publish","has-post-thumbnail","hentry"],"_links":{"self":[{"href":"https:\/\/icwpredflag.org\/wp\/wordpress\/wps\/wp-json\/wp\/v2\/pages\/3069","targetHints":{"allow":["GET"]}}],"collection":[{"href":"https:\/\/icwpredflag.org\/wp\/wordpress\/wps\/wp-json\/wp\/v2\/pages"}],"about":[{"href":"https:\/\/icwpredflag.org\/wp\/wordpress\/wps\/wp-json\/wp\/v2\/types\/page"}],"author":[{"embeddable":true,"href":"https:\/\/icwpredflag.org\/wp\/wordpress\/wps\/wp-json\/wp\/v2\/users\/1"}],"replies":[{"embeddable":true,"href":"https:\/\/icwpredflag.org\/wp\/wordpress\/wps\/wp-json\/wp\/v2\/comments?post=3069"}],"version-history":[{"count":4,"href":"https:\/\/icwpredflag.org\/wp\/wordpress\/wps\/wp-json\/wp\/v2\/pages\/3069\/revisions"}],"predecessor-version":[{"id":3073,"href":"https:\/\/icwpredflag.org\/wp\/wordpress\/wps\/wp-json\/wp\/v2\/pages\/3069\/revisions\/3073"}],"up":[{"embeddable":true,"href":"https:\/\/icwpredflag.org\/wp\/wordpress\/wps\/wp-json\/wp\/v2\/pages\/3020"}],"wp:featuredmedia":[{"embeddable":true,"href":"https:\/\/icwpredflag.org\/wp\/wordpress\/wps\/wp-json\/wp\/v2\/media\/2018"}],"wp:attachment":[{"href":"https:\/\/icwpredflag.org\/wp\/wordpress\/wps\/wp-json\/wp\/v2\/media?parent=3069"}],"curies":[{"name":"wp","href":"https:\/\/api.w.org\/{rel}","templated":true}]}}