{"id":3129,"date":"2018-09-27T04:55:11","date_gmt":"2018-09-27T04:55:11","guid":{"rendered":"http:\/\/icwpredflag.org\/wp\/wordpress\/wps\/?page_id=3129"},"modified":"2018-09-27T04:55:11","modified_gmt":"2018-09-27T04:55:11","slug":"sediento-de-comunismo","status":"publish","type":"page","link":"https:\/\/icwpredflag.org\/wp\/wordpress\/wps\/sediento-de-comunismo\/","title":{"rendered":"Sediento de Comunismo"},"content":{"rendered":"<p style=\"text-align: justify;\">Hac\u00eda calor en la pr\u00e1ctica de f\u00fatbol de la escuela secundaria local adonde ayudo. Los estudiantes compraron bebidas en un cami\u00f3n estacionado cerca. Not\u00e9 que un estudiante no compr\u00f3 nada del cami\u00f3n. Me dijo que no ten\u00eda dinero.<\/p>\n<p style=\"text-align: justify;\">Le dije que conoc\u00eda a unos comunistas que dec\u00edan que no necesitar\u00edamos dinero en el comunismo. \u00c9l me pregunt\u00f3: \u201c\u00bfC\u00f3mo va a funcionar eso?\u201d<\/p>\n<p style=\"text-align: justify;\">Mi primera respuesta fue decirle que necesitar\u00edamos una revoluci\u00f3n y que tendr\u00eda que ser violenta, pero eso no satisfizo su curiosidad. Entonces, le dije que deber\u00eda hablar con mis amigos en el Partido Comunista Obrero Internacional (PCOI) para ver los detalles.<\/p>\n<p style=\"text-align: justify;\">Al d\u00eda siguiente, estaba hablando con un camarada en el trabajo. Empec\u00e9 a pensar en mi infancia en los proyectos de viviendas de Detroit. Si algunos de mis vecinos tuvieran hambre, los alimentar\u00edamos. Todav\u00eda puedo probar el gulash que mi vecino hizo los viernes por la noche para todo el vecindario.<\/p>\n<p style=\"text-align: justify;\">Nadie pens\u00f3 en pedir dinero y nadie se mor\u00eda de hambre. Muchos obtendr\u00edan lo deseado si llegara a ser cuesti\u00f3n de que si tienes dinero o no. La supervivencia colectiva era nuestra forma de vida. Compartimos todo, incluso las cucarachas.<\/p>\n<p style=\"text-align: justify;\">Mis abuelos me contaron c\u00f3mo llegaron al norte para trabajar en las plantas automotrices. Solo pod\u00edan viajar de noche entre las 11:30 p.m. y las 5:00 a.m. Los voluntarios ten\u00edan casas para que se quedaran durante las horas peligrosas del d\u00eda. No se intercambi\u00f3 dinero.<\/p>\n<p style=\"text-align: justify;\">Cuando finalmente consiguieron trabajo en Ford, como eran negros no se les permiti\u00f3 trabajar durante el d\u00eda o cambiar de turno. Trabajaban en las mismas horas nocturnas que viajaban por el sur.<\/p>\n<p style=\"text-align: justify;\">El PCOI nunca tendr\u00e1 tanto dinero como las corporaciones y los pol\u00edticos que los sirven. Tenemos algo m\u00e1s grande: una visi\u00f3n comunista y un plan para construir una sociedad donde un ni\u00f1o reciba l\u00edquidos sin preocuparse por el dinero. Una sociedad donde no hay dinero, ayuda a nuestros compa\u00f1eros de trabajo y estudiante.<\/p>\n<p style=\"text-align: justify;\">Una sociedad sin dinero puede ser una gran motivadora. Mi camarada me pidi\u00f3 que le explicara esto al alumno, usando las historias de mi infancia y mis abuelos. A los estudiantes de secundaria no les gusta que les den conferencias, pero escuchar\u00e1n historias personales. Distribuyo docenas de <strong><em>Bandera Roja<\/em><\/strong>. Mi pregunta es: \u201c\u00bfQu\u00e9 hago ahora para construir un movimiento para esta visi\u00f3n de una sociedad sin dinero con este estudiante y otros?\u201d<\/p>\n<p style=\"text-align: justify;\">-Obrero de Boeing y entrenador juvenil<\/p>\n<h4 style=\"text-align: justify;\"><a href=\"http:\/\/icwpredflag.org\/wp\/wordpress\/wps\/volumen-9-numero-12\/\">Primera p\u00e1gina de esta edici\u00f3n<\/a><\/h4>\n","protected":false},"excerpt":{"rendered":"<p>Hac\u00eda calor en la pr\u00e1ctica de f\u00fatbol de la escuela secundaria local adonde ayudo. Los estudiantes compraron bebidas en un cami\u00f3n estacionado cerca. Not\u00e9 que un estudiante no compr\u00f3 nada del cami\u00f3n. Me dijo que no ten\u00eda dinero. Le dije que conoc\u00eda a unos comunistas que dec\u00edan que no necesitar\u00edamos dinero en el comunismo. \u00c9l &hellip; <a href=\"https:\/\/icwpredflag.org\/wp\/wordpress\/wps\/sediento-de-comunismo\/\" class=\"more-link\">Sigue leyendo <span class=\"screen-reader-text\">Sediento de Comunismo<\/span><\/a><\/p>\n","protected":false},"author":1,"featured_media":5655,"parent":0,"menu_order":0,"comment_status":"closed","ping_status":"closed","template":"","meta":{"footnotes":""},"class_list":["post-3129","page","type-page","status-publish","has-post-thumbnail","hentry"],"_links":{"self":[{"href":"https:\/\/icwpredflag.org\/wp\/wordpress\/wps\/wp-json\/wp\/v2\/pages\/3129","targetHints":{"allow":["GET"]}}],"collection":[{"href":"https:\/\/icwpredflag.org\/wp\/wordpress\/wps\/wp-json\/wp\/v2\/pages"}],"about":[{"href":"https:\/\/icwpredflag.org\/wp\/wordpress\/wps\/wp-json\/wp\/v2\/types\/page"}],"author":[{"embeddable":true,"href":"https:\/\/icwpredflag.org\/wp\/wordpress\/wps\/wp-json\/wp\/v2\/users\/1"}],"replies":[{"embeddable":true,"href":"https:\/\/icwpredflag.org\/wp\/wordpress\/wps\/wp-json\/wp\/v2\/comments?post=3129"}],"version-history":[{"count":1,"href":"https:\/\/icwpredflag.org\/wp\/wordpress\/wps\/wp-json\/wp\/v2\/pages\/3129\/revisions"}],"predecessor-version":[{"id":3130,"href":"https:\/\/icwpredflag.org\/wp\/wordpress\/wps\/wp-json\/wp\/v2\/pages\/3129\/revisions\/3130"}],"wp:featuredmedia":[{"embeddable":true,"href":"https:\/\/icwpredflag.org\/wp\/wordpress\/wps\/wp-json\/wp\/v2\/media\/5655"}],"wp:attachment":[{"href":"https:\/\/icwpredflag.org\/wp\/wordpress\/wps\/wp-json\/wp\/v2\/media?parent=3129"}],"curies":[{"name":"wp","href":"https:\/\/api.w.org\/{rel}","templated":true}]}}