{"id":3267,"date":"2018-10-31T22:39:06","date_gmt":"2018-10-31T22:39:06","guid":{"rendered":"http:\/\/icwpredflag.org\/wp\/wordpress\/wps\/?page_id=3267"},"modified":"2018-10-31T22:49:48","modified_gmt":"2018-10-31T22:49:48","slug":"cartas-vol-9-no-13","status":"publish","type":"page","link":"https:\/\/icwpredflag.org\/wp\/wordpress\/wps\/volumen-9-numero-13\/cartas-vol-9-no-13\/","title":{"rendered":"Cartas, Vol 9, No 13"},"content":{"rendered":"<h4 class=\"p1\" style=\"text-align: center;\"><span style=\"color: #ff0000;\">CARTAS, CRITICAS Y SUGERENCIAS<\/span><\/h4>\n<p style=\"text-align: justify;\"><strong>Discusi\u00f3n: Luchemos por el Comunismo Respondiendo a los Ataques Capitalistas<\/strong><\/p>\n<p style=\"text-align: justify;\">Camarada,<\/p>\n<p style=\"text-align: justify;\">Gracias por tu respuesta (Movilicemos a las Masas para el Comunismo y Nada Menos), pero creo que no comprendiste lo que trataba de decir.<\/p>\n<p style=\"text-align: justify;\">No estoy diciendo que debemos \u201cmovilizarlas (a las masas) con lucha de clases presentando demandas reformistas\u201d. Estoy diciendo que podemos luchar por el comunismo respondiendo a los muchos ataques del capitalismo.<\/p>\n<p style=\"text-align: justify;\">Diste dos ejemplos: uno, la agitaci\u00f3n comunista oponi\u00e9ndose a los intentos de los patrones de despedir a un mec\u00e1nico de MTA y el otro, oponi\u00e9ndose al hostigamiento de otro mec\u00e1nico por parte de la gerencia Avanzando argumentos comunistas en estas luchas nos ayud\u00f3 a reclutar miembros al Partido y a ampliar el n\u00famero de lectores de <strong><em>Bandera Roja<\/em><\/strong>.<\/p>\n<p style=\"text-align: justify;\">Realmente los ejemplos me gustaron mucho. Mi cr\u00edtica del trabajo es que no hay suficientes ejemplos. Escrib\u00ed mi primera carta respondiendo a una chofer de MTA que se quejaba de la falta de art\u00edculos que trataran de sus problemas.<\/p>\n<p style=\"text-align: justify;\">Hice dos propuestas: la primera era una lucha de manera comunista concerniente a los horarios (generalmente la queja principal que los pasajeros tienen de los choferes) (El Tiempo es Dinero&#8230; para los capitalistas) y la otra sugerencia era sobre la necesidad de que funcionen los elevadores para sillas de ruedas. Pero a\u00fan no hab\u00eda lucha concerniente a los problemas de los choferes (el grupo principal de trabajadores en MTA).<\/p>\n<p style=\"text-align: justify;\">Mi primera explicaci\u00f3n enfatiz\u00f3 que nuestra renuencia a involucrarnos en estas luchas surgi\u00f3 de nuestra oposici\u00f3n a la pr\u00e1ctica del viejo movimiento que dejaba que las reformas dominaran, haciendo a un lado los objetivos revolucionarios. Sent\u00ed que nuestro problema no era entender que la revoluci\u00f3n era lo opuesto a la reforma, sino comprender que los opuestos se interpenetran, que podemos combatir ataques capitalistas menores e incidentales de manera revolucionaria. Aunque tenemos algunas diferencias aqu\u00ed, ahora no creo que sean la explicaci\u00f3n central de por qu\u00e9 tenemos tan pocas luchas sobre temas que involucran directamente a los choferes.<\/p>\n<p style=\"text-align: justify;\">Creo que nuestro principal problema es no crear lazos personales profundos entre los cientos de choferes que toman <strong><em>Bandera Roja<\/em><\/strong>. Construir estos lazos desde afuera es dif\u00edcil en la mayor\u00eda de las industrias, pero en realidad es bastante f\u00e1cil en la del transporte porque la mayor\u00eda de los choferes trabajan en turnos divididos. Esto significa que es relativamente f\u00e1cil hacer planes para compartir un caf\u00e9, un almuerzo o un desayuno con ellos, llevarlos desde sus puntos de descanso, buscarlos en las \u00e1reas de descanso o incluso viajar con ellos en ciertas partes de sus rutas que no son tan ocupadas.<\/p>\n<p style=\"text-align: justify;\">Esto es una autocr\u00edtica. He mencionado esto antes. Tengo una gran experiencia haciendo esto en otro lugar. S\u00e9 que es una forma rica y \u00fatil de construir la revoluci\u00f3n, pero nunca he luchado con tanta fuerza ni de manera constante&#8230; \u00a1hasta ahora!<\/p>\n<p style=\"text-align: justify;\">Camarada del \u00c1rea de la Bah\u00eda<\/p>\n<p><strong>Comentarios a la Carta del Camarada en Sud\u00e1frica<\/strong><\/p>\n<p style=\"text-align: justify;\">En Los \u00c1ngeles, USA, nuestro colectivo de la industria de la costura, le\u00edmos y discutimos las opiniones de la carta del camarada en Sud\u00e1frica, (Vol. 9 #12), titulo Debemos Enfocarnos M\u00e1s en el Comunismo. Dice muchas cosas ciertas sobre el comunismo y como debemos luchar por el. Pero termina diciendo que solo hay que hablar de comunismo, y no de capitalismo.<\/p>\n<p style=\"text-align: justify;\">Nosotros concluimos que a los trabajadores tenemos que explicarles porque este sistema capitalista, es un sistema parasitario que se basa en chupar la sangre a los trabajadores y necesita ser destruido para poder llegar al comunismo. En su carta el camarada nos muestra este punto, en gran parte de la carta describe como el capitalismo afecta nuestras vidas.<\/p>\n<p style=\"text-align: justify;\">En este colectivo todos somos trabajadores inmigrantes que venimos con la esperanza de poder disfrutar de las cosas que los mismos trabajadores producen bajo este sistema capitalista, a\u00fan con todos los sacrificios de endeudarnos para conseguir el dinero para el viaje y sin importarnos el riesgo de perder la vida en el camino.<\/p>\n<p style=\"text-align: justify;\">Algunos emigramos por querer hacer un ahorro, otros huyendo de la miseria extrema, de las guerras o violencia pandilleril. Pero, nunca nos percatamos que este mismo sistema capitalista crea esas condiciones y nos obliga a dejar atr\u00e1s a las personas que queremos mucho, ya sean nuestros hijos, padres, hermanos y amigos. Hasta que alguien nos abre la puerta a ese entendimiento. Y eso nos hace ver la necesidad de luchar por el comunismo.<\/p>\n<p style=\"text-align: justify;\">Otro ejemplo, las fronteras son un medio muy poderoso que los patrones defienden a capa y espada, por ser una gran herramienta de divisi\u00f3n y explotaci\u00f3n. Si queremos destruir las ideas da\u00f1inas del nacionalismo y patriotismo que encierran las fronteras, tenemos que explicar a los trabajadores sobre la fronteras capitalistas. Y claro lo m\u00e1s importante de entender que bajo el comunismo no habr\u00e1 fronteras, porque no habr\u00e1 patrones que difundan su ponzo\u00f1a, ni gobiernos que disfruten del dinero para exprimir a los trabajadores.<\/p>\n<p style=\"text-align: justify;\">Cuando hablamos con alguien que necesitamos una sociedad sin fronteras, algunos obreros no ven la necesidad de luchar por esto inmediatamente, pero a la larga empiezan a pensar sobre la idea. Un amigo dijo, \u201cSi las aves emigran y no ven fronteras, porqu\u00e9 nosotros tenemos que verlas\u201d.<\/p>\n<p style=\"text-align: justify;\">Los trabajadores inmigrantes en Los \u00c1ngeles tenemos que ganar a trabajadores ciudadanos latinos, negros, blancos y asi\u00e1ticos a que vean que el racismo y las fronteras solo pueden ser destruidos si pensamos en una sociedad comunista, sin ning\u00fan medio de explotaci\u00f3n.<\/p>\n<p style=\"text-align: justify;\">Estamos obligados y comprometidos a explicar a otros trabajadores del porque este sistema basado en el dinero tiene que ser destruido y sobre sus cenizas construiremos la nueva sociedad comunista.<\/p>\n<p style=\"text-align: justify;\">La lucha contra el capitalismo y su racismo y fronteras, ser\u00e1 una lucha a muerte, pero los trabajadores a nivel mundial, junto con su Partido (PCOI) saldremos victoriosos al paso del tiempo, con nuestros mejores esfuerzos.<\/p>\n<p><strong>Sud\u00e1frica: <\/strong><\/p>\n<p><strong>El Papel de los Estudiantes en El Capitalismo y El Comunismo<\/strong><\/p>\n<p style=\"text-align: justify;\">30 de septiembre: hace m\u00e1s de un mes decidimos visitar uno de los campus de la Universidad Nelson Mandela para movilizar, reclutar y tratar de establecer una base comunista.<\/p>\n<p style=\"text-align: justify;\">Los estudiantes universitarios tambi\u00e9n desempe\u00f1an un papel importante en la sociedad capitalista porque son preparados para servir de mano de obra para los patrones. Algunos ser\u00e1n gerentes (herramientas para controlar a la clase trabajadora, por ejemplo, en las f\u00e1bricas), algunos ser\u00e1n politiqueros que implementar\u00e1n las decisiones tomadas por los patrones y otros ser\u00e1n usados para difundir propaganda capitalista en diferentes plataformas de los medios de comunicaci\u00f3n.<\/p>\n<p style=\"text-align: justify;\">Al igual que en la sociedad capitalista, los estudiantes tambi\u00e9n desempe\u00f1ar\u00e1n un papel importante en la sociedad comunista, pero ahora no para que los patrones obtengan ganancias, sino para contribuir a producir valor de uso (producci\u00f3n para satisfacer las necesidades de la clase obrera). Pero lo m\u00e1s importante es que contribuir\u00e1n a hacer realidad la sociedad comunista.<\/p>\n<p style=\"text-align: justify;\">\u201c\u00a1Mujeres y hombres, un\u00edos! \u00a1Movilicemos a las masas para luchar por el comunismo para acabar con el sexismo y la esclavitud salarial!<\/p>\n<p style=\"text-align: justify;\">Esta fue una de las fuerzas impulsoras detr\u00e1s de nuestro esfuerzo. Pero, lo que m\u00e1s enfatizamos es reclutar m\u00e1s mujeres al Partido porque no podemos decir que estamos luchando contra el sexismo cuando hay muy pocas camaradas en el Partido. Conseguimos contactar a algunas alumnas con las que tuvimos conversaciones. Decidimos crear un grupo de estudiantes de WhatsApp en el cual agregaremos estudiantes de diferentes universidades y colegios.<\/p>\n<p style=\"text-align: justify;\">Establecimos algunos objetivos espec\u00edficos que dijimos que ya deber\u00edamos ya haber logrado, pero no lo hemos hecho. Creo que por lo que m\u00e1s hemos luchado es para lograr consistencia, mantener el impulso y hacer seguimientos regulares.<\/p>\n<p style=\"text-align: justify;\">Nos movilizamos y obtenemos contactos de nuestra movilizaci\u00f3n. Pero lo principal que nos impide alcanzar o cumplir nuestros objetivos es hacer seguimientos regulares que resultar\u00e1n en la creaci\u00f3n de relaciones comunistas con las masas y en la formaci\u00f3n de bases comunistas. Si podemos asegurarnos de que formemos relaciones comunistas m\u00e1s profundas entre los miembros existentes, esto se convertir\u00e1 en una norma para formar esas relaciones comunistas con los trabajadores que queremos reclutar.<\/p>\n<p style=\"text-align: justify;\">Colectivo de estudiantes en Sud\u00e1frica<\/p>\n<p><img loading=\"lazy\" decoding=\"async\" class=\"wp-image-3212 aligncenter\" src=\"http:\/\/icwpredflag.org\/wp\/wordpress\/wps\/wp-content\/uploads\/sites\/2\/2018\/10\/killercop2-300x217.jpg\" alt=\"\" width=\"550\" height=\"398\" srcset=\"https:\/\/icwpredflag.org\/wp\/wordpress\/wps\/wp-content\/uploads\/sites\/2\/2018\/10\/killercop2-300x217.jpg 300w, https:\/\/icwpredflag.org\/wp\/wordpress\/wps\/wp-content\/uploads\/sites\/2\/2018\/10\/killercop2.jpg 313w\" sizes=\"auto, (max-width: 550px) 100vw, 550px\" \/><\/p>\n<p class=\"p1\" style=\"text-align: center;\"><strong>Polic\u00edas Perros de Ataque del 1% \u2014\u2014-Luchar por el Comunismo<\/strong><\/p>\n<p><img loading=\"lazy\" decoding=\"async\" class=\"wp-image-3213 aligncenter\" src=\"http:\/\/icwpredflag.org\/wp\/wordpress\/wps\/wp-content\/uploads\/sites\/2\/2018\/10\/killercop1-300x184.jpg\" alt=\"\" width=\"646\" height=\"396\" srcset=\"https:\/\/icwpredflag.org\/wp\/wordpress\/wps\/wp-content\/uploads\/sites\/2\/2018\/10\/killercop1-300x184.jpg 300w, https:\/\/icwpredflag.org\/wp\/wordpress\/wps\/wp-content\/uploads\/sites\/2\/2018\/10\/killercop1.jpg 371w\" sizes=\"auto, (max-width: 646px) 100vw, 646px\" \/><\/p>\n<p><strong>Un Polic\u00eda Racista Convicto \u2013 A\u00fan No \u201cJusticia\u201d en el Capitalismo<\/strong><\/p>\n<p style=\"text-align: justify;\">5 de octubre: Masas antirracistas cerraron la Avenida Michigan en la ciudad de Chicago para celebrar la condena del polic\u00eda blanco Jason van Dyke por asesinar a Laquan McDonald, un adolescente negro.<\/p>\n<p style=\"text-align: justify;\">Cerca de 1200 polic\u00edas estadounidenses matan personas cada a\u00f1o. Antes de la condena de Van Dyke, solo seis hab\u00edan sido condenados desde 2005, y cuatro de esos veredictos fueron revocados.<\/p>\n<p style=\"text-align: justify;\">Los pol\u00edtiqueros y activistas liberales quieren que creamos que este veredicto es un \u201cpaso en la direcci\u00f3n correcta\u201d, como uno de ellos dijo. A muchos de nosotros nos gustar\u00eda creerlo.<\/p>\n<p style=\"text-align: justify;\">\u201cEspero que esto env\u00ede un mensaje a otros polic\u00edas que disparan antes de que pensar\u201d, dijo Thad, un chofer de buses de MTA en Los \u00c1ngeles (EE. UU.).<\/p>\n<p style=\"text-align: justify;\">\u201cSon perros de ataque\u201d, respondi\u00f3 un camarada de <strong><em>Bandera Roja<\/em><\/strong>. \u201cSu trabajo es mantener a la clase obrera a raya, para evitar que nos levantemos contra el sistema. Ellos piensan. A ellos simplemente no les importa. Este veredicto es para calmar la ira de las masas, para crear la ilusi\u00f3n de que nosotros, el \u201cpueblo\u201d, podemos obtener justicia bajo este sistema\u201d.<\/p>\n<p style=\"text-align: justify;\">\u201cTienes toda la raz\u00f3n al respecto\u201d, respondi\u00f3 Thad.<\/p>\n<p style=\"text-align: justify;\">\u201cEs por eso que necesitamos destruir este sistema. Esa es la \u00fanica manera de ponerle fin, no solo a estos asesinatos racistas, sino a todo el racismo, sexismo y esclavitud salarial que los capitalistas nos imponen\u201d.<\/p>\n<p style=\"text-align: justify;\">En el comunismo, no habr\u00e1 una peque\u00f1a clase de explotadores s\u00faper ricos que necesiten perros de ataque racistas para aterrorizar a las masas. No habr\u00e1 polic\u00eda que funcione como un ej\u00e9rcito de ocupaci\u00f3n en nuestras comunidades. Nosotros los trabajadores no tendremos que enfrentarnos al sistema porque NOSOTROS dirigiremos el sistema comunista \u2013 nuestro sistema.<\/p>\n<p style=\"text-align: justify;\">Las victorias reformistas, como la condena de Van Dyke, no nos llevan ni siquiera una pulgada en el camino hacia la revoluci\u00f3n comunista. Los peque\u00f1os pasos en esa direcci\u00f3n se dan con los unos y los dos que empiezan circulando <strong><em>Bandera Roja<\/em><\/strong> e ingresando al Partido Comunista Obrero Internacional.<\/p>\n<h4><a href=\"http:\/\/icwpredflag.org\/wp\/wordpress\/wps\/volumen-9-numero-13\/\">Primera p\u00e1gina de esta edici\u00f3n<\/a><\/h4>\n","protected":false},"excerpt":{"rendered":"<p>CARTAS, CRITICAS Y SUGERENCIAS Discusi\u00f3n: Luchemos por el Comunismo Respondiendo a los Ataques Capitalistas Camarada, Gracias por tu respuesta (Movilicemos a las Masas para el Comunismo y Nada Menos), pero creo que no comprendiste lo que trataba de decir. No estoy diciendo que debemos \u201cmovilizarlas (a las masas) con lucha de clases presentando demandas reformistas\u201d. &hellip; <a href=\"https:\/\/icwpredflag.org\/wp\/wordpress\/wps\/volumen-9-numero-13\/cartas-vol-9-no-13\/\" class=\"more-link\">Sigue leyendo <span class=\"screen-reader-text\">Cartas, Vol 9, No 13<\/span><\/a><\/p>\n","protected":false},"author":1,"featured_media":2018,"parent":3203,"menu_order":0,"comment_status":"closed","ping_status":"closed","template":"","meta":{"footnotes":""},"class_list":["post-3267","page","type-page","status-publish","has-post-thumbnail","hentry"],"_links":{"self":[{"href":"https:\/\/icwpredflag.org\/wp\/wordpress\/wps\/wp-json\/wp\/v2\/pages\/3267","targetHints":{"allow":["GET"]}}],"collection":[{"href":"https:\/\/icwpredflag.org\/wp\/wordpress\/wps\/wp-json\/wp\/v2\/pages"}],"about":[{"href":"https:\/\/icwpredflag.org\/wp\/wordpress\/wps\/wp-json\/wp\/v2\/types\/page"}],"author":[{"embeddable":true,"href":"https:\/\/icwpredflag.org\/wp\/wordpress\/wps\/wp-json\/wp\/v2\/users\/1"}],"replies":[{"embeddable":true,"href":"https:\/\/icwpredflag.org\/wp\/wordpress\/wps\/wp-json\/wp\/v2\/comments?post=3267"}],"version-history":[{"count":4,"href":"https:\/\/icwpredflag.org\/wp\/wordpress\/wps\/wp-json\/wp\/v2\/pages\/3267\/revisions"}],"predecessor-version":[{"id":3271,"href":"https:\/\/icwpredflag.org\/wp\/wordpress\/wps\/wp-json\/wp\/v2\/pages\/3267\/revisions\/3271"}],"up":[{"embeddable":true,"href":"https:\/\/icwpredflag.org\/wp\/wordpress\/wps\/wp-json\/wp\/v2\/pages\/3203"}],"wp:featuredmedia":[{"embeddable":true,"href":"https:\/\/icwpredflag.org\/wp\/wordpress\/wps\/wp-json\/wp\/v2\/media\/2018"}],"wp:attachment":[{"href":"https:\/\/icwpredflag.org\/wp\/wordpress\/wps\/wp-json\/wp\/v2\/media?parent=3267"}],"curies":[{"name":"wp","href":"https:\/\/api.w.org\/{rel}","templated":true}]}}