{"id":3313,"date":"2018-11-09T03:57:59","date_gmt":"2018-11-09T03:57:59","guid":{"rendered":"http:\/\/icwpredflag.org\/wp\/wordpress\/wps\/?page_id=3313"},"modified":"2018-11-09T07:23:50","modified_gmt":"2018-11-09T07:23:50","slug":"setenta-y-dos-horas-en-los-estados-unidos-y-en-el-mundo","status":"publish","type":"page","link":"https:\/\/icwpredflag.org\/wp\/wordpress\/wps\/volumen-9-numero-14\/setenta-y-dos-horas-en-los-estados-unidos-y-en-el-mundo\/","title":{"rendered":"Setenta y dos horas en los Estados Unidos y en el mundo"},"content":{"rendered":"<h3 style=\"text-align: center;\"><span style=\"color: #ff0000;\"><strong>Construir un Nuevo Ej\u00e9rcito Rojo para Derrotar al Fascismo con la Revoluci\u00f3n Comunista<\/strong><\/span><\/h3>\n<p><img loading=\"lazy\" decoding=\"async\" class=\"wp-image-3292 aligncenter\" src=\"http:\/\/icwpredflag.org\/wp\/wordpress\/wps\/wp-content\/uploads\/sites\/2\/2018\/11\/pittsburg-300x166.jpg\" alt=\"\" width=\"670\" height=\"371\" srcset=\"https:\/\/icwpredflag.org\/wp\/wordpress\/wps\/wp-content\/uploads\/sites\/2\/2018\/11\/pittsburg-300x166.jpg 300w, https:\/\/icwpredflag.org\/wp\/wordpress\/wps\/wp-content\/uploads\/sites\/2\/2018\/11\/pittsburg.jpg 499w\" sizes=\"auto, (max-width: 670px) 100vw, 670px\" \/><\/p>\n<p style=\"text-align: center;\"><strong>Pittsburgh, EE.UU., Manifestac\u00edon, 30 Octubre 30, 2019<\/strong><\/p>\n<p style=\"text-align: justify;\">25-27 de octubre\u2014 Daniel Stein, 71; Joyce Feinberg, 75; Richard Gottfried, 65; Rosa Mallinger, 97; Jerry Rabinowitz, 66; los hermanos Cecil Rosenthal, 59, y David Rosenthal 54; esposo y esposa Bernice Simon, 84 y Sylvan Simon, 86; Melvin Wax, 88; e Irving Younger, de 69 a\u00f1os, asesinado en una sinagoga de Pittsburgh por un hombre armado que grit\u00f3 \u201c\u00a1Todos los jud\u00edos deben morir!\u201d Este nazi estaba particularmente indignado por el apoyo de los jud\u00edos a la caravana de refugiados de Am\u00e9rica Central.<\/p>\n<p style=\"text-align: justify;\">Maurice Stallard, de 69 a\u00f1os, y Vickie Jones, de 67 a\u00f1os, fueron asesinados a tiros en el estacionamiento de un supermercado de Kentucky por un asesino racista despu\u00e9s de que no pudo entrar a una iglesia negra con sus armas.<\/p>\n<p style=\"text-align: justify;\">Mientras tanto, un partidario rabioso de Trump en Florida envi\u00f3 al menos 14 bombas de tubo a famosos cr\u00edticos de Trump.<\/p>\n<p style=\"text-align: justify;\"><strong>Estos no son solo \u201ccr\u00edmenes de odio\u201d <\/strong>cometidos por personas intolerantes. Son ataques fascistas incitados por Trump, el autoproclamado \u201cnacionalista\u201d en la Casa Blanca que piensa en la aplicaci\u00f3n de la ley como su milicia personal.<\/p>\n<p style=\"text-align: justify;\">Pero no es solo Trump y no es solo en los Estados Unidos.<\/p>\n<p style=\"text-align: justify;\"><strong>Durante las mismas setenta y dos horas:<\/strong><\/p>\n<p style=\"text-align: justify;\">Muhammad Khaled \u2018Abd al-Nabi, 27; Ahmed Said Abu Libdah, de 22 a\u00f1os; Aish Sha\u2019ath, 23; Naser Abu Thayem, de 22 a\u00f1os; Mujahed Ziyad \u2018Akel, 23; y Yahya Badr al-Hasnat, de 37 a\u00f1os, recibieron disparos de soldados israel\u00edes mientras protestaban por las condiciones mortales en la prisi\u00f3n al aire libre que es Gaza.<\/p>\n<p style=\"text-align: justify;\">Activistas rurales Angeliffa Arsenal, 47; Rommel Bantigue, 41; Paterno Baroy, 48; Marcelina Dumaguit; Ren\u00e9 Laurencio Sr .; Morena Mendoza, 48; Eglicerio Villegas, 36; Se descubri\u00f3 que Marchtel Sumicad, de 17 a\u00f1os, y Joemarie Ughayon Jr., de 16 a\u00f1os fueron masacrados por una milicia privada asociada con las Fuerzas Armadas de Duterte en las Armadas de Duterte en las Filipinas.<\/p>\n<p style=\"text-align: justify;\">Al menos 19 civiles yemen\u00edes murieron en un ataque a\u00e9reo saud\u00ed en un mercado de verduras en Hodeidah, mientras que 8 millones corren el riesgo de morir de hambre.<\/p>\n<p style=\"text-align: justify;\">En Brasil, los partidarios del abiertamente fascista Jain Bolsonaro (ahora presidente electo) atacaron a docenas de sus oponentes en los barrios de las ciudades y en las zonas rurales, principalmente contra activistas negros e ind\u00edgenas.<\/p>\n<p style=\"text-align: justify;\"><strong>Extendemos nuestra la solidaridad<\/strong> a estas y todas las dem\u00e1s v\u00edctimas de la violencia fascista en todas partes, y a los miembros de nuestra familia de clase trabajadora que est\u00e1 luchando. Hacemos eco de las palabras del legendario activista laboral estadounidense Joe Hill: \u201c\u00a1No te lamentes, organiza!\u201d<\/p>\n<p style=\"text-align: justify;\">Organiza&#8230; pero no para votaciones o vigilias de paz. Organiza para el comunismo. La propagaci\u00f3n del fascismo en todo el mundo, desde India hasta Brasil, desde Hungr\u00eda hasta los Estados Unidos, desde Arabia Saudita hasta Filipinas, es la expresi\u00f3n pol\u00edtica de la crisis mundial del capitalismo.<\/p>\n<p style=\"text-align: justify;\">Las clases dominantes en todas partes necesitan racismo extremo, sexismo y sectarismo religioso para dividir y distraer a las masas empobrecidas. Necesitan un nacionalismo intensificado para ganarnos a pelear en las guerras sangrientas de los imperialistas y todos los capitalistas.<\/p>\n<p style=\"text-align: justify;\">En los Estados Unidos, tanto pol\u00edticos dem\u00f3cratas como republicanos han liberado a la polic\u00eda racista para aterrorizar a los vecindarios negros. Tanto los dem\u00f3cratas como los republicanos han intensificado el control de las fronteras y las deportaciones. Tanto los dem\u00f3cratas como los republicanos han vendido armas y financiado ventas de armas a Israel, Arabia Saudita y m\u00e1s.<\/p>\n<p style=\"text-align: justify;\">No podemos confiar en ninguno de estos pol\u00edticos capitalistas, su polic\u00eda o su ej\u00e9rcito para protegernos de los nazis, KKK, Muchachos Orgullosos o cualquier otra escoria racista asesina.<\/p>\n<p style=\"text-align: justify;\"><strong>No podemos confiar en el pacifismo o las oraciones.<\/strong><\/p>\n<p style=\"text-align: justify;\">Necesitamos construir un nuevo Ej\u00e9rcito Rojo, liderado por trabajadores industriales comunistas, soldados y j\u00f3venes. Necesitamos construir el Partido Comunista Obrero Internacional para movilizarnos hacia la revoluci\u00f3n comunista, la \u00fanica forma de derrotar al fascismo y la guerra imperialista.<\/p>\n<h4 style=\"text-align: justify;\"><a href=\"hhttp:\/\/icwpredflag.org\/wp\/wordpress\/wps\/volumen-9-numero-14\/\">Primera p\u00e1gina de esta edici\u00f3n<\/a><\/h4>\n<p>&nbsp;<\/p>\n","protected":false},"excerpt":{"rendered":"<p>Construir un Nuevo Ej\u00e9rcito Rojo para Derrotar al Fascismo con la Revoluci\u00f3n Comunista Pittsburgh, EE.UU., Manifestac\u00edon, 30 Octubre 30, 2019 25-27 de octubre\u2014 Daniel Stein, 71; Joyce Feinberg, 75; Richard Gottfried, 65; Rosa Mallinger, 97; Jerry Rabinowitz, 66; los hermanos Cecil Rosenthal, 59, y David Rosenthal 54; esposo y esposa Bernice Simon, 84 y Sylvan &hellip; <a href=\"https:\/\/icwpredflag.org\/wp\/wordpress\/wps\/volumen-9-numero-14\/setenta-y-dos-horas-en-los-estados-unidos-y-en-el-mundo\/\" class=\"more-link\">Sigue leyendo <span class=\"screen-reader-text\">Setenta y dos horas en los Estados Unidos y en el mundo<\/span><\/a><\/p>\n","protected":false},"author":1,"featured_media":2018,"parent":3305,"menu_order":0,"comment_status":"closed","ping_status":"closed","template":"","meta":{"footnotes":""},"class_list":["post-3313","page","type-page","status-publish","has-post-thumbnail","hentry"],"_links":{"self":[{"href":"https:\/\/icwpredflag.org\/wp\/wordpress\/wps\/wp-json\/wp\/v2\/pages\/3313","targetHints":{"allow":["GET"]}}],"collection":[{"href":"https:\/\/icwpredflag.org\/wp\/wordpress\/wps\/wp-json\/wp\/v2\/pages"}],"about":[{"href":"https:\/\/icwpredflag.org\/wp\/wordpress\/wps\/wp-json\/wp\/v2\/types\/page"}],"author":[{"embeddable":true,"href":"https:\/\/icwpredflag.org\/wp\/wordpress\/wps\/wp-json\/wp\/v2\/users\/1"}],"replies":[{"embeddable":true,"href":"https:\/\/icwpredflag.org\/wp\/wordpress\/wps\/wp-json\/wp\/v2\/comments?post=3313"}],"version-history":[{"count":4,"href":"https:\/\/icwpredflag.org\/wp\/wordpress\/wps\/wp-json\/wp\/v2\/pages\/3313\/revisions"}],"predecessor-version":[{"id":3338,"href":"https:\/\/icwpredflag.org\/wp\/wordpress\/wps\/wp-json\/wp\/v2\/pages\/3313\/revisions\/3338"}],"up":[{"embeddable":true,"href":"https:\/\/icwpredflag.org\/wp\/wordpress\/wps\/wp-json\/wp\/v2\/pages\/3305"}],"wp:featuredmedia":[{"embeddable":true,"href":"https:\/\/icwpredflag.org\/wp\/wordpress\/wps\/wp-json\/wp\/v2\/media\/2018"}],"wp:attachment":[{"href":"https:\/\/icwpredflag.org\/wp\/wordpress\/wps\/wp-json\/wp\/v2\/media?parent=3313"}],"curies":[{"name":"wp","href":"https:\/\/api.w.org\/{rel}","templated":true}]}}