{"id":3410,"date":"2018-12-01T03:41:06","date_gmt":"2018-12-01T03:41:06","guid":{"rendered":"http:\/\/icwpredflag.org\/wp\/wordpress\/wps\/?page_id=3410"},"modified":"2018-12-01T03:43:10","modified_gmt":"2018-12-01T03:43:10","slug":"ciudad-de-tiendas-de-campana-refugiados-y-comunismo","status":"publish","type":"page","link":"https:\/\/icwpredflag.org\/wp\/wordpress\/wps\/volumen-9-numero-15\/ciudad-de-tiendas-de-campana-refugiados-y-comunismo\/","title":{"rendered":"Ciudad de Tiendas de Campa\u00f1a: Refugiados y Comunismo"},"content":{"rendered":"<p style=\"text-align: justify;\">USA, 19 de Noviembre\u2014Campamentos de tiendas de campa\u00f1a est\u00e1n surgiendo en Chico, en el norte de California. Est\u00e1n alojando a refugiados del enorme incendio forestal que destruy\u00f3 la ciudad Para\u00edso, dejando m\u00e1s de 70 muertos y 1.000 desaparecidos.<\/p>\n<p style=\"text-align: justify;\">Esto campamentos han estado surgiendo m\u00e1s al sur en Oakland, California, por m\u00e1s de un a\u00f1o. Alojan a los refugiados de los estragos de los magnates de bienes ra\u00edces buscando sus pingues ganancias. Al igual que sus compatriotas en Chico, las familias en los campamentos no tienen defensa contra el aire saturado de humo t\u00f3xico derivado del fuego. Respirarlo, seg\u00fan expertos, equivale a fumar de 14 a 20 cigarrillos al d\u00eda.<\/p>\n<p style=\"text-align: justify;\">Los campamentos de tiendas de campa\u00f1a est\u00e1n surgiendo en Tijuana, M\u00e9xico, cerca de San Diego, California. Alojan refugiados huyendo de la violencia de la explotaci\u00f3n imperialista en Centro Am\u00e9rica.<\/p>\n<p style=\"text-align: justify;\">Las tiendas de campana en su mayor\u00eda albergan familias blancas en Chico, familias negras en Oakland y familias centroamericanas en Tijuana. Extendi\u00e9ndose a lo largo y ancho de California, se\u00f1alan las muchas caras de la crisis general del capitalismo.<\/p>\n<p style=\"text-align: justify;\">Actualmente, en el mundo hay 400 desastres \u201cnaturales\u201d al a\u00f1o que afectan a unas 200 millones de personas. Esto, seg\u00fan un informe de la ONU, es el doble de los casos reportados hace 20 a\u00f1os. Con la excepci\u00f3n de terremotos, la intensidad de los otros (inundaciones, incendios forestales, sequ\u00edas severas, huracanes, etc.) es causada por el cambio clim\u00e1tico. \u00bfY qu\u00e9 es el cambio clim\u00e1tico? Nada m\u00e1s que la necesidad descontrolada de adquirir ganancias, o el capitalismo en acci\u00f3n.<\/p>\n<p style=\"text-align: justify;\">Sin embargo, a medida que la crisis general se profundiza, tambi\u00e9n se profundiza la respuesta de las masas. Los campamentos de tiendas de campa\u00f1a surgen y llega la comida. No ha sido pedida, es donada. Aqu\u00ed y all\u00e1 llega el cocinero de un restaurante y comidas son preparadas. Ropa es donada. Un grupo de maestros establecen clases para ayudar a restaurar un sentido de normalidad entre los ni\u00f1os peque\u00f1os.<\/p>\n<p style=\"text-align: justify;\">No hay mercado, ni intercambio, ni dinero. Las masas satisfacen las necesidades de las masas lo mejor que pueden. De la noche a la ma\u00f1ana, la base de una sociedad comunista de compartir hace a un lado el modelo in\u00fatil del libre mercado del capitalismo. De las masas a las masas es el eslogan operativo t\u00e1cito. Satisfacer la necesidad de extra\u00f1os, no explotarlos con fines lucrativos, es el principio fundamental.<\/p>\n<p style=\"text-align: justify;\">Es una expresi\u00f3n espont\u00e1nea del comunismo, no una pol\u00edtica. No ataca al capitalismo. Como tal, tiene sus l\u00edmites y es desigual. Las tiendas de campa\u00f1a en Oakland, por ejemplo, reciben menos apoyo. Las de Tijuana est\u00e1n amenazadas por fuerzas fascistas. El racismo sigue siendo una importante arma del capitalismo. Si bien todo esto nos recuerda que se necesitar\u00e1 una revoluci\u00f3n para lograr una sociedad comunista, la disposici\u00f3n de las masas a abandonar \u201cel mercado\u201d, las ganancias y la propiedad privada y organizarse directamente para satisfacer las necesidades de las personas nos dice mucho del poder de nuestros principios comunistas organizadores.<\/p>\n<h4><a href=\"http:\/\/icwpredflag.org\/wp\/wordpress\/wps\/volumen-9-numero-15\/\">Primera p\u00e1gina de esta edici\u00f3n<\/a><\/h4>\n","protected":false},"excerpt":{"rendered":"<p>USA, 19 de Noviembre\u2014Campamentos de tiendas de campa\u00f1a est\u00e1n surgiendo en Chico, en el norte de California. Est\u00e1n alojando a refugiados del enorme incendio forestal que destruy\u00f3 la ciudad Para\u00edso, dejando m\u00e1s de 70 muertos y 1.000 desaparecidos. Esto campamentos han estado surgiendo m\u00e1s al sur en Oakland, California, por m\u00e1s de un a\u00f1o. Alojan &hellip; <a href=\"https:\/\/icwpredflag.org\/wp\/wordpress\/wps\/volumen-9-numero-15\/ciudad-de-tiendas-de-campana-refugiados-y-comunismo\/\" class=\"more-link\">Sigue leyendo <span class=\"screen-reader-text\">Ciudad de Tiendas de Campa\u00f1a: Refugiados y Comunismo<\/span><\/a><\/p>\n","protected":false},"author":1,"featured_media":2018,"parent":3369,"menu_order":0,"comment_status":"closed","ping_status":"closed","template":"","meta":{"footnotes":""},"class_list":["post-3410","page","type-page","status-publish","has-post-thumbnail","hentry"],"_links":{"self":[{"href":"https:\/\/icwpredflag.org\/wp\/wordpress\/wps\/wp-json\/wp\/v2\/pages\/3410","targetHints":{"allow":["GET"]}}],"collection":[{"href":"https:\/\/icwpredflag.org\/wp\/wordpress\/wps\/wp-json\/wp\/v2\/pages"}],"about":[{"href":"https:\/\/icwpredflag.org\/wp\/wordpress\/wps\/wp-json\/wp\/v2\/types\/page"}],"author":[{"embeddable":true,"href":"https:\/\/icwpredflag.org\/wp\/wordpress\/wps\/wp-json\/wp\/v2\/users\/1"}],"replies":[{"embeddable":true,"href":"https:\/\/icwpredflag.org\/wp\/wordpress\/wps\/wp-json\/wp\/v2\/comments?post=3410"}],"version-history":[{"count":3,"href":"https:\/\/icwpredflag.org\/wp\/wordpress\/wps\/wp-json\/wp\/v2\/pages\/3410\/revisions"}],"predecessor-version":[{"id":3413,"href":"https:\/\/icwpredflag.org\/wp\/wordpress\/wps\/wp-json\/wp\/v2\/pages\/3410\/revisions\/3413"}],"up":[{"embeddable":true,"href":"https:\/\/icwpredflag.org\/wp\/wordpress\/wps\/wp-json\/wp\/v2\/pages\/3369"}],"wp:featuredmedia":[{"embeddable":true,"href":"https:\/\/icwpredflag.org\/wp\/wordpress\/wps\/wp-json\/wp\/v2\/media\/2018"}],"wp:attachment":[{"href":"https:\/\/icwpredflag.org\/wp\/wordpress\/wps\/wp-json\/wp\/v2\/media?parent=3410"}],"curies":[{"name":"wp","href":"https:\/\/api.w.org\/{rel}","templated":true}]}}