{"id":3419,"date":"2018-12-01T03:53:59","date_gmt":"2018-12-01T03:53:59","guid":{"rendered":"http:\/\/icwpredflag.org\/wp\/wordpress\/wps\/?page_id=3419"},"modified":"2018-12-01T03:53:59","modified_gmt":"2018-12-01T03:53:59","slug":"porque-necesitamos-la-colectividad-comunista-sin-votaciones","status":"publish","type":"page","link":"https:\/\/icwpredflag.org\/wp\/wordpress\/wps\/volumen-9-numero-15\/porque-necesitamos-la-colectividad-comunista-sin-votaciones\/","title":{"rendered":"Porqu\u00e9 Necesitamos la Colectividad Comunista, Sin Votaciones"},"content":{"rendered":"<p style=\"text-align: justify;\">\u201cAl menos ganamos la C\u00e1mara de Representantes\u201d, coment\u00f3 una profesora universitaria que le gusta <strong><em>Bandera Roja<\/em><\/strong>.<\/p>\n<p style=\"text-align: justify;\">\u201cLos dem\u00f3cratas ganaron, pero nosotros no\u201d, contest\u00f3 una camarada profesora. \u201cSon otro partido capitalista.\u201d<\/p>\n<p style=\"text-align: justify;\">\u201cEso es cierto\u201d, admiti\u00f3 la primera maestra. A\u00f1adi\u00f3: \u201cLos votantes en EE.UU. est\u00e1n motivados principalmente por el miedo\u201d.<\/p>\n<p style=\"text-align: justify;\">\u201cEso tambi\u00e9n es cierto\u201d, respondi\u00f3 la camarada. \u201cLos republicanos movilizaron su base fomentando el miedo a los inmigrantes y a los negros. Los dem\u00f3cratas movilizaron su base difundiendo miedo a los republicanos.<\/p>\n<p style=\"text-align: justify;\">\u201cY esa es parte de la raz\u00f3n por la que trabajar en las elecciones no es una buena manera de iniciar conversaciones sobre la sociedad que realmente necesitamos\u201d, continu\u00f3 la camarada, entreg\u00e1ndole a su amiga la ultima edici\u00f3n de <strong><em>Bandera Roja<\/em><\/strong>.<\/p>\n<p style=\"text-align: justify;\">El racismo m\u00e1s descarado fue el ataque republicano contra la caravana de refugiados de Centro Am\u00e9rica. Los candidatos negros, latinos, musulmanes e ind\u00edgenas &#8211; especialmente las mujeres &#8211; fueron ridiculizados e insultados. La supresi\u00f3n de los votantes estaba dirigida desvergonzadamente contra los barrios negros e ind\u00edgenas, y alter\u00f3 elecciones claves.<\/p>\n<p style=\"text-align: justify;\">La mala noticia es que demasiados trabajadores blancos no vieron el racismo como lo que es: un ataque contra toda la clase obrera. Por otro lado, los candidatos negros y latinos ganaron elecciones en muchos distritos principalmente blancos.<\/p>\n<p style=\"text-align: justify;\">La otra mala noticia es lo que los medios capitalistas est\u00e1n promoviendo como buena noticia: casi la mitad de los posibles votantes votaron, a pesar de la supresi\u00f3n racista. Esta fue la mayor participaci\u00f3n en una elecci\u00f3n no presidencial desde al menos 1966.\u00a0\u00a0 En algunos lugares &#8211; como la participaci\u00f3n de ind\u00edgenas en Dakota del Norte- los intentos de supresi\u00f3n fracasaron y aumentaron el n\u00famero de votantes.<\/p>\n<p style=\"text-align: justify;\">\u00bfPor qu\u00e9 decimos que estas son malas noticias? Porque votar no puede acabar con el racismo. El racismo tiene sus ra\u00edces en la necesidad capitalista de dividir y subjugar a las masas obreras mientras acumula enormes ganancias de la superexplotaci\u00f3n.<\/p>\n<p style=\"text-align: justify;\">Los dem\u00f3cratas quieren que temamos a los republicanos, pero lo que m\u00e1s temen es el potencial revolucionario de las masas para destruir el capitalismo racista. Votar, en el mejor de los casos, es una distracci\u00f3n de la verdadera tarea antirracista de movilizar para el comunismo.<\/p>\n<p style=\"text-align: justify;\">La buena noticia es que mucha gente de todas las edades ya ve que el sistema bipartidista del capitalismo estadounidense no puede ni quiere \u201carreglar\u201d lo que est\u00e1 malo en el mundo de hoy. Ellos quieren una alternativa y nosotros la tenemos.<\/p>\n<p style=\"text-align: justify;\">Una joven adulta se alegr\u00f3 de recibir <strong><em>Bandera Roja<\/em><\/strong> de un camarada en una reuni\u00f3n postelectoral de \u201cdem\u00f3cratas progresistas\u201d. Ella hab\u00eda visto el peri\u00f3dico antes.<\/p>\n<p style=\"text-align: justify;\">\u201c\u00bfQu\u00e9 te parece?\u201d, pregunt\u00f3 el camarada.<\/p>\n<p style=\"text-align: justify;\">\u201cEstoy de acuerdo\u201d, contest\u00f3 ella, e intercambiaron informaci\u00f3n para contactarse.<\/p>\n<p style=\"text-align: justify;\"><strong>Hay m\u00e1s.<\/strong><\/p>\n<p style=\"text-align: justify;\">M\u00e1s all\u00e1 de la supresi\u00f3n de votantes hay un problema mayor. El sistema electoral estadounidense nunca fue dise\u00f1ado para representar a las masas ni para permitir que las masas decidan algo.<\/p>\n<p style=\"text-align: justify;\">Desde el principio, se cre\u00f3 para representar a los Estados. Eso significaba (y sigue significando) los grupos de capitalistas que dirigen los Estados. Incluso, cuando menos del 10% de todos los adultos estadounidenses pod\u00edan votar, la Constituci\u00f3n les imped\u00eda tener voz y voto directos. El dinero gobernaba, no \u201cel pueblo\u201d.<\/p>\n<p style=\"text-align: justify;\">Los \u201cDem\u00f3cratas Progresistas\u201d dicen que quieren \u201csacar el dinero corporativo de la pol\u00edtica\u201d. La \u00fanica manera de hacerlo ser\u00eda deshaci\u00e9ndose de las corporaciones y de todo el sistema monetario capitalista. Lo haremos, con la revoluci\u00f3n comunista, no votando.<\/p>\n<p style=\"text-align: justify;\"><strong>Y m\u00e1s. <\/strong><\/p>\n<p style=\"text-align: justify;\">Los anticomunistas liberales hacen un gran esc\u00e1ndalo porque los comunistas no creen en la \u201cdemocracia\u201d (votaci\u00f3n). Eso es cierto. Votar no es la mejor manera de tomar decisiones, incluso cuando podemos decidir las cosas por nosotros mismos.<\/p>\n<p style=\"text-align: justify;\">La camarada maestra, citada anteriormente, explic\u00f3 esto en una reuni\u00f3n del comit\u00e9 en el trabajo. \u201c\u00bfPor qu\u00e9 pensar\u00edamos que la mejor manera de tomar la mejor decisi\u00f3n para un grupo es preguntarle a cada persona qu\u00e9 es lo que quiere personalmente?\u00a0\u00a0 Deber\u00edamos de estar pensando en lo que es mejor para el grupo\u201d.<\/p>\n<p style=\"text-align: justify;\">As\u00ed es como el comunismo funciona ahora y funcionar\u00e1 en el futuro. Nos esforzamos por conseguir que el mayor n\u00famero posible de personas participe en los colectivos comunistas. En estos colectivos, empezamos por preguntarnos qu\u00e9 es lo que m\u00e1s necesitan las masas obreras. Discutimos c\u00f3mo podemos trabajar juntos de la manera m\u00e1s efectiva para lograrlo.<\/p>\n<p style=\"text-align: justify;\">\u00a0\u00a0 Hoy, podr\u00edamos estar decidiendo c\u00f3mo mejorar <strong><em>Bandera Roja<\/em><\/strong> o c\u00f3mo podemos hacer avanzar el trabajo industrial del Partido a nivel internacional. Cuando estemos construyendo el poder comunista en el futuro, podr\u00edamos estar decidiendo qu\u00e9 producir o c\u00f3mo expandir la revoluci\u00f3n. Siempre tenemos que discutir c\u00f3mo traer m\u00e1s camaradas a los colectivos del Partido.<\/p>\n<p style=\"text-align: justify;\">Ay\u00fadanos: \u00bfC\u00f3mo podemos conseguir que t\u00fa y tus amigos se unan al PCOI? \u00a1Porque eso ser\u00eda algo realmente bueno!<\/p>\n<h3><a href=\"http:\/\/icwpredflag.org\/wp\/wordpress\/wps\/volumen-9-numero-15\/\">Primera p\u00e1gina de esta edici\u00f3n<\/a><\/h3>\n","protected":false},"excerpt":{"rendered":"<p>\u201cAl menos ganamos la C\u00e1mara de Representantes\u201d, coment\u00f3 una profesora universitaria que le gusta Bandera Roja. \u201cLos dem\u00f3cratas ganaron, pero nosotros no\u201d, contest\u00f3 una camarada profesora. \u201cSon otro partido capitalista.\u201d \u201cEso es cierto\u201d, admiti\u00f3 la primera maestra. A\u00f1adi\u00f3: \u201cLos votantes en EE.UU. est\u00e1n motivados principalmente por el miedo\u201d. \u201cEso tambi\u00e9n es cierto\u201d, respondi\u00f3 la camarada. &hellip; <a href=\"https:\/\/icwpredflag.org\/wp\/wordpress\/wps\/volumen-9-numero-15\/porque-necesitamos-la-colectividad-comunista-sin-votaciones\/\" class=\"more-link\">Sigue leyendo <span class=\"screen-reader-text\">Porqu\u00e9 Necesitamos la Colectividad Comunista, Sin Votaciones<\/span><\/a><\/p>\n","protected":false},"author":1,"featured_media":2018,"parent":3369,"menu_order":0,"comment_status":"closed","ping_status":"closed","template":"","meta":{"footnotes":""},"class_list":["post-3419","page","type-page","status-publish","has-post-thumbnail","hentry"],"_links":{"self":[{"href":"https:\/\/icwpredflag.org\/wp\/wordpress\/wps\/wp-json\/wp\/v2\/pages\/3419","targetHints":{"allow":["GET"]}}],"collection":[{"href":"https:\/\/icwpredflag.org\/wp\/wordpress\/wps\/wp-json\/wp\/v2\/pages"}],"about":[{"href":"https:\/\/icwpredflag.org\/wp\/wordpress\/wps\/wp-json\/wp\/v2\/types\/page"}],"author":[{"embeddable":true,"href":"https:\/\/icwpredflag.org\/wp\/wordpress\/wps\/wp-json\/wp\/v2\/users\/1"}],"replies":[{"embeddable":true,"href":"https:\/\/icwpredflag.org\/wp\/wordpress\/wps\/wp-json\/wp\/v2\/comments?post=3419"}],"version-history":[{"count":1,"href":"https:\/\/icwpredflag.org\/wp\/wordpress\/wps\/wp-json\/wp\/v2\/pages\/3419\/revisions"}],"predecessor-version":[{"id":3420,"href":"https:\/\/icwpredflag.org\/wp\/wordpress\/wps\/wp-json\/wp\/v2\/pages\/3419\/revisions\/3420"}],"up":[{"embeddable":true,"href":"https:\/\/icwpredflag.org\/wp\/wordpress\/wps\/wp-json\/wp\/v2\/pages\/3369"}],"wp:featuredmedia":[{"embeddable":true,"href":"https:\/\/icwpredflag.org\/wp\/wordpress\/wps\/wp-json\/wp\/v2\/media\/2018"}],"wp:attachment":[{"href":"https:\/\/icwpredflag.org\/wp\/wordpress\/wps\/wp-json\/wp\/v2\/media?parent=3419"}],"curies":[{"name":"wp","href":"https:\/\/api.w.org\/{rel}","templated":true}]}}