{"id":3426,"date":"2018-12-01T04:18:32","date_gmt":"2018-12-01T04:18:32","guid":{"rendered":"http:\/\/icwpredflag.org\/wp\/wordpress\/wps\/?page_id=3426"},"modified":"2018-12-01T04:18:32","modified_gmt":"2018-12-01T04:18:32","slug":"conflicto-imperialista-devasta-las-masas-yemenies","status":"publish","type":"page","link":"https:\/\/icwpredflag.org\/wp\/wordpress\/wps\/conflicto-imperialista-devasta-las-masas-yemenies\/","title":{"rendered":"Conflicto Imperialista Devasta las Masas Yemen\u00edes"},"content":{"rendered":"<h3 style=\"text-align: center;\"><span style=\"color: #ff0000;\"><strong>Movilic\u00e9mosnos Mundialmente para el Comunismo &#8211; Nuestras Vidas Est\u00e1n en Juego<\/strong><\/span><\/h3>\n<p><img loading=\"lazy\" decoding=\"async\" class=\"wp-image-3380 aligncenter\" src=\"http:\/\/icwpredflag.org\/wp\/wordpress\/wps\/wp-content\/uploads\/sites\/2\/2018\/11\/yemenmap-300x183.jpg\" alt=\"\" width=\"698\" height=\"426\" srcset=\"https:\/\/icwpredflag.org\/wp\/wordpress\/wps\/wp-content\/uploads\/sites\/2\/2018\/11\/yemenmap-300x183.jpg 300w, https:\/\/icwpredflag.org\/wp\/wordpress\/wps\/wp-content\/uploads\/sites\/2\/2018\/11\/yemenmap.jpg 457w\" sizes=\"auto, (max-width: 698px) 100vw, 698px\" \/><\/p>\n<p style=\"text-align: justify;\">En Yemen, m\u00e1s de diez mil de nuestra familia clase obrera han sido asesinados por cruentos ataques a\u00e9reos saud\u00edes. Cincuenta mil personas m\u00e1s han muerto de hambre en una hambruna causada por el bombardeo de granjas y pesquer\u00edas civiles, junto con un bloqueo naval saud\u00ed.\u00a0\u00a0 Catorce millones m\u00e1s est\u00e1n al borde de morirse de hambre.<\/p>\n<p style=\"text-align: justify;\">M\u00e1s de dos millones de yemen\u00edes son refugiados internos. Miles m\u00e1s han huido del pa\u00eds. En agosto, los saud\u00edes lanzaron bombas, fabricadas en Estados Unidos, contra un autob\u00fas escolar, matando a 44 ni\u00f1os y 10 adultos.<\/p>\n<p style=\"text-align: justify;\">\u00a1S\u00f3lo el Comunismo Puede Ponerle fin a esta Carnicer\u00eda Atroz!<\/p>\n<p style=\"text-align: justify;\"><strong>Imperialistas Se Enfrentan Por el Control de las Ganancias Petroleras y las Rutas Mar\u00edtimas<\/strong><\/p>\n<p style=\"text-align: justify;\">La devastaci\u00f3n en Yemen ha sido creada por los principales imperialistas del mundo y los capitalistas locales que luchan por el control del petr\u00f3leo y las rutas mar\u00edtimas. El imperialismo yanqui y sus aliados tradicionales se enfrentan al creciente eje imperialista Rusia-China-Ir\u00e1n. Lo que est\u00e1 en juego es la enorme rentabilidad del suroeste asi\u00e1tico (\u201cOriente Medio\u201d).\u00a0\u00a0 Desde la Segunda Guerra Mundial, esta regi\u00f3n ha sido la piedra angular del imperio petrod\u00f3lar estadounidense.<\/p>\n<p style=\"text-align: justify;\">Yemen es estrat\u00e9gicamente importante porque se encuentra en la desembocadura del estrecho de B\u00e1b el-Mandeb. M\u00e1s de 4,8 millones de barriles de petr\u00f3leo crudo y productos petrol\u00edferos circulan diariamente por este estrecho. El antiguo control de EE.UU. de este cuello de botella se ve amenazado por la creciente influencia de Ir\u00e1n en Yemen, mediante sus aliados hut\u00edes.<\/p>\n<p style=\"text-align: justify;\">Yemen tambi\u00e9n tiene una frontera porosa de 1,600 kil\u00f3metros con Arabia Saudita. En caso de una guerra Ir\u00e1n-Saud\u00ed, un Yemen controlado por los hut\u00edes podr\u00eda servir de base para movilizar a los dos millones de iran\u00edes que viven en el este de Arabia Saudita, donde se produce 90% del petr\u00f3leo saud\u00ed.<\/p>\n<p style=\"text-align: justify;\">Bajo el capitalismo, la geograf\u00eda y los recursos naturales se convierten en razones para masacrar a millones de obreros. Este asesinato en masa est\u00e1 dictado por las necesidades de los capitalistas-imperialistas de maximizar sus ganancias. S\u00f3lo la revoluci\u00f3n comunista puede acabar con este sistema inhumano.<\/p>\n<p style=\"text-align: justify;\">En el comunismo, en un mundo sin fronteras, naciones o dinero, las masas obreras usaran la geograf\u00eda y los recursos naturales para satisfacer nuestras necesidades. Unida, nuestra clase obrera internacional trabajar\u00e1 colectivamente y compartir\u00e1 lo que produzcamos seg\u00fan la necesidad de cada cual.<\/p>\n<p style=\"text-align: justify;\">Una vez que hayamos liberado al mundo del capitalismo, no lucharemos ni competiremos por ning\u00fan lugar, sin importar qu\u00e9 recursos tenga o donde se ubique. La vida de todos y cada uno de los obreros ser\u00e1 valorada por encima de todo. \u00a1Ni una gota de sangre obrera por petr\u00f3leo! \u00a1Ning\u00fan ni\u00f1o morir\u00e1 de hambre por lugares \u201cestrat\u00e9gicos\u201d!<\/p>\n<p style=\"text-align: justify;\"><strong>Los Cr\u00edmenes del Saudita Mohammed bin Salman<\/strong><\/p>\n<p style=\"text-align: justify;\">El 2 de octubre de 2018, agentes saud\u00edes asesinaron a Jamal Khashoggi dentro de su embajada en Turqu\u00eda. Khashoggi era periodista del Washington Post, miembro de la familia real saud\u00ed y cr\u00edtico del dictador virtual Mohammed bin Salman (MBS).<\/p>\n<p style=\"text-align: justify;\">Algunos gobernantes de EE.UU. utilizan este brutal asesinato como excusa para exponer la genocida guerra saud\u00ed de tres a\u00f1os en Yemen. Hasta hace poco contaba con las bendiciones, armas e inteligencia de EE.UU. Pero esa no es la raz\u00f3n por la cual se han vuelto contra MBS. Para ellos, los verdaderos cr\u00edmenes de MBS es negarse a terminar la guerra en Yemen y hacer tratos con Rusia y China.<\/p>\n<p style=\"text-align: justify;\">El Consejo de Relaciones Exteriores de EE.UU. considera que la guerra Saud\u00ed en Yemen est\u00e1 perdida. Este grupo es el portavoz del ala principal del imperialismo estadounidense. Abogan por un acuerdo negociado, mientras bombardean sitios de misiles para mejor poder negociar. Estos imperialistas quieren sacar a EE. UU. de Yemen para implementar mejor sus planes de prepararse para enfrentar a China en el Mar de China Meridional y a Rusia en Europa Oriental.<\/p>\n<p style=\"text-align: justify;\">Los gobernantes iran\u00edes tambi\u00e9n buscan negociar en Yemen. Est\u00e1n demasiado extendidos apoyando a Hezbol\u00e1 y Hamas, as\u00ed como a los hut\u00edes. Y se enfrentan a huelgas de obreros industriales y otras protestas masivas por su presupuesto de austeridad por la guerra<\/p>\n<p style=\"text-align: justify;\"><strong>Gobernantes Saud\u00edes y de EE.UU. Divididos &#8211; Una Clase Obrera Comunista Acabar\u00e1 con Todos los Capitalistas e Imperialistas<\/strong><\/p>\n<p style=\"text-align: justify;\">Los gobernantes de EE.UU. est\u00e1n divididos sobre su pol\u00edtica para Oriente Medio. Esto qued\u00f3 claro cuando la CIA confirm\u00f3 que MBS orden\u00f3 el asesinato de Khashoggi, pero el gobierno de Trump lo niega. MBS es clave para sus planes.<\/p>\n<p style=\"text-align: justify;\">La clase dominante Saudita est\u00e1 dividida sobre Yemen y si seguir con EE.UU. o ingresar al eje China-Rusia. Un nuevo grupo de oposici\u00f3n saud\u00ed ha pedido que el hermano del rey Salman tome el poder. Este cr\u00edtica abiertamente a MBS y su guerra en Yemen. El 30 de octubre regres\u00f3 a Arabia Saudita de Londres para organizar la oposici\u00f3n a MBS.<\/p>\n<p style=\"text-align: justify;\">La lucha entre capitalistas y entre imperialistas de EE.UU., China y Rusia por el Medio Oriente se agudiza. Pero las masas embestidas, desde Yemen, Arabia Saudita, Ir\u00e1n y el mundo entero, se est\u00e1n enojando y buscan soluciones.<\/p>\n<p style=\"text-align: justify;\">Nuestra clase no debe aliarse con ninguno de estos asesinos capitalistas-imperialistas. La soluci\u00f3n es el comunismo, un mundo donde todos los recursos sean compartidos, donde la vida humana se nutre de colectivos crecientes. El PCOI est\u00e1 comprometido a construir un mundo sin guerras, explotaci\u00f3n, racismo, sexismo, nacionalismo o xenofobia.<\/p>\n<p style=\"text-align: justify;\">El PCOI debe crecer en todo el mundo. Solo una clase obrera comunista que se moviliza para el comunismo puede erradicar las masacres masivas de los gobernantes. Obreros, soldados y j\u00f3venes como t\u00fa necesitan ingresar al PCOI. Juntos convertiremos las crisis y guerras de los capitalistas-imperialistas en una lucha para enterrar su sistema mortal para siempre. Juntos construiremos el mundo comunista que necesitamos y merecemos.<\/p>\n<div class=\"grey\">\n<h4 style=\"text-align: center;\"><span style=\"color: #ff0000;\"><strong>MBS Fortalece Lazos Con Rusia y China<\/strong><\/span><\/h4>\n<p style=\"text-align: justify;\">Los gobernantes sauditas le prometieron a Trump que comprar\u00edan el sistema de misiles THAAD por 15 mil millones de d\u00f3lares. Pero insinuaron a finales de septiembre que planeaban comprar el m\u00e1s barato S-400 ruso.<\/p>\n<p style=\"text-align: justify;\">Adem\u00e1s, en septiembre, Arabia Saudita y Rusia hicieron un acuerdo para aumentar la producci\u00f3n de petr\u00f3leo y reducir los crecientes precios. Ellos deciden cada vez m\u00e1s por si las pol\u00edticas de producci\u00f3n petrolera, antes de consultar con la OPEP o con EE. UU.<\/p>\n<p style=\"text-align: justify;\">Algunas empresas de EE.UU. boicotearon, en Arabia Saudita, la conferencia \u201cDavos del Desierto\u201d de MBS despu\u00e9s del asesinato de Khashoggi. Aqu\u00ed los saud\u00edes ingresaron al ahora llamado Fondo de Inversi\u00f3n Directa Rusia-China-Arabia Saudita.<\/p>\n<p style=\"text-align: justify;\">El jefe del canal de noticias Al Arabiya, de propiedad saud\u00ed, escribi\u00f3 que si EE. UU. les impon\u00eda sanciones a Arabia Saudita, \u201capu\u00f1alar\u00eda a muerte su propia econom\u00eda\u201d. Amenaz\u00f3 con que Arabia Saudita producir\u00eda menos petr\u00f3leo, duplicando el precio de este, y lo cotizar\u00eda en Yuan u otra moneda. Esto ser\u00eda un golpe mortal al petro-d\u00f3lar.<\/p>\n<p style=\"text-align: justify;\">Tambi\u00e9n escribi\u00f3: \u201cLa imposici\u00f3n de sanciones a Arabia Saudita har\u00e1 que el reino recurra a otras opciones&#8230; Rusia y China est\u00e1n listas para satisfacer las necesidades militares de Riad [que] incluir\u00e1n una base militar rusa en Arabia Saudita\u201d.<\/p>\n<p style=\"text-align: justify;\">Eso es lo que ha enfurecido a muchos imperialistas estadounidenses, pero no a Trump, que tiene sus propias conexiones rusas.<\/p>\n<\/div>\n<h4><a href=\"http:\/\/icwpredflag.org\/wp\/wordpress\/wps\/volumen-9-numero-15\/\">Primera p\u00e1gina de esta edici\u00f3n<\/a><\/h4>\n","protected":false},"excerpt":{"rendered":"<p>Movilic\u00e9mosnos Mundialmente para el Comunismo &#8211; Nuestras Vidas Est\u00e1n en Juego En Yemen, m\u00e1s de diez mil de nuestra familia clase obrera han sido asesinados por cruentos ataques a\u00e9reos saud\u00edes. Cincuenta mil personas m\u00e1s han muerto de hambre en una hambruna causada por el bombardeo de granjas y pesquer\u00edas civiles, junto con un bloqueo naval &hellip; <a href=\"https:\/\/icwpredflag.org\/wp\/wordpress\/wps\/conflicto-imperialista-devasta-las-masas-yemenies\/\" class=\"more-link\">Sigue leyendo <span class=\"screen-reader-text\">Conflicto Imperialista Devasta las Masas Yemen\u00edes<\/span><\/a><\/p>\n","protected":false},"author":1,"featured_media":5655,"parent":0,"menu_order":0,"comment_status":"closed","ping_status":"closed","template":"","meta":{"footnotes":""},"class_list":["post-3426","page","type-page","status-publish","has-post-thumbnail","hentry"],"_links":{"self":[{"href":"https:\/\/icwpredflag.org\/wp\/wordpress\/wps\/wp-json\/wp\/v2\/pages\/3426","targetHints":{"allow":["GET"]}}],"collection":[{"href":"https:\/\/icwpredflag.org\/wp\/wordpress\/wps\/wp-json\/wp\/v2\/pages"}],"about":[{"href":"https:\/\/icwpredflag.org\/wp\/wordpress\/wps\/wp-json\/wp\/v2\/types\/page"}],"author":[{"embeddable":true,"href":"https:\/\/icwpredflag.org\/wp\/wordpress\/wps\/wp-json\/wp\/v2\/users\/1"}],"replies":[{"embeddable":true,"href":"https:\/\/icwpredflag.org\/wp\/wordpress\/wps\/wp-json\/wp\/v2\/comments?post=3426"}],"version-history":[{"count":1,"href":"https:\/\/icwpredflag.org\/wp\/wordpress\/wps\/wp-json\/wp\/v2\/pages\/3426\/revisions"}],"predecessor-version":[{"id":3427,"href":"https:\/\/icwpredflag.org\/wp\/wordpress\/wps\/wp-json\/wp\/v2\/pages\/3426\/revisions\/3427"}],"wp:featuredmedia":[{"embeddable":true,"href":"https:\/\/icwpredflag.org\/wp\/wordpress\/wps\/wp-json\/wp\/v2\/media\/5655"}],"wp:attachment":[{"href":"https:\/\/icwpredflag.org\/wp\/wordpress\/wps\/wp-json\/wp\/v2\/media?parent=3426"}],"curies":[{"name":"wp","href":"https:\/\/api.w.org\/{rel}","templated":true}]}}