{"id":3513,"date":"2018-12-20T02:17:31","date_gmt":"2018-12-20T02:17:31","guid":{"rendered":"http:\/\/icwpredflag.org\/wp\/wordpress\/wps\/?page_id=3513"},"modified":"2018-12-20T02:27:34","modified_gmt":"2018-12-20T02:27:34","slug":"politicos-democratas-defienden-las-fronteras-de-los-patrones","status":"publish","type":"page","link":"https:\/\/icwpredflag.org\/wp\/wordpress\/wps\/volumen-9-numero-16\/politicos-democratas-defienden-las-fronteras-de-los-patrones\/","title":{"rendered":"Pol\u00edticos Dem\u00f3cratas Defienden las Fronteras de los Patrones"},"content":{"rendered":"<h3 style=\"text-align: center;\"><span style=\"color: #ff0000;\"><strong>Las Masas Comunistas Construir\u00e1n un Mundo Sin Fronteras<\/strong><\/span><\/h3>\n<p><img loading=\"lazy\" decoding=\"async\" class=\"wp-image-3476 aligncenter\" src=\"http:\/\/icwpredflag.org\/wp\/wordpress\/wps\/wp-content\/uploads\/sites\/2\/2018\/12\/barcelon17-300x220.jpg\" alt=\"\" width=\"585\" height=\"429\" srcset=\"https:\/\/icwpredflag.org\/wp\/wordpress\/wps\/wp-content\/uploads\/sites\/2\/2018\/12\/barcelon17-300x220.jpg 300w, https:\/\/icwpredflag.org\/wp\/wordpress\/wps\/wp-content\/uploads\/sites\/2\/2018\/12\/barcelon17.jpg 312w\" sizes=\"auto, (max-width: 585px) 100vw, 585px\" \/><\/p>\n<p class=\"p1\" style=\"text-align: center;\"><strong>Barcelona, Espa\u00f1a, 2017\u2014Exigiendo que el gobierno accepte m\u00e1s refugiados<\/strong><\/p>\n<p style=\"text-align: justify;\">\u201cHay mucha simpat\u00eda y apoyo para los trabajadores inmigrantes y sus familias que llegaron en la caravana, tanto aqu\u00ed como en M\u00e9xico. Algunos de mis amigos est\u00e1n recolectando ropa para enviar a las personas acampadas en Tijuana\u201d, dijo un amigo.<\/p>\n<p style=\"text-align: justify;\">Un camarada le dijo: \u201cHay un gran apoyo para los inmigrantes en Tijuana. Muchos est\u00e1n recolectando ropa, alimentos y cobijas y se los llevan a las personas que esperan en la frontera. Los que est\u00e1n acampados en Tijuana se est\u00e1n organizando para ayudarse mutuamente, compartir lo poco que tienen y para hacer listas de solicitudes de asilo. Se est\u00e1n distribuyendo cosas de acuerdo a las necesidades de cada cual actuando colectivamente\u201d.<\/p>\n<p style=\"text-align: justify;\">\u00a1Esto demuestra que las masas podemos organizarnos y compartir, y hacerlo a trav\u00e9s de fronteras! \u00a1Esto demuestra que el comunismo funcionar\u00e1, y c\u00f3mo funcionar\u00e1!<\/p>\n<p style=\"text-align: justify;\">Hablamos de que las fronteras y las naciones fueron creadas por el. El comunismo eliminar\u00e1 a ambas. Todos ser\u00e1n bienvenidos y se necesitar\u00e1n en todas partes para ayudar a contribuir a producir para las necesidades de todos. No nos veremos obligados para sobrevivir a competir por empleos que nos conviertan en esclavos asalariados de los capitalistas.<\/p>\n<p style=\"text-align: justify;\">No convencido todav\u00eda de la necesidad de una revoluci\u00f3n comunista, mi amigo continu\u00f3: \u201cLos dem\u00f3cratas son al menos mejores que los republicanos en materia de inmigraci\u00f3n. Atacan el vil racismo antiinmigrante de Trump\u201d.<\/p>\n<p style=\"text-align: justify;\">\u201cNo, no son mejores\u201d, explic\u00f3 nuestra camarada.<\/p>\n<p style=\"text-align: justify;\">El 22 de noviembre, Hillary Clinton dijo: \u201cCreo que Europa necesita controlar la migraci\u00f3n porque eso es lo que encendi\u00f3 la llama. Admiro los&#8230; enfoques compasivos&#8230; de l\u00edderes como \u00c1ngela Merkel, pero creo que &#8230; Europa &#8230; debe enviar un mensaje claro: \u2018no vamos a poder seguir brindando refugio y apoyo\u2019\u201d<\/p>\n<p style=\"text-align: justify;\">Dado que Trump y los pol\u00edtiqueros de derecha en Europa fueron elegidos en base al racismo contra inmigrantes, Hilary llam\u00f3 a limitar la inmigraci\u00f3n y la ayuda para los refugiados. \u00a1Es decir, asumir el programa de los fascistas para \u201cdetenerlos\u201d! Ella fue inmediatamente elogiada por pol\u00edtiqueros fascistas anti-inmigrantes europeos por \u201cver la luz\u201d.<\/p>\n<p style=\"text-align: justify;\">Pocos d\u00edas despu\u00e9s, Thomas Friedman escribi\u00f3 en el New York Times, portavoz imperialista liberal que hace campa\u00f1a contra Trump, una columna que dec\u00eda \u201cNecesitamos un alto muro con una gran puerta. No creo que el Partido Dem\u00f3crata est\u00e1 a favor de fronteras abiertas\u201d El llama por \u00bfasegurar la frontera\u201d y aprobar leyes que ofrezcan a los inmigrantes un camino hacia la ciudadan\u00eda (la reforma migratoria integral).<\/p>\n<p style=\"text-align: justify;\">Actualmente, en todo el mundo hay casi 70 millones de migrantes que buscan refugio para su supervivencia. Est\u00e1n huyendo de guerras, crisis econ\u00f3micas y desastres clim\u00e1ticos. Este es el resultado de la inevitable crisis de sobreproducci\u00f3n del capitalismo, las guerras imperialistas y el calentamiento global. La misma crisis econ\u00f3mica ha llevado a las masas en Francia a las calles a pelear contra el sistema de los ricos.<\/p>\n<p style=\"text-align: justify;\">Friedman pide expandir el ej\u00e9rcito y el Cuerpo de Paz para ayudar a \u201cestabilizar las peque\u00f1as granjas y la gobernanza en un mundo ca\u00f3tico\u201d. En la d\u00e9cada de 1960, el Cuerpo de Paz fue desenmascarado como un frente de la CIA. Por lo tanto realmente est\u00e1 hablando de una estrategia doble para la subyugaci\u00f3n imperialista: el ej\u00e9rcito y su Cuerpo de Paz \/ CIA.<\/p>\n<p style=\"text-align: justify;\">Cada vez m\u00e1s personas est\u00e1n a favor de un mundo sin fronteras y ponerle fin a las deportaciones. Muchos apoyan a los inmigrantes en la frontera. \u00a1Pero no deben contar con pol\u00edtiqueros capitalistas liberales.<\/p>\n<p style=\"text-align: justify;\">Las masas necesitan el entendimiento comunista de que la clase obrera es una familia humana global y no necesita fronteras ni leyes de inmigraci\u00f3n. Ellas necesitan ingresar al PCOI y movilizarse para una revoluci\u00f3n comunista para deshacerse de estos males.<\/p>\n<p style=\"text-align: justify;\">Los desastres capitalistas est\u00e1n causando que m\u00e1s personas busquen refugio desde la Segunda Guerra Mundial. La \u00fanica forma de ponerles fin es con la revoluci\u00f3n comunista. Las masas pueden movilizarse para un mundo comunista y lograrlo. Los refugiados deben y ser\u00e1n bienvenidos en todos los lugares que hayan sido liberados. Reemplazaremos las fronteras y las naciones con un mundo comunista y un Partido Comunista Obrero Internacional que movilice a las masas en todas partes para difundir la revoluci\u00f3n y la producci\u00f3n y distribuci\u00f3n para las necesidades. La solidaridad y el compartir en la frontera nos muestran el camino a seguir.<\/p>\n<h4><a href=\"http:\/\/icwpredflag.org\/wp\/wordpress\/wps\/volumen-9-numero-16\/\">Primera p\u00e1gina de esta edici\u00f3n<\/a><\/h4>\n","protected":false},"excerpt":{"rendered":"<p>Las Masas Comunistas Construir\u00e1n un Mundo Sin Fronteras Barcelona, Espa\u00f1a, 2017\u2014Exigiendo que el gobierno accepte m\u00e1s refugiados \u201cHay mucha simpat\u00eda y apoyo para los trabajadores inmigrantes y sus familias que llegaron en la caravana, tanto aqu\u00ed como en M\u00e9xico. Algunos de mis amigos est\u00e1n recolectando ropa para enviar a las personas acampadas en Tijuana\u201d, dijo &hellip; <a href=\"https:\/\/icwpredflag.org\/wp\/wordpress\/wps\/volumen-9-numero-16\/politicos-democratas-defienden-las-fronteras-de-los-patrones\/\" class=\"more-link\">Sigue leyendo <span class=\"screen-reader-text\">Pol\u00edticos Dem\u00f3cratas Defienden las Fronteras de los Patrones<\/span><\/a><\/p>\n","protected":false},"author":1,"featured_media":2018,"parent":3481,"menu_order":0,"comment_status":"closed","ping_status":"closed","template":"","meta":{"footnotes":""},"class_list":["post-3513","page","type-page","status-publish","has-post-thumbnail","hentry"],"_links":{"self":[{"href":"https:\/\/icwpredflag.org\/wp\/wordpress\/wps\/wp-json\/wp\/v2\/pages\/3513","targetHints":{"allow":["GET"]}}],"collection":[{"href":"https:\/\/icwpredflag.org\/wp\/wordpress\/wps\/wp-json\/wp\/v2\/pages"}],"about":[{"href":"https:\/\/icwpredflag.org\/wp\/wordpress\/wps\/wp-json\/wp\/v2\/types\/page"}],"author":[{"embeddable":true,"href":"https:\/\/icwpredflag.org\/wp\/wordpress\/wps\/wp-json\/wp\/v2\/users\/1"}],"replies":[{"embeddable":true,"href":"https:\/\/icwpredflag.org\/wp\/wordpress\/wps\/wp-json\/wp\/v2\/comments?post=3513"}],"version-history":[{"count":4,"href":"https:\/\/icwpredflag.org\/wp\/wordpress\/wps\/wp-json\/wp\/v2\/pages\/3513\/revisions"}],"predecessor-version":[{"id":3517,"href":"https:\/\/icwpredflag.org\/wp\/wordpress\/wps\/wp-json\/wp\/v2\/pages\/3513\/revisions\/3517"}],"up":[{"embeddable":true,"href":"https:\/\/icwpredflag.org\/wp\/wordpress\/wps\/wp-json\/wp\/v2\/pages\/3481"}],"wp:featuredmedia":[{"embeddable":true,"href":"https:\/\/icwpredflag.org\/wp\/wordpress\/wps\/wp-json\/wp\/v2\/media\/2018"}],"wp:attachment":[{"href":"https:\/\/icwpredflag.org\/wp\/wordpress\/wps\/wp-json\/wp\/v2\/media?parent=3513"}],"curies":[{"name":"wp","href":"https:\/\/api.w.org\/{rel}","templated":true}]}}