{"id":3588,"date":"2019-01-16T05:50:11","date_gmt":"2019-01-16T05:50:11","guid":{"rendered":"http:\/\/icwpredflag.org\/wp\/wordpress\/wps\/?page_id=3588"},"modified":"2019-01-16T05:54:03","modified_gmt":"2019-01-16T05:54:03","slug":"mecanicos-del-transporte-en-los-angeles-mta-construyendo-una-colectiva-comunista","status":"publish","type":"page","link":"https:\/\/icwpredflag.org\/wp\/wordpress\/wps\/volumen-9-numero-17\/mecanicos-del-transporte-en-los-angeles-mta-construyendo-una-colectiva-comunista\/","title":{"rendered":"Mec\u00e1nicos del Transporte en Los \u00c1ngeles (MTA): Construyendo Una Colectiva Comunista"},"content":{"rendered":"<p style=\"text-align: justify;\">LOS ANGELES, USA\u2014\u201cUna sirena anuncia las 12 del mediod\u00eda, y el taller de mec\u00e1nicos, de servicio y otros obreros y obreras de mantenimiento se dirigen a sus actividades de recreo, apenas media hora de descanso.<\/p>\n<p style=\"text-align: justify;\">Algunos lo usan para jugar basquetbol, otros domin\u00f3, y nuestro grupo se dirige a una reuni\u00f3n a discutir las ideas comunistas. Van llegando de uno a uno, pero falta uno, \u00bfD\u00f3nde est\u00e1 el camarada Horacio, dijo que ven\u00eda? Luego llega y se une al grupo de 6 obreros. (Autocr\u00edtica que no hay obreras).<\/p>\n<p style=\"text-align: justify;\">Casi todos los presentes son j\u00f3venes obreros, y pienso, \u201cque bello ser\u00e1 el d\u00eda en que estos camaradas en lugar de estar vistiendo el uniforme de mec\u00e1nicos est\u00e9n vistiendo el uniforme de la Guardia Roja.<\/p>\n<p style=\"text-align: justify;\">Comenzamos la reuni\u00f3n leyendo el art\u00edculo de mec\u00e1nicos de MTA en <strong><em>Bandera Roja<\/em><\/strong>, y es precisamente el obrero Sa\u00fal, quien es mencionado en el art\u00edculo, el encargado a empezar la lectura en voz alta para que luego otros lo terminen de leer. Pero a medida que va leyendo, se entusiasma y se ofrece a terminarlo de leer. Todos escuchamos atentamente.<\/p>\n<p style=\"text-align: justify;\">Al terminar de leer, coment\u00f3, \u201cEs cierto al principio estaba inseguro. Pero m\u00e1s y m\u00e1s me estoy dando cuenta que el comunismo es una buena soluci\u00f3n, porque miro y observo alrededor y veo problemas por doquier. Por ejemplo los obreros en Francia, la gente de Centro Am\u00e9rica (Caravana) y aqu\u00ed mismo la clase dominante nos tiene con la soga al cuello. Yo por ejemplo, hasta el d\u00eda de hoy no he podido proveer a mi familia de vivienda c\u00f3moda, el salario apenas alcanza para sobrevivir\u201d.<\/p>\n<p style=\"text-align: justify;\">Otro camarada intervino y dijo, \u201cY esto que tu supuestamente ganas un salario decente y si pensamos en los miles de obreros y obreras que trabajan por salarios de hambre\u201d.<\/p>\n<p style=\"text-align: justify;\">Los ejemplos se extendieron y todos ten\u00edamos una experiencia de miseria que contar. Familias que viven junto a otras familias para poder pagar la renta, otros hablaron de familias que viven en edificios destartalados. Trabajadores enfermos sin poder pagar las medicinas. Todo esto es parte de los muchos males del capitalismo.<\/p>\n<p style=\"text-align: justify;\">\u201cYo he vivido bajo esas condiciones. Por eso me he convencido que tenemos que organizar el Partido (PCOI), porque no me cabe duda que si nosotros no dirigimos la lucha, alguien m\u00e1s lo va a hace pero no para revoluci\u00f3n comunista que todos los trabajadores necesitamos, sino por otra cosa, como sucede en Francia, Honduras, o con los maestros aqu\u00ed con sus marchas\u201d, dijo Sa\u00fal.<\/p>\n<p style=\"text-align: justify;\">El camarada encargado de la reuni\u00f3n explic\u00f3 la importancia del PCOI como dirigente de las luchas obreras y en particular y especialmente de nuestra l\u00ednea comunista. El mencion\u00f3 el porque los obreros industriales son importantes en esta lucha. Su papel colectivo en la producci\u00f3n, donde se centra la explotaci\u00f3n capitalista, los hace clave. Cuando se vuelven comunistas, pueden dar liderato clave a las masas. Tambi\u00e9n recalc\u00f3 la importancia de hacer trabajo pol\u00edtico dentro del ej\u00e9rcito burgu\u00e9s. Tambi\u00e9n dijo que los estudiantes y maestros tambi\u00e9n son importantes, al igual que todos aquellos de nuestra clase que est\u00e9n dispuestos a luchar por el comunismo.<\/p>\n<p style=\"text-align: justify;\">El camarada Horacio tambi\u00e9n mencion\u00f3 la l\u00ednea multirracial del PCOI, el trabajo internacional y la necesidad urgente de m\u00e1s miembros del Partido. Dijo \u201cNo tenemos otra alternativa, tenemos que hacer de este Partido una gran fuerza pol\u00edtica\u201d.<\/p>\n<p style=\"text-align: justify;\">Sa\u00fal termin\u00f3 diciendo, \u201cMe gusta y quiero ser miembro de Partido para poder ganar a otros trabajadores al Partido. Necesito aprender m\u00e1s de la l\u00ednea pol\u00edtica porque existe mucha desinformaci\u00f3n y es importante poder explicar las ideas comunistas\u201d.<\/p>\n<p style=\"text-align: justify;\">Suena nuevamente la sirena, cada uno toma <strong><em>Bandera Roja <\/em><\/strong>y un folleto de <strong><em>Movilizar a las Masas para el Comunismo<\/em><\/strong> y regresa a su lugar de trabajo.<\/p>\n<p style=\"text-align: justify;\">A veces, subestimamos el potencial de los compa\u00f1eros de trabajo cuando plantean muchos desacuerdos, pero luego descubrimos que hab\u00edan estado pensando acerca de estas ideas todo el tiempo y que est\u00e1n mucho m\u00e1s cerca del Partido de lo que pensamos.<\/p>\n<h4><a href=\"http:\/\/icwpredflag.org\/wp\/wordpress\/wps\/volumen-9-numero-17\/\">Primera p\u00e1gina de esta edici\u00f3n<\/a><\/h4>\n","protected":false},"excerpt":{"rendered":"<p>LOS ANGELES, USA\u2014\u201cUna sirena anuncia las 12 del mediod\u00eda, y el taller de mec\u00e1nicos, de servicio y otros obreros y obreras de mantenimiento se dirigen a sus actividades de recreo, apenas media hora de descanso. Algunos lo usan para jugar basquetbol, otros domin\u00f3, y nuestro grupo se dirige a una reuni\u00f3n a discutir las ideas &hellip; <a href=\"https:\/\/icwpredflag.org\/wp\/wordpress\/wps\/volumen-9-numero-17\/mecanicos-del-transporte-en-los-angeles-mta-construyendo-una-colectiva-comunista\/\" class=\"more-link\">Sigue leyendo <span class=\"screen-reader-text\">Mec\u00e1nicos del Transporte en Los \u00c1ngeles (MTA): Construyendo Una Colectiva Comunista<\/span><\/a><\/p>\n","protected":false},"author":1,"featured_media":2018,"parent":3551,"menu_order":0,"comment_status":"closed","ping_status":"closed","template":"","meta":{"footnotes":""},"class_list":["post-3588","page","type-page","status-publish","has-post-thumbnail","hentry"],"_links":{"self":[{"href":"https:\/\/icwpredflag.org\/wp\/wordpress\/wps\/wp-json\/wp\/v2\/pages\/3588","targetHints":{"allow":["GET"]}}],"collection":[{"href":"https:\/\/icwpredflag.org\/wp\/wordpress\/wps\/wp-json\/wp\/v2\/pages"}],"about":[{"href":"https:\/\/icwpredflag.org\/wp\/wordpress\/wps\/wp-json\/wp\/v2\/types\/page"}],"author":[{"embeddable":true,"href":"https:\/\/icwpredflag.org\/wp\/wordpress\/wps\/wp-json\/wp\/v2\/users\/1"}],"replies":[{"embeddable":true,"href":"https:\/\/icwpredflag.org\/wp\/wordpress\/wps\/wp-json\/wp\/v2\/comments?post=3588"}],"version-history":[{"count":3,"href":"https:\/\/icwpredflag.org\/wp\/wordpress\/wps\/wp-json\/wp\/v2\/pages\/3588\/revisions"}],"predecessor-version":[{"id":3591,"href":"https:\/\/icwpredflag.org\/wp\/wordpress\/wps\/wp-json\/wp\/v2\/pages\/3588\/revisions\/3591"}],"up":[{"embeddable":true,"href":"https:\/\/icwpredflag.org\/wp\/wordpress\/wps\/wp-json\/wp\/v2\/pages\/3551"}],"wp:featuredmedia":[{"embeddable":true,"href":"https:\/\/icwpredflag.org\/wp\/wordpress\/wps\/wp-json\/wp\/v2\/media\/2018"}],"wp:attachment":[{"href":"https:\/\/icwpredflag.org\/wp\/wordpress\/wps\/wp-json\/wp\/v2\/media?parent=3588"}],"curies":[{"name":"wp","href":"https:\/\/api.w.org\/{rel}","templated":true}]}}