{"id":3700,"date":"2019-02-09T03:14:58","date_gmt":"2019-02-09T03:14:58","guid":{"rendered":"http:\/\/icwpredflag.org\/wp\/wordpress\/wps\/?page_id=3700"},"modified":"2019-02-09T17:42:48","modified_gmt":"2019-02-09T17:42:48","slug":"el-hombre-arana-la-propaganda-patriotica-de-hollywood","status":"publish","type":"page","link":"https:\/\/icwpredflag.org\/wp\/wordpress\/wps\/volumen-10-numero-1\/el-hombre-arana-la-propaganda-patriotica-de-hollywood\/","title":{"rendered":"El Hombre Ara\u00f1a: La Propaganda Patriotica de Hollywood"},"content":{"rendered":"<p style=\"text-align: justify;\">La nueva pel\u00edcula Spider-Man: Un Nuevo Universo, supuestamente la mejor pel\u00edcula de dibujos animados jam\u00e1s de ese g\u00e9nero, no est\u00e1 muy lejana de las historietas originales del pasado.<\/p>\n<p style=\"text-align: justify;\">La ola actual de producci\u00f3n de pel\u00edculas de superh\u00e9roes es muy similar al periodo cuando se inici\u00f3 la producci\u00f3n de historietas de superh\u00e9roes.<\/p>\n<p style=\"text-align: justify;\">Los amos capitalistas estadounidenses a fines de la Gran Depresi\u00f3n e inicios de la 2\u00aa Guerra Mundial ten\u00edan una gran necesidad de promover un patriotismo f\u00e9rreo para defender el estatus quo y poder salvar su imperio. Por eso el gobierno promovi\u00f3 la creaci\u00f3n de superh\u00e9roes en historietas. Superman apareci\u00f3 por primera vez en 1938, Batman en 1939 y Captain America en 1941.<\/p>\n<p style=\"text-align: justify;\">Eligieron las historietas porque la mitad de todos los enlistados en las fuerzas armadas, al igual que millones de civiles, eran lectores habituales de estas.<\/p>\n<p style=\"text-align: justify;\">Dos d\u00edas despu\u00e9s de Pearl Harbor, en diciembre de 1941, el gobierno estableci\u00f3 La Junta de Guerra de Escritores (JGE). Esta organizaci\u00f3n civil se form\u00f3 a petici\u00f3n de John Street, jefe del personal de redacci\u00f3n del Departamento del Tesoro.<\/p>\n<p style=\"text-align: justify;\">En apariencias, la JGE era una organizaci\u00f3n independiente compuesta por voluntarios comprometidos con la creaci\u00f3n de una cultura antifascista y pro-estadounidense. En realidad, la JGE recib\u00eda fondos y directrices de una agencia federal llamada Oficina de Informaci\u00f3n de Guerra (OIG). La OIG le permiti\u00f3 al gobierno crear propaganda no oficial para el consumo por parte de civiles y militares.<\/p>\n<p style=\"text-align: justify;\">Dentro de la Junta de Guerra de Escritores (JGE) hab\u00eda un Comit\u00e9 de Historietas que cre\u00f3 personajes de historietas e ideas de historias que luego fueron dadas a los editores que cooperaban. Los escritores y artistas crear\u00edan obras de arte e lenguaje en torno a las ideas enviadas por el Comit\u00e9 de Historietas y luego los enviar\u00edan como borradores a la JGE para su revisi\u00f3n. Con frecuencia, la JGE devolv\u00eda estos borradores con solicitudes muy espec\u00edficas para m\u00e1s im\u00e1genes y narrativas anti-japonesas, anti-alemanas y pro-estadounidenses.<\/p>\n<p style=\"text-align: justify;\">\u00bfQu\u00e9 tiene esto de ver con la nueva Spider-Man: Un Nuevo Universo?<\/p>\n<p style=\"text-align: justify;\">El protagonista principal es un adolescente afro-latino Miles Morales de 14 a\u00f1os de edad y un alumno en un internado \u00e9lite de la ciudad de Nueva York.<\/p>\n<p style=\"text-align: justify;\">Es hijo de un polic\u00eda afro estadounidense y una madre afrolatina que habla espa\u00f1ol. El t\u00edo, hermano del papa, es un rebelde y artista de grafiti. Contra los deseos del padre, Miles se cita con \u00e9l a escondidas del padre. Es como un mentor de Miles. Despu\u00e9s nos damos cuenta de que su t\u00edo forma parte de la pandilla de los villanos dirigido por Kingpin.<\/p>\n<p style=\"text-align: justify;\">Miles es mordido por una ara\u00f1a radioactiva y se convierte en el Hombre Ara\u00f1a de su realidad. Despu\u00e9s, se encuentra con cinco personajes ar\u00e1cnidos de otras dimensiones que unen sus esfuerzos para defender la ciudad y las otras realidades de donde provienen. Ellos incluyen a Peter Parker (el Spiderman original), una adolescente blanca sudafricana Gwen Stacy, una chica de estilo anime, un cerdo de dibujos animados y otro de la d\u00e9cada de 1930 en blanco y negro, Spider-Man Noir. Al unir sus esfuerzos y al derrotar a Kingpin y su pandilla podr\u00edan regresar a sus propios universos y salvarlos de la destrucci\u00f3n.<\/p>\n<p style=\"text-align: justify;\">As\u00ed como los amos capitalistas se apoyaron en el pasado en las historietas originales para promover propaganda que defienda el estatus quo del sistema, ahora se apoyan en este tipo de pel\u00edculas. No estamos viviendo tiempos tan distintos a los de la Gran Depresi\u00f3n y la 2\u00aa Guerra mundial. Hoy en d\u00eda vivimos dentro de una crisis general del capitalismo y de m\u00e1s guerras que pronto nos llevaran a 3\u00aa Guerra Mundial. El padre como polic\u00eda, la agrupaci\u00f3n multicultural, multilinguistica e internacional de diferentes \u201cGente Ara\u00f1a\u201d es un intento de ganar a la poblaci\u00f3n a un imperialismo multicultural &#8211; para defender un sistema basado en la explotaci\u00f3n y la desigualdad.<\/p>\n<h4><a href=\"http:\/\/icwpredflag.org\/wp\/wordpress\/wps\/volumen-10-numero-1\/\">Primera p\u00e1gina de esta edici\u00f3n<\/a><\/h4>\n","protected":false},"excerpt":{"rendered":"<p>La nueva pel\u00edcula Spider-Man: Un Nuevo Universo, supuestamente la mejor pel\u00edcula de dibujos animados jam\u00e1s de ese g\u00e9nero, no est\u00e1 muy lejana de las historietas originales del pasado. La ola actual de producci\u00f3n de pel\u00edculas de superh\u00e9roes es muy similar al periodo cuando se inici\u00f3 la producci\u00f3n de historietas de superh\u00e9roes. Los amos capitalistas estadounidenses &hellip; <a href=\"https:\/\/icwpredflag.org\/wp\/wordpress\/wps\/volumen-10-numero-1\/el-hombre-arana-la-propaganda-patriotica-de-hollywood\/\" class=\"more-link\">Sigue leyendo <span class=\"screen-reader-text\">El Hombre Ara\u00f1a: La Propaganda Patriotica de Hollywood<\/span><\/a><\/p>\n","protected":false},"author":1,"featured_media":3638,"parent":3636,"menu_order":0,"comment_status":"closed","ping_status":"closed","template":"","meta":{"footnotes":""},"class_list":["post-3700","page","type-page","status-publish","has-post-thumbnail","hentry"],"_links":{"self":[{"href":"https:\/\/icwpredflag.org\/wp\/wordpress\/wps\/wp-json\/wp\/v2\/pages\/3700","targetHints":{"allow":["GET"]}}],"collection":[{"href":"https:\/\/icwpredflag.org\/wp\/wordpress\/wps\/wp-json\/wp\/v2\/pages"}],"about":[{"href":"https:\/\/icwpredflag.org\/wp\/wordpress\/wps\/wp-json\/wp\/v2\/types\/page"}],"author":[{"embeddable":true,"href":"https:\/\/icwpredflag.org\/wp\/wordpress\/wps\/wp-json\/wp\/v2\/users\/1"}],"replies":[{"embeddable":true,"href":"https:\/\/icwpredflag.org\/wp\/wordpress\/wps\/wp-json\/wp\/v2\/comments?post=3700"}],"version-history":[{"count":4,"href":"https:\/\/icwpredflag.org\/wp\/wordpress\/wps\/wp-json\/wp\/v2\/pages\/3700\/revisions"}],"predecessor-version":[{"id":3721,"href":"https:\/\/icwpredflag.org\/wp\/wordpress\/wps\/wp-json\/wp\/v2\/pages\/3700\/revisions\/3721"}],"up":[{"embeddable":true,"href":"https:\/\/icwpredflag.org\/wp\/wordpress\/wps\/wp-json\/wp\/v2\/pages\/3636"}],"wp:featuredmedia":[{"embeddable":true,"href":"https:\/\/icwpredflag.org\/wp\/wordpress\/wps\/wp-json\/wp\/v2\/media\/3638"}],"wp:attachment":[{"href":"https:\/\/icwpredflag.org\/wp\/wordpress\/wps\/wp-json\/wp\/v2\/media?parent=3700"}],"curies":[{"name":"wp","href":"https:\/\/api.w.org\/{rel}","templated":true}]}}