{"id":3704,"date":"2019-02-09T03:19:33","date_gmt":"2019-02-09T03:19:33","guid":{"rendered":"http:\/\/icwpredflag.org\/wp\/wordpress\/wps\/?page_id=3704"},"modified":"2019-04-25T15:57:48","modified_gmt":"2019-04-25T15:57:48","slug":"crisis-venezolana","status":"publish","type":"page","link":"https:\/\/icwpredflag.org\/wp\/wordpress\/wps\/volumen-10-numero-1\/crisis-venezolana\/","title":{"rendered":"Crisis Venezolana"},"content":{"rendered":"<h3 style=\"text-align: center;\"><span style=\"color: #ff0000;\"><strong>No Tomes Partido por Ning\u00fan Capitalista \u2014 Obreros y Soldados Necesitan el Comunismo<\/strong><\/span><\/h3>\n<p style=\"text-align: justify;\">Venezuela vive sus d\u00edas m\u00e1s tensos desde las jornadas de protesta del 2017. La oposici\u00f3n en un acto provocativo declar\u00f3 a Juan Guaid\u00f3, presidente de la Asamblea Nacional (declarada en desacato), como \u201cPresidente Encargado\u201d del pa\u00eds.<\/p>\n<p style=\"text-align: justify;\">Las fallas del socialismo del siglo XXI quedan en evidencia y la necesidad de movilizar a las masas para el Comunismo es cada vez m\u00e1s urgente.<\/p>\n<p style=\"text-align: justify;\">La oposici\u00f3n argumenta que las elecciones presidenciales del 2018 que dieron como ganador a Maduro, son ilegitimas por ser supuestamente fraudulentas. Por esta raz\u00f3n, al finalizar el mandato 2013-2019, la oposici\u00f3n realiza esta maniobra y presiona a Maduro a dejar el cargo y llamar a elecciones<\/p>\n<p style=\"text-align: justify;\">El conflicto venezolano ha reafirmado las piezas en el juego de ajedrez de la rivalidad interimperialista. Mike Pence, vicepresidente de los Estados Unidos, fue el primero en reconocer a Juan Guaid\u00f3 como \u201cpresidente encargado\u201d de Venezuela, luego Canad\u00e1, Colombia, Chile, Costa Rica y otros pa\u00edses alineados a los intereses estadounidenses hicieron lo mismo.<\/p>\n<p style=\"text-align: justify;\">Mientras que China, Rusia, Bolivia y sus pa\u00edses aliados siguen reconociendo a Maduro como presidente de Venezuela. En apariencia, estos no han movido un dedo para evitar las maniobras de intervenci\u00f3n. Parece ser que la posibilidad de un enfrentamiento directo entre potencias no es viable pero si lo es un enfrentamiento local entre los grupos armados de la oposici\u00f3n (financiados y preparados por EE.UU.)<\/p>\n<p style=\"text-align: justify;\">Si bien es cierto que la intervenci\u00f3n de EE.UU. ha agravado la crisis, no podemos reducir nuestro an\u00e1lisis a esto nada m\u00e1s al igual que el resto de los izquierdistas de \u201clo posible\u201d. La experiencia venezolana muestra una vez m\u00e1s que el mantener el dinero, el mercado, las relaciones sociales de producci\u00f3n intactas lleva inevitablemente a la crisis.<\/p>\n<p style=\"text-align: justify;\">La era Chavez obtuvo un gran \u00e9xito macroecon\u00f3mico, pol\u00edtico y social no por las opciones pol\u00edticas de su gobierno. Chavez alcanz\u00f3 el \u00e9xito pol\u00edtico porque su gobierno pudo canalizar distribucionalmente la segunda gran subida del precio del crudo de nuestra historia. Una salvaje inflaci\u00f3n petrolera impulsada por elementos externos a Venezuela que financi\u00f3 salarios m\u00ednimos en r\u00e1pido crecimiento, soluciones habitacionales en masa y coberturas educativas, m\u00e9dicas y nutricionales de amplio espectro.<\/p>\n<p style=\"text-align: justify;\">Chavez le hered\u00f3 una bomba de tiempo a Maduro. Lo inevitable ocurri\u00f3. El precio del petr\u00f3leo se desplom\u00f3 en 2014 y el pa\u00eds ha entrado en una crisis de la que no encuentra salida.<\/p>\n<p style=\"text-align: justify;\">Aprender de este proceso significa entender que la revoluci\u00f3n comunista no puede depender de la capacidad de compra y venta de los recursos que est\u00e9n bajo el control del Partido, ni ver a las masas como simples beneficiaras de las reformas.<\/p>\n<p style=\"text-align: justify;\">Las masas (no solo un partido de dirigentes o iluminados), ganadas a las ideas comunistas y organizadas en el Partido, deben ser el motor principal de los cambios necesarios para una nueva forma de vivir.<\/p>\n<p style=\"text-align: justify;\">Eliminar de inmediato el dinero y la producci\u00f3n para la ganancias desatara el ingenio de las masas para la soluci\u00f3n de los problemas inmediatos (alimentaci\u00f3n, agua, techo, seguridad).<\/p>\n<p style=\"text-align: justify;\">Lucharemos por la soberan\u00eda alimentaria, industria para las necesidades, educaci\u00f3n comunista, campa\u00f1as masivas para erradicar problemas sanitarios, para las zonas controladas por el Partido. El \u00e9xito de estas metas ser\u00e1 la participaci\u00f3n de las masas y la capacidad organizativa del Partido.<\/p>\n<p style=\"text-align: justify;\">El desenlace de la crisis pasa por el posicionamiento de los oficiales pero tambi\u00e9n de los mandos medios y soldados de base del ej\u00e9rcito bolivariano.<\/p>\n<p style=\"text-align: justify;\">Los oficiales del ej\u00e9rcito venezolano se mantienen fieles al gobierno oficial, a pesar de la presi\u00f3n y el ofrecimiento de amnist\u00eda de parte de la oposici\u00f3n.<\/p>\n<p style=\"text-align: justify;\">El PCOI moviliza para el Comunismo en Sud\u00e1frica, El Salvador, M\u00e9xico, Espa\u00f1a, India, Honduras, Canad\u00e1, y Estados Unidos pero no en Venezuela.<\/p>\n<p style=\"text-align: justify;\">La crisis venezolana deja clara la necesidad de un partido comunista con independencia de clase con una meta fija: el comunismo y nada menos.<\/p>\n<p style=\"text-align: justify;\">Por ahora, pedimos a nuestros lectores discutir este art\u00edculo y el resto de <strong><em>Bandera Roja<\/em><\/strong>, hacer el esfuerzo de que las ideas del PCOI lleguen a nuestros compa\u00f1eros de clase que se encuentre afuera o dentro de Venezuela.<\/p>\n<p style=\"text-align: justify;\">Una base comunista entre los soldados y trabajadores venezolanos podr\u00edan llamar a las masas a no defender y morir por alguna de las dos facciones de la burgues\u00eda y convertir la crisis en una revoluci\u00f3n comunista. Pero no existe tal base, hay mucho trabajo por hacer.<\/p>\n<h4><a href=\"http:\/\/icwpredflag.org\/wp\/wordpress\/wps\/volumen-10-numero-1\/\">Primera p\u00e1gina de esta edici\u00f3n<\/a><\/h4>\n","protected":false},"excerpt":{"rendered":"<p>No Tomes Partido por Ning\u00fan Capitalista \u2014 Obreros y Soldados Necesitan el Comunismo Venezuela vive sus d\u00edas m\u00e1s tensos desde las jornadas de protesta del 2017. La oposici\u00f3n en un acto provocativo declar\u00f3 a Juan Guaid\u00f3, presidente de la Asamblea Nacional (declarada en desacato), como \u201cPresidente Encargado\u201d del pa\u00eds. Las fallas del socialismo del siglo &hellip; <a href=\"https:\/\/icwpredflag.org\/wp\/wordpress\/wps\/volumen-10-numero-1\/crisis-venezolana\/\" class=\"more-link\">Sigue leyendo <span class=\"screen-reader-text\">Crisis Venezolana<\/span><\/a><\/p>\n","protected":false},"author":1,"featured_media":3638,"parent":3636,"menu_order":0,"comment_status":"closed","ping_status":"closed","template":"","meta":{"footnotes":""},"class_list":["post-3704","page","type-page","status-publish","has-post-thumbnail","hentry"],"_links":{"self":[{"href":"https:\/\/icwpredflag.org\/wp\/wordpress\/wps\/wp-json\/wp\/v2\/pages\/3704","targetHints":{"allow":["GET"]}}],"collection":[{"href":"https:\/\/icwpredflag.org\/wp\/wordpress\/wps\/wp-json\/wp\/v2\/pages"}],"about":[{"href":"https:\/\/icwpredflag.org\/wp\/wordpress\/wps\/wp-json\/wp\/v2\/types\/page"}],"author":[{"embeddable":true,"href":"https:\/\/icwpredflag.org\/wp\/wordpress\/wps\/wp-json\/wp\/v2\/users\/1"}],"replies":[{"embeddable":true,"href":"https:\/\/icwpredflag.org\/wp\/wordpress\/wps\/wp-json\/wp\/v2\/comments?post=3704"}],"version-history":[{"count":4,"href":"https:\/\/icwpredflag.org\/wp\/wordpress\/wps\/wp-json\/wp\/v2\/pages\/3704\/revisions"}],"predecessor-version":[{"id":3969,"href":"https:\/\/icwpredflag.org\/wp\/wordpress\/wps\/wp-json\/wp\/v2\/pages\/3704\/revisions\/3969"}],"up":[{"embeddable":true,"href":"https:\/\/icwpredflag.org\/wp\/wordpress\/wps\/wp-json\/wp\/v2\/pages\/3636"}],"wp:featuredmedia":[{"embeddable":true,"href":"https:\/\/icwpredflag.org\/wp\/wordpress\/wps\/wp-json\/wp\/v2\/media\/3638"}],"wp:attachment":[{"href":"https:\/\/icwpredflag.org\/wp\/wordpress\/wps\/wp-json\/wp\/v2\/media?parent=3704"}],"curies":[{"name":"wp","href":"https:\/\/api.w.org\/{rel}","templated":true}]}}