{"id":3752,"date":"2019-03-02T22:24:28","date_gmt":"2019-03-02T22:24:28","guid":{"rendered":"http:\/\/icwpredflag.org\/wp\/wordpress\/wps\/?page_id=3752"},"modified":"2019-03-02T22:28:12","modified_gmt":"2019-03-02T22:28:12","slug":"el-pcoi-en-la-india-organiza-para-el-comunismo","status":"publish","type":"page","link":"https:\/\/icwpredflag.org\/wp\/wordpress\/wps\/volumen-10-numero-2\/el-pcoi-en-la-india-organiza-para-el-comunismo\/","title":{"rendered":"El PCOI en la India Organiza para el Comunismo"},"content":{"rendered":"<p style=\"text-align: justify;\">INDIA &#8211; Un peque\u00f1o grupo de miembros y amigos del Partido Comunista Obrero Internacional (PCOI) se reuni\u00f3 aqu\u00ed recientemente para denunciar los violentos ataques xen\u00f3fobos.<\/p>\n<p style=\"text-align: justify;\">Estos ataques fueron organizados por el fascista partido gobernante (BJP) y su milicia contra personas de Cachemira. Este es un Estado en el norte de la India que limita con Pakist\u00e1n y China.<\/p>\n<p style=\"text-align: justify;\">Difundimos urgentemente la necesidad de una revoluci\u00f3n comunista en respuesta a la crisis capitalista que est\u00e1 causando el ultra racismo y xenofobia en todo el mundo.<\/p>\n<p style=\"text-align: justify;\">A principios de semana, un grupo terrorista atac\u00f3 al ej\u00e9rcito indio en Cachemira y mat\u00f3 a m\u00e1s de 60 soldados. Esto ocurri\u00f3 a menos de 200 Km. (120 mi) de Pakist\u00e1n.<\/p>\n<p style=\"text-align: justify;\">Los capitalistas chinos est\u00e1n construyendo el Corredor Econ\u00f3mico China-Pakist\u00e1n (CECP) por $ 46 mil millones. Esto conectar\u00e1 a China con Oriente Medio Oriente por una ruta terrestre. Evadir\u00e1 la disputada v\u00eda mar\u00edtima del sur de China. Los capitalistas indios ven este desarrollo como una amenaza econ\u00f3mica. Esperan cada vez m\u00e1s que los imperialistas estadounidenses restrinjan la alianza China-Pakist\u00e1n.<\/p>\n<p style=\"text-align: justify;\">Los intentos de los patrones estadounidenses de aislar a Ir\u00e1n del mercado petrolero tambi\u00e9n ha creado la posibilidad de guerra. Ir\u00e1n y Arabia Saudita est\u00e1n luchando por la dominaci\u00f3n de la regi\u00f3n. El viaje del Pr\u00edncipe de Arabia Saudita a Pakist\u00e1n e India tuvo que posponerse debido al ataque terrorista en Cachemira.<\/p>\n<p style=\"text-align: justify;\">La clase obrera en India, Pakist\u00e1n y en todas partes del mundo no tiene nada que ganar de las maniobras de los imperialistas de capturar mercados. Tarde o temprano, esta rivalidad entre los imperialistas llevar\u00e1 a la guerra mundial.<\/p>\n<p style=\"text-align: justify;\">Nuestro peque\u00f1o Partido en la India ha intentado contactar a compa\u00f1eros en Pakist\u00e1n, Afganist\u00e1n, Nepal y Bangladesh con <strong><em>Bandera Roja<\/em><\/strong>.<\/p>\n<p style=\"text-align: justify;\">Nuestro mensaje de un mundo comunista sin fronteras es recibido calurosamente por muchos que son v\u00edctimas de las fronteras que est\u00e1n matando a la clase obrera. Es nuestro mayor deseo aprovechar esta oportunidad para difundir las ideas comunistas y construir el PCOI. Esta es la \u00fanica alternativa a las guerras sin fin y el terror con fines de lucro.<\/p>\n<p style=\"text-align: justify;\">Tenemos la plena certeza que nuestro peque\u00f1o Partido representa los sue\u00f1os y aspiraciones de la clase obrera internacional. Tenemos el potencial para crecer y construir un Partido masivo que acabar\u00e1 para siempre con el gobierno del sistema capitalista de ganancias.<\/p>\n<h4><a href=\"http:\/\/icwpredflag.org\/wp\/wordpress\/wps\/volumen-10-numero-2\/\">Primera p\u00e1gina de esta edici\u00f3n<\/a><\/h4>\n","protected":false},"excerpt":{"rendered":"<p>INDIA &#8211; Un peque\u00f1o grupo de miembros y amigos del Partido Comunista Obrero Internacional (PCOI) se reuni\u00f3 aqu\u00ed recientemente para denunciar los violentos ataques xen\u00f3fobos. Estos ataques fueron organizados por el fascista partido gobernante (BJP) y su milicia contra personas de Cachemira. Este es un Estado en el norte de la India que limita con &hellip; <a href=\"https:\/\/icwpredflag.org\/wp\/wordpress\/wps\/volumen-10-numero-2\/el-pcoi-en-la-india-organiza-para-el-comunismo\/\" class=\"more-link\">Sigue leyendo <span class=\"screen-reader-text\">El PCOI en la India Organiza para el Comunismo<\/span><\/a><\/p>\n","protected":false},"author":1,"featured_media":3638,"parent":3743,"menu_order":0,"comment_status":"closed","ping_status":"closed","template":"","meta":{"footnotes":""},"class_list":["post-3752","page","type-page","status-publish","has-post-thumbnail","hentry"],"_links":{"self":[{"href":"https:\/\/icwpredflag.org\/wp\/wordpress\/wps\/wp-json\/wp\/v2\/pages\/3752","targetHints":{"allow":["GET"]}}],"collection":[{"href":"https:\/\/icwpredflag.org\/wp\/wordpress\/wps\/wp-json\/wp\/v2\/pages"}],"about":[{"href":"https:\/\/icwpredflag.org\/wp\/wordpress\/wps\/wp-json\/wp\/v2\/types\/page"}],"author":[{"embeddable":true,"href":"https:\/\/icwpredflag.org\/wp\/wordpress\/wps\/wp-json\/wp\/v2\/users\/1"}],"replies":[{"embeddable":true,"href":"https:\/\/icwpredflag.org\/wp\/wordpress\/wps\/wp-json\/wp\/v2\/comments?post=3752"}],"version-history":[{"count":1,"href":"https:\/\/icwpredflag.org\/wp\/wordpress\/wps\/wp-json\/wp\/v2\/pages\/3752\/revisions"}],"predecessor-version":[{"id":3753,"href":"https:\/\/icwpredflag.org\/wp\/wordpress\/wps\/wp-json\/wp\/v2\/pages\/3752\/revisions\/3753"}],"up":[{"embeddable":true,"href":"https:\/\/icwpredflag.org\/wp\/wordpress\/wps\/wp-json\/wp\/v2\/pages\/3743"}],"wp:featuredmedia":[{"embeddable":true,"href":"https:\/\/icwpredflag.org\/wp\/wordpress\/wps\/wp-json\/wp\/v2\/media\/3638"}],"wp:attachment":[{"href":"https:\/\/icwpredflag.org\/wp\/wordpress\/wps\/wp-json\/wp\/v2\/media?parent=3752"}],"curies":[{"name":"wp","href":"https:\/\/api.w.org\/{rel}","templated":true}]}}