{"id":3775,"date":"2019-03-03T05:15:32","date_gmt":"2019-03-03T05:15:32","guid":{"rendered":"http:\/\/icwpredflag.org\/wp\/wordpress\/wps\/?page_id=3775"},"modified":"2019-03-03T05:23:59","modified_gmt":"2019-03-03T05:23:59","slug":"nueva-caravana-de-migrantes-varada-en-panama","status":"publish","type":"page","link":"https:\/\/icwpredflag.org\/wp\/wordpress\/wps\/volumen-10-numero-2\/nueva-caravana-de-migrantes-varada-en-panama\/","title":{"rendered":"Nueva Caravana de migrantes Varada en Panam\u00e1"},"content":{"rendered":"<p style=\"text-align: justify;\">20 de Febrero\u2014En la frontera entre Colombia y Panam\u00e1 se encuentra una nueva caravana de migrantes, compuesta por 600 cubanos, 120 haitianos y algunos de \u00c1frica, en ruta hacia los Estados Unidos. Una vez m\u00e1s el capitalismo muestra su creciente crisis que afecta a nuestros hermanos y hermanas de clase.<\/p>\n<p style=\"text-align: justify;\">En Cuba, Hait\u00ed y muchos otros pa\u00edses del mundo hay un alto desempleo, y millares de j\u00f3venes no encuentran motivaci\u00f3n en los empleos mal pagados que ofrecen los gobiernos y patrones en las \u00e1reas agropecuarias e industriales. Por lo tanto al igual que otros en Europa, \u00c1frica, Asia, Am\u00e9rica buscan un lugar donde sobrevivir.<\/p>\n<p style=\"text-align: justify;\">Al grito de \u201cQueremos pasar\u201d, mujeres embarazadas, ni\u00f1os, hombres j\u00f3venes y de avanzada edad, piden se les permita pasar la frontera paname\u00f1a y continuar su viaje al norte.<\/p>\n<p style=\"text-align: justify;\">Muchos emprenden su dura traves\u00eda pasando por territorios colombianos ocupados por narcotraficantes y contrabandistas, quienes antes eran parte de un grupo paramilitar financiado por la compa\u00f1\u00eda de EEUU Chiquita Brands. Esta traves\u00eda, con hambre, sed, enfermedades, por monta\u00f1as y veredas pone sus vidas en peligro, pero sus ilusiones de una mejor vida no impiden que esto los detenga.<\/p>\n<p style=\"text-align: justify;\">El gobierno del ex-presidente Obama en el 2017 elimin\u00f3 la ley de \u201cpies mojados, pies secos\u201d, la cual permit\u00eda ser admitidos como refugiados a los que llegaban de Cuba por mar a EE.UU. Ahora muchos han tenido que viajar a Sur Am\u00e9rica y Guyana, y de ah\u00ed tratar de viajar a EE.UU. Esta caravana sigue el modelo de las caravanas centroamericanas.<\/p>\n<p style=\"text-align: justify;\">Aunque el gobierno de Panam\u00e1 parezca muy humanitario con el env\u00edo de alimentos y otras ayudas, lo cierto es que no permitir\u00e1 f\u00e1cilmente el paso de estos migrantes, por su dependencia de negocios con el gobierno de Trump. El racismo y patriotismo del gobierno paname\u00f1o ha sido un ataque m\u00e1s a estos trabajadores.<\/p>\n<p style=\"text-align: justify;\">En el comunismo no habr\u00e1 fronteras impuestas por gobiernos que protegen las ganancias patronales dentro de ese territorio. Mucho menos empleadores (patrones) y empleados (trabajadores asalariados) porque el Partido Comunista Obrero Internacional (PCOI) junto a las masas no permitir\u00e1n ninguna forma de explotaci\u00f3n.<\/p>\n<p style=\"text-align: justify;\">Los trabajadores organizados en el PCOI nos aseguraremos que no haya opresores de otros trabajadores. Por un mundo sin fronteras, ni esclavitud asalariada, participa con el PCOI<\/p>\n<p style=\"text-align: justify;\">Inmigrante Comunista en EE.UU.<\/p>\n<p><img loading=\"lazy\" decoding=\"async\" class=\"wp-image-3733 aligncenter\" src=\"http:\/\/icwpredflag.org\/wp\/wordpress\/wps\/wp-content\/uploads\/sites\/2\/2019\/02\/elpaso-300x221.jpg\" alt=\"\" width=\"686\" height=\"505\" srcset=\"https:\/\/icwpredflag.org\/wp\/wordpress\/wps\/wp-content\/uploads\/sites\/2\/2019\/02\/elpaso-300x221.jpg 300w, https:\/\/icwpredflag.org\/wp\/wordpress\/wps\/wp-content\/uploads\/sites\/2\/2019\/02\/elpaso.jpg 457w\" sizes=\"auto, (max-width: 686px) 100vw, 686px\" \/><\/p>\n<p style=\"text-align: justify;\"><strong>EL PASO (EE. UU.), 6 de febrero<\/strong>: Una manifestaci\u00f3n y mitin de diez mil personas organizados por grupos que han estado ayudando a los inmigrantes durante a\u00f1os. El politiquero Beto O\u2019Rourke del Partido Dem\u00f3crata se rob\u00f3 el show. Traicion\u00f3 a los manifestantes cuando justific\u00f3 la inmigraci\u00f3n como una manera de llenar las filas de las fuerzas armadas imperialistas de Estados Unidos. Soldados y trabajadores, nativos e inmigrantes, debemos unirnos para acabar con el imperialismo mediante la revoluci\u00f3n comunista.<\/p>\n<p><img loading=\"lazy\" decoding=\"async\" class=\"wp-image-3779 aligncenter\" src=\"http:\/\/icwpredflag.org\/wp\/wordpress\/wps\/wp-content\/uploads\/sites\/2\/2019\/03\/FollettoToCome-300x119.jpg\" alt=\"\" width=\"688\" height=\"273\" srcset=\"https:\/\/icwpredflag.org\/wp\/wordpress\/wps\/wp-content\/uploads\/sites\/2\/2019\/03\/FollettoToCome-300x119.jpg 300w, https:\/\/icwpredflag.org\/wp\/wordpress\/wps\/wp-content\/uploads\/sites\/2\/2019\/03\/FollettoToCome-1024x405.jpg 1024w, https:\/\/icwpredflag.org\/wp\/wordpress\/wps\/wp-content\/uploads\/sites\/2\/2019\/03\/FollettoToCome.jpg 1936w\" sizes=\"auto, (max-width: 688px) 100vw, 688px\" \/><\/p>\n<h4><a href=\"http:\/\/icwpredflag.org\/wp\/wordpress\/wps\/volumen-10-numero-2\/\">Primera p\u00e1gina de esta edici\u00f3n<\/a><\/h4>\n","protected":false},"excerpt":{"rendered":"<p>20 de Febrero\u2014En la frontera entre Colombia y Panam\u00e1 se encuentra una nueva caravana de migrantes, compuesta por 600 cubanos, 120 haitianos y algunos de \u00c1frica, en ruta hacia los Estados Unidos. Una vez m\u00e1s el capitalismo muestra su creciente crisis que afecta a nuestros hermanos y hermanas de clase. En Cuba, Hait\u00ed y muchos &hellip; <a href=\"https:\/\/icwpredflag.org\/wp\/wordpress\/wps\/volumen-10-numero-2\/nueva-caravana-de-migrantes-varada-en-panama\/\" class=\"more-link\">Sigue leyendo <span class=\"screen-reader-text\">Nueva Caravana de migrantes Varada en Panam\u00e1<\/span><\/a><\/p>\n","protected":false},"author":1,"featured_media":3638,"parent":3743,"menu_order":0,"comment_status":"closed","ping_status":"closed","template":"","meta":{"footnotes":""},"class_list":["post-3775","page","type-page","status-publish","has-post-thumbnail","hentry"],"_links":{"self":[{"href":"https:\/\/icwpredflag.org\/wp\/wordpress\/wps\/wp-json\/wp\/v2\/pages\/3775","targetHints":{"allow":["GET"]}}],"collection":[{"href":"https:\/\/icwpredflag.org\/wp\/wordpress\/wps\/wp-json\/wp\/v2\/pages"}],"about":[{"href":"https:\/\/icwpredflag.org\/wp\/wordpress\/wps\/wp-json\/wp\/v2\/types\/page"}],"author":[{"embeddable":true,"href":"https:\/\/icwpredflag.org\/wp\/wordpress\/wps\/wp-json\/wp\/v2\/users\/1"}],"replies":[{"embeddable":true,"href":"https:\/\/icwpredflag.org\/wp\/wordpress\/wps\/wp-json\/wp\/v2\/comments?post=3775"}],"version-history":[{"count":4,"href":"https:\/\/icwpredflag.org\/wp\/wordpress\/wps\/wp-json\/wp\/v2\/pages\/3775\/revisions"}],"predecessor-version":[{"id":3780,"href":"https:\/\/icwpredflag.org\/wp\/wordpress\/wps\/wp-json\/wp\/v2\/pages\/3775\/revisions\/3780"}],"up":[{"embeddable":true,"href":"https:\/\/icwpredflag.org\/wp\/wordpress\/wps\/wp-json\/wp\/v2\/pages\/3743"}],"wp:featuredmedia":[{"embeddable":true,"href":"https:\/\/icwpredflag.org\/wp\/wordpress\/wps\/wp-json\/wp\/v2\/media\/3638"}],"wp:attachment":[{"href":"https:\/\/icwpredflag.org\/wp\/wordpress\/wps\/wp-json\/wp\/v2\/media?parent=3775"}],"curies":[{"name":"wp","href":"https:\/\/api.w.org\/{rel}","templated":true}]}}