{"id":3995,"date":"2019-04-28T04:25:10","date_gmt":"2019-04-28T04:25:10","guid":{"rendered":"http:\/\/icwpredflag.org\/wp\/wordpress\/wps\/?page_id=3995"},"modified":"2019-04-28T04:31:21","modified_gmt":"2019-04-28T04:31:21","slug":"el-pcoi-en-crecimiento-en-la-india-lucha-por-una-transformacion-comunista-de-la-sociedad","status":"publish","type":"page","link":"https:\/\/icwpredflag.org\/wp\/wordpress\/wps\/volumen-10-numero-5\/el-pcoi-en-crecimiento-en-la-india-lucha-por-una-transformacion-comunista-de-la-sociedad\/","title":{"rendered":"El PCOI en Crecimiento en la India Lucha por una Transformacion Comunista de la Sociedad"},"content":{"rendered":"<p><img loading=\"lazy\" decoding=\"async\" class=\"wp-image-3975 aligncenter\" src=\"http:\/\/icwpredflag.org\/wp\/wordpress\/wps\/wp-content\/uploads\/sites\/2\/2019\/04\/IndiaGenStrike-300x213.jpg\" alt=\"\" width=\"711\" height=\"505\" srcset=\"https:\/\/icwpredflag.org\/wp\/wordpress\/wps\/wp-content\/uploads\/sites\/2\/2019\/04\/IndiaGenStrike-300x213.jpg 300w, https:\/\/icwpredflag.org\/wp\/wordpress\/wps\/wp-content\/uploads\/sites\/2\/2019\/04\/IndiaGenStrike.jpg 461w\" sizes=\"auto, (max-width: 711px) 100vw, 711px\" \/><\/p>\n<p style=\"text-align: center;\"><strong>Huelga general en la India, enero 2019<\/strong><\/p>\n<p style=\"text-align: justify;\">23 de abril &#8211; Novecientos millones de votantes en la India pronto \u201cdecidir\u00e1n\u201d qu\u00e9 facci\u00f3n capitalista gobernar\u00e1 durante los pr\u00f3ximos cinco a\u00f1os. Muchos de estos novecientos millones de trabajadores movilizados para el comunismo decidir\u00edan deshacerse de todos los capitalistas mediante la revoluci\u00f3n comunista.<\/p>\n<p style=\"text-align: justify;\">El partido (BJP) gobernante de Modi, que es abiertamente fascista, xen\u00f3fobo y sexista, ha perdido su control sobre las masas. Despu\u00e9s de un ataque contra soldados indios hace un mes, la fuerza a\u00e9rea india bombardeo objetivos en Pakist\u00e1n en un intento por construir el nacionalismo. Esto no se tradujo en votos para el BJP.<\/p>\n<p style=\"text-align: justify;\">El BJP est\u00e1 luchando contra el liberal Partido del Congreso y m\u00e1s de 400 otros partidos pol\u00edticos. El Partido Comunista Obrero Internacional (PCOI) no es uno de ellos. Nuestra estrategia es movilizar a las masas para que se organicen para la revoluci\u00f3n comunista.<\/p>\n<p style=\"text-align: justify;\">Tenemos m\u00e1s de sesenta miembros y amigos del PCOI en y cerca de la India, la mayor\u00eda de ellos j\u00f3venes. Est\u00e1n luchando activamente con las masas en torno a esta l\u00ednea de pol\u00edtica comunista. Destruir el capitalismo y construir el comunismo es la \u00fanica forma de avanzar.<\/p>\n<p style=\"text-align: justify;\">Rechazamos la pol\u00edtica electoral de los capitalistas. No importa qui\u00e9n gane, la crisis del capitalismo y sus problemas solo se profundizar\u00e1n. Con o sin Modi como primer ministro de la India, la gran mayor\u00eda de la clase obrera india enfrenta un futuro sombr\u00edo. Capitalismo significa desempleo masivo, degradaci\u00f3n ambiental catastr\u00f3fica, sexismo intenso, opresi\u00f3n brutal de castas y violencia religiosa.<\/p>\n<p style=\"text-align: justify;\">La sociedad comunista ser\u00e1 organizada para producir para satisfacer las necesidades sociales. Proporcionar\u00e1 un trabajo \u00fatil para todos de acuerdo con su dedicaci\u00f3n y capacidad y nos ayudar\u00e1 a todos a profundizar nuestra dedicaci\u00f3n y desarrollar nuevas habilidades.<\/p>\n<p style=\"text-align: justify;\">La producci\u00f3n para satisfacer las necesidades eliminar\u00e1 el dinero y la corrupci\u00f3n que existe en la sociedad capitalista. Poni\u00e9ndole fin a la producci\u00f3n con fines lucrativos, le pondr\u00e1 tambi\u00e9n fin a los horrores del suicidio en masa de los agricultores porque sus productos pierden valor y los bancos les confiscan sus tierras.<\/p>\n<p style=\"text-align: justify;\">No habr\u00e1 propiedad privada en el comunismo. Distribuiremos lo que produzcamos de acuerdo a las necesidades de cada cual. Los colectivos comunistas (\u00a1no bancos, mercados de valores o tribunales!) llevar\u00e1n a cabo esto.<\/p>\n<p style=\"text-align: justify;\">Nosotros coordinaremos todo a trav\u00e9s del PCOI. Estos colectivos del Partido estar\u00e1n abiertos a todos los que quieran ayudar a tomar decisiones en inter\u00e9s de la clase obrera internacional.<\/p>\n<p style=\"text-align: justify;\">Habr\u00e1 muchas oportunidades para que las masas tomen el liderazgo en cosas grandes y peque\u00f1as. Desarrollar liderazgo comunista ser\u00e1 una de las principales prioridades. Nadie ser\u00e1 elegido o designado para ocupar cargos en los que pueda controlar y dictarles a otros.<\/p>\n<p style=\"text-align: justify;\">Todos nosotros, cualquiera que sea nuestro g\u00e9nero o el lugar donde nacimos, trabajaremos juntos en colectivos. Lucharemos ideol\u00f3gicamente para acabar con los remanentes de la ideolog\u00eda capitalista. Eso incluye el individualismo, sexismo, racismo y xenofobia. La cultura comunista vigorizar\u00e1 y desatar\u00e1 la capacidad creativa de las masas.<\/p>\n<p style=\"text-align: justify;\">Las ideas cient\u00edficas y la filosof\u00eda revolucionaria del cambio, cuando sean captadas por las masas, nos liberar\u00e1n de la religi\u00f3n y otras ideas heredadas de siglos de sociedades de clases.<\/p>\n<p style=\"text-align: justify;\">Los patrones capitalistas son muy conscientes de que la ira latente entre las masas es un combustible potencial para una revoluci\u00f3n comunista. Est\u00e1n desesperados por enga\u00f1ar a la clase obrera ofreci\u00e9ndoles elecciones in\u00fatiles.<\/p>\n<p style=\"text-align: justify;\">Las elecciones generales en la India ofrecen un desfile de genocidas, violadores, ladrones y otros delincuentes que se postulan para el cargo. El gobernante BJP encabeza la jaur\u00eda con su historial de asesinar musulmanes y dalits. Est\u00e1 tratando de movilizar a los votantes con el nacionalismo y el odio religioso. Afirma que solo eso puede defender a los hind\u00faes en la India contra el Pakist\u00e1n musulm\u00e1n.<\/p>\n<p style=\"text-align: justify;\">Los miembros del PCOI en la India, Pakist\u00e1n y otros lugares est\u00e1n luchando contra este nacionalismo, organizando a los trabajadores internacionalmente para luchar por una sociedad sin fronteras. Ya somos un Partido sin fronteras. La revoluci\u00f3n comunista destruir\u00e1 todas las fronteras que separan a la clase obrera.<\/p>\n<p style=\"text-align: justify;\">Tenemos que prepararnos para esta revoluci\u00f3n ahora llevando <strong><em>Bandera Roja<\/em><\/strong> a todos los rincones del mundo. Millones de trabajadores y soldados deben captar las ideas comunistas.<\/p>\n<p style=\"text-align: justify;\">La India es un frente importante en la agudizante rivalidad entre los patrones capitalistas e imperialistas. Los imperialistas estadounidenses est\u00e1n tratando de aprovechar la oposici\u00f3n hist\u00f3rica de India a China para convertirla en un baluarte contra la expansi\u00f3n china.<\/p>\n<p style=\"text-align: justify;\">China ha invertido masivamente en un corredor de infraestructura que atraviesa Pakist\u00e1n para transportar mercanc\u00edas, sin pasar por el Mar de China Meridional. Esto estaba detr\u00e1s del reciente conflicto b\u00e9lico entre India y Pakist\u00e1n. Tarde o temprano vendr\u00e1n guerras m\u00e1s grandes.<\/p>\n<p style=\"text-align: justify;\">Este 1\u00ba de mayo 2019, los miembros y amigos del PCOI llevar\u00e1n el mensaje de la revoluci\u00f3n comunista a las masas y les pedir\u00e1n que se unan a nosotros. \u00a1Desde las plantaciones de t\u00e9 hasta las f\u00e1bricas de autom\u00f3viles y de prendas de vestir, en los muelles y campus, nos uniremos! En la India, Pakist\u00e1n, Bangladesh, Nepal, Afganist\u00e1n y en todo el mundo marcharemos hacia el futuro comunista de nuestra poderosa clase trabajadora. \u00a1\u00danete a nosotros!<\/p>\n<h4><a href=\"http:\/\/icwpredflag.org\/wp\/wordpress\/wps\/volumen-10-numero-5\/\">Primera p\u00e1gina de esta edici\u00f3n<\/a><\/h4>\n","protected":false},"excerpt":{"rendered":"<p>Huelga general en la India, enero 2019 23 de abril &#8211; Novecientos millones de votantes en la India pronto \u201cdecidir\u00e1n\u201d qu\u00e9 facci\u00f3n capitalista gobernar\u00e1 durante los pr\u00f3ximos cinco a\u00f1os. Muchos de estos novecientos millones de trabajadores movilizados para el comunismo decidir\u00edan deshacerse de todos los capitalistas mediante la revoluci\u00f3n comunista. El partido (BJP) gobernante de &hellip; <a href=\"https:\/\/icwpredflag.org\/wp\/wordpress\/wps\/volumen-10-numero-5\/el-pcoi-en-crecimiento-en-la-india-lucha-por-una-transformacion-comunista-de-la-sociedad\/\" class=\"more-link\">Sigue leyendo <span class=\"screen-reader-text\">El PCOI en Crecimiento en la India Lucha por una Transformacion Comunista de la Sociedad<\/span><\/a><\/p>\n","protected":false},"author":1,"featured_media":3638,"parent":3981,"menu_order":0,"comment_status":"closed","ping_status":"closed","template":"","meta":{"footnotes":""},"class_list":["post-3995","page","type-page","status-publish","has-post-thumbnail","hentry"],"_links":{"self":[{"href":"https:\/\/icwpredflag.org\/wp\/wordpress\/wps\/wp-json\/wp\/v2\/pages\/3995","targetHints":{"allow":["GET"]}}],"collection":[{"href":"https:\/\/icwpredflag.org\/wp\/wordpress\/wps\/wp-json\/wp\/v2\/pages"}],"about":[{"href":"https:\/\/icwpredflag.org\/wp\/wordpress\/wps\/wp-json\/wp\/v2\/types\/page"}],"author":[{"embeddable":true,"href":"https:\/\/icwpredflag.org\/wp\/wordpress\/wps\/wp-json\/wp\/v2\/users\/1"}],"replies":[{"embeddable":true,"href":"https:\/\/icwpredflag.org\/wp\/wordpress\/wps\/wp-json\/wp\/v2\/comments?post=3995"}],"version-history":[{"count":3,"href":"https:\/\/icwpredflag.org\/wp\/wordpress\/wps\/wp-json\/wp\/v2\/pages\/3995\/revisions"}],"predecessor-version":[{"id":3998,"href":"https:\/\/icwpredflag.org\/wp\/wordpress\/wps\/wp-json\/wp\/v2\/pages\/3995\/revisions\/3998"}],"up":[{"embeddable":true,"href":"https:\/\/icwpredflag.org\/wp\/wordpress\/wps\/wp-json\/wp\/v2\/pages\/3981"}],"wp:featuredmedia":[{"embeddable":true,"href":"https:\/\/icwpredflag.org\/wp\/wordpress\/wps\/wp-json\/wp\/v2\/media\/3638"}],"wp:attachment":[{"href":"https:\/\/icwpredflag.org\/wp\/wordpress\/wps\/wp-json\/wp\/v2\/media?parent=3995"}],"curies":[{"name":"wp","href":"https:\/\/api.w.org\/{rel}","templated":true}]}}