{"id":4007,"date":"2019-04-28T04:50:39","date_gmt":"2019-04-28T04:50:39","guid":{"rendered":"http:\/\/icwpredflag.org\/wp\/wordpress\/wps\/?page_id=4007"},"modified":"2019-04-28T04:53:31","modified_gmt":"2019-04-28T04:53:31","slug":"crisis-conflicto-y-religion-en-el-medio-oriente","status":"publish","type":"page","link":"https:\/\/icwpredflag.org\/wp\/wordpress\/wps\/volumen-10-numero-5\/crisis-conflicto-y-religion-en-el-medio-oriente\/","title":{"rendered":"Crisis, Conflicto y Religi\u00f3n en el Medio Oriente"},"content":{"rendered":"<h3 style=\"text-align: center;\"><span style=\"color: #ff0000;\"><strong>\u00a1Marchemos el Primero de Mayo por la Revoluci\u00f3n Comunista!<\/strong><\/span><\/h3>\n<p style=\"text-align: justify;\">21 de abril &#8211; El presidente de Estados Unidos, Trump, declar\u00f3 a la \u00e9lite Guardia Nacional iran\u00ed una \u201corganizaci\u00f3n terrorista\u201d. Una semana m\u00e1s tarde, el parlamento iran\u00ed declara \u201cterroristas\u201d a todas las tropas estadounidenses en el Medio Oriente. Ir\u00e1n ahora amenaza con cerrar el estrecho de Ormuz.<\/p>\n<p style=\"text-align: justify;\">El \u201ccalifato\u201d de ISIS se ha derrumbado. Las fuerzas estadounidenses e iran\u00edes y sus representantes est\u00e1n compitiendo por la influencia en Siria e Irak. En este contexto, la guerra de palabras aumenta el riesgo de una guerra real.<\/p>\n<p style=\"text-align: justify;\">Lo mismo ocurre con la reelecci\u00f3n de Netanyahu en Israel. Lo nuevo no es su racismo sino su alianza con tres partidos ultraderechistas. Los palestinos, incluidos los cristianos, y los \u00e1rabes israel\u00edes enfrentan una nueva ola de ataques racistas. Israel probablemente anexar\u00e1 los territorios ocupados.<\/p>\n<p style=\"text-align: justify;\">Trump ayud\u00f3 a Netanyahu al trasladar la embajada de Estados Unidos a Jerusal\u00e9n. Apoy\u00f3 la anexi\u00f3n israel\u00ed de los Altos del Gol\u00e1n (anteriormente parte de Siria). Y aument\u00f3 la presi\u00f3n sobre la unidad militar m\u00e1s confiable de los gobernantes iran\u00edes.<\/p>\n<p style=\"text-align: justify;\">Israel y Arabia Saudita han sido durante mucho tiempo estados clientes del imperialismo de Estados Unidos. Estados Unidos ha dependido en ellos para controlar el Medio Oriente rico en petr\u00f3leo. Ambos pa\u00edses ven a Ir\u00e1n como su principal rival regional.<\/p>\n<p style=\"text-align: justify;\">Trump acaba de endosar al hombre fuerte militar libio Hifter, que est\u00e1 tratando de derrocar al reconocido internacionalmente gobierno de Libia. Los principales patrocinadores de Hifter son Egipto, los Emiratos \u00c1rabes Unidos y Arabia Saudita.<\/p>\n<p style=\"text-align: justify;\">\u00a0Algunos ven las pol\u00edticas de Trump como parte de su candidatura presidencial de 2020 o un esfuerzo por expandir su imperio empresarial. Pero esa no es toda la historia.<\/p>\n<p style=\"text-align: justify;\">Estas contin\u00faan una pol\u00edtica exterior estadounidense de mucho tiempo, sin ninguna pretensi\u00f3n de preocuparse por los palestinos. Pero el ambiente est\u00e1 cambiando r\u00e1pidamente:<\/p>\n<ul style=\"text-align: justify;\">\n<li>Rusia y China est\u00e1n vendiendo armas a los estados del Golfo P\u00e9rsico que una vez dependieron de los Estados Unidos y Europa. Arabia Saudita compr\u00f3 recientemente $3,500 millones de d\u00f3lares en armamento ruso.<\/li>\n<li>El comercio anual de China con los estados del Consejo de Cooperaci\u00f3n del Golfo aument\u00f3 de $10 mil millones a $150 mil millones entre 2000 y 2017. Sus inversiones en la infraestructura y parques industriales est\u00e1n creciendo.<\/li>\n<li>El declive global del imperialismo estadounidense ha envalentonado a las potencias regionales. Todos los aliados de EE.UU. en la regi\u00f3n, incluido Israel, est\u00e1n buscando acuerdos paralelos. Irak acaba de organizar una reuni\u00f3n de alto nivel con l\u00edderes de Arabia Saudita, Ir\u00e1n, Turqu\u00eda, Kuwait, Siria y Jordania.<\/li>\n<\/ul>\n<p style=\"text-align: justify;\">Las pol\u00edticas de Trump en Medio Oriente dejan la impresi\u00f3n de que EE. UU. ya no lidera, sino que sigue a sus antiguos t\u00edteres. Algunos estrategas imperialistas de Estados Unidos ven estas pol\u00edticas de Trump como una desviaci\u00f3n de la tarea principal de ellos de prepararse para enfrentar a China en Asia-Pac\u00edfico. De cualquier manera, el mundo se est\u00e1 volviendo r\u00e1pidamente m\u00e1s peligroso.<\/p>\n<p style=\"text-align: justify;\">Las guerras de los gobernantes son letales para los trabajadores y nuestros hijos. Pero tambi\u00e9n pueden ser letales para los mismos gobernantes si los soldados y marineros aprovechan las crecientes oportunidades para voltear las armas y movilizarse para la revoluci\u00f3n comunista.<\/p>\n<p style=\"text-align: justify;\"><strong>Fascismo, Religi\u00f3n y un Mundo en Crisis.<\/strong><\/p>\n<p style=\"text-align: justify;\">La intensificaci\u00f3n de las rivalidades en el Medio Oriente proviene de la crisis general del capitalismo. Con menos oportunidades de inversi\u00f3n rentable, la competencia se agudiza. El capitalismo solo puede resolver estas contradicciones mediante la destrucci\u00f3n masiva.<\/p>\n<p style=\"text-align: justify;\">El comunismo las resolver\u00e1 aboliendo el dinero, los mercados, las naciones, las fronteras y cualquier otro aspecto de la vida bajo el capitalismo.<\/p>\n<p style=\"text-align: justify;\">Pero la clase obrera a\u00fan no ha luchado y conquistado el comunismo. Seguimos sumidos en el putrefacto capitalismo en declive. El fascismo es su forma pol\u00edtica.<\/p>\n<p style=\"text-align: justify;\">Fascismo significa gobernar abiertamente usando el terror, reforzado con el racismo, nacionalismo y sexismo m\u00e1s extremos. El fascismo es totalmente consistente con la democracia electoral como vemos en Brasil, los Estados Unidos, Israel, India, Hungr\u00eda y otros pa\u00edses.<\/p>\n<p style=\"text-align: justify;\">El fascismo del siglo XX desde\u00f1aba la religi\u00f3n. Pero el fascismo del siglo XXI lo abraza. Cuando los gobernantes se justifican con la religi\u00f3n se llama \u201cteocracia\u201d.<\/p>\n<p style=\"text-align: justify;\">Arabia Saudita, Ir\u00e1n y otros estados son teocracias musulmanas. Bajo Netanyahu, Israel es abiertamente una teocracia jud\u00eda. Bolsonaro quiere hacer de Brasil una teocracia cristiana.<\/p>\n<p style=\"text-align: justify;\">Demasiados trabajadores siguen a los l\u00edderes religiosos que les urgen a votar e incluso matar para los fascistas que los oprimen. Algunas de las comunidades jud\u00edas m\u00e1s pobres en Israel, por ejemplo, apoyaron m\u00e1s firmemente a Netanyahu.<\/p>\n<p style=\"text-align: justify;\">No estamos de acuerdo con algunos liberales que culpan a los \u201cvotantes\u201d por el aumento del fascismo. Pero no debemos dejar que el racismo, el nacionalismo o la religi\u00f3n nos cieguen a ver quienes somos: miembros de una clase obrera internacional.<\/p>\n<p style=\"text-align: justify;\">Por supuesto, muchas personas religiosas apoyan a los politiquearos \u201cmenos malos\u201d en vez de los abiertamente fascistas. Muchos encuentran inspiraci\u00f3n en su religi\u00f3n para luchar contra la injusticia y la desigualdad.<\/p>\n<p style=\"text-align: justify;\">Algunos incluso, por sus puntos de vista religiosos, han sido movidos a luchar por alguna forma de comunismo. Les damos la bienvenida como miembros del Partido Comunista Obrero Internacional.<\/p>\n<p style=\"text-align: justify;\">Pero el comunismo acabar\u00e1 con la base material de la religi\u00f3n: la sociedad de clases.<\/p>\n<p style=\"text-align: justify;\">\u00a1No m\u00e1s gobernantes que se benefician de prometerles a las masas una vida mejor despu\u00e9s de la muerte a cambio de obedecer y sufrir aqu\u00ed y ahora! \u00a1No m\u00e1s guerreadores c\u00ednicos enfrent\u00e1ndonos unos contra otros en nombre de dios(es)!<\/p>\n<p style=\"text-align: justify;\">M\u00e1s all\u00e1 de eso, pensamos que el comunismo desarrolla confianza en nuestro poder colectivo para determinar nuestras vidas y nuestro destino.<\/p>\n<p style=\"text-align: justify;\">Absorbe nuestras fallas humanas, errores y p\u00e9rdidas en colectivos solidarios que nos ayudan a convertirnos en nuestro mejor yo.<\/p>\n<p style=\"text-align: justify;\">Muestra que todos estamos interconectados a trav\u00e9s de v\u00ednculos sociales concretos y la realidad material del universo.<\/p>\n<p style=\"text-align: justify;\">La creciente conciencia comunista internacional reducir\u00e1 y eventualmente pondr\u00e1 fin al atractivo de la religi\u00f3n y otras formas de tribalismo.<\/p>\n<p style=\"text-align: justify;\">\u00a1Enarbolemos la <strong><em>Bandera Roja<\/em><\/strong> de la revoluci\u00f3n comunista este 1\u00ba de Mayo y durante todo el a\u00f1o!<\/p>\n<h4><a href=\"http:\/\/icwpredflag.org\/wp\/wordpress\/wps\/volumen-10-numero-5\/\">Primera p\u00e1gina de esta edici\u00f3n<\/a><\/h4>\n","protected":false},"excerpt":{"rendered":"<p>\u00a1Marchemos el Primero de Mayo por la Revoluci\u00f3n Comunista! 21 de abril &#8211; El presidente de Estados Unidos, Trump, declar\u00f3 a la \u00e9lite Guardia Nacional iran\u00ed una \u201corganizaci\u00f3n terrorista\u201d. Una semana m\u00e1s tarde, el parlamento iran\u00ed declara \u201cterroristas\u201d a todas las tropas estadounidenses en el Medio Oriente. Ir\u00e1n ahora amenaza con cerrar el estrecho de &hellip; <a href=\"https:\/\/icwpredflag.org\/wp\/wordpress\/wps\/volumen-10-numero-5\/crisis-conflicto-y-religion-en-el-medio-oriente\/\" class=\"more-link\">Sigue leyendo <span class=\"screen-reader-text\">Crisis, Conflicto y Religi\u00f3n en el Medio Oriente<\/span><\/a><\/p>\n","protected":false},"author":1,"featured_media":3638,"parent":3981,"menu_order":0,"comment_status":"closed","ping_status":"closed","template":"","meta":{"footnotes":""},"class_list":["post-4007","page","type-page","status-publish","has-post-thumbnail","hentry"],"_links":{"self":[{"href":"https:\/\/icwpredflag.org\/wp\/wordpress\/wps\/wp-json\/wp\/v2\/pages\/4007","targetHints":{"allow":["GET"]}}],"collection":[{"href":"https:\/\/icwpredflag.org\/wp\/wordpress\/wps\/wp-json\/wp\/v2\/pages"}],"about":[{"href":"https:\/\/icwpredflag.org\/wp\/wordpress\/wps\/wp-json\/wp\/v2\/types\/page"}],"author":[{"embeddable":true,"href":"https:\/\/icwpredflag.org\/wp\/wordpress\/wps\/wp-json\/wp\/v2\/users\/1"}],"replies":[{"embeddable":true,"href":"https:\/\/icwpredflag.org\/wp\/wordpress\/wps\/wp-json\/wp\/v2\/comments?post=4007"}],"version-history":[{"count":3,"href":"https:\/\/icwpredflag.org\/wp\/wordpress\/wps\/wp-json\/wp\/v2\/pages\/4007\/revisions"}],"predecessor-version":[{"id":4010,"href":"https:\/\/icwpredflag.org\/wp\/wordpress\/wps\/wp-json\/wp\/v2\/pages\/4007\/revisions\/4010"}],"up":[{"embeddable":true,"href":"https:\/\/icwpredflag.org\/wp\/wordpress\/wps\/wp-json\/wp\/v2\/pages\/3981"}],"wp:featuredmedia":[{"embeddable":true,"href":"https:\/\/icwpredflag.org\/wp\/wordpress\/wps\/wp-json\/wp\/v2\/media\/3638"}],"wp:attachment":[{"href":"https:\/\/icwpredflag.org\/wp\/wordpress\/wps\/wp-json\/wp\/v2\/media?parent=4007"}],"curies":[{"name":"wp","href":"https:\/\/api.w.org\/{rel}","templated":true}]}}