{"id":4283,"date":"2019-07-04T04:12:55","date_gmt":"2019-07-04T04:12:55","guid":{"rendered":"https:\/\/icwpredflag.org\/wp\/wordpress\/wps\/?page_id=4283"},"modified":"2019-07-04T04:18:29","modified_gmt":"2019-07-04T04:18:29","slug":"acuerdo-fascista-entre-mexico-y-eua","status":"publish","type":"page","link":"https:\/\/icwpredflag.org\/wp\/wordpress\/wps\/volumen-10-numero-8\/acuerdo-fascista-entre-mexico-y-eua\/","title":{"rendered":"Acuerdo Fascista entre M\u00e9xico y EUA"},"content":{"rendered":"<h3 style=\"text-align: center;\"><span style=\"color: #ff0000;\"><strong>El Conflicto Entre las Clases Dominantes Ataca a las Masas Obreras<\/strong><\/span><\/h3>\n<p><img loading=\"lazy\" decoding=\"async\" class=\"wp-image-4252 aligncenter\" src=\"https:\/\/icwpredflag.org\/wp\/wordpress\/wps\/wp-content\/uploads\/sites\/2\/2019\/07\/chiapasdemo-300x200.jpg\" alt=\"\" width=\"683\" height=\"455\" srcset=\"https:\/\/icwpredflag.org\/wp\/wordpress\/wps\/wp-content\/uploads\/sites\/2\/2019\/07\/chiapasdemo-300x200.jpg 300w, https:\/\/icwpredflag.org\/wp\/wordpress\/wps\/wp-content\/uploads\/sites\/2\/2019\/07\/chiapasdemo.jpg 435w\" sizes=\"auto, (max-width: 683px) 100vw, 683px\" \/><\/p>\n<p style=\"text-align: justify;\"><strong>Tapachula, Chiapas, M\u00e9xico. Marzo 2019. Cientos de haitianos y cubanos entre otros migrantes; bloquearon las oficinas de inmigraci\u00f3n por 3 horas demandando sus visas de tr\u00e1nsito.<\/strong><\/p>\n<p style=\"text-align: justify;\">Ciudad de M\u00e9xico-22 de junio. A finales de mayo, Trump amenaz\u00f3 con imponer un arancel del 5% a partir del 10 de junio a todos los productos mexicanos si no el gobierno de M\u00e9xico no frenaba el flujo de migrantes hac\u00eda la frontera con Estados Unidos. El viernes 7 de junio ambos pa\u00edses acordaron la suspensi\u00f3n de los aranceles con la condici\u00f3n de que M\u00e9xico intensificara su control sobre los migrantes en su frontera sur.<\/p>\n<p style=\"text-align: justify;\">El gobierno de Andr\u00e9s Manuel L\u00f3pez Obrador (AMLO) present\u00f3 el acuerdo como una enorme victoria para M\u00e9xico. Las masas de migrantes en M\u00e9xico no tienen nada que celebrar. Como parte del acuerdo para la cancelaci\u00f3n de los aranceles, M\u00e9xico despleg\u00f3 6,000 miembros de la reci\u00e9n creada Guardia Nacional en la frontera con Guatemala, este plan de control tambi\u00e9n exige a los ciudadanos mexicanos portar una identificaci\u00f3n oficial en los transportes interestatales.<\/p>\n<p style=\"text-align: justify;\"><strong>El muro de Trump empieza en el sur de M\u00e9xico<\/strong><\/p>\n<p style=\"text-align: justify;\">Las condiciones de persecuci\u00f3n y asedio sobre los migrantes no es una novedad, en abril el cierre de las oficinas de Instituto Nacional de Migraci\u00f3n (INM) en Tapachula en el Estado de Chiapas puso freno a las visas que AMLO hab\u00eda ofrecido en enero de este a\u00f1o. Miles de Africanos, caribe\u00f1os y centroamericanos han quedado en el limbo, algunos tratan de sobrevivir en las calles de la ciudad, otros organizan rebeliones contra el INM.<\/p>\n<p style=\"text-align: justify;\">AMLO ha promovido el nacionalismo de naci\u00f3n oprimida para presentar su victoria diplom\u00e1tica como un acto de dignidad y soberan\u00eda. La realidad es que M\u00e9xico es un Estado imperialista que tiene la capacidad de sostener un conflicto con el ala de la clase dominante estadounidense que representa Trump (M\u00e9xico es el socio comercial #1 de EUA en el ultimo trimestre) (<a href=\"https:\/\/www.ustradenumbers.com\/country\/mexico\/\">https:\/\/www.ustradenumbers.com\/country\/mexico\/<\/a>). Es una trampa letal para la clase trabajadora defender cualquiera de estos pa\u00edses, debemos reconocer el conflicto entre burgues\u00edas y como las masas, sobre todo las migrantes, son las m\u00e1s afectadas por este.<\/p>\n<p style=\"text-align: justify;\">Los funcionarios del gobierno mexicano y los intelectuales de MORENA (Partido fundando por AMLO) defienden estas acciones del gobierno mexicano ya que seg\u00fan ellos es la \u201csoluci\u00f3n inmediata al problema\u201d, es lo \u201cposible\u201d. C\u00ednicamente se burlan de quienes denuncian como fascistas las medidas implementadas contra los migrantes. Esto debe servirnos como lecci\u00f3n para combatir con nuestros amigos las ilusiones sobre AMLO, har\u00e1n, como todos los izquierdistas en el Estado Burgu\u00e9s, justificar todas sus medidas para administrar las crisis del capitalismo.<\/p>\n<p style=\"text-align: justify;\"><strong>El Problema es el Capitalismo, La Soluci\u00f3n es el Comunismo<\/strong><\/p>\n<p style=\"text-align: justify;\">El suelo donde la clase trabajadora mexicana, estadounidense y centroamericana est\u00e1n parados tiene los suficientes recursos para que todos tengamos nuestras necesidades b\u00e1sicas cubiertas, para que nuestra migraci\u00f3n sea voluntaria y para el beneficio de la humanidad.<\/p>\n<p style=\"text-align: justify;\">No nos dejemos enga\u00f1ar con los discursos fascistas que vengan de la extrema derecha o la socialdemocracia, el problema no es la falta de recursos, es la producci\u00f3n por ganancias y las relaciones sociales de producci\u00f3n.<\/p>\n<p style=\"text-align: justify;\">Pero el movimiento comunista no tiene la fuerza suficiente para imponer una salida revolucionaria de la crisis. Para poder convertirnos en una amenaza ser\u00eda para el capitalismo y sus gobernantes, tenemos que cumplir con las tareas que nos dicta el momento hist\u00f3rico y el desarrollo de nuestra organizaci\u00f3n. Ya hemos dado un gran pas\u00f3 con la distribuci\u00f3n masiva internacional de nuestro panfleto <strong>\u201c<em>Luchemos por el D\u00eda que Ning\u00fan Trabajador Sea Llamado Extranjero<\/em>\u201d<\/strong>.<\/p>\n<p style=\"text-align: justify;\">En el Estado Mexicano, el avance de nuestro n\u00facleo es modesto, desproporci\u00f3nale a la crisis que nuestros hermanos y hermanas migrantes est\u00e1n sufriendo. La necesidad inmediata para avanzar es la incorporaci\u00f3n de nuevos miembros que sean conscientes de la tarea de nuestro transformar nuestro n\u00facleo en una clase constituida en el Partido Comunista Obrero Internacional.<\/p>\n<p style=\"text-align: justify;\">Aunque la tarea es tit\u00e1nica, la necesidad, m\u00e1s que el sue\u00f1o, de una sociedad comunista nos debe motivar a expandir nuestros l\u00edmites. El sufrimiento de las masas migrantes a ra\u00edz de la rivalidad burguesa es muestra de la necesidad de la revoluci\u00f3n. \u00a1Luchemos por la reconstituci\u00f3n ideol\u00f3gica y pol\u00edtica del Comunismo en las masas!<\/p>\n<h4><a href=\"https:\/\/icwpredflag.org\/wp\/wordpress\/wps\/volumen-10-numero-8\/\">Primera p\u00e1gina de esta edici\u00f3n<\/a><\/h4>\n<p>&nbsp;<\/p>\n","protected":false},"excerpt":{"rendered":"<p>El Conflicto Entre las Clases Dominantes Ataca a las Masas Obreras Tapachula, Chiapas, M\u00e9xico. Marzo 2019. Cientos de haitianos y cubanos entre otros migrantes; bloquearon las oficinas de inmigraci\u00f3n por 3 horas demandando sus visas de tr\u00e1nsito. Ciudad de M\u00e9xico-22 de junio. A finales de mayo, Trump amenaz\u00f3 con imponer un arancel del 5% a &hellip; <a href=\"https:\/\/icwpredflag.org\/wp\/wordpress\/wps\/volumen-10-numero-8\/acuerdo-fascista-entre-mexico-y-eua\/\" class=\"more-link\">Sigue leyendo <span class=\"screen-reader-text\">Acuerdo Fascista entre M\u00e9xico y EUA<\/span><\/a><\/p>\n","protected":false},"author":1,"featured_media":3638,"parent":4255,"menu_order":0,"comment_status":"closed","ping_status":"closed","template":"","meta":{"footnotes":""},"class_list":["post-4283","page","type-page","status-publish","has-post-thumbnail","hentry"],"_links":{"self":[{"href":"https:\/\/icwpredflag.org\/wp\/wordpress\/wps\/wp-json\/wp\/v2\/pages\/4283","targetHints":{"allow":["GET"]}}],"collection":[{"href":"https:\/\/icwpredflag.org\/wp\/wordpress\/wps\/wp-json\/wp\/v2\/pages"}],"about":[{"href":"https:\/\/icwpredflag.org\/wp\/wordpress\/wps\/wp-json\/wp\/v2\/types\/page"}],"author":[{"embeddable":true,"href":"https:\/\/icwpredflag.org\/wp\/wordpress\/wps\/wp-json\/wp\/v2\/users\/1"}],"replies":[{"embeddable":true,"href":"https:\/\/icwpredflag.org\/wp\/wordpress\/wps\/wp-json\/wp\/v2\/comments?post=4283"}],"version-history":[{"count":3,"href":"https:\/\/icwpredflag.org\/wp\/wordpress\/wps\/wp-json\/wp\/v2\/pages\/4283\/revisions"}],"predecessor-version":[{"id":4286,"href":"https:\/\/icwpredflag.org\/wp\/wordpress\/wps\/wp-json\/wp\/v2\/pages\/4283\/revisions\/4286"}],"up":[{"embeddable":true,"href":"https:\/\/icwpredflag.org\/wp\/wordpress\/wps\/wp-json\/wp\/v2\/pages\/4255"}],"wp:featuredmedia":[{"embeddable":true,"href":"https:\/\/icwpredflag.org\/wp\/wordpress\/wps\/wp-json\/wp\/v2\/media\/3638"}],"wp:attachment":[{"href":"https:\/\/icwpredflag.org\/wp\/wordpress\/wps\/wp-json\/wp\/v2\/media?parent=4283"}],"curies":[{"name":"wp","href":"https:\/\/api.w.org\/{rel}","templated":true}]}}