{"id":4344,"date":"2019-07-24T01:21:11","date_gmt":"2019-07-24T01:21:11","guid":{"rendered":"https:\/\/icwpredflag.org\/wp\/wordpress\/wps\/?page_id=4344"},"modified":"2019-07-24T01:24:48","modified_gmt":"2019-07-24T01:24:48","slug":"comunistas-organizan-a-recolectores-de-te-para-luchar-contra-el-sexismo-y-matones-fascistas","status":"publish","type":"page","link":"https:\/\/icwpredflag.org\/wp\/wordpress\/wps\/volumen-10-numero-9\/comunistas-organizan-a-recolectores-de-te-para-luchar-contra-el-sexismo-y-matones-fascistas\/","title":{"rendered":"Comunistas Organizan a Recolectores de T\u00e9 para Luchar Contra el Sexismo y Matones Fascistas"},"content":{"rendered":"<h3 style=\"text-align: center;\"><span style=\"color: #ff0000;\">Letter from India:<\/span><\/h3>\n<p style=\"text-align: justify;\">Soy un nuevo miembro del PCOI. Tengo 21 a\u00f1os de edad, soy estudiante universitario. Empec\u00e9 a leer <strong><em>Bandera Roja<\/em><\/strong> hace como dos a\u00f1os.<\/p>\n<p style=\"text-align: justify;\">Mis padres estaban en el viejo movimiento comunista. Cuando era ni\u00f1o, vi su dedicaci\u00f3n de cambiar el mundo. Eran muy sencillos y ten\u00edan muchos amigos. Nuestra casa siempre estaba abierta a todo mundo. Sin embargo, se sintieron muy decepcionados cuando se dieron cuenta hace mucho tiempo que el Partido Comunista de la India hab\u00eda abandonado el camino de la revoluci\u00f3n armada a favor de una revoluci\u00f3n democr\u00e1tica pac\u00edfica.<\/p>\n<p style=\"text-align: justify;\">En mis a\u00f1os infantiles agonizaba por su dolor. Yo quer\u00eda luchar por una revoluci\u00f3n que destruyera a nuestros opresores para siempre. Yo quer\u00eda un verdadero partido comunista que nunca abandonaran la destrucci\u00f3n total y completa del capitalismo. Hab\u00eda visto horrendas atrocidades en mi pueblo por parte de los terratenientes. Desde violar mujeres hasta asesinatos, eran despiadados, poderosos. Decid\u00ed que yo quer\u00eda acabar con este sistema. Fue entonces cuando encontr\u00e9 a<\/p>\n<p style=\"text-align: justify;\"><strong><em>Bandera Roja<\/em><\/strong> y el PCOI.<\/p>\n<p style=\"text-align: justify;\">Hoy les escribo a ustedes, camaradas, porque quiero hacerles saber que el PCOI est\u00e1 vivo y creciendo en medio del fascismo. Estamos organizando en el \u00e1rea donde las obreras trabajan en las plantaciones de t\u00e9. Despu\u00e9s de la reelecci\u00f3n del fascista de Modi, los propietarios han desatado su terror sexista. Las obreras son sometidas a un registro f\u00edsico al ingresar a la plantaci\u00f3n. El registro lo hace un capataz s\u00e1dico.<\/p>\n<p style=\"text-align: justify;\">Decidimos organizar a los trabajadores para rechazar esta pr\u00e1ctica humillante. Empezamos a hablar del comunismo y de c\u00f3mo vamos a acabar no s\u00f3lo con los patrones sino con toda forma de sexismo. Les dijimos a los trabajadores que nuestro camino es dif\u00edcil, pero que no debemos dejar de luchar. Vimos que muchas trabajadoras estaban dispuestas a luchar. Algunos tem\u00edan m\u00e1s represi\u00f3n. Pero nuestras palabras se extendieron como un fuego salvaje.<\/p>\n<p style=\"text-align: justify;\">Cuando los patrones se enteraron de que est\u00e1bamos listos a confrontarlos trajeron a sus matones armados. Nosotros tambi\u00e9n nos enteramos de sus planes. Decidimos difundir nuestras ideas m\u00e1s profundamente y m\u00e1s lejos.<\/p>\n<p style=\"text-align: justify;\">Ahora cientos de obreros &#8211; mujeres y hombres, hind\u00faes y musulmanes &#8211; se identifican con nosotros. Se comprometieron a defendernos. Los matones fascistas se han retirado por ahora. Pero esperamos un contraataque. Nuestra respuesta es movilizar a las masas para el comunismo. \u00a1\u00dananse a nosotros, camaradas, en cantidades!\u00a0\u00a0 \u00a1AHORA.!<\/p>\n<h4><a href=\"https:\/\/icwpredflag.org\/wp\/wordpress\/wps\/volumen-10-numero-9\/\">Primera p\u00e1gina de esta edici\u00f3n<\/a><\/h4>\n<p style=\"text-align: justify;\">\n","protected":false},"excerpt":{"rendered":"<p>Letter from India: Soy un nuevo miembro del PCOI. Tengo 21 a\u00f1os de edad, soy estudiante universitario. Empec\u00e9 a leer Bandera Roja hace como dos a\u00f1os. Mis padres estaban en el viejo movimiento comunista. Cuando era ni\u00f1o, vi su dedicaci\u00f3n de cambiar el mundo. Eran muy sencillos y ten\u00edan muchos amigos. Nuestra casa siempre estaba &hellip; <a href=\"https:\/\/icwpredflag.org\/wp\/wordpress\/wps\/volumen-10-numero-9\/comunistas-organizan-a-recolectores-de-te-para-luchar-contra-el-sexismo-y-matones-fascistas\/\" class=\"more-link\">Sigue leyendo <span class=\"screen-reader-text\">Comunistas Organizan a Recolectores de T\u00e9 para Luchar Contra el Sexismo y Matones Fascistas<\/span><\/a><\/p>\n","protected":false},"author":1,"featured_media":3638,"parent":4335,"menu_order":0,"comment_status":"closed","ping_status":"closed","template":"","meta":{"footnotes":""},"class_list":["post-4344","page","type-page","status-publish","has-post-thumbnail","hentry"],"_links":{"self":[{"href":"https:\/\/icwpredflag.org\/wp\/wordpress\/wps\/wp-json\/wp\/v2\/pages\/4344","targetHints":{"allow":["GET"]}}],"collection":[{"href":"https:\/\/icwpredflag.org\/wp\/wordpress\/wps\/wp-json\/wp\/v2\/pages"}],"about":[{"href":"https:\/\/icwpredflag.org\/wp\/wordpress\/wps\/wp-json\/wp\/v2\/types\/page"}],"author":[{"embeddable":true,"href":"https:\/\/icwpredflag.org\/wp\/wordpress\/wps\/wp-json\/wp\/v2\/users\/1"}],"replies":[{"embeddable":true,"href":"https:\/\/icwpredflag.org\/wp\/wordpress\/wps\/wp-json\/wp\/v2\/comments?post=4344"}],"version-history":[{"count":3,"href":"https:\/\/icwpredflag.org\/wp\/wordpress\/wps\/wp-json\/wp\/v2\/pages\/4344\/revisions"}],"predecessor-version":[{"id":4347,"href":"https:\/\/icwpredflag.org\/wp\/wordpress\/wps\/wp-json\/wp\/v2\/pages\/4344\/revisions\/4347"}],"up":[{"embeddable":true,"href":"https:\/\/icwpredflag.org\/wp\/wordpress\/wps\/wp-json\/wp\/v2\/pages\/4335"}],"wp:featuredmedia":[{"embeddable":true,"href":"https:\/\/icwpredflag.org\/wp\/wordpress\/wps\/wp-json\/wp\/v2\/media\/3638"}],"wp:attachment":[{"href":"https:\/\/icwpredflag.org\/wp\/wordpress\/wps\/wp-json\/wp\/v2\/media?parent=4344"}],"curies":[{"name":"wp","href":"https:\/\/api.w.org\/{rel}","templated":true}]}}