{"id":4369,"date":"2019-07-24T02:11:37","date_gmt":"2019-07-24T02:11:37","guid":{"rendered":"https:\/\/icwpredflag.org\/wp\/wordpress\/wps\/?page_id=4369"},"modified":"2019-07-24T04:11:58","modified_gmt":"2019-07-24T04:11:58","slug":"crisis-irani","status":"publish","type":"page","link":"https:\/\/icwpredflag.org\/wp\/wordpress\/wps\/volumen-10-numero-9\/crisis-irani\/","title":{"rendered":"Crisis Iran\u00ed"},"content":{"rendered":"<h3 style=\"text-align: center;\"><span style=\"color: #ff0000;\"><strong>Obreros Deben Prepararse para la Guerra Imperialista Movilizando para la Revoluci\u00f3n Comunista<\/strong><\/span><\/h3>\n<p><img loading=\"lazy\" decoding=\"async\" class=\"wp-image-4323 aligncenter\" src=\"https:\/\/icwpredflag.org\/wp\/wordpress\/wps\/wp-content\/uploads\/sites\/2\/2019\/07\/iransign-300x169.jpg\" alt=\"\" width=\"685\" height=\"386\" srcset=\"https:\/\/icwpredflag.org\/wp\/wordpress\/wps\/wp-content\/uploads\/sites\/2\/2019\/07\/iransign-300x169.jpg 300w, https:\/\/icwpredflag.org\/wp\/wordpress\/wps\/wp-content\/uploads\/sites\/2\/2019\/07\/iransign.jpg 470w\" sizes=\"auto, (max-width: 685px) 100vw, 685px\" \/><\/p>\n<p style=\"text-align: justify;\"><strong>17 de julio de 2019: Una ola de protestas masivas contin\u00faa recorriendo Ir\u00e1n. En lo que va del mes, estas incluyeron a conductores de autobuses, vendedores ambulantes, maestros de alfabetizaci\u00f3n, trabajadores municipales y muchos m\u00e1s. Los trabajadores se declararon en huelga contra la compa\u00f1\u00eda Mahtab-Sair-Jam, constructora de carros de recreo. Protestaron el despido de 57 compa\u00f1eros de trabajo con 15-20 a\u00f1os de antig\u00fcedad. Los ciudadanos de la tercera edad en Bahai han protestado por los intentos del gobierno de cerrar su Centro de Atenci\u00f3n a Personas Mayores en Karaj. Cada vez m\u00e1s mujeres caminan abiertamente en Teher\u00e1n sin el velo obligatorio que exige el gobierno. En la foto de arriba: Empleados gubernamentales y personal militar jubilados, frente al ministerio de trabajo en Teher\u00e1n, desafiando una fuerte presencia policial. Entre las pancartas se encontraban: \u201c. \u201cNuestras casas han sido saqueadas, no tenemos miedo de exponer [al gobierno], permaneceremos hasta el final\u201d. \u201cEl uno por ciento sacan sus ganancias de los bolsillos del 99 por ciento.\u00bb<\/strong><\/p>\n<p style=\"text-align: center;\"><span style=\"color: #ff0000;\">========<\/span><\/p>\n<p style=\"text-align: justify;\">En Ir\u00e1n y en otros pa\u00edses, las contradicciones entre los principales imperialistas del mundo se est\u00e1n agudizando. Este per\u00edodo, con la guerra mundial tram\u00e1ndose, es uno de graves peligros y grandes oportunidades.<\/p>\n<p style=\"text-align: justify;\">La historia muestra que cuando las masas experimentan los horrores de la guerra, se mueven hacia la revoluci\u00f3n. En el siglo 19, las guerras napole\u00f3nicas prepararon el escenario para el levantamiento triunfante de los esclavos haitianos. La guerra franco-prusiana cre\u00f3 las condiciones para la Comuna de Par\u00eds.<\/p>\n<p style=\"text-align: justify;\">Las masas en Rusia durante la Primera Guerra Mundial y en China durante la Segunda Guerra Mundial, lideradas por comunistas, derrocaron al capitalismo. Ahora, al construir el PCOI en todo el mundo, movilizaremos a las masas para que el comunismo entierre el capitalismo-imperialismo para siempre.<\/p>\n<p style=\"text-align: justify;\">Nuestro poder invencible yace, no solo en nuestra cantidad num\u00e9rica, pero tambi\u00e9n en nuestra capacidad de unirnos como una sola clase obrera internacional. Todos necesitamos destruir el capitalismo-imperialismo y construir un mundo comunista sin esclavitud asalariada, ganancias, dinero o mercados. Las relaciones sociales y de producci\u00f3n comunistas producir\u00e1n todo lo que nuestra familia obrera internacional necesita.<\/p>\n<p style=\"text-align: justify;\">El capitalismo, en contraste, se basa en competencia por recursos, mercados y mano de obra para maximizar las ganancias. Todos los capitalistas tienen que competir o hundirse. Por eso, su unidad nunca puede ser duradera. Inevitablemente, se van a la guerra.<\/p>\n<p style=\"text-align: justify;\">Hoy, China y Rusia est\u00e1n expandiendo su influencia en todo el mundo. Est\u00e1n desafiando la supremac\u00eda sobre vastas partes del mundo donde EE.UU. ha reinado desde la 2\u00aa Guerra Mundial.<\/p>\n<p style=\"text-align: justify;\">Ahora, los imperialistas de EE.UU. en declive est\u00e1n desorganizados. Luchan entre s\u00ed sobre c\u00f3mo, cu\u00e1ndo y ad\u00f3nde pelear para recuperar su imperio y limitar sus p\u00e9rdidas. No est\u00e1n de acuerdo sobre c\u00f3mo ganar a la clase obrera estadounidense a esclavizarse, pelear y morir por su imperio sanguinario.<\/p>\n<p style=\"text-align: justify;\">Todos los capitalistas-imperialistas son peligrosos. Aparentan ser indestructibles. Pero son tigres de papel: peligrosos pero vulnerables. Obligados a armar a millones de nuestra clase para pelear sus guerras, pueden ser derrocados cuando los soldados y marineros volteen sus armas &#8211; y junto con las masas obreras y j\u00f3venes &#8211; luchen por el comunismo.<\/p>\n<p style=\"text-align: justify;\"><strong>Ir\u00e1n: EE.UU vers\u00fas China-Rusia<\/strong><\/p>\n<p style=\"text-align: justify;\">.Algunos gobernantes de EE.UU. est\u00e1n decididos a cambiar el r\u00e9gimen iran\u00ed, ya sea internamente o mediante la guerra. Quieren un r\u00e9gimen que se alinee con ellos como lo hizo el Sha hace 40 a\u00f1os. Est\u00e1n dispuestos a ir a la guerra para reconquistar todo el rico en petr\u00f3leo Oriente Medio.<\/p>\n<p style=\"text-align: justify;\">El objetivo de las sanciones de Trump es infligir tanto sufrimiento a las masas iran\u00edes que estas derrocar\u00e1n al r\u00e9gimen o le dificultar\u00e1n a Ir\u00e1n financiar sus aventuras militares en Irak, Siria, L\u00edbano y Yemen.<\/p>\n<p style=\"text-align: justify;\">Sanciones o no, el gobierno iran\u00ed ataca a las masas para engordar las ganancias de los capitalistas iran\u00edes, y las masas luchan en contra de ellos. Pompeo, secretario de Estado de EE.UU. y Bolton, asesor de seguridad nacional, abiertamente amenazan guerra contra Ir\u00e1n.<\/p>\n<p style=\"text-align: justify;\">Pero, subestiman enormemente el compromiso de los imperialistas rusos y chinos de respaldar a Ir\u00e1n. Ir\u00e1n es crucial para la Integraci\u00f3n Euroasi\u00e1tica. Es tambi\u00e9n un centro de transborde indispensable para la iniciativa China \u201cUn Cintur\u00f3n, Una Ruta\u201d.<\/p>\n<p style=\"text-align: justify;\">China necesitar\u00e1 los vastos recursos de petr\u00f3leo y gas iran\u00edes para garantizar su crecimiento continuo. Durante una guerra, Ir\u00e1n ser\u00eda crucial para suministrarle petr\u00f3leo por tierra a la maquinaria militar-industrial china, evadiendo el estrecho de Malacca y las rutas mar\u00edtimas del oc\u00e9ano Pac\u00edfico controladas por la marina estadounidense.<\/p>\n<p style=\"text-align: justify;\">Otro sector de la clase dominante de EE.UU. no quiere guerra con Ir\u00e1n ahora. Comprende que Rusia y China responder\u00e1n a cualquier ataque de EE.UU. contra Ir\u00e1n.<\/p>\n<p style=\"text-align: justify;\">Es por eso que despu\u00e9s que Trump suspendiera los ataques a\u00e9reos que hab\u00eda ordenado, la C\u00e1mara de Representantes aprob\u00f3 un proyecto de ley el 12 de julio obligando a Trump obtener aprobaci\u00f3n del Congreso antes de atacar a Ir\u00e1n. Estos pol\u00edtiqueros capitalistas no votan por la paz, sino por una estrategia diferente de ad\u00f3nde pelear la pr\u00f3xima guerra mundial.<\/p>\n<p style=\"text-align: justify;\">\u201cMientras EE.UU. contempla guerra contra Ir\u00e1n, los chinos hacen negocios y construyen la infraestructura all\u00ed. La visi\u00f3n china para Ir\u00e1n algo que EE.UU. simplemente no puede cambiar. Ir\u00e1n ser\u00e1 clave para la Eurasia del siglo 21\u201d, escribi\u00f3 el estratega Robert Kaplan. Propone \u201cuna estrategia sostenible a largo plazo\u201d para con Ir\u00e1n.<\/p>\n<p style=\"text-align: justify;\">Kaplan y otros imperialistas liberales de EE.UU. esperan socavar a Ir\u00e1n y China con una creciente presi\u00f3n econ\u00f3mica, ataques cibern\u00e9ticos y reanudaci\u00f3n de negociaciones. Prefieren enfrentar militarmente a China en el Mar de China Meridional, donde esperan tener aliados.<\/p>\n<p style=\"text-align: justify;\">Necesitamos movilizar a los soldados y marineros en los ej\u00e9rcitos capitalistas, junto con los obreros y los j\u00f3venes para convertir las guerras capitalistas-imperialistas en una revoluci\u00f3n para el comunismo. \u00a1\u00danetenos!<\/p>\n<h4 style=\"text-align: justify;\"><a href=\"https:\/\/icwpredflag.org\/wp\/wordpress\/wps\/volumen-10-numero-9\/\">Primera p\u00e1gina de esta edici\u00f3n<\/a><\/h4>\n","protected":false},"excerpt":{"rendered":"<p>Obreros Deben Prepararse para la Guerra Imperialista Movilizando para la Revoluci\u00f3n Comunista 17 de julio de 2019: Una ola de protestas masivas contin\u00faa recorriendo Ir\u00e1n. En lo que va del mes, estas incluyeron a conductores de autobuses, vendedores ambulantes, maestros de alfabetizaci\u00f3n, trabajadores municipales y muchos m\u00e1s. Los trabajadores se declararon en huelga contra la &hellip; <a href=\"https:\/\/icwpredflag.org\/wp\/wordpress\/wps\/volumen-10-numero-9\/crisis-irani\/\" class=\"more-link\">Sigue leyendo <span class=\"screen-reader-text\">Crisis Iran\u00ed<\/span><\/a><\/p>\n","protected":false},"author":1,"featured_media":3638,"parent":4335,"menu_order":0,"comment_status":"closed","ping_status":"closed","template":"","meta":{"footnotes":""},"class_list":["post-4369","page","type-page","status-publish","has-post-thumbnail","hentry"],"_links":{"self":[{"href":"https:\/\/icwpredflag.org\/wp\/wordpress\/wps\/wp-json\/wp\/v2\/pages\/4369","targetHints":{"allow":["GET"]}}],"collection":[{"href":"https:\/\/icwpredflag.org\/wp\/wordpress\/wps\/wp-json\/wp\/v2\/pages"}],"about":[{"href":"https:\/\/icwpredflag.org\/wp\/wordpress\/wps\/wp-json\/wp\/v2\/types\/page"}],"author":[{"embeddable":true,"href":"https:\/\/icwpredflag.org\/wp\/wordpress\/wps\/wp-json\/wp\/v2\/users\/1"}],"replies":[{"embeddable":true,"href":"https:\/\/icwpredflag.org\/wp\/wordpress\/wps\/wp-json\/wp\/v2\/comments?post=4369"}],"version-history":[{"count":5,"href":"https:\/\/icwpredflag.org\/wp\/wordpress\/wps\/wp-json\/wp\/v2\/pages\/4369\/revisions"}],"predecessor-version":[{"id":4410,"href":"https:\/\/icwpredflag.org\/wp\/wordpress\/wps\/wp-json\/wp\/v2\/pages\/4369\/revisions\/4410"}],"up":[{"embeddable":true,"href":"https:\/\/icwpredflag.org\/wp\/wordpress\/wps\/wp-json\/wp\/v2\/pages\/4335"}],"wp:featuredmedia":[{"embeddable":true,"href":"https:\/\/icwpredflag.org\/wp\/wordpress\/wps\/wp-json\/wp\/v2\/media\/3638"}],"wp:attachment":[{"href":"https:\/\/icwpredflag.org\/wp\/wordpress\/wps\/wp-json\/wp\/v2\/media?parent=4369"}],"curies":[{"name":"wp","href":"https:\/\/api.w.org\/{rel}","templated":true}]}}