{"id":4387,"date":"2019-07-24T02:53:49","date_gmt":"2019-07-24T02:53:49","guid":{"rendered":"https:\/\/icwpredflag.org\/wp\/wordpress\/wps\/?page_id=4387"},"modified":"2019-07-24T03:04:12","modified_gmt":"2019-07-24T03:04:12","slug":"ee-uu-defendamos-a-los-ninos-inmigrantes-encarcelados-ellos-son-nuestros-ninos","status":"publish","type":"page","link":"https:\/\/icwpredflag.org\/wp\/wordpress\/wps\/volumen-10-numero-9\/ee-uu-defendamos-a-los-ninos-inmigrantes-encarcelados-ellos-son-nuestros-ninos\/","title":{"rendered":"EE.UU.: Defendamos a los Ni\u00f1os Inmigrantes Encarcelados: Ellos Son Nuestros Ni\u00f1os"},"content":{"rendered":"<p>&nbsp;<\/p>\n<p><img loading=\"lazy\" decoding=\"async\" class=\"wp-image-4326 aligncenter\" src=\"https:\/\/icwpredflag.org\/wp\/wordpress\/wps\/wp-content\/uploads\/sites\/2\/2019\/07\/imgseat-300x195.jpg\" alt=\"\" width=\"694\" height=\"451\" srcset=\"https:\/\/icwpredflag.org\/wp\/wordpress\/wps\/wp-content\/uploads\/sites\/2\/2019\/07\/imgseat-300x195.jpg 300w, https:\/\/icwpredflag.org\/wp\/wordpress\/wps\/wp-content\/uploads\/sites\/2\/2019\/07\/imgseat.jpg 394w\" sizes=\"auto, (max-width: 694px) 100vw, 694px\" \/><\/p>\n<p style=\"text-align: justify;\"><strong>SEATTLE (EE. UU.),<\/strong> 12 de julio: Camaradas fueron esta noche a la vigilia pro inmigrantes en el Mart\u00edn Luther King, Jr. Memorial Park. Era una de las muchas vigilias \u201cLuces de la Libertad\u201d en todo Estados Unidos y en otros pa\u00edses que movilizaron a decenas de miles de personas indignadas por el encarcelamiento de inmigrantes, especialmente de ni\u00f1os, por parte del gobierno de Estados Unidos.<\/p>\n<p style=\"text-align: justify;\">Elegimos esta vigilia en vez de la m\u00e1s grande en el centro de la ciudad porque quer\u00edamos conocer ver a amigos que ya conoc\u00edamos en el \u00e1rea. Sali\u00f3 tal como esper\u00e1bamos.<\/p>\n<p style=\"text-align: justify;\">Nos encontramos con amigos y para darles seguimiento organizamos eventos sociales-pol\u00edticos. Distribuimos como 70 folletos del PCOI \u201cLuchemos Por el D\u00eda en que Ning\u00fan Trabajador Ser\u00e1 Llamado Extranjero\u201d, junto con Bandera Roja, a los aproximadamente 200 asistentes. Nuevos contactos nos invitaron a sus reuniones pol\u00edticas y carne azadas. Nosotros hicimos lo mismo.<\/p>\n<p style=\"text-align: justify;\">Muchos hicieron la conexi\u00f3n con el fascismo y la Alemania nazi anterior a la Segunda Guerra Mundial y estaban abiertos a nuestra literatura comunista. A la gente le gust\u00f3 cuando un camarada dijo que los comunistas no creen en muros, fronteras o naciones.<\/p>\n<p style=\"text-align: justify;\">Pero entonces algo inesperado sucedi\u00f3. Una mujer, que pas\u00f3 mucho tiempo hablando con un camarada, dijo que si vi\u00e9ramos a esos ni\u00f1os encarcelados como si fueran nuestros, estar\u00edamos empu\u00f1ando las armas. Ella todav\u00eda no estaba lista para una revoluci\u00f3n, pero esto no era el pacifismo que pens\u00e1bamos que predominar\u00eda.<\/p>\n<p style=\"text-align: justify;\">Esto plante\u00f3 un mont\u00f3n de preguntas que los camaradas comenzaron a discutir despu\u00e9s. Hasta cierto punto, bajo el comunismo ver\u00edamos a todos los ni\u00f1os de la clase obrera como nuestros \u201cpropios\u201d ni\u00f1os. \u00bfC\u00f3mo funcionar\u00eda esto? Los trabajadores de las maquilas de El Salvador han escrito a Bandera Roja sobre c\u00f3mo comparten la responsabilidad de los ni\u00f1os para que camaradas y amigos (especialmente mujeres) puedan participar en el trabajo pol\u00edtico.<\/p>\n<p style=\"text-align: justify;\">El capitalismo nos separa. Los padres tienen casi toda la responsabilidad del bienestar de sus hijos. Es f\u00e1cil culpar a los padres de familias por el horror que el capitalismo impone a los ni\u00f1os de la clase trabajadora, especialmente a los de otro pa\u00eds o \u201craza\u201d. La compasi\u00f3n (aunque sea bien intencionada) es pobre sustituta para la solidaridad comunista.<\/p>\n<p style=\"text-align: justify;\">En las pr\u00f3ximas semanas continuaremos estas discusiones con amigos en el trabajo y la escuela y con los que nos reunimos el viernes. Pedimos a nuestros lectores que nos ayuden con sus ideas.<\/p>\n<p style=\"text-align: justify;\"><img loading=\"lazy\" decoding=\"async\" class=\"wp-image-4322 aligncenter\" src=\"https:\/\/icwpredflag.org\/wp\/wordpress\/wps\/wp-content\/uploads\/sites\/2\/2019\/07\/kidchalk-274x300.jpg\" alt=\"\" width=\"700\" height=\"766\" srcset=\"https:\/\/icwpredflag.org\/wp\/wordpress\/wps\/wp-content\/uploads\/sites\/2\/2019\/07\/kidchalk-274x300.jpg 274w, https:\/\/icwpredflag.org\/wp\/wordpress\/wps\/wp-content\/uploads\/sites\/2\/2019\/07\/kidchalk.jpg 303w\" sizes=\"auto, (max-width: 700px) 100vw, 700px\" \/><\/p>\n<p style=\"text-align: justify;\"><strong>Los \u00c1ngeles (EE. UU.),<\/strong> <strong>12 de julio: Est\u00e1bamos enfurecidos. \u201c\u00a1Cierren los campos de concentraci\u00f3n! \u00a1Nunca jam\u00e1s significa ahora!\u201d Pero el accionar colectivo nos inspir\u00f3 a hacer m\u00e1s. \u201cFue un despliegue asombroso de unidad\u201d, coment\u00f3 una camarada. Era parte de nuestro grupo que distribuy\u00f3 m\u00e1s de 300 copias de <em>Bandera Roja<\/em> y 65 panfletos entre miles de manifestantes frente a la prisi\u00f3n federal de inmigraci\u00f3n. \u201cRecordando las luces que aparecieron en las ventanas dentro del centro de detenci\u00f3n en respuesta a nuestras velas y cantos, me conmov\u00ed\u201d, report\u00f3 un amigo. \u201cEscuch\u00e9 ruidos provenientes del centro de detenci\u00f3n. \u2018\u00a1Estamos aqu\u00ed! Los vemos. Por favor, recu\u00e9rdennos\u2019\u201d. J\u00f3venes pintaron en la calle un gran r\u00f3tulo que dec\u00eda \u201cNo est\u00e1n solos.\u201d<\/strong><\/p>\n<p style=\"text-align: justify;\"><img loading=\"lazy\" decoding=\"async\" class=\"wp-image-4328 aligncenter\" src=\"https:\/\/icwpredflag.org\/wp\/wordpress\/wps\/wp-content\/uploads\/sites\/2\/2019\/07\/imgdemo4-187x300.jpg\" alt=\"\" width=\"369\" height=\"592\" srcset=\"https:\/\/icwpredflag.org\/wp\/wordpress\/wps\/wp-content\/uploads\/sites\/2\/2019\/07\/imgdemo4-187x300.jpg 187w, https:\/\/icwpredflag.org\/wp\/wordpress\/wps\/wp-content\/uploads\/sites\/2\/2019\/07\/imgdemo4.jpg 217w\" sizes=\"auto, (max-width: 369px) 100vw, 369px\" \/><\/p>\n<p style=\"text-align: justify;\"><strong>San Diego, USA<\/strong>: <strong>pancarta \u201c\u00a1No Fronteras! No Naciones! No C\u00e1rceles de Migrantes! No al Racismo! !Luchemos para el Comunismo! PCOI\u201d<\/strong><\/p>\n<p><img loading=\"lazy\" decoding=\"async\" class=\"wp-image-4325 aligncenter\" src=\"https:\/\/icwpredflag.org\/wp\/wordpress\/wps\/wp-content\/uploads\/sites\/2\/2019\/07\/imgwatson-300x207.jpg\" alt=\"\" width=\"674\" height=\"465\" srcset=\"https:\/\/icwpredflag.org\/wp\/wordpress\/wps\/wp-content\/uploads\/sites\/2\/2019\/07\/imgwatson-300x207.jpg 300w, https:\/\/icwpredflag.org\/wp\/wordpress\/wps\/wp-content\/uploads\/sites\/2\/2019\/07\/imgwatson.jpg 314w\" sizes=\"auto, (max-width: 674px) 100vw, 674px\" \/><\/p>\n<p style=\"text-align: justify;\"><strong>Watsonville, CA (EE. UU.), 12 de julio: Un camarada y un amigo discutieron que es lo que harian en la vigilia \u201cLuces para la Libertad\u201d. Llevaron literatura comunista para hacer contactos para el PCOI. Al d\u00eda siguiente, llamaron a cada una de las seis personas que contactaron all\u00ed para hacer planes para reunirse.\u00a0<\/strong><\/p>\n<h4 style=\"text-align: justify;\"><a href=\"https:\/\/icwpredflag.org\/wp\/wordpress\/wps\/volumen-10-numero-9\/\">Primera p\u00e1gina de esta edici\u00f3n<\/a><\/h4>\n","protected":false},"excerpt":{"rendered":"<p>&nbsp; SEATTLE (EE. UU.), 12 de julio: Camaradas fueron esta noche a la vigilia pro inmigrantes en el Mart\u00edn Luther King, Jr. Memorial Park. Era una de las muchas vigilias \u201cLuces de la Libertad\u201d en todo Estados Unidos y en otros pa\u00edses que movilizaron a decenas de miles de personas indignadas por el encarcelamiento de &hellip; <a href=\"https:\/\/icwpredflag.org\/wp\/wordpress\/wps\/volumen-10-numero-9\/ee-uu-defendamos-a-los-ninos-inmigrantes-encarcelados-ellos-son-nuestros-ninos\/\" class=\"more-link\">Sigue leyendo <span class=\"screen-reader-text\">EE.UU.: Defendamos a los Ni\u00f1os Inmigrantes Encarcelados: Ellos Son Nuestros Ni\u00f1os<\/span><\/a><\/p>\n","protected":false},"author":1,"featured_media":3638,"parent":4335,"menu_order":0,"comment_status":"closed","ping_status":"closed","template":"","meta":{"footnotes":""},"class_list":["post-4387","page","type-page","status-publish","has-post-thumbnail","hentry"],"_links":{"self":[{"href":"https:\/\/icwpredflag.org\/wp\/wordpress\/wps\/wp-json\/wp\/v2\/pages\/4387","targetHints":{"allow":["GET"]}}],"collection":[{"href":"https:\/\/icwpredflag.org\/wp\/wordpress\/wps\/wp-json\/wp\/v2\/pages"}],"about":[{"href":"https:\/\/icwpredflag.org\/wp\/wordpress\/wps\/wp-json\/wp\/v2\/types\/page"}],"author":[{"embeddable":true,"href":"https:\/\/icwpredflag.org\/wp\/wordpress\/wps\/wp-json\/wp\/v2\/users\/1"}],"replies":[{"embeddable":true,"href":"https:\/\/icwpredflag.org\/wp\/wordpress\/wps\/wp-json\/wp\/v2\/comments?post=4387"}],"version-history":[{"count":3,"href":"https:\/\/icwpredflag.org\/wp\/wordpress\/wps\/wp-json\/wp\/v2\/pages\/4387\/revisions"}],"predecessor-version":[{"id":4390,"href":"https:\/\/icwpredflag.org\/wp\/wordpress\/wps\/wp-json\/wp\/v2\/pages\/4387\/revisions\/4390"}],"up":[{"embeddable":true,"href":"https:\/\/icwpredflag.org\/wp\/wordpress\/wps\/wp-json\/wp\/v2\/pages\/4335"}],"wp:featuredmedia":[{"embeddable":true,"href":"https:\/\/icwpredflag.org\/wp\/wordpress\/wps\/wp-json\/wp\/v2\/media\/3638"}],"wp:attachment":[{"href":"https:\/\/icwpredflag.org\/wp\/wordpress\/wps\/wp-json\/wp\/v2\/media?parent=4387"}],"curies":[{"name":"wp","href":"https:\/\/api.w.org\/{rel}","templated":true}]}}