{"id":4432,"date":"2019-08-12T23:16:23","date_gmt":"2019-08-12T23:16:23","guid":{"rendered":"https:\/\/icwpredflag.org\/wp\/wordpress\/wps\/?page_id=4432"},"modified":"2019-08-14T17:20:08","modified_gmt":"2019-08-14T17:20:08","slug":"cachemira-crisis-capitalista-y-posible-guerra","status":"publish","type":"page","link":"https:\/\/icwpredflag.org\/wp\/wordpress\/wps\/volumen-10-numero-10\/cachemira-crisis-capitalista-y-posible-guerra\/","title":{"rendered":"Cachemira: Crisis Capitalista y Posible Guerra"},"content":{"rendered":"<p style=\"text-align: justify;\"><img loading=\"lazy\" decoding=\"async\" class=\"alignnone  wp-image-4457\" src=\"https:\/\/icwpredflag.org\/wp\/wordpress\/wps\/wp-content\/uploads\/sites\/2\/2019\/08\/cachemira-300x132.jpg\" alt=\"\" width=\"677\" height=\"298\" srcset=\"https:\/\/icwpredflag.org\/wp\/wordpress\/wps\/wp-content\/uploads\/sites\/2\/2019\/08\/cachemira-300x132.jpg 300w, https:\/\/icwpredflag.org\/wp\/wordpress\/wps\/wp-content\/uploads\/sites\/2\/2019\/08\/cachemira-768x337.jpg 768w, https:\/\/icwpredflag.org\/wp\/wordpress\/wps\/wp-content\/uploads\/sites\/2\/2019\/08\/cachemira-1024x450.jpg 1024w, https:\/\/icwpredflag.org\/wp\/wordpress\/wps\/wp-content\/uploads\/sites\/2\/2019\/08\/cachemira.jpg 1221w\" sizes=\"auto, (max-width: 677px) 100vw, 677px\" \/><\/p>\n<p style=\"text-align: justify;\">5 de agosto: Cachemira es una regi\u00f3n estrat\u00e9gica dividida entre la India y Pakist\u00e1n. Es una de las m\u00e1s letales \u00e1reas militarizadas del mundo. En la parte ocupada por la India, hay un soldado por cada 20 civiles. M\u00e1s de 600,000 tropas fuertemente armadas est\u00e1n estacionadas permanentemente all\u00ed.<\/p>\n<p style=\"text-align: justify;\">Hace unos d\u00edas, el gobierno indio bajo el fascista de Modi comenz\u00f3 a desplegar muchos miles m\u00e1s. Afirma que Cachemira ocupada por los indios est\u00e1 bajo amenaza inminente de Pakist\u00e1n.<\/p>\n<p style=\"text-align: justify;\">El gobierno indio ha cortado toda comunicaci\u00f3n electr\u00f3nica en el \u00e1rea. Ha impuesto una severa censura al resto del pa\u00eds.<\/p>\n<p style=\"text-align: justify;\">Todo esto est\u00e1 sucediendo en medio de despidos masivos en la industria automotriz, ferrocarriles, construcci\u00f3n y miner\u00eda. Incluso las prestigiosas empresas estatales de investigaci\u00f3n de defensa no han podido por meses pagarles los salarios a sus trabajadores.<\/p>\n<p style=\"text-align: justify;\">El alto costo de cr\u00e9dito a corto plazo est\u00e1 causando que miles de capitalistas desaparezcan. El due\u00f1o de una importante cadena de caf\u00e9 en la India (el Starbucks Indio) se suicid\u00f3.<\/p>\n<p style=\"text-align: justify;\">Lo que hace que la crisis de Cachemira sea especialmente significativa es el cercano corredor econ\u00f3mico multimillonario y extremadamente estrat\u00e9gico de China Pakist\u00e1n a solo unos kil\u00f3metros de la zona ocupada por la India.<\/p>\n<p style=\"text-align: justify;\">Estados Unidos ha sido derrotado en Afganist\u00e1n. La semana pasada, en una conferencia de prensa conjunta con el Primer Ministro paquistan\u00ed, Trump ofreci\u00f3 mediar entre India y Pakist\u00e1n. Esto llev\u00f3 a los fascistas indios a un frenes\u00ed. Fue entonces cuando comenzaron el despliegue militar y la confrontaci\u00f3n militar transfronteriza.<\/p>\n<p style=\"text-align: justify;\">Una guerra grande podr\u00eda estallar en cualquier momento entre dos ej\u00e9rcitos que tienen armas nucleares. La rivalidad interimperialista produce resultados impredecibles, pero no completamente.<\/p>\n<p style=\"text-align: justify;\">Esta crisis nos da m\u00e1s fuerza para luchar por el comunismo. En este momento, no podemos llegar a nuestros camaradas en India. Sin embargo, estamos seguros de que estos piensan en nada m\u00e1s que en la revoluci\u00f3n comunista.<\/p>\n<p style=\"text-align: justify;\">Las masas a ambos lados de la frontera aspiran a nada menos que el fin de la esclavitud asalariada, el sistema que est\u00e1 causando tantos horrores. Esperamos un reporte m\u00e1s completo para la pr\u00f3xima edici\u00f3n de <strong><em>Bandera Roja<\/em><\/strong>.<\/p>\n<h4><a href=\"https:\/\/icwpredflag.org\/wp\/wordpress\/wps\/volumen-10-numero-10\/\">Primera p\u00e1gina de esta edici\u00f3n<\/a><\/h4>\n","protected":false},"excerpt":{"rendered":"<p>5 de agosto: Cachemira es una regi\u00f3n estrat\u00e9gica dividida entre la India y Pakist\u00e1n. Es una de las m\u00e1s letales \u00e1reas militarizadas del mundo. En la parte ocupada por la India, hay un soldado por cada 20 civiles. M\u00e1s de 600,000 tropas fuertemente armadas est\u00e1n estacionadas permanentemente all\u00ed. Hace unos d\u00edas, el gobierno indio bajo &hellip; <a href=\"https:\/\/icwpredflag.org\/wp\/wordpress\/wps\/volumen-10-numero-10\/cachemira-crisis-capitalista-y-posible-guerra\/\" class=\"more-link\">Sigue leyendo <span class=\"screen-reader-text\">Cachemira: Crisis Capitalista y Posible Guerra<\/span><\/a><\/p>\n","protected":false},"author":1,"featured_media":3638,"parent":4416,"menu_order":0,"comment_status":"closed","ping_status":"closed","template":"","meta":{"footnotes":""},"class_list":["post-4432","page","type-page","status-publish","has-post-thumbnail","hentry"],"_links":{"self":[{"href":"https:\/\/icwpredflag.org\/wp\/wordpress\/wps\/wp-json\/wp\/v2\/pages\/4432","targetHints":{"allow":["GET"]}}],"collection":[{"href":"https:\/\/icwpredflag.org\/wp\/wordpress\/wps\/wp-json\/wp\/v2\/pages"}],"about":[{"href":"https:\/\/icwpredflag.org\/wp\/wordpress\/wps\/wp-json\/wp\/v2\/types\/page"}],"author":[{"embeddable":true,"href":"https:\/\/icwpredflag.org\/wp\/wordpress\/wps\/wp-json\/wp\/v2\/users\/1"}],"replies":[{"embeddable":true,"href":"https:\/\/icwpredflag.org\/wp\/wordpress\/wps\/wp-json\/wp\/v2\/comments?post=4432"}],"version-history":[{"count":4,"href":"https:\/\/icwpredflag.org\/wp\/wordpress\/wps\/wp-json\/wp\/v2\/pages\/4432\/revisions"}],"predecessor-version":[{"id":4458,"href":"https:\/\/icwpredflag.org\/wp\/wordpress\/wps\/wp-json\/wp\/v2\/pages\/4432\/revisions\/4458"}],"up":[{"embeddable":true,"href":"https:\/\/icwpredflag.org\/wp\/wordpress\/wps\/wp-json\/wp\/v2\/pages\/4416"}],"wp:featuredmedia":[{"embeddable":true,"href":"https:\/\/icwpredflag.org\/wp\/wordpress\/wps\/wp-json\/wp\/v2\/media\/3638"}],"wp:attachment":[{"href":"https:\/\/icwpredflag.org\/wp\/wordpress\/wps\/wp-json\/wp\/v2\/media?parent=4432"}],"curies":[{"name":"wp","href":"https:\/\/api.w.org\/{rel}","templated":true}]}}