{"id":4459,"date":"2019-08-14T17:22:24","date_gmt":"2019-08-14T17:22:24","guid":{"rendered":"https:\/\/icwpredflag.org\/wp\/wordpress\/wps\/?page_id=4459"},"modified":"2019-08-14T17:24:49","modified_gmt":"2019-08-14T17:24:49","slug":"una-familia-humana-un-mundo-comunista","status":"publish","type":"page","link":"https:\/\/icwpredflag.org\/wp\/wordpress\/wps\/volumen-10-numero-10\/una-familia-humana-un-mundo-comunista\/","title":{"rendered":"Una Familia Humana, Un Mundo Comunista"},"content":{"rendered":"<p style=\"text-align: justify;\">Los \u00c1ngeles, CA. Agosto del 2019\u2014\u201cLos patrones nos han robado el sentimiento de responsabilidad y cari\u00f1o por nuestra clase. Parte de nuestra lucha comunista es tomar nuevamente ese sentimiento y sentir la responsabilidad y ver como nuestros los hijos de Jos\u00e9 o los de Juana\u201d, dijo un camarada en una reciente reuni\u00f3n con una veintena de camaradas y amigos del club de la costura.<\/p>\n<p style=\"text-align: justify;\">Fue un d\u00eda de actividad social con una discusi\u00f3n pol\u00edtica sobre los ni\u00f1os inmigrantes\u00a0 enjaulados en la frontera por el gobierno de Trump, y de invitaci\u00f3n a las pr\u00f3ximas actividades del PCOI.<\/p>\n<p style=\"text-align: justify;\">En la reuni\u00f3n se mencion\u00f3 sobre una manifestaci\u00f3n reciente pro-inmigrantes donde muchos j\u00f3venes y adultos mostraban su solidaridad con trabajadores detenidos en una c\u00e1rcel migratoria en el centro de la ciudad. Con esto quer\u00edamos mostrar el potencial que hay afuera y con nuestra base para ganarlos a luchar por un mundo comunista sin fronteras. ,<\/p>\n<p style=\"text-align: justify;\">La camarer\u00eda en estas reuniones sociales es muy importante, porque muestra los lazos de amistad que hemos creado con nuestra base pol\u00edtica. Asistieron trabajadores y sus familias llegados de diferentes pa\u00edses que son considerados expulsores de migrantes como M\u00e9xico, Guatemala y El Salvador.<\/p>\n<p style=\"text-align: justify;\">Una debilidad que tendremos que corregir, es la falta de liderato de parte de algunos miembros del club. A la hora de la difusi\u00f3n pol\u00edtica hay quienes no se atreven a participar, y dejan a los de m\u00e1s experiencia que sean solo ellos quienes den sus opiniones o sus directivas. Pero el potencial esta all\u00ed, con los miembros del club y con la base. El futuro puede ser luminoso si podemos hacer que cada quien aporte algo de lo aprendido atrav\u00e9s de su participaci\u00f3n en el Partido.<\/p>\n<p style=\"text-align: justify;\">Al terminar, agradecimos a los presentes, y les pedimos que invitaran a sus familiares y amigos a que asistan a las actividades que constantemente llevamos a cabo. Nuestro peri\u00f3dico <strong><em>Bandera Roja<\/em><\/strong>, y el folleto comunista <strong><em>Luchemos por el D\u00eda en que Ning\u00fan Trabajador sea Llamado Extranjero<\/em><\/strong>, fueron las estrellas de la tarde, ya que fueron tomados con inter\u00e9s por muchos de los participantes.<\/p>\n<p style=\"text-align: justify;\">El futuro es promisorio, pero tenemos que trabajar mucho para lograr nuestro objetivo. Ingresemos m\u00e1s miembros al Partido, y hagamos que todos se conviertan en l\u00edderes. Esa ser\u00e1 nuestra garant\u00eda para derrotar al Capitalismo y lograr un mundo Comunista.<\/p>\n<h4><a href=\"https:\/\/icwpredflag.org\/wp\/wordpress\/wps\/volumen-10-numero-10\/\">Primera p\u00e1gina de esta edici\u00f3n<\/a><\/h4>\n","protected":false},"excerpt":{"rendered":"<p>Los \u00c1ngeles, CA. Agosto del 2019\u2014\u201cLos patrones nos han robado el sentimiento de responsabilidad y cari\u00f1o por nuestra clase. Parte de nuestra lucha comunista es tomar nuevamente ese sentimiento y sentir la responsabilidad y ver como nuestros los hijos de Jos\u00e9 o los de Juana\u201d, dijo un camarada en una reciente reuni\u00f3n con una veintena &hellip; <a href=\"https:\/\/icwpredflag.org\/wp\/wordpress\/wps\/volumen-10-numero-10\/una-familia-humana-un-mundo-comunista\/\" class=\"more-link\">Sigue leyendo <span class=\"screen-reader-text\">Una Familia Humana, Un Mundo Comunista<\/span><\/a><\/p>\n","protected":false},"author":1,"featured_media":3638,"parent":4416,"menu_order":0,"comment_status":"closed","ping_status":"closed","template":"","meta":{"footnotes":""},"class_list":["post-4459","page","type-page","status-publish","has-post-thumbnail","hentry"],"_links":{"self":[{"href":"https:\/\/icwpredflag.org\/wp\/wordpress\/wps\/wp-json\/wp\/v2\/pages\/4459","targetHints":{"allow":["GET"]}}],"collection":[{"href":"https:\/\/icwpredflag.org\/wp\/wordpress\/wps\/wp-json\/wp\/v2\/pages"}],"about":[{"href":"https:\/\/icwpredflag.org\/wp\/wordpress\/wps\/wp-json\/wp\/v2\/types\/page"}],"author":[{"embeddable":true,"href":"https:\/\/icwpredflag.org\/wp\/wordpress\/wps\/wp-json\/wp\/v2\/users\/1"}],"replies":[{"embeddable":true,"href":"https:\/\/icwpredflag.org\/wp\/wordpress\/wps\/wp-json\/wp\/v2\/comments?post=4459"}],"version-history":[{"count":3,"href":"https:\/\/icwpredflag.org\/wp\/wordpress\/wps\/wp-json\/wp\/v2\/pages\/4459\/revisions"}],"predecessor-version":[{"id":4462,"href":"https:\/\/icwpredflag.org\/wp\/wordpress\/wps\/wp-json\/wp\/v2\/pages\/4459\/revisions\/4462"}],"up":[{"embeddable":true,"href":"https:\/\/icwpredflag.org\/wp\/wordpress\/wps\/wp-json\/wp\/v2\/pages\/4416"}],"wp:featuredmedia":[{"embeddable":true,"href":"https:\/\/icwpredflag.org\/wp\/wordpress\/wps\/wp-json\/wp\/v2\/media\/3638"}],"wp:attachment":[{"href":"https:\/\/icwpredflag.org\/wp\/wordpress\/wps\/wp-json\/wp\/v2\/media?parent=4459"}],"curies":[{"name":"wp","href":"https:\/\/api.w.org\/{rel}","templated":true}]}}