{"id":4473,"date":"2019-08-14T18:05:21","date_gmt":"2019-08-14T18:05:21","guid":{"rendered":"https:\/\/icwpredflag.org\/wp\/wordpress\/wps\/?page_id=4473"},"modified":"2019-08-14T18:07:39","modified_gmt":"2019-08-14T18:07:39","slug":"turquia-nacionalismo-versus-comunismo","status":"publish","type":"page","link":"https:\/\/icwpredflag.org\/wp\/wordpress\/wps\/volumen-10-numero-10\/turquia-nacionalismo-versus-comunismo\/","title":{"rendered":"Turqu\u00eda: Nacionalismo versus Comunismo"},"content":{"rendered":"<p style=\"text-align: justify;\">El presidente turco, Erdogan, amenaz\u00f3 el 4 de agosto con invadir el noreste de Siria. Quiere apoderarse de las \u00e1reas controladas por las milicias kurdas respaldadas por Estados Unidos.<\/p>\n<p style=\"text-align: justify;\">Esta es solo una de una serie de contradicciones cada vez m\u00e1s agudas entre EE.UU. y Turqu\u00eda.<\/p>\n<p style=\"text-align: justify;\">El 15 de julio, la Uni\u00f3n Europea le impuso sanciones a Turqu\u00eda por enviar barcos de perforaci\u00f3n de gas natural y buques de guerra a aguas chipriotas en el Mediterr\u00e1neo oriental. Los patrones turcos quieren controlar estos recursos y mantenerlos alejados de Chipre, Israel y EE.UU.<\/p>\n<p style=\"text-align: justify;\">Y el 31 de julio expir\u00f3 la fecha l\u00edmite que EE.UU. diera a Turqu\u00eda para que abandonara su acuerdo con Rusia para el sistema de misiles S-400. El gobierno de EE.UU. todav\u00eda est\u00e1 considerando imponerle sanciones punitivas.<\/p>\n<p style=\"text-align: justify;\">El declive de la influencia imperialista estadounidense en Oriente Medio le ha dado a Erdogan una oportunidad. \u00c9l y los capitalistas turcos que representa sue\u00f1an con recuperar el poder y el prestigio, as\u00ed como parte del territorio, del antiguo Imperio Otomano. Esperan que Rusia y China puedan ayudarles.<\/p>\n<p style=\"text-align: justify;\"><strong>El Capitalismo Invent\u0654\u00f3 las Naciones y el Nacionalismo<\/strong><\/p>\n<p style=\"text-align: justify;\">Por m\u00e1s de 600 a\u00f1os, Turqu\u00eda fue el centro del Imperio Otomano, pero no exist\u00eda como naci\u00f3n.<\/p>\n<p style=\"text-align: justify;\">Con su derrota en la Primera Guerra Mundial, el Imperio Otomano fue dividido entre los imperialistas brit\u00e1nicos y franceses. Estos les permitieron a Grecia ocupar la mayor parte de Anatolia. Esta se convirti\u00f3 en la Rep\u00fablica Turca moderna cuando en 1922 Mustafa Kemal (Ataturk), dirigi\u00f3 un movimiento de liberaci\u00f3n nacional y expuls\u00f3 al ej\u00e9rcito griego y a todos los dem\u00e1s imperialistas.<\/p>\n<p style=\"text-align: justify;\"><strong>Nacionalismo: El Tal\u00f3n de Aquiles del Movimiento Comunista Internacional<\/strong><\/p>\n<p style=\"text-align: justify;\">La Primera Guerra Mundial dio origen a la Revoluci\u00f3n Rusa, que inspir\u00f3 a los obreros del mundo entero. En 1920,\u00a0 comunistasde la etnia turca fundaron el Partido Comunista Turco (TCP) en Bak\u00fa, Azerbaiy\u00e1n, entonces parte de la nueva Uni\u00f3n Sovi\u00e9tica.<\/p>\n<p style=\"text-align: justify;\">Quince l\u00edderes del TCP abandonaron Bak\u00fa en 1921 y entraron a Turqu\u00eda abiertamente, pensando que Ataturk era un amigo en armas porque la Uni\u00f3n Sovi\u00e9tica lo apoyaba. Ataturk los arrest\u00f3 e inmediatamente los ejecut\u00f3.<\/p>\n<p style=\"text-align: justify;\">El movimiento comunista internacional, liderado por la Rusia sovi\u00e9tica, apoy\u00f3 la liberaci\u00f3n nacional de las naciones oprimidas como parte de la lucha mundial contra el capitalismo y el imperialismo. A pesar del asesinato de sus camaradas turcos, siguieron apoyando a Ataturk pol\u00edtica, econ\u00f3mica y militarmente.<\/p>\n<p style=\"text-align: justify;\">A diferencia de los comunistas, los gobernantes turcos entendieron que el internacionalismo comunista y el nacionalismo eran enemigos a muerte. En ese entonces escribieron: \u201cCuando un soldado se da cuenta de que no tiene que haber una patria, no tendr\u00e1 que salir a defenderla. Al escuchar que no hay que porque haber odio de naciones, no saldr\u00e1 a luchar contra los griegos\u201d.<\/p>\n<p style=\"text-align: justify;\">El viejo movimiento comunista, sin embargo, sigue apoyando los movimientos de liberaci\u00f3n nacional hasta la fecha. Nosotros hemos aprendido de sus errores.<\/p>\n<p style=\"text-align: justify;\"><strong>Los capitalistas necesitan el nacionalismo para ganarnos a los trabajadores para la guerra<\/strong><\/p>\n<p style=\"text-align: justify;\">La lucha entre los imperialistas rivales por la dominaci\u00f3n mundial est\u00e1 llevando al capitalismo mundial al fascismo, a guerras m\u00e1s grandes y, eventualmente, a la guerra mundial.<\/p>\n<p style=\"text-align: justify;\">Los gobernantes fomentan el nacionalismo y el racismo para ganarnos a ver a otros obreros\u00a0 como nuestros enemigos y para luchar y morir por sus ganancias e imperios empapados en sangre.<\/p>\n<p style=\"text-align: justify;\">Somos una sola clase obrera internacional. Nuestro inter\u00e9s es convertir las guerras de estos gobernantes en guerras revolucionarias para el comunismo. Cuando destruyamos a todos los explotadores capitalistas e imperialistas, podremos construir un mundo sin dinero, racismo, sexismo, xenofobia, fronteras, naciones y guerras por ganancias.<\/p>\n<p style=\"text-align: justify;\">Por lo tanto, la lucha ideol\u00f3gica entre el comunismo y el nacionalismo\/racismo entre nuestras filas es crucial. El resultado de esta lucha determinar\u00e1 si la clase obrera moviliza con \u00e9xito a las masas para la revoluci\u00f3n comunista, o si nuestro enemigo de clase nos moviliza para ayudarles a perpetuar la explotaci\u00f3n y la esclavitud asalariada.<\/p>\n<p style=\"text-align: justify;\"><strong>Los Obreros en Turqu\u00eda y en el Mundo Entero Necesitamos el Comunismo<\/strong><\/p>\n<p style=\"text-align: justify;\">Erdogan gan\u00f3 la reelecci\u00f3n en 2018 bas\u00e1ndose en su ret\u00f3rica nacionalista y sus aventuras militares en Siria. Muchos en Turqu\u00eda albergan la peligrosa ilusi\u00f3n de que sus vidas mejorar\u00e1n al apoyar la lucha de Erdogan por un nuevo imperio turco. Muchos creen que les conviene aliarse con los imperialistas rusos o chinos, cuya meta es reemplazar a EE.UU. como el explotador y asesino dominante en el mundo.<\/p>\n<p style=\"text-align: justify;\">Encarando una inflaci\u00f3n galopante, los obreros turcos han hecho huelgas en aeropuertos y en las industrias de construcci\u00f3n y metal. Los trabajadores kurdos contin\u00faan luchando contra la opresi\u00f3n racista y la represi\u00f3n que enfrentan. Estas masas airadas deben ver que solo movilizando a las masas para el comunismo.<\/p>\n<p style=\"text-align: justify;\">La lucha para movilizar a la clase trabajadora internacionalmente para el comunismo es la lucha clave de nuestro tiempo. Los colectivos de obreros en todas partes planear\u00e1n qu\u00e9 producir, lo producir\u00e1n y distribuir\u00e1n de acuerdo con las necesidades de las masas. Liberados del nacionalismo, la \u00fanica guerra que pelearemos es la guerra para terminar con el gobierno de los guerreadores capitalistas y construir el mundo comunista que merecemos.<\/p>\n<h4><a href=\"https:\/\/icwpredflag.org\/wp\/wordpress\/wps\/volumen-10-numero-10\/\">Primera p\u00e1gina de esta edici\u00f3n<\/a><\/h4>\n","protected":false},"excerpt":{"rendered":"<p>El presidente turco, Erdogan, amenaz\u00f3 el 4 de agosto con invadir el noreste de Siria. Quiere apoderarse de las \u00e1reas controladas por las milicias kurdas respaldadas por Estados Unidos. Esta es solo una de una serie de contradicciones cada vez m\u00e1s agudas entre EE.UU. y Turqu\u00eda. El 15 de julio, la Uni\u00f3n Europea le impuso &hellip; <a href=\"https:\/\/icwpredflag.org\/wp\/wordpress\/wps\/volumen-10-numero-10\/turquia-nacionalismo-versus-comunismo\/\" class=\"more-link\">Sigue leyendo <span class=\"screen-reader-text\">Turqu\u00eda: Nacionalismo versus Comunismo<\/span><\/a><\/p>\n","protected":false},"author":1,"featured_media":3638,"parent":4416,"menu_order":0,"comment_status":"closed","ping_status":"closed","template":"","meta":{"footnotes":""},"class_list":["post-4473","page","type-page","status-publish","has-post-thumbnail","hentry"],"_links":{"self":[{"href":"https:\/\/icwpredflag.org\/wp\/wordpress\/wps\/wp-json\/wp\/v2\/pages\/4473","targetHints":{"allow":["GET"]}}],"collection":[{"href":"https:\/\/icwpredflag.org\/wp\/wordpress\/wps\/wp-json\/wp\/v2\/pages"}],"about":[{"href":"https:\/\/icwpredflag.org\/wp\/wordpress\/wps\/wp-json\/wp\/v2\/types\/page"}],"author":[{"embeddable":true,"href":"https:\/\/icwpredflag.org\/wp\/wordpress\/wps\/wp-json\/wp\/v2\/users\/1"}],"replies":[{"embeddable":true,"href":"https:\/\/icwpredflag.org\/wp\/wordpress\/wps\/wp-json\/wp\/v2\/comments?post=4473"}],"version-history":[{"count":3,"href":"https:\/\/icwpredflag.org\/wp\/wordpress\/wps\/wp-json\/wp\/v2\/pages\/4473\/revisions"}],"predecessor-version":[{"id":4476,"href":"https:\/\/icwpredflag.org\/wp\/wordpress\/wps\/wp-json\/wp\/v2\/pages\/4473\/revisions\/4476"}],"up":[{"embeddable":true,"href":"https:\/\/icwpredflag.org\/wp\/wordpress\/wps\/wp-json\/wp\/v2\/pages\/4416"}],"wp:featuredmedia":[{"embeddable":true,"href":"https:\/\/icwpredflag.org\/wp\/wordpress\/wps\/wp-json\/wp\/v2\/media\/3638"}],"wp:attachment":[{"href":"https:\/\/icwpredflag.org\/wp\/wordpress\/wps\/wp-json\/wp\/v2\/media?parent=4473"}],"curies":[{"name":"wp","href":"https:\/\/api.w.org\/{rel}","templated":true}]}}