{"id":4485,"date":"2019-08-14T18:25:00","date_gmt":"2019-08-14T18:25:00","guid":{"rendered":"https:\/\/icwpredflag.org\/wp\/wordpress\/wps\/?page_id=4485"},"modified":"2019-08-14T18:48:18","modified_gmt":"2019-08-14T18:48:18","slug":"cartas-vol-10-no-10","status":"publish","type":"page","link":"https:\/\/icwpredflag.org\/wp\/wordpress\/wps\/volumen-10-numero-10\/cartas-vol-10-no-10\/","title":{"rendered":"Cartas, Vol 10, No 10"},"content":{"rendered":"<h4 style=\"text-align: center;\"><span style=\"color: #ff0000;\">CARTAS, CRITICAS Y SUGERENCIAS<\/span><\/h4>\n<p><strong>Rese\u00f1a: Cuando Nos Ven<\/strong><\/p>\n<p style=\"text-align: justify;\">\u201cCuando Nos Ven\u201d es una miniserie de cuatro partes de Netflix, lanzada el 31 de mayo de 2019, que recuenta la historia real de cinco adolescentes que fueron arrestados y condenados injustamente en abril 1989 por la golpiza y violaci\u00f3n a una corredora en el Parque Central de Nueva York. Los cinco adolescentes ten\u00edan entre 14 y 16 a\u00f1os de edad en ese entonces y fueron obligados a declararse culpables del asalto. Los acusados \u200b\u200beran negros o hispanos; la v\u00edctima era blanca. Fueron procesados \u200b\u200bpor el m\u00e1ximo crimen en la imaginaci\u00f3n estadounidense, un hombre negro agrediendo sexualmente a una mujer blanca.<\/p>\n<p style=\"text-align: justify;\">Cuatro de los acusados ten\u00edan 14 a\u00f1os de edad y cumplieron siete a\u00f1os en centros juveniles antes de ser transferidos a la c\u00e1rcel para adultos a los 21 a\u00f1os. Uno de los acusados, que ten\u00eda p\u00e9rdida auditiva y una discapacidad de aprendizaje, ten\u00eda 16 a\u00f1os cuando lo condenaron y cumpli\u00f3 m\u00e1s de 13 a\u00f1os en prisiones violentas para adultos.<\/p>\n<p style=\"text-align: justify;\">Sus condenas fueron absueltas en 2002 debido a pruebas de ADN y una confesi\u00f3n del violador en serie Macias Reyes.<\/p>\n<p style=\"text-align: justify;\">\u201cCuando Nos Ven\u201d, se convirti\u00f3 en el programa m\u00e1s visto en los Estados Unidos desde su estreno. Se transmiti\u00f3 a 23 millones de personas y recibi\u00f3 16 nominaciones al Emmy.<\/p>\n<p style=\"text-align: justify;\">La serie nos presenta un sistema de justicia racista y un sistema penal infernal, as\u00ed como la histeria racista de los medios de comunicaci\u00f3n que condenaron a los cinco a prisi\u00f3n. Donald Trump hizo su parte. En mayo de 1989, cuando el caso se iba\u00a0 a juicio, Donald Trump \u2013 en ese entonces desarrollador de bienes ra\u00edces &#8211; gast\u00f3 $85,000 colocando un anuncio de p\u00e1gina completa en cuatro peri\u00f3dicos, incluido el New York Times, bajo el t\u00edtulo \u201c\u00a1Traigamos de Vuelta la Pena de Muerte! \u00a1Traigamos de Vuelta Nuestra Polic\u00eda!\u201d<\/p>\n<p style=\"text-align: justify;\">\u201cCuando Nos Ven\u201d fue hecha para una juvenil &#8211; votantes potenciales. No le habla a adultos en sus cuarentas y a mayores de edad que conocen la historia racista pasada, como el caso Scottsboro Nine, 1931 (nueve adolescentes negros acusados falsamente de violar a una mujer\u00a0 blanca) o el asesinato de Emmett Till, 1955, (de 15 a\u00f1os de edad, asesinado por silbarle a una mujer blanca).<\/p>\n<p style=\"text-align: justify;\">Los votantes potenciales j\u00f3venes de hoy tienen experiencias negativas con la polic\u00eda, como las vistas en la miniserie. Los ataques de Trump contra los inmigrantes y su posici\u00f3n de que los Cinco de Central Park son culpables lo convierten en un objetivo potencial para reclutar votantes j\u00f3venes, lo que ayudar\u00eda a los dem\u00f3cratas en las elecciones presidenciales de 2020.<\/p>\n<p style=\"text-align: justify;\">\u00bfQu\u00e9 dice Ava DuVernay, el productor y director? \u201cNuestro objetivo real es poder decir, \u2018\u00d3rale America\u2019. Hagamos esto. Cambiemos esto. No puedes cambiar lo que no sabes, por lo tanto nos unimos para mostrarte lo que quiz\u00e1s no sepas\u201d.<\/p>\n<p style=\"text-align: justify;\"><strong>Lo que quiz\u00e1s no sepas<\/strong><\/p>\n<p style=\"text-align: justify;\">Los comunistas tienen mostrarles a los trabajadores \u201clo que quiz\u00e1s no sepas\u201d. En el trabajo, en las escuelas, en las organizaciones de masas y a los amigos, debemos explicar c\u00f3mo el capitalismo necesita el racismo y que los gobernantes capitalistas usan el racismo para mantener su poder. Controlan y utilizan los medios, las \u201cnoticias nocturnas\u201d, las pel\u00edculas y las elecciones, independientemente del partido, y crean ilusiones en las reformas capitalistas para enga\u00f1ar, manipular y dividir a los trabajadores.<\/p>\n<p style=\"text-align: justify;\">El t\u00edtulo, \u201cCuando Nos Ven\u201d, sirve los intereses de los gobernantes racistas del capitalismo promoviendo la desconfianza, la divisi\u00f3n y el miedo entre los trabajadores: \u201cEllos\u201d puede interpretarse como personas blancas; \u201cnosotros\u201d como personas no blancas.<\/p>\n<p style=\"text-align: justify;\"><strong>Cambiemos esto. \u00bfC\u00f3mo?<\/strong><\/p>\n<p style=\"text-align: justify;\">Cambiamos esto construyendo una base para el comunismo y ganando a las masas a ello.<\/p>\n<p style=\"text-align: justify;\">Un sistema comunista sin dinero, sin polcic\u00edas, ni c\u00e1rceles, basado en el trabajo colectivo, la toma de decisiones colectivas y en compartir los recursos seg\u00fan las necesidades de cada cual acabar\u00e1 con la base material del racismo. \u00bfQu\u00e9 pasa si hay un intento de reintroducir el racismo? El colectivo comunista lidir\u00eda con eso y lo aplastar\u00eda<\/p>\n<p style=\"text-align: justify;\"><strong>\u00bfQu\u00e9 se debe hacer ahora?<\/strong><\/p>\n<p style=\"text-align: justify;\">Debemos construir una base masiva para la conciencia clasista comunista, leer y distribuir <strong><em>Bandera Roja<\/em><\/strong> y reclutar masas para al PCOI.<\/p>\n<p><strong>Necesitamos la Lucha Comunista Multirracial Contra el Terrorismo Estatal<\/strong><\/p>\n<p style=\"text-align: justify;\">El cumplea\u00f1os de un miembro del Comit\u00e9 Contra la Brutalidad Policial Oscar Grant, con sede en Oakland, California, sirvi\u00f3 de tel\u00f3n de fondo para un divertido s\u00e1bado por la tarde en Antioch, California, en julio. Lo que hizo que el evento del s\u00e1bado por la tarde fuera tan poderoso fue el esp\u00edritu de solidaridad que se sent\u00eda\u00a0 entre los participantes.<\/p>\n<p style=\"text-align: justify;\">El cumplea\u00f1ero, que es blanco, fue v\u00edctima de la brutalidad policial por parte de la polic\u00eda de Antioch. El comit\u00e9 de Oscar Grant defendi\u00f3 a esta persona con una campa\u00f1a activista. Muchos de los participantes en el picnic tambi\u00e9n eran blancos, pero Oscar Grant era negro.<\/p>\n<p style=\"text-align: justify;\">Oscar Grant, un hombre afroamericano de 22 a\u00f1os, recibi\u00f3 un disparo mortal en las primeras horas de la ma\u00f1ana del d\u00eda de A\u00f1o Nuevo 2009 por un oficial de polic\u00eda de BART, Johannes Mehserle, en Oakland, California. Grant estaba desarmado y fue asesinado con un balazo por la espalda mientras, bajo custodia policial, estaba acostado en la plataforma del metro. El polic\u00eda de BART fue declarado culpable de homicidio involuntario y cumpli\u00f3 un a\u00f1o de prisi\u00f3n antes de ser liberado.<\/p>\n<p style=\"text-align: justify;\">Las v\u00edctimas del terror policial son principalmente de clase trabajadora y de diferentes etnias. El terrorismo policial puede organizarse con \u00e9xito como una lucha contra terrorismo estatal y tener como objetivo la revoluci\u00f3n comunista. La solidaridad debe ser de clase.<\/p>\n<p style=\"text-align: justify;\">El picnic demostr\u00f3 la posibilidad de que la unidad revolucionaria comunista pueda darse con una base multi\u00e9tnica en EE.UU. Debemos celebrar esta unidad y compartir su \u00e9xito con todos en todas partes.<\/p>\n<p style=\"text-align: justify;\">Camarada en California<\/p>\n<p><strong>A Una Camarada en El Salvador,<\/strong><\/p>\n<p style=\"text-align: justify;\">Le\u00edmos su carta y nos gust\u00f3 lo que dijo sobre el comunismo y c\u00f3mo ayud\u00f3 a la ni\u00f1a que necesitaba usar el ba\u00f1o. Creemos que es bueno dar sus ideas a otras personas porque les abre la mente para que puedan pensar de manera diferente. Es realmente bueno que le haya explicado el comunismo a su compa\u00f1era de trabajo. El comunismo puede servir y beneficiar a todos porque todos podremos hacer las mejores cosas que podamos necesitar y compartirlas.<\/p>\n<p>Hemos estudiado un poco sobre la plusval\u00eda y creemos que los trabajadores merecen todo el valor de lo que producen. Pero si este fuera el caso, no tendr\u00edamos patrones. Los patrones roban el dinero de los trabajadores y les pagan un poco. As\u00ed es como los patrones aumentan su capital.<\/p>\n<p style=\"text-align: justify;\">En el manifiesto comunista, dice \u201chay dos campos enemigos, en dos grandes clases antag\u00f3nicas: la burgues\u00eda y el proletario\u201d. La clase trabajadora son los proletarios y los patrones son la burgues\u00eda y hay una batalla constante hasta que la clase trabajador derrote a la clase capitalista.<\/p>\n<p style=\"text-align: justify;\">Nos recuerda a una de nuestras madres porque ella sol\u00eda trabajar muy duro como usted. Nos alegra que est\u00e9 haciendo algo bueno para la gente trabajadora.<\/p>\n<p style=\"text-align: justify;\">Despu\u00e9s de leer su carta y conocer un poco sobre la plusval\u00eda y el Manifiesto Comunista, estamos considerando seriamente unirnos al PCOI y ser parte del movimiento.<\/p>\n<p style=\"text-align: justify;\">Con respeto y amor,<\/p>\n<p style=\"text-align: justify;\">Dos estudiantes de secundaria de d\u00e9cimo grado en Los \u00c1ngeles, USA.<\/p>\n<p style=\"text-align: justify;\"><img loading=\"lazy\" decoding=\"async\" class=\"wp-image-4420 aligncenter\" src=\"https:\/\/icwpredflag.org\/wp\/wordpress\/wps\/wp-content\/uploads\/sites\/2\/2019\/08\/honduras-300x200.jpg\" alt=\"\" width=\"510\" height=\"340\" srcset=\"https:\/\/icwpredflag.org\/wp\/wordpress\/wps\/wp-content\/uploads\/sites\/2\/2019\/08\/honduras-300x200.jpg 300w, https:\/\/icwpredflag.org\/wp\/wordpress\/wps\/wp-content\/uploads\/sites\/2\/2019\/08\/honduras.jpg 339w\" sizes=\"auto, (max-width: 510px) 100vw, 510px\" \/><\/p>\n<p><strong>Tegucigalpa, Honduras, 6 de agosto<\/strong>\u2014<strong>Miles se tomaron las calles exigiendo que el presidente Hernandez renuncie. Los nuevos alegato de corrupci\u00f3n y la constante lucha en contra de la privatizaci\u00f3n de la educaci\u00f3n y servicios m\u00e9dicos ha enardecido a\u00fan m\u00e1s a las masas.<\/strong><\/p>\n<p><strong>Aprendiendo y Trabajando<\/strong><\/p>\n<p style=\"text-align: justify;\">Gracias al camarada obrero automotriz sudafricano que escribi\u00f3 sobre c\u00f3mo los patrones usan su programa de \u201caprendizaje\u201d para super-explotarlo.<\/p>\n<p style=\"text-align: justify;\">Mi universidad acaba de recibir una subvenci\u00f3n para ampliar los programas de aprendizaje. Esto encaja con la pol\u00edtica estatal de \u201cCaminos Guiados\u201d que supuestamente le ayuda a los estudiantes a terminar la universidad y conseguir empleos m\u00e1s r\u00e1pidamente. Los estudiantes no est\u00e1n supuestos a \u201cperder el tiempo\u201d estudiando cosas que \u201cno necesitar\u00e1n\u201d en el empleo.<\/p>\n<p style=\"text-align: justify;\">Hablando de esto con compa\u00f1eros de trabajo, he notado varias contradicciones.<\/p>\n<p style=\"text-align: justify;\">Primera, la mayor\u00eda de las personas van a la universidad principalmente para conseguir un empleo o uno mejor. Entre m\u00e1s pronto (y m\u00e1s barato), mejor. Los programas orientados a empleos son atractivos.<\/p>\n<p style=\"text-align: justify;\">Pero estos empleos solo existen para que alg\u00fan patr\u00f3n los explote. Los capitalistas deciden qu\u00e9 es lo que los estudiantes \u201cnecesitar\u00e1n o no necesitar\u00e1n\u201d. Definen esto de la manera m\u00e1s limitada posible. En casos extremos, los estudiantes solo pueden aprender lo suficiente para hacer un trabajo espec\u00edfico para una empresa espec\u00edfica (por ejemplo, Apple o Cisco).<\/p>\n<p style=\"text-align: justify;\">Los patrones sol\u00edan pagarles a los obreros nuevos mientras los entrenaban en el trabajo. Ahora, los futuros obreros tienen que pagar su propia capacitaci\u00f3n. A veces con pr\u00e9stamos que tardan d\u00e9cadas en pagarse. Adem\u00e1s, los impuestos de los trabajadores pagan esta capacitaci\u00f3n en las universidades p\u00fablicas.<\/p>\n<p style=\"text-align: justify;\">La contradicci\u00f3n principal es la lucha de clases. Los \u201cempleos\u201d que los estudiantes necesitan para sobrevivir a corto plazo no son (como muchos piensan) su boleto para \u201cla buena vida\u201d. Entre m\u00e1s personas son entrenadas, mayor es la competencia. Los salarios bajan.<\/p>\n<p style=\"text-align: justify;\">Y los capitalistas tienen que encontrar formas de automatizar estos empleos para abaratar la producci\u00f3n y mantenerse competitivos. Luego, los trabajadores tienen que volver a la escuela para m\u00e1s entrenamiento.<\/p>\n<p style=\"text-align: justify;\">Solo podemos resolver esta contradicci\u00f3n luchando por el comunismo, eliminando las clases y las relaciones de producci\u00f3n capitalistas. En el comunismo, todos aprender\u00e1n muchas habilidades, principalmente mientras realizan muchos tipos de trabajo. Organizaremos la producci\u00f3n para satisfacer las necesidades de todos. El compartir reemplazar\u00e1 la compra y venta. El trabajo significativo reemplazar\u00e1 los empleos explotadores.<\/p>\n<p style=\"text-align: justify;\">M\u00e1s estudiantes deber\u00edan hacer como nuestro camarada en Sud\u00e1frica: inscribirse en un programa de aprendizaje o de capacitaci\u00f3n para conseguir empleo donde puedan organizar a sus compa\u00f1eros de trabajo para el comunismo.<\/p>\n<p style=\"text-align: justify;\">Algunos critican los programas de \u201cescuela al empelo\u201d se\u00f1alando correctamente que lo que los empleadores \u201cnecesitan\u201d que los obreros sepan no es lo mismo que los obreros realmente necesitan saber para defender sus intereses de clase en el empleo y en la esfera pol\u00edtica. Pero aqu\u00ed hay otra contradicci\u00f3n. Defienden una \u201ceducaci\u00f3n liberal\u201d que nunca les ha ense\u00f1ado a los estudiantes lo que realmente necesitan saber. \u00a1La escolaridad capitalista nunca nos ense\u00f1ar\u00e1 lo que necesitamos para destruir el capitalismo y construir el comunismo!<\/p>\n<p style=\"text-align: justify;\">Tenemos que ense\u00f1arnos a nosotros mismos y a los dem\u00e1s. Como Brecht aconsej\u00f3 a los trabajadores en su poema \u201cElogio del aprendizaje\u201d: \u201c\u00a1Debes saberlo todo! \/ \u00a1Tienes que asumir el liderazgo! \u201d<\/p>\n<p style=\"text-align: justify;\">Aprendemos a hacer trabajo comunista \u201cen el trabajo\u201d. Aprendemos c\u00f3mo hacerlo mejor con el estudio colectivo de la filosof\u00eda comunista.<\/p>\n<p style=\"text-align: justify;\">A medida que construyamos la sociedad comunista, muchos de nosotros aprenderemos mucho m\u00e1s sobre el mundo natural y c\u00f3mo funciona. Aprenderemos de libros y discusiones, leyendo y escribiendo, as\u00ed como en la producci\u00f3n. El estudio de la historia, la literatura, las artes y m\u00e1s nos ayudar\u00e1 a comprender c\u00f3mo construir un mundo comunista<\/p>\n<p style=\"text-align: justify;\">\u00a0Les he planteado estas ideas a compa\u00f1eros de trabajo y estudiantes. Charlamos en los pasillos, nos reunimos en comit\u00e9s, nos mantenemos unidos contra los ataques de administradores y politiquearos. Cerca de una docena de compa\u00f1eros de trabajo leen <strong><em>Bandera Roja<\/em><\/strong>. Estamos haciendo planes para difundir estas ideas a\u00fan m\u00e1s.<\/p>\n<p style=\"text-align: justify;\">Profesora de California (EE. UU.)<\/p>\n<p style=\"text-align: justify;\"><strong>\u00bfSomos Realmente Libres?<\/strong><\/p>\n<p style=\"text-align: justify;\">No podemos escapar el hecho de que todav\u00eda somos esclavos. La sociedad capitalista est\u00e1 gobernando a la clase obrera, a los estudiantes juntamente con los menores de edad\u2026 \u00bfc\u00f3mo es eso?<\/p>\n<p style=\"text-align: justify;\">En primer lugar, los patrones \u201cles lavan el cerebro\u201d a la clase obrera: haci\u00e9ndoles creer que sin ellos no sobrevivir\u00edan en este mundo; haci\u00e9ndolos trabajar largas horas, amenaz\u00e1ndolos, etc. Pero si realmente lo analizas, en realidad son los patrones los que m\u00e1s necesitan a los trabajadores porque sin ellos no pueden hacer ventas. Por lo tanto, cuando los obreros se declaran en huelga por un aumento salarial o por cualquier otra raz\u00f3n, los patrones amenazan con despedir y contratar a otras personas, haci\u00e9ndole creer a la clase trabajadora que son ellos son los que necesitan los empleos m\u00e1s que los capitalistas necesitan que ellos trabajen, cuando en realidad es al rev\u00e9s.<\/p>\n<p style=\"text-align: justify;\">En segundo lugar, est\u00e1n los estudiantes. Los estudiantes no pueden obtener una \u201cmejor educaci\u00f3n\u201d sin pagar grandes cantidades de dinero, dej\u00e1ndolos endeudados y deprimidos. Y una vez que encuentran trabajo, ganan una peque\u00f1a cantidad de dinero que no puede cubrir las deudas escolares. Terminan siendo esclavos de los patrones, postr\u00e1ndose ante todo lo que dice el patr\u00f3n. \u00bfD\u00f3nde est\u00e1 la libertad?<\/p>\n<p style=\"text-align: justify;\">En tercer lugar, a los menores de edad\u00a0 se les ense\u00f1a desde muy temprana edad que el dinero lo es todo, la educaci\u00f3n es la clave del \u00e9xito. No les est\u00e1n ense\u00f1ando l mucho que tienen que luchar para el dinero. \u00bfD\u00f3nde est\u00e1 esta libertad? \u00bfDe qu\u00e9 estamos realmente libres?<\/p>\n<p style=\"text-align: justify;\">Solo t\u00f3mate un momento e imagina lo simple que ser\u00eda la vida sin capital. Donde todos estar\u00edan en el colectivo, donde la opini\u00f3n de todos importa, sin sexismo, nadie superior al otro.<\/p>\n<p style=\"text-align: justify;\">El Partido Comunista Obrero Internacional est\u00e1 aqu\u00ed para hacer ese cambio y ese cambio es posible con tu aporte y apoyo.<\/p>\n<p style=\"text-align: justify;\">Un\u00e1monos y demos la lucha por una vida mejor&#8230; \u00a1Aluta continua!<\/p>\n<p style=\"text-align: justify;\">Camarada en Sur \u00c1frica<\/p>\n<p style=\"text-align: justify;\"><strong>Cantemos en Una Sola Voz para el Comunismo<\/strong><\/p>\n<p style=\"text-align: justify;\">La sociedad capitalista est\u00e1 gobernando y arruinando el mundo. Hace muchos a\u00f1os, los j\u00f3venes de Sud\u00e1frica lucharon por la educaci\u00f3n gratuita, la igualdad de derechos y la libertad. Pero como la juventud de hoy, \u00bfsomos realmente libres? \u00bfTenemos igualdad de derechos? \u00bfHay libertad?<\/p>\n<p style=\"text-align: justify;\">No. Al contrario, estamos sufriendo a\u00fan m\u00e1s.<\/p>\n<p style=\"text-align: justify;\">Somos esclavos del dinero. Creemos que sin dinero no la hemos \u201checho en la vida\u201d. Para obtener una mejor educaci\u00f3n, tenemos que pagar mucho dinero en efectivo. \u00bfPor qu\u00e9 es eso?<\/p>\n<p style=\"text-align: justify;\">Cuando trabajamos, todos sabemos que hombres y mujeres no ganan el mismo salario aunque hacen el mismo trabajo y trabajan las mismas horas. La causa es el sexismo.<\/p>\n<p style=\"text-align: justify;\">No estamos libres de esclavitud salarial. Pero como j\u00f3venes de hoy estamos endeudados. Trabajamos duro y largas horas para pagar nuestras deudas. Pagamos demasiados honorarios del equipo universitario. Algunos hacen pr\u00e9stamos y pagan miles en cuotas escolares, pero terminan ganando un salario mensual de R4000 ($265)&#8230; \u00bfes justo esto? No.<\/p>\n<p style=\"text-align: justify;\">Terminamos deprimidos, algunos abandonan la escuela, trabajamos demasiado porque estamos endeudados para siempre.<\/p>\n<p style=\"text-align: justify;\">\u00bfPuedes imaginarte lo preciosa que ser\u00eda la vida sin dinero? \u00a1S\u00ed! Ah\u00ed es donde entra el comunismo. Todo es posible si todos nos unimos y cantamos con una sola voz. Parecer\u00e1 imposible vivir una vida sin dinero, pero es 100% posible. La sociedad capitalista ha arruinado a todos. Es hora de que eso cambie y necesitamos que todos y cada uno de nosotros sean parte del cambio.<\/p>\n<p style=\"text-align: justify;\">&#8230;Nueva Mam\u00e1 en Sud\u00e1frica<\/p>\n<h4><a href=\"https:\/\/icwpredflag.org\/wp\/wordpress\/wps\/volumen-10-numero-10\/\">Primera p\u00e1gina de esta edici\u00f3n<\/a><\/h4>\n","protected":false},"excerpt":{"rendered":"<p>CARTAS, CRITICAS Y SUGERENCIAS Rese\u00f1a: Cuando Nos Ven \u201cCuando Nos Ven\u201d es una miniserie de cuatro partes de Netflix, lanzada el 31 de mayo de 2019, que recuenta la historia real de cinco adolescentes que fueron arrestados y condenados injustamente en abril 1989 por la golpiza y violaci\u00f3n a una corredora en el Parque Central &hellip; <a href=\"https:\/\/icwpredflag.org\/wp\/wordpress\/wps\/volumen-10-numero-10\/cartas-vol-10-no-10\/\" class=\"more-link\">Sigue leyendo <span class=\"screen-reader-text\">Cartas, Vol 10, No 10<\/span><\/a><\/p>\n","protected":false},"author":1,"featured_media":3638,"parent":4416,"menu_order":0,"comment_status":"closed","ping_status":"closed","template":"","meta":{"footnotes":""},"class_list":["post-4485","page","type-page","status-publish","has-post-thumbnail","hentry"],"_links":{"self":[{"href":"https:\/\/icwpredflag.org\/wp\/wordpress\/wps\/wp-json\/wp\/v2\/pages\/4485","targetHints":{"allow":["GET"]}}],"collection":[{"href":"https:\/\/icwpredflag.org\/wp\/wordpress\/wps\/wp-json\/wp\/v2\/pages"}],"about":[{"href":"https:\/\/icwpredflag.org\/wp\/wordpress\/wps\/wp-json\/wp\/v2\/types\/page"}],"author":[{"embeddable":true,"href":"https:\/\/icwpredflag.org\/wp\/wordpress\/wps\/wp-json\/wp\/v2\/users\/1"}],"replies":[{"embeddable":true,"href":"https:\/\/icwpredflag.org\/wp\/wordpress\/wps\/wp-json\/wp\/v2\/comments?post=4485"}],"version-history":[{"count":4,"href":"https:\/\/icwpredflag.org\/wp\/wordpress\/wps\/wp-json\/wp\/v2\/pages\/4485\/revisions"}],"predecessor-version":[{"id":4489,"href":"https:\/\/icwpredflag.org\/wp\/wordpress\/wps\/wp-json\/wp\/v2\/pages\/4485\/revisions\/4489"}],"up":[{"embeddable":true,"href":"https:\/\/icwpredflag.org\/wp\/wordpress\/wps\/wp-json\/wp\/v2\/pages\/4416"}],"wp:featuredmedia":[{"embeddable":true,"href":"https:\/\/icwpredflag.org\/wp\/wordpress\/wps\/wp-json\/wp\/v2\/media\/3638"}],"wp:attachment":[{"href":"https:\/\/icwpredflag.org\/wp\/wordpress\/wps\/wp-json\/wp\/v2\/media?parent=4485"}],"curies":[{"name":"wp","href":"https:\/\/api.w.org\/{rel}","templated":true}]}}